{"id":3722,"date":"2024-08-27T05:23:26","date_gmt":"2024-08-27T05:23:26","guid":{"rendered":"https:\/\/agricultural-gear-boxes.com\/product\/short-pitch-precision-roller-chain-b-series\/"},"modified":"2024-08-27T05:23:26","modified_gmt":"2024-08-27T05:23:26","slug":"short-pitch-precision-roller-chain-b-series","status":"publish","type":"product","link":"https:\/\/agricultural-gear-boxes.com\/pt\/product\/short-pitch-precision-roller-chain-b-series\/","title":{"rendered":"Corrente de rolos de precis\u00e3o de passo curto (s\u00e9rie B)"},"content":{"rendered":"<h2>Corrente de rolos de precis\u00e3o de passo curto (s\u00e9rie B)<\/h2>\n<p>Correntes de rolos de precis\u00e3o de passo curto s\u00e3o amplamente utilizadas em ind\u00fastrias como agricultura, constru\u00e7\u00e3o e automotiva. Essas correntes s\u00e3o conhecidas por sua precis\u00e3o de alta qualidade, durabilidade e resist\u00eancia. A Ever-Power \u00e9 uma fabricante e fornecedora l\u00edder de correntes de rolos de precis\u00e3o de passo curto na ind\u00fastria. <\/p>\n<p>Nossas correntes de rolos de precis\u00e3o de passo curto v\u00eam em uma variedade de tamanhos e tipos, incluindo a s\u00e9rie B. As correntes da s\u00e9rie B s\u00e3o projetadas com uma placa lateral reta e pinos uniformemente espa\u00e7ados, e s\u00e3o ideais para aplica\u00e7\u00f5es que exigem uma corrente de alto desempenho. <\/p>\n<h3>Tipos de correntes de rolos de precis\u00e3o de passo curto<\/h3>\n<p>Na Ever-Power, oferecemos uma ampla gama de correntes de rolos de precis\u00e3o de passo curto, incluindo:<\/p>\n<ul>\n<li>Corrente de rolo agr\u00edcola<\/li>\n<li>Corrente de topo plano<\/li>\n<li>Corrente de esteira Caterpillar<\/li>\n<li>Corrente de pino oco<\/li>\n<li>Corrente transportadora para linha de enchimento e embalagem de cerveja<\/li>\n<li>Corrente de pavimenta\u00e7\u00e3o<\/li>\n<li>Barra lateral de fixa\u00e7\u00e3o da corrente do elevador<\/li>\n<li>Corrente de Elevador de Ca\u00e7amba (Corrente de Moinho de Cimento)<\/li>\n<li>Corrente de raspador de forjamento<\/li>\n<li>Corrente de Carga para Ind\u00fastria Automobil\u00edstica<\/li>\n<li>Corrente de Carga para Ind\u00fastria Metal\u00fargica<\/li>\n<li>Corrente transportadora para m\u00e1quinas de minera\u00e7\u00e3o<\/li>\n<li>Corrente de vala<\/li>\n<li>Cadeia de Usinas de A\u00e7\u00facar<\/li>\n<li>Corrente Flex Dupla<\/li>\n<\/ul>\n<h3>Vantagens das correntes de rolos de precis\u00e3o de passo curto<\/h3>\n<p>As correntes de rolos de precis\u00e3o de passo curto t\u00eam muitas vantagens sobre outros tipos de correntes. Algumas dessas vantagens incluem:<\/p>\n<ul>\n<li>Alta precis\u00e3o para uma opera\u00e7\u00e3o suave e eficiente<\/li>\n<li>Alta durabilidade e resist\u00eancia para maior vida \u00fatil e manuten\u00e7\u00e3o reduzida<\/li>\n<li>Distribui\u00e7\u00e3o uniforme da carga para menor desgaste e maior vida \u00fatil<\/li>\n<li>Ampla gama de tamanhos e tipos para diversas aplica\u00e7\u00f5es<\/li>\n<\/ul>\n<h3>Instala\u00e7\u00e3o, Manuten\u00e7\u00e3o e Reparo<\/h3>\n<p>A instala\u00e7\u00e3o, manuten\u00e7\u00e3o e reparo adequados de correntes de rolos de precis\u00e3o de passo curto s\u00e3o essenciais para garantir seu desempenho e longevidade ideais. Ao instalar uma corrente, \u00e9 importante garantir que ela esteja devidamente tensionada e alinhada com a roda dentada. A manuten\u00e7\u00e3o regular, como lubrifica\u00e7\u00e3o e limpeza, \u00e9 essencial para reduzir o desgaste e prolongar a vida \u00fatil da corrente. No caso de uma corrente quebrada ou danificada, \u00e9 importante substitu\u00ed-la imediatamente para evitar maiores danos \u00e0 m\u00e1quina.<\/p>\n<h3>Produtos da empresa<\/h3>\n<p>Al\u00e9m de correntes de rolos de precis\u00e3o de passo curto, a Ever-Power tamb\u00e9m fornece v\u00e1rias engrenagens de pl\u00e1stico usadas na ind\u00fastria. Nossos produtos incluem caixas de engrenagens agr\u00edcolas, eixos de sa\u00edda de pot\u00eancia, rodas dentadas, acoplamentos de fluido, redutores de engrenagem sem-fim, engrenagens e cremalheiras, correntes destac\u00e1veis, polias e polias, caixas de engrenagens planet\u00e1rias, polias de sincroniza\u00e7\u00e3o e buchas. Estamos comprometidos em fornecer produtos de alta qualidade a um pre\u00e7o favor\u00e1vel, com servi\u00e7o atencioso. Damos as boas-vindas aos clientes para virem at\u00e9 n\u00f3s para personaliza\u00e7\u00e3o de desenho ou amostra.<\/p>\n<h2>Perguntas e respostas<\/h2>\n<ul>\n<li><b>Para que s\u00e3o utilizadas as correntes de rolos de precis\u00e3o de passo curto?<\/b><br \/> Correntes de rolos de precis\u00e3o de passo curto s\u00e3o amplamente utilizadas em ind\u00fastrias como agricultura, constru\u00e7\u00e3o e automotiva.<\/li>\n<li><b>Quais s\u00e3o as vantagens das correntes de rolos de precis\u00e3o de passo curto?<\/b><br \/> Correntes de rolos de precis\u00e3o de passo curto t\u00eam muitas vantagens, incluindo alta precis\u00e3o, durabilidade e resist\u00eancia, distribui\u00e7\u00e3o uniforme de carga e uma ampla variedade de tamanhos e tipos.<\/li>\n<li><b>Como instalar uma corrente de rolos de precis\u00e3o de passo curto?<\/b><br \/> Ao instalar uma corrente, \u00e9 importante garantir que ela esteja devidamente tensionada e alinhada com a roda dentada.<\/li>\n<li><b>O que voc\u00ea deve fazer se uma corrente de rolos de precis\u00e3o de passo curto estiver quebrada ou danificada?<\/b><br \/> Em caso de corrente quebrada ou danificada, \u00e9 importante substitu\u00ed-la imediatamente para evitar maiores danos \u00e0 m\u00e1quina.<\/li>\n<li><b>Quais outros produtos a Ever-Power fornece?<\/b><br \/> Al\u00e9m de correntes de rolos de precis\u00e3o de passo curto, a Ever-Power tamb\u00e9m fornece diversas engrenagens de pl\u00e1stico usadas na ind\u00fastria, incluindo caixas de engrenagens agr\u00edcolas, eixos de sa\u00edda de pot\u00eancia, rodas dentadas e muito mais.<\/li>\n<\/ul>","protected":false},"excerpt":{"rendered":"<p>Short Pitch Precision Roller Chain (B Series) Short pitch precision roller chains are widely used in industries such as agriculture, construction, and automotive. These chains are known for their high-quality precision, durability and strength. Ever-Power is a leading manufacturer and supplier of short pitch precision roller chains in the industry. Our short pitch precision roller [&hellip;]<\/p>","protected":false},"featured_media":3721,"template":"","meta":{"_et_pb_use_builder":"","_et_pb_old_content":"","_et_gb_content_width":""},"product_brand":[],"product_cat":[11300],"product_tag":[],"class_list":{"0":"post-3722","1":"product","2":"type-product","3":"status-publish","4":"has-post-thumbnail","6":"product_cat-agricultural-chain","8":"first","9":"instock","10":"shipping-taxable","11":"product-type-simple"},"_links":{"self":[{"href":"https:\/\/agricultural-gear-boxes.com\/pt\/wp-json\/wp\/v2\/product\/3722","targetHints":{"allow":["GET"]}}],"collection":[{"href":"https:\/\/agricultural-gear-boxes.com\/pt\/wp-json\/wp\/v2\/product"}],"about":[{"href":"https:\/\/agricultural-gear-boxes.com\/pt\/wp-json\/wp\/v2\/types\/product"}],"wp:featuredmedia":[{"embeddable":true,"href":"https:\/\/agricultural-gear-boxes.com\/pt\/wp-json\/wp\/v2\/media\/3721"}],"wp:attachment":[{"href":"https:\/\/agricultural-gear-boxes.com\/pt\/wp-json\/wp\/v2\/media?parent=3722"}],"wp:term":[{"taxonomy":"product_brand","embeddable":true,"href":"https:\/\/agricultural-gear-boxes.com\/pt\/wp-json\/wp\/v2\/product_brand?post=3722"},{"taxonomy":"product_cat","embeddable":true,"href":"https:\/\/agricultural-gear-boxes.com\/pt\/wp-json\/wp\/v2\/product_cat?post=3722"},{"taxonomy":"product_tag","embeddable":true,"href":"https:\/\/agricultural-gear-boxes.com\/pt\/wp-json\/wp\/v2\/product_tag?post=3722"}],"curies":[{"name":"wp","href":"https:\/\/api.w.org\/{rel}","templated":true}]}}