{"id":3736,"date":"2024-08-27T05:23:37","date_gmt":"2024-08-27T05:23:37","guid":{"rendered":"https:\/\/agricultural-gear-boxes.com\/product\/zgs38-combine-chain-with-attachments\/"},"modified":"2024-08-27T05:23:38","modified_gmt":"2024-08-27T05:23:38","slug":"zgs38-combine-chain-with-attachments","status":"publish","type":"product","link":"https:\/\/agricultural-gear-boxes.com\/pt\/product\/zgs38-combine-chain-with-attachments\/","title":{"rendered":"Corrente combinada ZGS38 com acess\u00f3rios"},"content":{"rendered":"<h2>Corrente para colheitadeira ZGS38 com acess\u00f3rios: equipamento agr\u00edcola confi\u00e1vel e dur\u00e1vel<\/h2>\n<p>A corrente da colheitadeira ZGS38 com acess\u00f3rios \u00e9 um componente essencial de equipamento agr\u00edcola amplamente utilizado em m\u00e1quinas de colheita e outras aplica\u00e7\u00f5es agr\u00edcolas. Esta corrente \u00e9 projetada para suportar os rigores do trabalho agr\u00edcola e fornecer desempenho confi\u00e1vel em ambientes adversos.<\/p>\n<h3>Vantagens e Caracter\u00edsticas<\/h3>\n<ul>\n<li>Materiais de alta qualidade: Feita de liga de a\u00e7o de alta qualidade, a corrente ZGS38 \u00e9 extremamente dur\u00e1vel e tem impressionante resist\u00eancia \u00e0 tra\u00e7\u00e3o, garantindo maior vida \u00fatil.<\/li>\n<li>Design ideal: a corrente \u00e9 projetada para minimizar o desgaste, reduzindo a necessidade de manuten\u00e7\u00e3o e substitui\u00e7\u00e3o.<\/li>\n<li>Usabilidade flex\u00edvel: a corrente ZGS38 pode ser usada em uma ampla variedade de equipamentos agr\u00edcolas, incluindo colheitadeiras, enfardadeiras e outras m\u00e1quinas.<\/li>\n<li>F\u00e1cil instala\u00e7\u00e3o: A corrente \u00e9 simples de instalar e manter, o que a torna a escolha ideal para agricultores e fabricantes de equipamentos agr\u00edcolas.<\/li>\n<\/ul>\n<h3>Especifica\u00e7\u00f5es<\/h3>\n<p>A corrente ZGS38 est\u00e1 dispon\u00edvel em v\u00e1rias especifica\u00e7\u00f5es. Alguns dos detalhes t\u00e9cnicos essenciais incluem:<\/p>\n<ul>\n<li>Passo: 38,0 mm<\/li>\n<li>Di\u00e2metro do rolo: 16,0 mm<\/li>\n<li>Largura entre placas internas: 22,00 mm<\/li>\n<li>Di\u00e2metro do pino: 9,0 mm<\/li>\n<li>Comprimento do pino: 39,0 mm<\/li>\n<li>Profundidade da placa interna: 21,5 mm<\/li>\n<li>Espessura da placa: 3,0 mm<\/li>\n<li>Resist\u00eancia \u00e0 tra\u00e7\u00e3o m\u00e1xima: 40,0\/9091 kN\/lbf<\/li>\n<li>Resist\u00eancia \u00e0 tra\u00e7\u00e3o m\u00e9dia: 55,3 kN<\/li>\n<li>Peso por metro: 2,00 kg\/m<\/li>\n<\/ul>\n<h3>Instala\u00e7\u00e3o, Manuten\u00e7\u00e3o e Reparo<\/h3>\n<p>A corrente ZGS38 \u00e9 f\u00e1cil de instalar, e a manuten\u00e7\u00e3o regular ajudar\u00e1 a mant\u00ea-la em boas condi\u00e7\u00f5es. Lubrificar a corrente regularmente e mant\u00ea-la limpa ajudar\u00e1 a estender sua vida \u00fatil. Se a corrente for danificada ou desgastada, ela deve ser substitu\u00edda imediatamente para evitar mais danos ou riscos \u00e0 seguran\u00e7a.<\/p>\n<h3>Outros produtos<\/h3>\n<p>Al\u00e9m da corrente ZGS38 com acess\u00f3rios, tamb\u00e9m oferecemos uma ampla gama de outros componentes de equipamentos agr\u00edcolas, incluindo engrenagens de pl\u00e1stico, rodas dentadas, acoplamentos de fluido, redutores de engrenagem sem-fim, correntes destac\u00e1veis, polias, caixas de engrenagens planet\u00e1rias, polias de sincroniza\u00e7\u00e3o e buchas. Nossos produtos s\u00e3o da mais alta qualidade e est\u00e3o dispon\u00edveis a pre\u00e7os competitivos.<\/p>\n<h2>Perguntas e respostas<\/h2>\n<ol>\n<li><strong>O que \u00e9 a corrente ceifeira-debulhadora ZGS38 com acess\u00f3rios?<\/strong><\/li>\n<p>A corrente para colheitadeira ZGS38 com acess\u00f3rios \u00e9 uma corrente usada em equipamentos agr\u00edcolas, como m\u00e1quinas de colheita e outras aplica\u00e7\u00f5es agr\u00edcolas.<\/p>\n<li><strong>Quais materiais s\u00e3o usados para fazer a corrente ZGS38?<\/strong><\/li>\n<p>A corrente ZGS38 \u00e9 feita de liga de a\u00e7o de alta qualidade, garantindo maior vida \u00fatil.<\/p>\n<li><strong>Quais s\u00e3o as vantagens de usar a corrente ZGS38?<\/strong><\/li>\n<p>A corrente ZGS38 \u00e9 dur\u00e1vel, tem uma resist\u00eancia \u00e0 tra\u00e7\u00e3o impressionante e foi projetada para minimizar o desgaste, reduzindo a necessidade de manuten\u00e7\u00e3o e substitui\u00e7\u00e3o. Tamb\u00e9m \u00e9 f\u00e1cil de instalar e pode ser usada em uma ampla gama de equipamentos agr\u00edcolas.<\/p>\n<li><strong>Como fa\u00e7o para instalar e manter a corrente ZGS38?<\/strong><\/li>\n<p>A corrente ZGS38 \u00e9 f\u00e1cil de instalar, e a manuten\u00e7\u00e3o regular ajudar\u00e1 a mant\u00ea-la em boas condi\u00e7\u00f5es. Lubrificar a corrente regularmente e mant\u00ea-la limpa ajudar\u00e1 a estender sua vida \u00fatil.<\/p>\n<li><strong>Que outros produtos a empresa oferece?<\/strong><\/li>\n<p>Al\u00e9m da corrente ZGS38 com acess\u00f3rios, a empresa oferece uma ampla gama de outros componentes para equipamentos agr\u00edcolas, incluindo engrenagens pl\u00e1sticas, rodas dentadas, acoplamentos de fluido, redutores de engrenagem sem-fim, correntes destac\u00e1veis, polias, caixas de engrenagens planet\u00e1rias, polias de sincroniza\u00e7\u00e3o e buchas.<\/p>\n<\/ol>","protected":false},"excerpt":{"rendered":"<p>ZGS38 Combine Chain with Attachments: Reliable and Durable Agricultural Equipment The ZGS38 combine chain with attachments is an essential agricultural equipment component that is widely used in harvesting machines and other farming applications. This chain is designed to withstand the rigours of agricultural work and provide reliable performance in harsh environments. Advantages and Features High-quality [&hellip;]<\/p>","protected":false},"featured_media":3735,"template":"","meta":{"_et_pb_use_builder":"","_et_pb_old_content":"","_et_gb_content_width":""},"product_brand":[],"product_cat":[11300],"product_tag":[],"class_list":{"0":"post-3736","1":"product","2":"type-product","3":"status-publish","4":"has-post-thumbnail","6":"product_cat-agricultural-chain","8":"first","9":"instock","10":"shipping-taxable","11":"product-type-simple"},"_links":{"self":[{"href":"https:\/\/agricultural-gear-boxes.com\/pt\/wp-json\/wp\/v2\/product\/3736","targetHints":{"allow":["GET"]}}],"collection":[{"href":"https:\/\/agricultural-gear-boxes.com\/pt\/wp-json\/wp\/v2\/product"}],"about":[{"href":"https:\/\/agricultural-gear-boxes.com\/pt\/wp-json\/wp\/v2\/types\/product"}],"wp:featuredmedia":[{"embeddable":true,"href":"https:\/\/agricultural-gear-boxes.com\/pt\/wp-json\/wp\/v2\/media\/3735"}],"wp:attachment":[{"href":"https:\/\/agricultural-gear-boxes.com\/pt\/wp-json\/wp\/v2\/media?parent=3736"}],"wp:term":[{"taxonomy":"product_brand","embeddable":true,"href":"https:\/\/agricultural-gear-boxes.com\/pt\/wp-json\/wp\/v2\/product_brand?post=3736"},{"taxonomy":"product_cat","embeddable":true,"href":"https:\/\/agricultural-gear-boxes.com\/pt\/wp-json\/wp\/v2\/product_cat?post=3736"},{"taxonomy":"product_tag","embeddable":true,"href":"https:\/\/agricultural-gear-boxes.com\/pt\/wp-json\/wp\/v2\/product_tag?post=3736"}],"curies":[{"name":"wp","href":"https:\/\/api.w.org\/{rel}","templated":true}]}}