{"id":3740,"date":"2024-08-27T05:23:42","date_gmt":"2024-08-27T05:23:42","guid":{"rendered":"https:\/\/agricultural-gear-boxes.com\/product\/s-type-steel-agricultural-chain-attachments\/"},"modified":"2024-08-27T05:23:42","modified_gmt":"2024-08-27T05:23:42","slug":"s-type-steel-agricultural-chain-attachments","status":"publish","type":"product","link":"https:\/\/agricultural-gear-boxes.com\/pt\/product\/s-type-steel-agricultural-chain-attachments\/","title":{"rendered":"Acess\u00f3rios de corrente agr\u00edcola de a\u00e7o tipo S"},"content":{"rendered":"<h2>Acess\u00f3rios de corrente agr\u00edcola de a\u00e7o tipo S<\/h2>\n<p>Os acess\u00f3rios de corrente agr\u00edcola de a\u00e7o tipo S s\u00e3o amplamente usados em v\u00e1rias m\u00e1quinas e equipamentos agr\u00edcolas, como colheitadeiras, escarificadores e cultivadores, para transferir pot\u00eancia e movimento. Eles s\u00e3o projetados para suportar cargas pesadas, operar silenciosamente e suavemente e t\u00eam uma longa vida \u00fatil.<\/p>\n<h3>Hist\u00f3ria e Classifica\u00e7\u00e3o<\/h3>\n<p>O uso de correntes na agricultura remonta aos tempos antigos, quando os fazendeiros usavam correntes para alimentar suas m\u00e1quinas. Hoje, as correntes agr\u00edcolas evolu\u00edram e v\u00eam em diferentes classifica\u00e7\u00f5es, como S32SK1, S42SK1, S45SK1, S52SK1, S55SK1, S62SK1, S77SK1, S88SK1, S32SK1F1 e S55RHSK1, que se referem ao seu tamanho e especifica\u00e7\u00f5es. Os acess\u00f3rios de corrente agr\u00edcola de a\u00e7o tipo S s\u00e3o feitos de materiais de alta qualidade, como ligas de a\u00e7o, que s\u00e3o resistentes ao desgaste, calor e corros\u00e3o.<\/p>\n<h3>Vantagens<\/h3>\n<ul>\n<li>Materiais de alta qualidade garantem durabilidade e resist\u00eancia ao desgaste, calor e corros\u00e3o<\/li>\n<li>Opera\u00e7\u00e3o silenciosa e suave<\/li>\n<li>Pode suportar cargas pesadas<\/li>\n<li>F\u00e1cil de instalar, manter e reparar<\/li>\n<li>Longa vida \u00fatil<\/li>\n<\/ul>\n<h3>Instala\u00e7\u00e3o, Manuten\u00e7\u00e3o e Reparo<\/h3>\n<p>Antes da instala\u00e7\u00e3o, \u00e9 importante garantir que a corrente e o acess\u00f3rio estejam lubrificados e livres de danos. Durante o uso, \u00e9 vital verificar regularmente o desgaste e substituir quaisquer componentes danificados imediatamente para evitar mais danos ao equipamento. A manuten\u00e7\u00e3o envolve limpeza e lubrifica\u00e7\u00e3o regulares para garantir uma opera\u00e7\u00e3o suave e eficiente. Em caso de danos, os reparos podem ser feitos substituindo os componentes danificados ou buscando ajuda profissional.<\/p>\n<h3>Outros produtos agr\u00edcolas<\/h3>\n<p>Al\u00e9m dos acess\u00f3rios de corrente agr\u00edcola de a\u00e7o tipo S, nossa empresa tamb\u00e9m fornece v\u00e1rios outros produtos agr\u00edcolas, como caixas de engrenagens agr\u00edcolas, eixos de sa\u00edda de pot\u00eancia, rodas dentadas, acoplamentos de fluido, redutores de engrenagem sem-fim, engrenagens e cremalheiras, correntes destac\u00e1veis, polias e polias, caixas de engrenagens planet\u00e1rias, polias de sincroniza\u00e7\u00e3o, buchas e muito mais. Oferecemos produtos de alta qualidade a pre\u00e7os favor\u00e1veis e fornecemos um servi\u00e7o atencioso. Os clientes s\u00e3o bem-vindos para vir at\u00e9 n\u00f3s para personaliza\u00e7\u00e3o de desenho ou amostra.<\/p>\n<h2>Perguntas e respostas<\/h2>\n<ol>\n<li><strong>O que s\u00e3o acess\u00f3rios de corrente agr\u00edcola de a\u00e7o tipo S?<\/strong><\/li>\n<p>Os acess\u00f3rios de corrente agr\u00edcola de a\u00e7o tipo S s\u00e3o componentes usados em m\u00e1quinas e equipamentos agr\u00edcolas para transferir pot\u00eancia e movimento. Eles v\u00eam em diferentes classifica\u00e7\u00f5es com base em seu tamanho e especifica\u00e7\u00f5es.<\/p>\n<li><strong>Quais materiais s\u00e3o usados para fazer acess\u00f3rios de corrente agr\u00edcola de a\u00e7o tipo S?<\/strong><\/li>\n<p>Os acess\u00f3rios de corrente agr\u00edcola de a\u00e7o tipo S s\u00e3o feitos de materiais de alta qualidade, como ligas de a\u00e7o, que s\u00e3o resistentes ao desgaste, ao calor e \u00e0 corros\u00e3o.<\/p>\n<li><strong>Quais s\u00e3o as vantagens dos acess\u00f3rios de corrente agr\u00edcola de a\u00e7o tipo S?<\/strong><\/li>\n<p>As vantagens dos acess\u00f3rios de corrente agr\u00edcola de a\u00e7o tipo S incluem durabilidade, resist\u00eancia ao desgaste, calor e corros\u00e3o, opera\u00e7\u00e3o silenciosa e suave, capacidade de suportar cargas pesadas, f\u00e1cil instala\u00e7\u00e3o, manuten\u00e7\u00e3o e reparo e longa vida \u00fatil.<\/p>\n<li><strong>Como devo fazer a manuten\u00e7\u00e3o dos meus acess\u00f3rios de corrente agr\u00edcola de a\u00e7o tipo S?<\/strong><\/li>\n<p>A limpeza e lubrifica\u00e7\u00e3o regulares dos acess\u00f3rios de corrente agr\u00edcola de a\u00e7o tipo S s\u00e3o necess\u00e1rias para garantir uma opera\u00e7\u00e3o suave e eficiente. Tamb\u00e9m \u00e9 importante verificar regularmente o desgaste e substituir quaisquer componentes danificados imediatamente para evitar mais danos ao equipamento.<\/p>\n<li><strong>Quais outros produtos agr\u00edcolas sua empresa fornece?<\/strong><\/li>\n<p>Al\u00e9m dos acess\u00f3rios de corrente agr\u00edcola de a\u00e7o tipo S, nossa empresa tamb\u00e9m fornece uma ampla gama de outros produtos agr\u00edcolas, como caixas de engrenagens agr\u00edcolas, eixos de sa\u00edda de pot\u00eancia, rodas dentadas, acoplamentos de fluido, redutores de engrenagem sem-fim, engrenagens e cremalheiras, correntes destac\u00e1veis, polias e polias, caixas de engrenagens planet\u00e1rias, polias de sincroniza\u00e7\u00e3o, buchas e muito mais.<\/p>\n<\/ol>","protected":false},"excerpt":{"rendered":"<p>S Type Steel Agricultural Chain Attachments S type steel agricultural chain attachments are widely used in various agricultural machines and equipment, such as harvesters, tillers, and cultivators, to transfer power and motion. They are designed to withstand heavy loads, operate quietly and smoothly, and have a long service life. History and Classification The use of [&hellip;]<\/p>","protected":false},"featured_media":3739,"template":"","meta":{"_et_pb_use_builder":"","_et_pb_old_content":"","_et_gb_content_width":""},"product_brand":[],"product_cat":[11300],"product_tag":[],"class_list":{"0":"post-3740","1":"product","2":"type-product","3":"status-publish","4":"has-post-thumbnail","6":"product_cat-agricultural-chain","8":"first","9":"instock","10":"shipping-taxable","11":"product-type-simple"},"_links":{"self":[{"href":"https:\/\/agricultural-gear-boxes.com\/pt\/wp-json\/wp\/v2\/product\/3740","targetHints":{"allow":["GET"]}}],"collection":[{"href":"https:\/\/agricultural-gear-boxes.com\/pt\/wp-json\/wp\/v2\/product"}],"about":[{"href":"https:\/\/agricultural-gear-boxes.com\/pt\/wp-json\/wp\/v2\/types\/product"}],"wp:featuredmedia":[{"embeddable":true,"href":"https:\/\/agricultural-gear-boxes.com\/pt\/wp-json\/wp\/v2\/media\/3739"}],"wp:attachment":[{"href":"https:\/\/agricultural-gear-boxes.com\/pt\/wp-json\/wp\/v2\/media?parent=3740"}],"wp:term":[{"taxonomy":"product_brand","embeddable":true,"href":"https:\/\/agricultural-gear-boxes.com\/pt\/wp-json\/wp\/v2\/product_brand?post=3740"},{"taxonomy":"product_cat","embeddable":true,"href":"https:\/\/agricultural-gear-boxes.com\/pt\/wp-json\/wp\/v2\/product_cat?post=3740"},{"taxonomy":"product_tag","embeddable":true,"href":"https:\/\/agricultural-gear-boxes.com\/pt\/wp-json\/wp\/v2\/product_tag?post=3740"}],"curies":[{"name":"wp","href":"https:\/\/api.w.org\/{rel}","templated":true}]}}