{"id":3773,"date":"2024-08-27T05:40:41","date_gmt":"2024-08-27T05:40:41","guid":{"rendered":"https:\/\/agricultural-gear-boxes.com\/product\/steel-detachable-chain\/"},"modified":"2024-08-27T05:40:41","modified_gmt":"2024-08-27T05:40:41","slug":"steel-detachable-chain","status":"publish","type":"product","link":"https:\/\/agricultural-gear-boxes.com\/pt\/product\/steel-detachable-chain\/","title":{"rendered":"Corrente de a\u00e7o destac\u00e1vel"},"content":{"rendered":"<h2>Corrente de a\u00e7o destac\u00e1vel para uso industrial<\/h2>\n<p>A corrente destac\u00e1vel de a\u00e7o \u00e9 um tipo de corrente que pode ser facilmente desconectada e montada. \u00c9 usada principalmente em m\u00e1quinas industriais, equipamentos de transporte e equipamentos de transporte. A corrente destac\u00e1vel de a\u00e7o tem uma longa hist\u00f3ria e \u00e9 amplamente usada em v\u00e1rias ind\u00fastrias devido \u00e0 sua conveni\u00eancia e alta efici\u00eancia.<\/p>\n<h3>Vantagens da corrente destac\u00e1vel de a\u00e7o<\/h3>\n<ul>\n<li>F\u00e1cil de instalar e remover<\/li>\n<li>Alta resist\u00eancia \u00e0 tra\u00e7\u00e3o e longa vida \u00fatil<\/li>\n<li>Dispon\u00edvel em v\u00e1rios materiais, como a\u00e7o carbono, a\u00e7o de liga e a\u00e7o inoxid\u00e1vel<\/li>\n<li>Pode ser personalizado para atender a necessidades e aplica\u00e7\u00f5es espec\u00edficas<\/li>\n<li>Baixa necessidade de manuten\u00e7\u00e3o<\/li>\n<li>Pode ser usado para opera\u00e7\u00f5es pesadas e de alta velocidade<\/li>\n<\/ul>\n<h3>Materiais para corrente de a\u00e7o destac\u00e1vel<\/h3>\n<p>A corrente destac\u00e1vel de a\u00e7o pode ser feita de diferentes materiais, dependendo da aplica\u00e7\u00e3o. O a\u00e7o carbono \u00e9 o material mais comumente usado devido \u00e0 sua alta resist\u00eancia, durabilidade e pre\u00e7o acess\u00edvel. A\u00e7o de liga e a\u00e7o inoxid\u00e1vel tamb\u00e9m podem ser usados para aplica\u00e7\u00f5es que exigem maior resist\u00eancia \u00e0 corros\u00e3o ou resist\u00eancia \u00e0 temperatura.<\/p>\n<h3>Instala\u00e7\u00e3o, Manuten\u00e7\u00e3o e Reparo<\/h3>\n<p>A corrente de a\u00e7o destac\u00e1vel \u00e9 f\u00e1cil de instalar com o uso de uma ferramenta de corrente. Manuten\u00e7\u00e3o regular \u00e9 necess\u00e1ria para garantir desempenho e longevidade ideais. Isso inclui lubrifica\u00e7\u00e3o e inspe\u00e7\u00e3o de desgaste e danos. Em caso de dano ou desgaste, a corrente pode ser reparada substituindo os elos ou se\u00e7\u00f5es danificadas. Se a corrente n\u00e3o puder ser reparada, ela deve ser substitu\u00edda por uma nova.<\/p>\n<h3>Outros produtos da empresa<\/h3>\n<p>Nossa empresa tamb\u00e9m fornece v\u00e1rias engrenagens de pl\u00e1stico usadas em diferentes ind\u00fastrias, como caixas de engrenagens agr\u00edcolas, eixos de sa\u00edda de pot\u00eancia, rodas dentadas, acoplamentos de fluido, redutores de engrenagem sem-fim, engrenagens e cremalheiras, polias e polias, caixas de engrenagens planet\u00e1rias, polias de sincroniza\u00e7\u00e3o, buchas e muito mais. Estamos comprometidos em fornecer produtos de alta qualidade, pre\u00e7os favor\u00e1veis e servi\u00e7os atenciosos aos nossos clientes. Damos as boas-vindas aos clientes para virem at\u00e9 n\u00f3s com desenhos ou amostras para personaliza\u00e7\u00e3o.<\/p>\n<h2>Perguntas e respostas<\/h2>\n<h3>1. O que \u00e9 uma corrente de a\u00e7o destac\u00e1vel?<\/h3>\n<p>Uma corrente destac\u00e1vel de a\u00e7o \u00e9 um tipo de corrente que pode ser facilmente desconectada e montada. \u00c9 usada principalmente em m\u00e1quinas industriais, equipamentos de transporte e equipamentos de transporte.<\/p>\n<h3>2. Quais s\u00e3o as vantagens de usar uma corrente de a\u00e7o destac\u00e1vel?<\/h3>\n<p>As vantagens de usar uma corrente de a\u00e7o destac\u00e1vel incluem f\u00e1cil instala\u00e7\u00e3o e remo\u00e7\u00e3o, alta resist\u00eancia \u00e0 tra\u00e7\u00e3o e longa vida \u00fatil, disponibilidade em v\u00e1rios materiais, op\u00e7\u00f5es de personaliza\u00e7\u00e3o, baixa necessidade de manuten\u00e7\u00e3o e adequa\u00e7\u00e3o para opera\u00e7\u00f5es pesadas e de alta velocidade.<\/p>\n<h3>3. Quais materiais podem ser usados para uma corrente de a\u00e7o destac\u00e1vel?<\/h3>\n<p>Uma corrente de a\u00e7o destac\u00e1vel pode ser feita de diferentes materiais, como a\u00e7o carbono, a\u00e7o de liga e a\u00e7o inoxid\u00e1vel.<\/p>\n<h3>4. Como instalar, manter e consertar uma corrente de a\u00e7o destac\u00e1vel?<\/h3>\n<p>A corrente de a\u00e7o destac\u00e1vel \u00e9 f\u00e1cil de instalar com o uso de uma ferramenta de corrente. Manuten\u00e7\u00e3o regular \u00e9 necess\u00e1ria para garantir desempenho e longevidade ideais. Isso inclui lubrifica\u00e7\u00e3o e inspe\u00e7\u00e3o de desgaste e danos. Em caso de dano ou desgaste, a corrente pode ser reparada substituindo os elos ou se\u00e7\u00f5es danificadas. Se a corrente n\u00e3o puder ser reparada, ela deve ser substitu\u00edda por uma nova.<\/p>\n<h3>5. Quais outros produtos sua empresa fornece?<\/h3>\n<p>Nossa empresa fornece diversas engrenagens pl\u00e1sticas usadas em diferentes ind\u00fastrias, como caixas de engrenagens agr\u00edcolas, eixos de sa\u00edda de pot\u00eancia, rodas dentadas, acoplamentos de fluidos, redutores de engrenagem sem-fim, engrenagens e cremalheiras, polias e polias, caixas de engrenagens planet\u00e1rias, polias de sincroniza\u00e7\u00e3o, buchas e muito mais.<\/p>","protected":false},"excerpt":{"rendered":"<p>Steel Detachable Chain for Industrial Use The steel detachable chain is a type of chain that can be easily disconnected and assembled. It is mainly used in industrial machinery, conveying equipment, and transportation equipment. The steel detachable chain has a long history and is widely used in various industries due to its convenience and high [&hellip;]<\/p>","protected":false},"featured_media":3772,"template":"","meta":{"_et_pb_use_builder":"","_et_pb_old_content":"","_et_gb_content_width":""},"product_brand":[],"product_cat":[11302],"product_tag":[],"class_list":{"0":"post-3773","1":"product","2":"type-product","3":"status-publish","4":"has-post-thumbnail","6":"product_cat-special-chain","8":"first","9":"instock","10":"shipping-taxable","11":"product-type-simple"},"_links":{"self":[{"href":"https:\/\/agricultural-gear-boxes.com\/pt\/wp-json\/wp\/v2\/product\/3773","targetHints":{"allow":["GET"]}}],"collection":[{"href":"https:\/\/agricultural-gear-boxes.com\/pt\/wp-json\/wp\/v2\/product"}],"about":[{"href":"https:\/\/agricultural-gear-boxes.com\/pt\/wp-json\/wp\/v2\/types\/product"}],"wp:featuredmedia":[{"embeddable":true,"href":"https:\/\/agricultural-gear-boxes.com\/pt\/wp-json\/wp\/v2\/media\/3772"}],"wp:attachment":[{"href":"https:\/\/agricultural-gear-boxes.com\/pt\/wp-json\/wp\/v2\/media?parent=3773"}],"wp:term":[{"taxonomy":"product_brand","embeddable":true,"href":"https:\/\/agricultural-gear-boxes.com\/pt\/wp-json\/wp\/v2\/product_brand?post=3773"},{"taxonomy":"product_cat","embeddable":true,"href":"https:\/\/agricultural-gear-boxes.com\/pt\/wp-json\/wp\/v2\/product_cat?post=3773"},{"taxonomy":"product_tag","embeddable":true,"href":"https:\/\/agricultural-gear-boxes.com\/pt\/wp-json\/wp\/v2\/product_tag?post=3773"}],"curies":[{"name":"wp","href":"https:\/\/api.w.org\/{rel}","templated":true}]}}