{"id":3783,"date":"2024-08-27T05:40:48","date_gmt":"2024-08-27T05:40:48","guid":{"rendered":"https:\/\/agricultural-gear-boxes.com\/product\/double-plus-chain\/"},"modified":"2024-08-27T05:40:49","modified_gmt":"2024-08-27T05:40:49","slug":"double-plus-chain","status":"publish","type":"product","link":"https:\/\/agricultural-gear-boxes.com\/pt\/product\/double-plus-chain\/","title":{"rendered":"Cadeia dupla plus"},"content":{"rendered":"<h2>Corrente Double-Plus: A solu\u00e7\u00e3o definitiva para aplica\u00e7\u00f5es de servi\u00e7o pesado<\/h2>\n<p>Correntes Double-plus s\u00e3o correntes de transmiss\u00e3o para servi\u00e7os pesados amplamente utilizadas em diversas aplica\u00e7\u00f5es industriais, incluindo transportadores, elevadores de ca\u00e7amba e v\u00e1rios tipos de m\u00e1quinas. Essas correntes s\u00e3o feitas de materiais de alta qualidade, como a\u00e7o carbono, a\u00e7o inoxid\u00e1vel ou a\u00e7o de liga, que fornecem resist\u00eancia, durabilidade e resist\u00eancia ao desgaste excepcionais, tornando-as uma solu\u00e7\u00e3o perfeita para aplica\u00e7\u00f5es para servi\u00e7os pesados.<\/p>\n<p>A corrente double-plus \u00e9 um tipo de corrente de rolos com rolos de di\u00e2metro extragrande que fornecem uma superf\u00edcie de contato maior com a roda dentada. Esse recurso reduz a press\u00e3o na corrente, roda dentada e rolamentos, proporcionando melhor distribui\u00e7\u00e3o de carga, menor desgaste e maior vida \u00fatil. Al\u00e9m disso, essas correntes t\u00eam buchas s\u00f3lidas que fornecem maior resist\u00eancia e resist\u00eancia \u00e0 fadiga, garantindo o m\u00e1ximo desempenho e confiabilidade.<\/p>\n<h3>Vantagens da corrente Double-Plus<\/h3>\n<ul>\n<li>Alta resist\u00eancia e durabilidade<\/li>\n<li>Excelente resist\u00eancia ao desgaste<\/li>\n<li>Maior distribui\u00e7\u00e3o de carga<\/li>\n<li>Press\u00e3o reduzida na corrente, roda dentada e rolamentos<\/li>\n<li>Melhor resist\u00eancia \u00e0 fadiga<\/li>\n<li>Maior vida \u00fatil<\/li>\n<\/ul>\n<h3>Instala\u00e7\u00e3o, Manuten\u00e7\u00e3o e Reparo<\/h3>\n<p>Double-plus chains require proper installation and regular maintenance to ensure maximum performance and longevity. The chain should be installed according to the manufacturer&#8217;s instructions, including the correct tension, lubrication, and alignment. Regular maintenance should include cleaning, lubrication, and inspection of the chain and sprocket for wear, damage, or misalignment. If any issues are detected, the chain should be repaired or replaced promptly to prevent further damage or safety hazards.<\/p>\n<h3>Outros produtos<\/h3>\n<p>Al\u00e9m de correntes double-plus, nossa empresa oferece uma ampla gama de produtos industriais de alta qualidade, incluindo engrenagens de pl\u00e1stico, caixas de engrenagens agr\u00edcolas, eixos de sa\u00edda de pot\u00eancia, rodas dentadas, acoplamentos de fluido, redutores de engrenagem sem-fim, engrenagens e cremalheiras, correntes destac\u00e1veis, polias e polias, caixas de engrenagens planet\u00e1rias, polias de sincroniza\u00e7\u00e3o, buchas e muito mais. N\u00f3s nos esfor\u00e7amos para fornecer aos nossos clientes produtos da mais alta qualidade, pre\u00e7os competitivos e excelente atendimento ao cliente. Damos as boas-vindas aos clientes para virem at\u00e9 n\u00f3s para personaliza\u00e7\u00e3o de desenho ou amostra.<\/p>\n<h2>Perguntas e respostas<\/h2>\n<h3>1. O que \u00e9 uma cadeia dupla mais?<\/h3>\n<p>Uma corrente double-plus \u00e9 uma corrente de transmiss\u00e3o de servi\u00e7o pesado amplamente usada em v\u00e1rias aplica\u00e7\u00f5es industriais, incluindo transportadores, elevadores de ca\u00e7amba e m\u00e1quinas. Ela \u00e9 feita de materiais de alta qualidade, como a\u00e7o carbono, a\u00e7o inoxid\u00e1vel ou a\u00e7o de liga, proporcionando resist\u00eancia, durabilidade e resist\u00eancia ao desgaste excepcionais.<\/p>\n<h3>2. Quais s\u00e3o as vantagens da corrente double-plus?<\/h3>\n<p>As correntes Double-plus oferecem diversas vantagens, incluindo alta resist\u00eancia e durabilidade, excelente resist\u00eancia ao desgaste, maior distribui\u00e7\u00e3o de carga, press\u00e3o reduzida na corrente, roda dentada e rolamentos, melhor resist\u00eancia \u00e0 fadiga e maior vida \u00fatil.<\/p>\n<h3>3. Como devo instalar e manter uma corrente double-plus?<\/h3>\n<p>The double-plus chain should be installed according to the manufacturer&#8217;s instructions, including the correct tension, lubrication, and alignment. Regular maintenance should include cleaning, lubrication, and inspection of the chain and sprocket for wear, damage, or misalignment.<\/p>\n<h3>4. Que outros produtos sua empresa oferece?<\/h3>\n<p>Al\u00e9m de correntes double-plus, nossa empresa oferece uma ampla gama de produtos industriais de alta qualidade, incluindo engrenagens pl\u00e1sticas, caixas de engrenagens agr\u00edcolas, eixos de sa\u00edda de pot\u00eancia, rodas dentadas, acoplamentos de fluido, redutores de engrenagem sem-fim, engrenagens e cremalheiras, correntes destac\u00e1veis, polias e polias, caixas de engrenagens planet\u00e1rias, polias de sincroniza\u00e7\u00e3o, buchas e muito mais.<\/p>\n<h3>5. Sua empresa oferece servi\u00e7os de personaliza\u00e7\u00e3o?<\/h3>\n<p>Sim, damos boas-vindas aos clientes para virem at\u00e9 n\u00f3s para personaliza\u00e7\u00e3o de desenho ou amostra. N\u00f3s nos esfor\u00e7amos para fornecer aos nossos clientes produtos da mais alta qualidade, pre\u00e7os competitivos e excelente atendimento ao cliente.<\/p>","protected":false},"excerpt":{"rendered":"<p>Double-Plus Chain: The Ultimate Solution for Heavy-Duty Applications Double-plus chains are heavy-duty transmission chains widely used in several industrial applications, including conveyors, bucket elevators, and various types of machinery. These chains are made of high-quality materials such as carbon steel, stainless steel, or alloy steel, which provide exceptional strength, durability, and wear-resistance, making it a [&hellip;]<\/p>","protected":false},"featured_media":3782,"template":"","meta":{"_et_pb_use_builder":"","_et_pb_old_content":"","_et_gb_content_width":""},"product_brand":[],"product_cat":[11302],"product_tag":[],"class_list":{"0":"post-3783","1":"product","2":"type-product","3":"status-publish","4":"has-post-thumbnail","6":"product_cat-special-chain","8":"first","9":"instock","10":"shipping-taxable","11":"product-type-simple"},"_links":{"self":[{"href":"https:\/\/agricultural-gear-boxes.com\/pt\/wp-json\/wp\/v2\/product\/3783","targetHints":{"allow":["GET"]}}],"collection":[{"href":"https:\/\/agricultural-gear-boxes.com\/pt\/wp-json\/wp\/v2\/product"}],"about":[{"href":"https:\/\/agricultural-gear-boxes.com\/pt\/wp-json\/wp\/v2\/types\/product"}],"wp:featuredmedia":[{"embeddable":true,"href":"https:\/\/agricultural-gear-boxes.com\/pt\/wp-json\/wp\/v2\/media\/3782"}],"wp:attachment":[{"href":"https:\/\/agricultural-gear-boxes.com\/pt\/wp-json\/wp\/v2\/media?parent=3783"}],"wp:term":[{"taxonomy":"product_brand","embeddable":true,"href":"https:\/\/agricultural-gear-boxes.com\/pt\/wp-json\/wp\/v2\/product_brand?post=3783"},{"taxonomy":"product_cat","embeddable":true,"href":"https:\/\/agricultural-gear-boxes.com\/pt\/wp-json\/wp\/v2\/product_cat?post=3783"},{"taxonomy":"product_tag","embeddable":true,"href":"https:\/\/agricultural-gear-boxes.com\/pt\/wp-json\/wp\/v2\/product_tag?post=3783"}],"curies":[{"name":"wp","href":"https:\/\/api.w.org\/{rel}","templated":true}]}}