{"id":3802,"date":"2024-08-28T05:31:19","date_gmt":"2024-08-28T05:31:19","guid":{"rendered":"https:\/\/agricultural-gear-boxes.com\/product\/short-pitch-stainless-steel-roller-chains-b-series-2\/"},"modified":"2024-08-28T05:31:19","modified_gmt":"2024-08-28T05:31:19","slug":"short-pitch-stainless-steel-roller-chains-b-series-2","status":"publish","type":"product","link":"https:\/\/agricultural-gear-boxes.com\/pt\/product\/short-pitch-stainless-steel-roller-chains-b-series-2\/","title":{"rendered":"Correntes de rolos de a\u00e7o inoxid\u00e1vel de passo curto (s\u00e9rie B)"},"content":{"rendered":"<h2>Correntes de rolos de a\u00e7o inoxid\u00e1vel de passo curto (s\u00e9rie B)<\/h2>\n<p>As correntes de rolos de a\u00e7o inoxid\u00e1vel s\u00e3o amplamente utilizadas em v\u00e1rias ind\u00fastrias. As Correntes de Rolos de A\u00e7o Inoxid\u00e1vel de Passo Curto (S\u00e9rie B) s\u00e3o comumente utilizadas em m\u00e1quinas de processamento de alimentos, m\u00e1quinas farmac\u00eauticas e equipamentos qu\u00edmicos. Elas tamb\u00e9m s\u00e3o amplamente utilizadas em ambientes que exigem resist\u00eancia \u00e0 corros\u00e3o e alta resist\u00eancia \u00e0 temperatura.<\/p>\n<p>Essas correntes s\u00e3o feitas de material de a\u00e7o inoxid\u00e1vel de alta qualidade, resistente \u00e0 corros\u00e3o e ferrugem. Elas est\u00e3o dispon\u00edveis em diferentes tamanhos e especifica\u00e7\u00f5es para atender \u00e0s diferentes necessidades dos clientes. A s\u00e9rie B de correntes de rolos de a\u00e7o inoxid\u00e1vel de passo curto \u00e9 projetada para ser f\u00e1cil de instalar, manter e reparar.<\/p>\n<h3>Vantagens das correntes de rolos de a\u00e7o inoxid\u00e1vel de passo curto (s\u00e9rie B)<\/h3>\n<ul>\n<li>Alta resist\u00eancia \u00e0 corros\u00e3o<\/li>\n<li>Resist\u00eancia a altas temperaturas<\/li>\n<li>Baixo ru\u00eddo<\/li>\n<li>Alta resist\u00eancia e durabilidade<\/li>\n<li>F\u00e1cil de instalar, manter e reparar<\/li>\n<\/ul>\n<h3>Instala\u00e7\u00e3o, Manuten\u00e7\u00e3o e Reparo<\/h3>\n<p>A instala\u00e7\u00e3o de correntes de rolos de a\u00e7o inoxid\u00e1vel de passo curto \u00e9 relativamente simples. Antes da instala\u00e7\u00e3o, a corrente deve ser limpa e verificada quanto a danos. A corrente deve ser corretamente tensionada e lubrificada regularmente para garantir o desempenho ideal e evitar desgaste.<\/p>\n<p>Em caso de danos ou desgaste, as pe\u00e7as danificadas podem ser substitu\u00eddas facilmente. \u00c9 aconselh\u00e1vel substituir todas as pe\u00e7as desgastadas de uma vez para garantir que a corrente opere de forma suave e eficiente.<\/p>\n<h3>Outros produtos da empresa Neg\u00f3cios<\/h3>\n<p>Al\u00e9m das Correntes de Rolos de A\u00e7o Inoxid\u00e1vel de Passo Curto (S\u00e9rie B), nossa empresa fornece uma ampla gama de produtos industriais, como caixas de engrenagens agr\u00edcolas, eixos de sa\u00edda de pot\u00eancia, rodas dentadas, acoplamentos de fluido, redutores de engrenagem sem-fim, engrenagens e cremalheiras, correntes destac\u00e1veis, polias e polias, caixas de engrenagens planet\u00e1rias, polias de sincroniza\u00e7\u00e3o, buchas e muito mais. Nossos produtos s\u00e3o de alta qualidade, acess\u00edveis e apoiados por um excelente suporte ao cliente.<\/p>\n<h2>Perguntas e respostas<\/h2>\n<h3>1. Quais s\u00e3o os cen\u00e1rios de uso comuns de correntes de rolos de a\u00e7o inoxid\u00e1vel de passo curto (s\u00e9rie B)?<\/h3>\n<p>Correntes de Rolos de A\u00e7o Inoxid\u00e1vel de Passo Curto (S\u00e9rie B) s\u00e3o comumente usadas em m\u00e1quinas de processamento de alimentos, m\u00e1quinas farmac\u00eauticas e equipamentos qu\u00edmicos. Elas tamb\u00e9m s\u00e3o amplamente usadas em ambientes que exigem resist\u00eancia \u00e0 corros\u00e3o e alta resist\u00eancia \u00e0 temperatura.<\/p>\n<h3>2. Quais s\u00e3o as vantagens das correntes de rolos de a\u00e7o inoxid\u00e1vel de passo curto (s\u00e9rie B)?<\/h3>\n<p>As vantagens das correntes de rolos de a\u00e7o inoxid\u00e1vel de passo curto (s\u00e9rie B) incluem alta resist\u00eancia \u00e0 corros\u00e3o, resist\u00eancia a altas temperaturas, baixo ru\u00eddo, alta resist\u00eancia e durabilidade, al\u00e9m de f\u00e1cil instala\u00e7\u00e3o, manuten\u00e7\u00e3o e reparo.<\/p>\n<h3>3. Como devo instalar e manter correntes de rolos de a\u00e7o inoxid\u00e1vel de passo curto (s\u00e9rie B)?<\/h3>\n<p>Antes da instala\u00e7\u00e3o, a corrente deve ser limpa e verificada quanto a danos. A corrente deve ser corretamente tensionada e lubrificada regularmente para garantir o desempenho ideal e evitar desgaste. Em caso de danos ou desgaste, as pe\u00e7as danificadas podem ser substitu\u00eddas facilmente.<\/p>\n<h3>4. Quais outros produtos sua empresa fornece?<\/h3>\n<p>Al\u00e9m das correntes de rolos de a\u00e7o inoxid\u00e1vel de passo curto (s\u00e9rie B), nossa empresa fornece uma ampla gama de produtos industriais, como caixas de engrenagens agr\u00edcolas, eixos de sa\u00edda de pot\u00eancia, rodas dentadas, acoplamentos de fluido, redutores de engrenagem sem-fim, engrenagens e cremalheiras, correntes destac\u00e1veis, polias e polias, caixas de engrenagens planet\u00e1rias, polias de sincroniza\u00e7\u00e3o, buchas e muito mais.<\/p>\n<h3>5. Por que devo escolher os produtos da sua empresa?<\/h3>\n<p>Nossos produtos s\u00e3o de alta qualidade, acess\u00edveis e apoiados por um excelente suporte ao cliente. Tamb\u00e9m oferecemos servi\u00e7os de personaliza\u00e7\u00e3o para atender \u00e0s necessidades espec\u00edficas do cliente.<\/p>","protected":false},"excerpt":{"rendered":"<p>Short Pitch Stainless Steel Roller Chains (B Series) Stainless steel roller chains are widely used in various industries. The Short Pitch Stainless Steel Roller Chains (B Series) are commonly used in food processing machinery, pharmaceutical machinery, and chemical equipment. They are also widely used in environments that require corrosion resistance and high temperature resistance. These [&hellip;]<\/p>","protected":false},"featured_media":3696,"template":"","meta":{"_et_pb_use_builder":"","_et_pb_old_content":"","_et_gb_content_width":""},"product_brand":[],"product_cat":[11303],"product_tag":[],"class_list":{"0":"post-3802","1":"product","2":"type-product","3":"status-publish","4":"has-post-thumbnail","6":"product_cat-corrosion-resistant-chain","8":"first","9":"instock","10":"shipping-taxable","11":"product-type-simple"},"_links":{"self":[{"href":"https:\/\/agricultural-gear-boxes.com\/pt\/wp-json\/wp\/v2\/product\/3802","targetHints":{"allow":["GET"]}}],"collection":[{"href":"https:\/\/agricultural-gear-boxes.com\/pt\/wp-json\/wp\/v2\/product"}],"about":[{"href":"https:\/\/agricultural-gear-boxes.com\/pt\/wp-json\/wp\/v2\/types\/product"}],"wp:featuredmedia":[{"embeddable":true,"href":"https:\/\/agricultural-gear-boxes.com\/pt\/wp-json\/wp\/v2\/media\/3696"}],"wp:attachment":[{"href":"https:\/\/agricultural-gear-boxes.com\/pt\/wp-json\/wp\/v2\/media?parent=3802"}],"wp:term":[{"taxonomy":"product_brand","embeddable":true,"href":"https:\/\/agricultural-gear-boxes.com\/pt\/wp-json\/wp\/v2\/product_brand?post=3802"},{"taxonomy":"product_cat","embeddable":true,"href":"https:\/\/agricultural-gear-boxes.com\/pt\/wp-json\/wp\/v2\/product_cat?post=3802"},{"taxonomy":"product_tag","embeddable":true,"href":"https:\/\/agricultural-gear-boxes.com\/pt\/wp-json\/wp\/v2\/product_tag?post=3802"}],"curies":[{"name":"wp","href":"https:\/\/api.w.org\/{rel}","templated":true}]}}