{"id":3803,"date":"2024-08-28T05:31:19","date_gmt":"2024-08-28T05:31:19","guid":{"rendered":"https:\/\/agricultural-gear-boxes.com\/product\/short-pitch-heavy-duty-stainless-steel-roller-chains-2\/"},"modified":"2024-08-28T05:31:19","modified_gmt":"2024-08-28T05:31:19","slug":"short-pitch-heavy-duty-stainless-steel-roller-chains-2","status":"publish","type":"product","link":"https:\/\/agricultural-gear-boxes.com\/pt\/product\/short-pitch-heavy-duty-stainless-steel-roller-chains-2\/","title":{"rendered":"Correntes de rolos de a\u00e7o inoxid\u00e1vel de alta resist\u00eancia e passo curto"},"content":{"rendered":"<h2>Correntes de rolos de a\u00e7o inoxid\u00e1vel para servi\u00e7os pesados de passo curto<\/h2>\n<p>Se voc\u00ea est\u00e1 em busca de uma corrente de rolo confi\u00e1vel e dur\u00e1vel, a Corrente de Rolo de A\u00e7o Inoxid\u00e1vel de Passo Curto e Resistente \u00e9 a escolha perfeita. Esta corrente \u00e9 comumente usada em v\u00e1rias ind\u00fastrias, incluindo processamento de alimentos, plantas qu\u00edmicas, farmac\u00eauticas e outros processos de fabrica\u00e7\u00e3o.<\/p>\n<p>Esta corrente \u00e9 feita de a\u00e7o inoxid\u00e1vel de alta qualidade, o que a torna resistente \u00e0 ferrugem, corros\u00e3o e outros fatores ambientais. Isso a torna ideal para uso em ambientes severos. O a\u00e7o inoxid\u00e1vel tamb\u00e9m \u00e9 um material apropriado para uso em plantas de processamento de alimentos, pois n\u00e3o reage com os alimentos nem os contamina.<\/p>\n<p>Essas correntes v\u00eam em v\u00e1rias classifica\u00e7\u00f5es, incluindo n\u00fameros ANSI e ISO. Isso significa que voc\u00ea pode encontrar facilmente o tamanho perfeito para sua aplica\u00e7\u00e3o. A Corrente de Rolos de A\u00e7o Inoxid\u00e1vel para Servi\u00e7o Pesado de Passo Curto tamb\u00e9m \u00e9 projetada para lidar com cargas pesadas e altas temperaturas, tornando-a perfeita para diferentes tipos de m\u00e1quinas.<\/p>\n<p>A instala\u00e7\u00e3o, manuten\u00e7\u00e3o e reparo desta corrente s\u00e3o f\u00e1ceis e diretos, com pouco tempo de inatividade necess\u00e1rio. Voc\u00ea tamb\u00e9m pode substituir facilmente pe\u00e7as desgastadas por novas. <\/p>\n<h3>Vantagens<\/h3>\n<ul>\n<li>Resistente \u00e0 ferrugem e corros\u00e3o<\/li>\n<li>Projetado para suportar cargas pesadas e altas temperaturas<\/li>\n<li>F\u00e1cil instala\u00e7\u00e3o, manuten\u00e7\u00e3o e reparo<\/li>\n<li>Adequado para uso em ambientes hostis<\/li>\n<li>N\u00e3o reage com os alimentos nem os contamina<\/li>\n<\/ul>\n<h3>Classifica\u00e7\u00e3o<\/h3>\n<ul>\n<li>N\u00fameros ANSI e ISO<\/li>\n<li>V\u00e1rios tamanhos dispon\u00edveis para diferentes aplica\u00e7\u00f5es<\/li>\n<\/ul>\n<h3>Material<\/h3>\n<ul>\n<li>Feito de a\u00e7o inoxid\u00e1vel de alta qualidade<\/li>\n<\/ul>\n<h3>Instala\u00e7\u00e3o e Manuten\u00e7\u00e3o<\/h3>\n<ul>\n<li>F\u00e1cil instala\u00e7\u00e3o e reparo<\/li>\n<li>Baixo tempo de inatividade necess\u00e1rio<\/li>\n<li>F\u00e1cil substitui\u00e7\u00e3o de pe\u00e7as desgastadas por novas<\/li>\n<\/ul>\n<h3>Outros produtos<\/h3>\n<p>Al\u00e9m das Correntes de Rolos de A\u00e7o Inoxid\u00e1vel para Servi\u00e7os Pesados de Passo Curto, nossa empresa fornece v\u00e1rios produtos usados em ind\u00fastrias como caixas de engrenagens agr\u00edcolas, eixos de sa\u00edda de pot\u00eancia, rodas dentadas, acoplamentos de fluidos, redutores de engrenagem sem-fim, engrenagens e cremalheiras, correntes destac\u00e1veis, polias e polias, caixas de engrenagens planet\u00e1rias, polias de sincroniza\u00e7\u00e3o, buchas e muito mais. Oferecemos produtos de alta qualidade a um pre\u00e7o favor\u00e1vel com servi\u00e7o atencioso e damos boas-vindas aos clientes para que venham at\u00e9 n\u00f3s para personaliza\u00e7\u00e3o de desenho ou amostra.<\/p>\n<h2>Perguntas e respostas<\/h2>\n<ol>\n<li>Do que \u00e9 feita a corrente de rolos de a\u00e7o inoxid\u00e1vel para servi\u00e7os pesados de passo curto?<\/li>\n<li>Quais s\u00e3o os setores comuns onde essa corrente \u00e9 usada?<\/li>\n<li>Quais s\u00e3o as vantagens de usar esta corrente?<\/li>\n<li>\u00c9 f\u00e1cil instalar e manter a corrente de rolos de a\u00e7o inoxid\u00e1vel para servi\u00e7os pesados de passo curto?<\/li>\n<li>Quais outros produtos sua empresa fornece?<\/li>\n<\/ol>","protected":false},"excerpt":{"rendered":"<p>Short Pitch Heavy Duty Stainless Steel Roller Chains If you are in search of a reliable and durable roller chain, the Short Pitch Heavy Duty Stainless Steel Roller Chain is a perfect choice. This chain is commonly used in various industries, including food processing, chemical plants, pharmaceuticals, and other manufacturing processes. This chain is made [&hellip;]<\/p>","protected":false},"featured_media":3650,"template":"","meta":{"_et_pb_use_builder":"","_et_pb_old_content":"","_et_gb_content_width":""},"product_brand":[],"product_cat":[11303],"product_tag":[],"class_list":{"0":"post-3803","1":"product","2":"type-product","3":"status-publish","4":"has-post-thumbnail","6":"product_cat-corrosion-resistant-chain","8":"first","9":"instock","10":"shipping-taxable","11":"product-type-simple"},"_links":{"self":[{"href":"https:\/\/agricultural-gear-boxes.com\/pt\/wp-json\/wp\/v2\/product\/3803","targetHints":{"allow":["GET"]}}],"collection":[{"href":"https:\/\/agricultural-gear-boxes.com\/pt\/wp-json\/wp\/v2\/product"}],"about":[{"href":"https:\/\/agricultural-gear-boxes.com\/pt\/wp-json\/wp\/v2\/types\/product"}],"wp:featuredmedia":[{"embeddable":true,"href":"https:\/\/agricultural-gear-boxes.com\/pt\/wp-json\/wp\/v2\/media\/3650"}],"wp:attachment":[{"href":"https:\/\/agricultural-gear-boxes.com\/pt\/wp-json\/wp\/v2\/media?parent=3803"}],"wp:term":[{"taxonomy":"product_brand","embeddable":true,"href":"https:\/\/agricultural-gear-boxes.com\/pt\/wp-json\/wp\/v2\/product_brand?post=3803"},{"taxonomy":"product_cat","embeddable":true,"href":"https:\/\/agricultural-gear-boxes.com\/pt\/wp-json\/wp\/v2\/product_cat?post=3803"},{"taxonomy":"product_tag","embeddable":true,"href":"https:\/\/agricultural-gear-boxes.com\/pt\/wp-json\/wp\/v2\/product_tag?post=3803"}],"curies":[{"name":"wp","href":"https:\/\/api.w.org\/{rel}","templated":true}]}}