{"id":3804,"date":"2024-08-28T05:31:19","date_gmt":"2024-08-28T05:31:19","guid":{"rendered":"https:\/\/agricultural-gear-boxes.com\/product\/double-pitch-stainless-steel-transmission-roller-chains\/"},"modified":"2024-08-28T05:31:20","modified_gmt":"2024-08-28T05:31:20","slug":"double-pitch-stainless-steel-transmission-roller-chains","status":"publish","type":"product","link":"https:\/\/agricultural-gear-boxes.com\/pt\/product\/double-pitch-stainless-steel-transmission-roller-chains\/","title":{"rendered":"Correntes de rolos de transmiss\u00e3o de a\u00e7o inoxid\u00e1vel de passo duplo"},"content":{"rendered":"<h2>Correntes de rolos de transmiss\u00e3o de a\u00e7o inoxid\u00e1vel de passo duplo<\/h2>\n<p>Correntes de rolos de transmiss\u00e3o de a\u00e7o inoxid\u00e1vel de passo duplo s\u00e3o um tipo de corrente mec\u00e2nica amplamente usada em aplica\u00e7\u00f5es industriais. Essas correntes s\u00e3o compostas de uma s\u00e9rie de elos de a\u00e7o inoxid\u00e1vel que s\u00e3o conectados entre si com pinos de rolos. Os elos s\u00e3o projetados para engrenar com os dentes de uma roda dentada, o que permite que a corrente transmita pot\u00eancia e movimento de um componente para outro.<\/p>\n<h3>Cen\u00e1rios de uso comum<\/h3>\n<p>Correntes de rolos de transmiss\u00e3o de a\u00e7o inoxid\u00e1vel de passo duplo s\u00e3o comumente usadas em aplica\u00e7\u00f5es onde altas cargas e altas velocidades s\u00e3o uma preocupa\u00e7\u00e3o. Elas s\u00e3o ideais para transportar cargas pesadas por longas dist\u00e2ncias, como em sistemas de transporte ou em m\u00e1quinas de embalagem. Essas correntes tamb\u00e9m s\u00e3o usadas em equipamentos agr\u00edcolas, plantas de processamento de alimentos e na ind\u00fastria automotiva.<\/p>\n<h3>Vantagens<\/h3>\n<p>Uma das maiores vantagens das correntes de rolos de transmiss\u00e3o de a\u00e7o inoxid\u00e1vel de passo duplo \u00e9 sua capacidade de suportar cargas pesadas e altas velocidades. Elas tamb\u00e9m s\u00e3o resistentes \u00e0 corros\u00e3o e podem operar em ambientes severos, tornando-as ideais para uso nas ind\u00fastrias de processamento de alimentos e agr\u00edcolas. Al\u00e9m disso, essas correntes exigem manuten\u00e7\u00e3o m\u00ednima, o que ajuda a reduzir o tempo de inatividade e aumentar a produtividade.<\/p>\n<h3>Instala\u00e7\u00e3o, Manuten\u00e7\u00e3o e Reparo<\/h3>\n<p>A instala\u00e7\u00e3o e manuten\u00e7\u00e3o de correntes de rolos de transmiss\u00e3o de a\u00e7o inoxid\u00e1vel de passo duplo \u00e9 relativamente simples. A corrente deve ser instalada com a tens\u00e3o e o alinhamento adequados para garantir uma opera\u00e7\u00e3o suave. A manuten\u00e7\u00e3o regular, como lubrifica\u00e7\u00e3o e inspe\u00e7\u00e3o, pode ajudar a estender a vida \u00fatil da corrente e evitar desgaste prematuro.<\/p>\n<p>No caso de a corrente precisar ser reparada, \u00e9 importante substituir quaisquer componentes danificados ou desgastados por pe\u00e7as de alta qualidade. Isso ajudar\u00e1 a garantir a confiabilidade e o desempenho cont\u00ednuos da corrente.<\/p>\n<h3>Outros produtos da empresa Neg\u00f3cios<\/h3>\n<p>Al\u00e9m das correntes de rolos de transmiss\u00e3o de a\u00e7o inoxid\u00e1vel de passo duplo, nossa empresa tamb\u00e9m oferece uma ampla gama de outros produtos para uso industrial. Isso inclui caixas de engrenagens agr\u00edcolas, eixos de sa\u00edda de pot\u00eancia, rodas dentadas, acoplamentos de fluido, redutores de engrenagem sem-fim, engrenagens e cremalheiras, correntes destac\u00e1veis, polias e polias, caixas de engrenagens planet\u00e1rias, polias de sincroniza\u00e7\u00e3o, buchas e muito mais.<\/p>\n<p>Estamos comprometidos em fornecer produtos de alta qualidade a um pre\u00e7o favor\u00e1vel, juntamente com um servi\u00e7o de atendimento ao cliente excepcional. Damos boas-vindas aos clientes para virem at\u00e9 n\u00f3s para solicita\u00e7\u00f5es personalizadas com base em seus desenhos ou amostras.<\/p>\n<h2>Perguntas e respostas<\/h2>\n<h3>1. Para que s\u00e3o utilizadas as correntes de transmiss\u00e3o de rolos de a\u00e7o inoxid\u00e1vel de passo duplo?<\/h3>\n<p>Correntes de rolos de transmiss\u00e3o de a\u00e7o inoxid\u00e1vel de passo duplo s\u00e3o comumente usadas em aplica\u00e7\u00f5es industriais onde cargas pesadas e altas velocidades s\u00e3o uma preocupa\u00e7\u00e3o. Elas s\u00e3o usadas em sistemas de transporte, m\u00e1quinas de embalagem, equipamentos agr\u00edcolas, plantas de processamento de alimentos e na ind\u00fastria automotiva.<\/p>\n<h3>2. Quais s\u00e3o as vantagens das correntes de rolos de transmiss\u00e3o de a\u00e7o inoxid\u00e1vel de passo duplo?<\/h3>\n<p>Correntes de rolos de transmiss\u00e3o de a\u00e7o inoxid\u00e1vel de passo duplo s\u00e3o resistentes \u00e0 corros\u00e3o e podem operar em ambientes severos. Elas exigem manuten\u00e7\u00e3o m\u00ednima e podem suportar cargas pesadas e altas velocidades, tornando-as ideais para uso industrial.<\/p>\n<h3>3. Como instalar e manter correntes de rolos de transmiss\u00e3o de a\u00e7o inoxid\u00e1vel de passo duplo?<\/h3>\n<p>Correntes de rolos de transmiss\u00e3o de a\u00e7o inoxid\u00e1vel de passo duplo devem ser instaladas com a tens\u00e3o e o alinhamento adequados para garantir uma opera\u00e7\u00e3o suave. A manuten\u00e7\u00e3o regular, como lubrifica\u00e7\u00e3o e inspe\u00e7\u00e3o, pode ajudar a estender a vida \u00fatil da corrente e evitar desgaste prematuro.<\/p>\n<h3>4. O que voc\u00ea deve fazer se uma corrente de transmiss\u00e3o de rolos de a\u00e7o inoxid\u00e1vel de passo duplo precisar ser reparada?<\/h3>\n<p>Se uma corrente de transmiss\u00e3o de rolos de a\u00e7o inoxid\u00e1vel de passo duplo precisar ser reparada, \u00e9 importante substituir quaisquer componentes danificados ou desgastados por pe\u00e7as de alta qualidade. Isso ajudar\u00e1 a garantir a confiabilidade e o desempenho cont\u00ednuos da corrente.<\/p>\n<h3>5. Que outros produtos sua empresa oferece?<\/h3>\n<p>Al\u00e9m das correntes de rolos de transmiss\u00e3o de a\u00e7o inoxid\u00e1vel de passo duplo, nossa empresa oferece uma ampla gama de outros produtos para uso industrial. Isso inclui caixas de engrenagens agr\u00edcolas, eixos de sa\u00edda de pot\u00eancia, rodas dentadas, acoplamentos de fluido, redutores de engrenagem sem-fim, engrenagens e cremalheiras, correntes destac\u00e1veis, polias e polias, caixas de engrenagens planet\u00e1rias, polias de sincroniza\u00e7\u00e3o, buchas e muito mais.<\/p>","protected":false},"excerpt":{"rendered":"<p>Double Pitch Stainless Steel Transmission Roller Chains Double pitch stainless steel transmission roller chains are a type of mechanical chain that is widely used in industrial applications. These chains are made up of a series of stainless steel links that are connected together with roller pins. The links are designed to mesh with the teeth [&hellip;]<\/p>","protected":false},"featured_media":3656,"template":"","meta":{"_et_pb_use_builder":"","_et_pb_old_content":"","_et_gb_content_width":""},"product_brand":[],"product_cat":[11303],"product_tag":[],"class_list":{"0":"post-3804","1":"product","2":"type-product","3":"status-publish","4":"has-post-thumbnail","6":"product_cat-corrosion-resistant-chain","8":"first","9":"instock","10":"shipping-taxable","11":"product-type-simple"},"_links":{"self":[{"href":"https:\/\/agricultural-gear-boxes.com\/pt\/wp-json\/wp\/v2\/product\/3804","targetHints":{"allow":["GET"]}}],"collection":[{"href":"https:\/\/agricultural-gear-boxes.com\/pt\/wp-json\/wp\/v2\/product"}],"about":[{"href":"https:\/\/agricultural-gear-boxes.com\/pt\/wp-json\/wp\/v2\/types\/product"}],"wp:featuredmedia":[{"embeddable":true,"href":"https:\/\/agricultural-gear-boxes.com\/pt\/wp-json\/wp\/v2\/media\/3656"}],"wp:attachment":[{"href":"https:\/\/agricultural-gear-boxes.com\/pt\/wp-json\/wp\/v2\/media?parent=3804"}],"wp:term":[{"taxonomy":"product_brand","embeddable":true,"href":"https:\/\/agricultural-gear-boxes.com\/pt\/wp-json\/wp\/v2\/product_brand?post=3804"},{"taxonomy":"product_cat","embeddable":true,"href":"https:\/\/agricultural-gear-boxes.com\/pt\/wp-json\/wp\/v2\/product_cat?post=3804"},{"taxonomy":"product_tag","embeddable":true,"href":"https:\/\/agricultural-gear-boxes.com\/pt\/wp-json\/wp\/v2\/product_tag?post=3804"}],"curies":[{"name":"wp","href":"https:\/\/api.w.org\/{rel}","templated":true}]}}