{"id":3811,"date":"2024-08-28T05:39:18","date_gmt":"2024-08-28T05:39:18","guid":{"rendered":"https:\/\/agricultural-gear-boxes.com\/product\/double-pitch-roller-chain-w-oversized-roller\/"},"modified":"2024-08-28T05:39:18","modified_gmt":"2024-08-28T05:39:18","slug":"double-pitch-roller-chain-w-oversized-roller","status":"publish","type":"product","link":"https:\/\/agricultural-gear-boxes.com\/pt\/product\/double-pitch-roller-chain-w-oversized-roller\/","title":{"rendered":"Corrente de rolos de passo duplo com rolo superdimensionado"},"content":{"rendered":"<h2>Double Pitch Roller Chain W\/Oversized Roller &#8211; Ideal for Heavy-Duty Applications<\/h2>\n<p>Corrente de rolo de passo duplo com rolo superdimensionado \u00e9 um tipo de corrente de rolo comumente usada em aplica\u00e7\u00f5es de servi\u00e7o pesado. Ela tem um passo que \u00e9 o dobro do das correntes de rolo padr\u00e3o e apresenta rolos superdimensionados. A corrente est\u00e1 dispon\u00edvel em diferentes tamanhos e configura\u00e7\u00f5es para atender a diferentes necessidades industriais.<\/p>\n<h3>Cen\u00e1rios de uso comum<\/h3>\n<p>A corrente de rolo de passo duplo com rolo superdimensionado \u00e9 comumente usada em aplica\u00e7\u00f5es que exigem alta resist\u00eancia e durabilidade. \u00c9 ideal para uso em m\u00e1quinas de servi\u00e7o pesado, como sistemas de transporte, impressoras e equipamentos de embalagem. A corrente tamb\u00e9m pode ser usada em ind\u00fastrias agr\u00edcolas, florestais e de minera\u00e7\u00e3o, entre outras.<\/p>\n<h3>Vantagens da corrente de rolo de passo duplo com rolo superdimensionado<\/h3>\n<ul>\n<li>Oferece alta resist\u00eancia e durabilidade mesmo em ambientes adversos<\/li>\n<li>Pode suportar cargas pesadas e altas velocidades<\/li>\n<li>Baixa necessidade de manuten\u00e7\u00e3o<\/li>\n<li>Dispon\u00edvel em v\u00e1rios tamanhos e configura\u00e7\u00f5es para atender a diferentes necessidades<\/li>\n<li>Pode ser feito de diferentes materiais, incluindo a\u00e7o inoxid\u00e1vel e a\u00e7o carbono<\/li>\n<\/ul>\n<h3>Instala\u00e7\u00e3o, manuten\u00e7\u00e3o e reparo de corrente de rolo de passo duplo com rolo superdimensionado<\/h3>\n<p>Instalar corrente de rolo de passo duplo com rolo superdimensionado requer aten\u00e7\u00e3o cuidadosa aos detalhes. A corrente deve ser instalada corretamente para garantir o desempenho ideal. A manuten\u00e7\u00e3o da corrente envolve lubrifica\u00e7\u00e3o regular e inspe\u00e7\u00e3o de desgaste. Em caso de danos, a corrente pode ser reparada ou substitu\u00edda.<\/p>\n<h3>Perguntas e respostas<\/h3>\n<ol>\n<li>P: Qual \u00e9 o passo da corrente de rolos de passo duplo com rolo superdimensionado?<br \/>R: O passo da corrente \u00e9 o dobro do das correntes de rolos padr\u00e3o.<\/li>\n<li>P: Quais s\u00e3o alguns cen\u00e1rios de uso comuns para a cadeia?<br \/>R: A corrente \u00e9 comumente usada em m\u00e1quinas pesadas, como sistemas de transporte, impressoras e equipamentos de embalagem, bem como nas ind\u00fastrias agr\u00edcola, florestal e de minera\u00e7\u00e3o.<\/li>\n<li>P: Quais s\u00e3o as vantagens da corrente?<br \/>R: A corrente oferece alta resist\u00eancia e durabilidade, mesmo em ambientes adversos, pode suportar cargas pesadas e altas velocidades, tem baixa necessidade de manuten\u00e7\u00e3o e est\u00e1 dispon\u00edvel em v\u00e1rios tamanhos e configura\u00e7\u00f5es para atender a diferentes necessidades.<\/li>\n<li>P: De quais materiais a corrente pode ser feita?<br \/>R: A corrente pode ser feita de diferentes materiais, incluindo a\u00e7o inoxid\u00e1vel e a\u00e7o carbono.<\/li>\n<li>P: Como voc\u00ea instala, faz a manuten\u00e7\u00e3o e conserta a corrente?<br \/>R: A instala\u00e7\u00e3o da corrente requer aten\u00e7\u00e3o cuidadosa aos detalhes, a manuten\u00e7\u00e3o envolve lubrifica\u00e7\u00e3o regular e inspe\u00e7\u00e3o de desgaste e, em caso de danos, a corrente pode ser reparada ou substitu\u00edda.<\/li>\n<\/ol>\n<h2>Outros produtos que fornecemos<\/h2>\n<p>Al\u00e9m da corrente de rolo de passo duplo com rolo superdimensionado, fornecemos uma ampla gama de outros produtos usados em v\u00e1rias ind\u00fastrias. Nossos produtos incluem caixas de engrenagens agr\u00edcolas, eixos de sa\u00edda de pot\u00eancia, rodas dentadas, acoplamentos de fluido, redutores de engrenagem sem-fim, engrenagens e cremalheiras, correntes destac\u00e1veis, polias e polias, caixas de engrenagens planet\u00e1rias, polias de sincroniza\u00e7\u00e3o, buchas e muito mais. Estamos comprometidos em fornecer produtos de alta qualidade a pre\u00e7os favor\u00e1veis e com servi\u00e7o atencioso. Damos as boas-vindas aos clientes para que venham at\u00e9 n\u00f3s para personaliza\u00e7\u00f5es com base em seus desenhos ou amostras espec\u00edficas.<\/p>","protected":false},"excerpt":{"rendered":"<p>Double Pitch Roller Chain W\/Oversized Roller &#8211; Ideal for Heavy-Duty Applications Double pitch roller chain w\/oversized roller is a type of roller chain that is commonly used in heavy-duty applications. It has a pitch that is twice that of standard roller chains and features oversized rollers. The chain is available in different sizes and configurations [&hellip;]<\/p>","protected":false},"featured_media":3810,"template":"","meta":{"_et_pb_use_builder":"","_et_pb_old_content":"","_et_gb_content_width":""},"product_brand":[],"product_cat":[11304],"product_tag":[],"class_list":{"0":"post-3811","1":"product","2":"type-product","3":"status-publish","4":"has-post-thumbnail","6":"product_cat-standard-roller-chain","8":"first","9":"instock","10":"shipping-taxable","11":"product-type-simple"},"_links":{"self":[{"href":"https:\/\/agricultural-gear-boxes.com\/pt\/wp-json\/wp\/v2\/product\/3811","targetHints":{"allow":["GET"]}}],"collection":[{"href":"https:\/\/agricultural-gear-boxes.com\/pt\/wp-json\/wp\/v2\/product"}],"about":[{"href":"https:\/\/agricultural-gear-boxes.com\/pt\/wp-json\/wp\/v2\/types\/product"}],"wp:featuredmedia":[{"embeddable":true,"href":"https:\/\/agricultural-gear-boxes.com\/pt\/wp-json\/wp\/v2\/media\/3810"}],"wp:attachment":[{"href":"https:\/\/agricultural-gear-boxes.com\/pt\/wp-json\/wp\/v2\/media?parent=3811"}],"wp:term":[{"taxonomy":"product_brand","embeddable":true,"href":"https:\/\/agricultural-gear-boxes.com\/pt\/wp-json\/wp\/v2\/product_brand?post=3811"},{"taxonomy":"product_cat","embeddable":true,"href":"https:\/\/agricultural-gear-boxes.com\/pt\/wp-json\/wp\/v2\/product_cat?post=3811"},{"taxonomy":"product_tag","embeddable":true,"href":"https:\/\/agricultural-gear-boxes.com\/pt\/wp-json\/wp\/v2\/product_tag?post=3811"}],"curies":[{"name":"wp","href":"https:\/\/api.w.org\/{rel}","templated":true}]}}