{"id":3817,"date":"2024-08-28T05:52:22","date_gmt":"2024-08-28T05:52:22","guid":{"rendered":"https:\/\/agricultural-gear-boxes.com\/product\/flat-top-conveyor-chains-plastic\/"},"modified":"2024-08-28T05:52:22","modified_gmt":"2024-08-28T05:52:22","slug":"flat-top-conveyor-chains-plastic","status":"publish","type":"product","link":"https:\/\/agricultural-gear-boxes.com\/pt\/product\/flat-top-conveyor-chains-plastic\/","title":{"rendered":"Correntes transportadoras de topo plano (pl\u00e1stico)"},"content":{"rendered":"<h1>Correntes transportadoras de topo plano (pl\u00e1stico)<\/h1>\n<h2>Correntes Transportadoras Flat Top (Pl\u00e1stico) \u2013 A Solu\u00e7\u00e3o Vers\u00e1til para a Ind\u00fastria de Bebidas<\/h2>\n<p>Correntes transportadoras de topo plano feitas de pl\u00e1stico s\u00e3o amplamente utilizadas na ind\u00fastria de bebidas, devido ao seu desempenho vers\u00e1til e capacidade de fornecer uma ampla gama de solu\u00e7\u00f5es para aplica\u00e7\u00f5es de transporte. De aplica\u00e7\u00f5es de bebidas lubrificadas e de funcionamento a seco a materiais especializados de alta tecnologia para aplica\u00e7\u00f5es espec\u00edficas, essas correntes s\u00e3o capazes de fornecer desempenho superior. <\/p>\n<p>Quer voc\u00ea precise transportar latas, PET ou garrafas de vidro, as correntes transportadoras de topo plano oferecem uma variedade de solu\u00e7\u00f5es para diferentes aplica\u00e7\u00f5es. Elas est\u00e3o dispon\u00edveis em uma variedade de materiais e estilos, incluindo materiais de alta resist\u00eancia que oferecem alta resist\u00eancia PV e atrito muito baixo. As propriedades de deslizamento das correntes de topo plano s\u00e3o superiores, com materiais avan\u00e7ados usados para garantir propriedades de deslizamento suaves, adaptadas \u00e0 aplica\u00e7\u00e3o pretendida. <\/p>\n<p>O design, a verifica\u00e7\u00e3o e a fabrica\u00e7\u00e3o de produtos e ferramentas digitais garantem planicidade e valores que atendem aos mais altos padr\u00f5es. As propriedades de deslizamento ideais evitam a inclina\u00e7\u00e3o dos produtos transportados. A padroniza\u00e7\u00e3o \u00e9 poss\u00edvel, facilitando o uso de correntes padr\u00e3o para transporte geral, correntes de alta fric\u00e7\u00e3o com borracha e parte superior superaderente para inclina\u00e7\u00f5es e declives, e correntes com rolos para paletes de alimenta\u00e7\u00e3o de linha para reduzir a press\u00e3o e o ru\u00eddo da linha de fundo. A gama de produtos permite a padroniza\u00e7\u00e3o de transportadores de manuseio de caixas, usando as mesmas rodas dentadas, trilhos, rolos de retorno e tiras de desgaste.<\/p>\n<h2>Caracter\u00edsticas das correntes Flat Top<\/h2>\n<p>As correntes de topo plano v\u00eam em uma ampla variedade de materiais e estilos, incluindo materiais de alta resist\u00eancia, propriedades de deslizamento e planicidade, al\u00e9m de op\u00e7\u00f5es de padroniza\u00e7\u00e3o para facilitar seu uso em diferentes aplica\u00e7\u00f5es. <\/p>\n<ul>\n<li><b>Materiais de alta resist\u00eancia<\/b>: Materiais especiais est\u00e3o dispon\u00edveis para aplica\u00e7\u00f5es de bebidas lubrificadas e secas, e aplica\u00e7\u00f5es abrasivas em vidrarias, oferecendo alta resist\u00eancia fotovoltaica e atrito muito baixo.<\/li>\n<li><b>Propriedades de deslizamento<\/b>: A Ever-power desenvolveu materiais avan\u00e7ados para correntes para garantir propriedades de deslizamento superiores, com coeficientes de atrito adaptados \u00e0 aplica\u00e7\u00e3o pretendida.<\/li>\n<li><b>Planicidade<\/b>: Produtos digitais e design de ferramentas, verifica\u00e7\u00e3o e fabrica\u00e7\u00e3o garantem valores de planicidade que atendem aos mais altos padr\u00f5es. Junto com propriedades de deslizamento ideais, isso ajuda a evitar tombamento dos produtos transportados.<\/li>\n<li><b>Padroniza\u00e7\u00e3o<\/b>: Correntes padr\u00e3o s\u00e3o usadas para transporte geral de latas, PET e garrafas de vidro. Correntes de alta fric\u00e7\u00e3o com borracha e parte superior super aderente s\u00e3o usadas para inclina\u00e7\u00f5es e declives. Correntes com roletes s\u00e3o usadas para alimenta\u00e7\u00e3o de paletes em linha para reduzir a press\u00e3o e o ru\u00eddo da linha de fundo. A gama de produtos permite a padroniza\u00e7\u00e3o de transportadores de manuseio de caixas, usando as mesmas rodas dentadas, trilhos, roletes de retorno e tiras de desgaste.<\/li>\n<\/ul>\n<h2>Introdu\u00e7\u00e3o da Flat Top Chain<\/h2>\n<p>Correntes de topo plano, tamb\u00e9m chamadas de placas de corrente de topo plano, correntes de topo de ripas e placas de corrente de mesa, s\u00e3o placas de corrente eficientes usadas na ind\u00fastria de vidro, ind\u00fastria aliment\u00edcia, vinho e outras ind\u00fastrias para transporte. Elas podem ser feitas de a\u00e7o carbono, a\u00e7o inoxid\u00e1vel ou a\u00e7o galvanizado para alta resist\u00eancia \u00e0 tra\u00e7\u00e3o e carga de suporte. <\/p>\n<p>Comparadas com uma correia de trama balanceada, as correntes de topo plano oferecem uma superf\u00edcie plana e lisa para transporte de alto desempenho, tornando-as ideais para uma variedade de aplica\u00e7\u00f5es. Podemos fornecer todos os tipos de correntes de topo plano em diferentes especifica\u00e7\u00f5es e materiais, e podemos personaliz\u00e1-las de acordo com seu equipamento e requisitos.<\/p>\n<h2>Tipo de placa de corrente de topo plano<\/h2>\n<p>As correntes de topo plano v\u00eam em diferentes varia\u00e7\u00f5es, incluindo correntes de topo plano retas e de curvatura lateral. A corrente de topo plano padr\u00e3o n\u00e3o \u00e9 curvada e \u00e9 adequada para transportadores lineares, enquanto as correntes de topo plano de curvatura lateral s\u00e3o adequadas para m\u00e1quinas de dobra que podem ser em formato de L, U ou retangulares. <\/p>\n<ul>\n<li><b>Corrente de topo reto e plano<\/b>: Correntes de topo plano de corrente reta fornecem alta capacidade de carga e superf\u00edcies lisas em transportadores de corrente reta. Elas s\u00e3o compostas de v\u00e1rias placas de corrente retangulares regulares e pinos altos.<\/li>\n<li><b>Corrente de topo plano com flex\u00e3o lateral<\/b>: As correntes de topo plano com curvatura lateral s\u00e3o adequadas para m\u00e1quinas de dobra, que podem ser em formato de L, U ou retangulares. Elas garantem um transporte r\u00e1pido, est\u00e1vel e est\u00e1vel. Existem dois tipos de placas de corrente para correntes de topo plano com curvatura lateral: placa de corrente de borda plana e placa de corrente de borda chanfrada.<\/li>\n<\/ul>\n<h2>Placa de corrente de topo plano com borracha<\/h2>\n<p>A borracha pode ser montada na parte superior ou inferior da corrente de topo plano, melhorando o alto atrito da superf\u00edcie e protegendo produtos fr\u00e1geis de quedas. A borracha pode ser uma camada fina de borracha padr\u00e3o ou uma borracha de poliuretano el\u00e1stica espessa, e outros modelos podem ser personalizados de acordo com os requisitos do cliente.<\/p>\n<ul>\n<li><b>Borracha no lado da placa da corrente<\/b>: Devido ao alto atrito trazido pela borracha, ela tamb\u00e9m \u00e9 conhecida como placa de corrente superior de alto atrito ou placa de corrente superior de borracha. A borracha pode fornecer alto atrito e melhorar o desempenho antiderrapante de garrafas de vidro e outros produtos fr\u00e1geis.<\/li>\n<li><b>Borracha no lado do pino da dobradi\u00e7a<\/b>: A montagem de borracha entre os pinos da dobradi\u00e7a pode reduzir o atrito dos pinos da dobradi\u00e7a e prolongar a vida \u00fatil dos pinos da dobradi\u00e7a. Tamb\u00e9m pode reduzir a vibra\u00e7\u00e3o ao transportar produtos.<\/li>\n<li><b>Pino de dobradi\u00e7a largo completo<\/b>: Os pinos de dobradi\u00e7a s\u00e3o comumente montados na posi\u00e7\u00e3o central da placa da corrente, mas, \u00e0s vezes, o pino de dobradi\u00e7a \u00e9 montado em toda a largura da placa da corrente. O pino de dobradi\u00e7a mais largo fornece uma capacidade de carga maior para aplica\u00e7\u00f5es de servi\u00e7o pesado.<\/li>\n<\/ul>\n<h2>Aplica\u00e7\u00f5es da corrente Flat Top<\/h2>\n<p>Correntes de topo plano s\u00e3o amplamente utilizadas em v\u00e1rios setores, incluindo processamento de alimentos, produtos ultracongelados, ind\u00fastria aliment\u00edcia, ind\u00fastria de refrigerantes, cervejarias, envase de garrafas de vidro, ind\u00fastria de arames, latic\u00ednios, produ\u00e7\u00e3o de queijo, produ\u00e7\u00e3o de cerveja, transporte inclinado, enlatamento e embalagem farmac\u00eautica.<\/p>\n<h2>Outros produtos Neg\u00f3cios<\/h2>\n<p>Al\u00e9m de correntes transportadoras de topo plano, nossa empresa tamb\u00e9m fornece v\u00e1rias engrenagens de pl\u00e1stico usadas na ind\u00fastria, como caixas de engrenagens agr\u00edcolas, eixos de sa\u00edda de pot\u00eancia, rodas dentadas, acoplamentos de fluido, redutores de engrenagem sem-fim, engrenagens e cremalheiras, correntes destac\u00e1veis, polias e polias, caixas de engrenagens planet\u00e1rias, polias de sincroniza\u00e7\u00e3o, buchas e muito mais. Oferecemos produtos de alta qualidade a um pre\u00e7o favor\u00e1vel e fornecemos um servi\u00e7o atencioso. Damos as boas-vindas aos clientes para virem at\u00e9 n\u00f3s para personaliza\u00e7\u00e3o de desenho ou amostra.<\/p>\n<h2>Perguntas e respostas<\/h2>\n<p>1. Do que s\u00e3o feitas as correntes transportadoras de topo plano?<br \/>\n2. Em quais setores as correntes de topo plano s\u00e3o comumente usadas?<br \/>\n3. Quais s\u00e3o as caracter\u00edsticas das correntes flat top?<br \/>\n4. Quais s\u00e3o os diferentes tipos de pratos de corrente de topo plano?<br \/>\n5. Quais outros produtos a empresa oferece al\u00e9m de correntes transportadoras de topo plano?<\/p>","protected":false},"excerpt":{"rendered":"<p>Flat Top Conveyor Chains (Plastic) Flat Top Conveyor Chains (Plastic) &#8211; The Versatile Solution for Beverage Industry Flat top conveyor chains made of plastic are widely used in the beverage industry, owing to their versatile performance and ability to deliver a wide range of solutions for conveyor applications. From lubricated and dry running beverage applications [&hellip;]<\/p>","protected":false},"featured_media":3816,"template":"","meta":{"_et_pb_use_builder":"","_et_pb_old_content":"","_et_gb_content_width":""},"product_brand":[],"product_cat":[11305],"product_tag":[],"class_list":{"0":"post-3817","1":"product","2":"type-product","3":"status-publish","4":"has-post-thumbnail","6":"product_cat-leaf-chain","8":"first","9":"instock","10":"shipping-taxable","11":"product-type-simple"},"_links":{"self":[{"href":"https:\/\/agricultural-gear-boxes.com\/pt\/wp-json\/wp\/v2\/product\/3817","targetHints":{"allow":["GET"]}}],"collection":[{"href":"https:\/\/agricultural-gear-boxes.com\/pt\/wp-json\/wp\/v2\/product"}],"about":[{"href":"https:\/\/agricultural-gear-boxes.com\/pt\/wp-json\/wp\/v2\/types\/product"}],"wp:featuredmedia":[{"embeddable":true,"href":"https:\/\/agricultural-gear-boxes.com\/pt\/wp-json\/wp\/v2\/media\/3816"}],"wp:attachment":[{"href":"https:\/\/agricultural-gear-boxes.com\/pt\/wp-json\/wp\/v2\/media?parent=3817"}],"wp:term":[{"taxonomy":"product_brand","embeddable":true,"href":"https:\/\/agricultural-gear-boxes.com\/pt\/wp-json\/wp\/v2\/product_brand?post=3817"},{"taxonomy":"product_cat","embeddable":true,"href":"https:\/\/agricultural-gear-boxes.com\/pt\/wp-json\/wp\/v2\/product_cat?post=3817"},{"taxonomy":"product_tag","embeddable":true,"href":"https:\/\/agricultural-gear-boxes.com\/pt\/wp-json\/wp\/v2\/product_tag?post=3817"}],"curies":[{"name":"wp","href":"https:\/\/api.w.org\/{rel}","templated":true}]}}