{"id":3827,"date":"2024-08-29T05:33:33","date_gmt":"2024-08-29T05:33:33","guid":{"rendered":"https:\/\/agricultural-gear-boxes.com\/product\/roller-chain-attachments\/"},"modified":"2024-08-29T05:33:33","modified_gmt":"2024-08-29T05:33:33","slug":"roller-chain-attachments","status":"publish","type":"product","link":"https:\/\/agricultural-gear-boxes.com\/pt\/product\/roller-chain-attachments\/","title":{"rendered":"Acess\u00f3rios de corrente de rolo"},"content":{"rendered":"<h2>Acess\u00f3rios de corrente de rolo: melhorando a funcionalidade da sua corrente<\/h2>\n<p>Os acess\u00f3rios de corrente de rolo, como o nome sugere, s\u00e3o componentes adicionais que podem ser adicionados a uma corrente de rolo para melhorar sua funcionalidade em aplica\u00e7\u00f5es espec\u00edficas. Comumente usados em sistemas de transmiss\u00e3o de energia, os acess\u00f3rios de corrente de rolo s\u00e3o usados em uma ampla gama de ind\u00fastrias, incluindo agricultura, constru\u00e7\u00e3o, minera\u00e7\u00e3o e manufatura.<\/p>\n<h3>A hist\u00f3ria dos acess\u00f3rios de corrente de rolo<\/h3>\n<p>As correntes de rolos est\u00e3o em uso h\u00e1 mais de um s\u00e9culo, encontrando primeiro uso generalizado em bicicletas. Com o tempo, o design da corrente de rolos foi melhorado e adaptado para atender a diferentes aplica\u00e7\u00f5es, levando ao desenvolvimento de acess\u00f3rios de corrente de rolos. Hoje, os acess\u00f3rios de corrente de rolos v\u00eam em uma variedade de formas e tamanhos, cada um projetado para executar uma fun\u00e7\u00e3o espec\u00edfica.<\/p>\n<h3>As vantagens dos acess\u00f3rios de corrente de rolo<\/h3>\n<p>Os acess\u00f3rios de corrente de rolo oferecem uma s\u00e9rie de vantagens, incluindo a capacidade de transmitir altas cargas, resistir ao desgaste e \u00e0 corros\u00e3o e operar em uma ampla faixa de temperaturas. Eles tamb\u00e9m s\u00e3o altamente personaliz\u00e1veis, com uma variedade de acess\u00f3rios dispon\u00edveis para atender a diferentes aplica\u00e7\u00f5es.<\/p>\n<h3>Tipos de acess\u00f3rios de corrente de rolo<\/h3>\n<p>H\u00e1 muitos tipos diferentes de acess\u00f3rios de corrente de rolo dispon\u00edveis, cada um projetado para um prop\u00f3sito espec\u00edfico. Alguns dos tipos mais comuns incluem:<\/p>\n<ul>\n<li>Fixa\u00e7\u00f5es de dentes de roda dentada<\/li>\n<li>Pinos estendidos<\/li>\n<li>Liga\u00e7\u00f5es de liga\u00e7\u00e3o<\/li>\n<li>Liga\u00e7\u00f5es de deslocamento<\/li>\n<li>Fixa\u00e7\u00f5es de clevis<\/li>\n<li>Correntes de fixa\u00e7\u00e3o<\/li>\n<\/ul>\n<h3>Como instalar, manter e reparar acess\u00f3rios de corrente de rolos<\/h3>\n<p>A instala\u00e7\u00e3o e a manuten\u00e7\u00e3o de acess\u00f3rios de corrente de rolos s\u00e3o relativamente simples, mas \u00e9 importante seguir atentamente as instru\u00e7\u00f5es do fabricante. A manuten\u00e7\u00e3o regular \u00e9 essencial para garantir o funcionamento correto da corrente e evitar desgaste e corros\u00e3o. Se um acess\u00f3rio de corrente de rolos estiver danificado, ele deve ser substitu\u00eddo imediatamente para evitar maiores danos \u00e0 corrente.<\/p>\n<h3>Materiais usados para acess\u00f3rios de corrente de rolos<\/h3>\n<p>Os acess\u00f3rios de corrente de rolo podem ser feitos de uma variedade de materiais, incluindo a\u00e7o carbono, a\u00e7o inoxid\u00e1vel e pl\u00e1stico. O material usado depender\u00e1 da aplica\u00e7\u00e3o espec\u00edfica para a qual o acess\u00f3rio de corrente de rolo foi projetado.<\/p>\n<h2>Sobre nossa empresa<\/h2>\n<p>Al\u00e9m de acess\u00f3rios para correntes de rolos, nossa empresa fornece uma ampla gama de engrenagens pl\u00e1sticas para uso industrial. Nossos produtos incluem caixas de engrenagens agr\u00edcolas, eixos de sa\u00edda de pot\u00eancia, rodas dentadas, acoplamentos hidr\u00e1ulicos, redutores de engrenagem helicoidal, engrenagens e cremalheiras, correntes destac\u00e1veis, polias e polias, caixas de engrenagens planet\u00e1rias, polias sincronizadoras, buchas e muito mais. Nos orgulhamos de fornecer produtos de alta qualidade a um pre\u00e7o acess\u00edvel, com servi\u00e7o atencioso e op\u00e7\u00f5es de personaliza\u00e7\u00e3o dispon\u00edveis para atender \u00e0s necessidades de nossos clientes.<\/p>\n<h2>Perguntas e respostas<\/h2>\n<h3>1. O que s\u00e3o acess\u00f3rios de corrente de rolos?<\/h3>\n<p>Os acess\u00f3rios de corrente de rolos s\u00e3o componentes adicionais que podem ser adicionados a uma corrente de rolos para melhorar sua funcionalidade em aplica\u00e7\u00f5es espec\u00edficas.<\/p>\n<h3>2. Quais s\u00e3o alguns tipos comuns de acess\u00f3rios de corrente de rolos?<\/h3>\n<p>Alguns tipos comuns de acess\u00f3rios de corrente de rolos incluem acess\u00f3rios de dentes de roda dentada, pinos estendidos, elos de conex\u00e3o, elos deslocados, acess\u00f3rios de manilha e correntes de acess\u00f3rios.<\/p>\n<h3>3. De quais materiais s\u00e3o feitos os acess\u00f3rios de corrente de rolos?<\/h3>\n<p>Os acess\u00f3rios de corrente de rolos podem ser feitos de uma variedade de materiais, incluindo a\u00e7o carbono, a\u00e7o inoxid\u00e1vel e pl\u00e1stico.<\/p>\n<h3>4. Como voc\u00ea instala e faz a manuten\u00e7\u00e3o dos acess\u00f3rios de corrente de rolos?<\/h3>\n<p>A instala\u00e7\u00e3o e a manuten\u00e7\u00e3o de acess\u00f3rios de corrente de rolos s\u00e3o relativamente simples, mas \u00e9 importante seguir atentamente as instru\u00e7\u00f5es do fabricante. A manuten\u00e7\u00e3o regular \u00e9 essencial para garantir o funcionamento correto da corrente e evitar desgaste e corros\u00e3o.<\/p>\n<h3>5. Quais outros produtos sua empresa fornece?<\/h3>\n<p>Al\u00e9m de acess\u00f3rios para correntes de rolos, nossa empresa fornece uma ampla variedade de engrenagens pl\u00e1sticas para uso industrial, incluindo caixas de engrenagens agr\u00edcolas, eixos de sa\u00edda de pot\u00eancia, rodas dentadas, acoplamentos de fluidos, redutores de engrenagem sem-fim, engrenagens e cremalheiras, correntes destac\u00e1veis, polias e polias, caixas de engrenagens planet\u00e1rias, polias de sincroniza\u00e7\u00e3o, buchas e muito mais.<\/p>","protected":false},"excerpt":{"rendered":"<p>Roller Chain Attachments: Enhancing the Functionality of Your Chain Roller chain attachments, as the name suggests, are additional components that can be added to a roller chain to enhance its functionality in specific applications. Commonly used in power transmission systems, roller chain attachments are used in a wide range of industries, including agriculture, construction, mining, [&hellip;]<\/p>","protected":false},"featured_media":3826,"template":"","meta":{"_et_pb_use_builder":"","_et_pb_old_content":"","_et_gb_content_width":""},"product_brand":[],"product_cat":[11307],"product_tag":[],"class_list":{"0":"post-3827","1":"product","2":"type-product","3":"status-publish","4":"has-post-thumbnail","6":"product_cat-attachment-chain","8":"first","9":"instock","10":"shipping-taxable","11":"product-type-simple"},"_links":{"self":[{"href":"https:\/\/agricultural-gear-boxes.com\/pt\/wp-json\/wp\/v2\/product\/3827","targetHints":{"allow":["GET"]}}],"collection":[{"href":"https:\/\/agricultural-gear-boxes.com\/pt\/wp-json\/wp\/v2\/product"}],"about":[{"href":"https:\/\/agricultural-gear-boxes.com\/pt\/wp-json\/wp\/v2\/types\/product"}],"wp:featuredmedia":[{"embeddable":true,"href":"https:\/\/agricultural-gear-boxes.com\/pt\/wp-json\/wp\/v2\/media\/3826"}],"wp:attachment":[{"href":"https:\/\/agricultural-gear-boxes.com\/pt\/wp-json\/wp\/v2\/media?parent=3827"}],"wp:term":[{"taxonomy":"product_brand","embeddable":true,"href":"https:\/\/agricultural-gear-boxes.com\/pt\/wp-json\/wp\/v2\/product_brand?post=3827"},{"taxonomy":"product_cat","embeddable":true,"href":"https:\/\/agricultural-gear-boxes.com\/pt\/wp-json\/wp\/v2\/product_cat?post=3827"},{"taxonomy":"product_tag","embeddable":true,"href":"https:\/\/agricultural-gear-boxes.com\/pt\/wp-json\/wp\/v2\/product_tag?post=3827"}],"curies":[{"name":"wp","href":"https:\/\/api.w.org\/{rel}","templated":true}]}}