{"id":3834,"date":"2024-08-29T05:43:27","date_gmt":"2024-08-29T05:43:27","guid":{"rendered":"https:\/\/agricultural-gear-boxes.com\/product\/double-pitch-transmission-chains\/"},"modified":"2024-08-29T05:43:27","modified_gmt":"2024-08-29T05:43:27","slug":"double-pitch-transmission-chains","status":"publish","type":"product","link":"https:\/\/agricultural-gear-boxes.com\/pt\/product\/double-pitch-transmission-chains\/","title":{"rendered":"Correntes de transmiss\u00e3o de passo duplo"},"content":{"rendered":"<h2>Correntes de transmiss\u00e3o de passo duplo<\/h2>\n<p>Correntes de transmiss\u00e3o de passo duplo s\u00e3o um tipo de corrente industrial amplamente usada em v\u00e1rias aplica\u00e7\u00f5es. Essas correntes s\u00e3o projetadas para transmitir pot\u00eancia e movimento entre dois eixos paralelos de maneira confi\u00e1vel e eficiente. Com seu design e constru\u00e7\u00e3o exclusivos, as correntes de transmiss\u00e3o de passo duplo oferecem v\u00e1rias vantagens e podem ser usadas em uma ampla gama de ind\u00fastrias e cen\u00e1rios.<\/p>\n<h3>Hist\u00f3ria e Classifica\u00e7\u00e3o<\/h3>\n<ul>\n<li>Correntes de transmiss\u00e3o de passo duplo t\u00eam uma longa hist\u00f3ria e t\u00eam sido usadas em v\u00e1rios setores h\u00e1 muitos anos.<\/li>\n<li>Eles s\u00e3o classificados com base no passo, di\u00e2metro do rolo, largura entre as placas internas, di\u00e2metro do pino, comprimento do pino, profundidade da placa interna, espessura da placa, resist\u00eancia \u00e0 tra\u00e7\u00e3o final, resist\u00eancia \u00e0 tra\u00e7\u00e3o m\u00e9dia e peso por metro.<\/li>\n<\/ul>\n<h3>Vantagens<\/h3>\n<ul>\n<li>Alta resist\u00eancia e durabilidade, permitindo suportar cargas pesadas e condi\u00e7\u00f5es operacionais adversas.<\/li>\n<li>Transmiss\u00e3o de pot\u00eancia suave e eficiente, garantindo desempenho confi\u00e1vel.<\/li>\n<li>F\u00e1cil instala\u00e7\u00e3o e manuten\u00e7\u00e3o, reduzindo o tempo de inatividade e aumentando a produtividade.<\/li>\n<li>Ampla gama de tamanhos e configura\u00e7\u00f5es dispon\u00edveis, proporcionando flexibilidade para diferentes aplica\u00e7\u00f5es.<\/li>\n<\/ul>\n<h3>Materiais e cen\u00e1rios de uso comum<\/h3>\n<p>Correntes de transmiss\u00e3o de passo duplo s\u00e3o comumente feitas de a\u00e7o de alta qualidade ou outros materiais dur\u00e1veis. Elas s\u00e3o usadas em uma variedade de ind\u00fastrias, incluindo:<\/p>\n<ul>\n<li>Fabrica\u00e7\u00e3o automotiva<\/li>\n<li>Processamento de alimentos<\/li>\n<li>M\u00e1quinas de embalagem<\/li>\n<li>Equipamento de movimenta\u00e7\u00e3o de materiais<\/li>\n<li>Ind\u00fastrias de impress\u00e3o e papel<\/li>\n<p><\/<\/p>","protected":false},"excerpt":{"rendered":"<p>Correntes de transmiss\u00e3o de passo duplo As correntes de transmiss\u00e3o de passo duplo s\u00e3o um tipo de corrente industrial amplamente usada em v\u00e1rias aplica\u00e7\u00f5es. Essas correntes s\u00e3o projetadas para transmitir pot\u00eancia e movimento entre dois eixos paralelos de maneira confi\u00e1vel e eficiente. Com seu design e constru\u00e7\u00e3o exclusivos, as correntes de transmiss\u00e3o de passo duplo oferecem v\u00e1rias vantagens e podem [\u2026]<\/p>","protected":false},"featured_media":3656,"template":"","meta":{"_et_pb_use_builder":"","_et_pb_old_content":"","_et_gb_content_width":""},"product_brand":[],"product_cat":[11308],"product_tag":[],"class_list":{"0":"post-3834","1":"product","2":"type-product","3":"status-publish","4":"has-post-thumbnail","6":"product_cat-stainless-steel-chain","8":"first","9":"instock","10":"shipping-taxable","11":"product-type-simple"},"_links":{"self":[{"href":"https:\/\/agricultural-gear-boxes.com\/pt\/wp-json\/wp\/v2\/product\/3834","targetHints":{"allow":["GET"]}}],"collection":[{"href":"https:\/\/agricultural-gear-boxes.com\/pt\/wp-json\/wp\/v2\/product"}],"about":[{"href":"https:\/\/agricultural-gear-boxes.com\/pt\/wp-json\/wp\/v2\/types\/product"}],"wp:featuredmedia":[{"embeddable":true,"href":"https:\/\/agricultural-gear-boxes.com\/pt\/wp-json\/wp\/v2\/media\/3656"}],"wp:attachment":[{"href":"https:\/\/agricultural-gear-boxes.com\/pt\/wp-json\/wp\/v2\/media?parent=3834"}],"wp:term":[{"taxonomy":"product_brand","embeddable":true,"href":"https:\/\/agricultural-gear-boxes.com\/pt\/wp-json\/wp\/v2\/product_brand?post=3834"},{"taxonomy":"product_cat","embeddable":true,"href":"https:\/\/agricultural-gear-boxes.com\/pt\/wp-json\/wp\/v2\/product_cat?post=3834"},{"taxonomy":"product_tag","embeddable":true,"href":"https:\/\/agricultural-gear-boxes.com\/pt\/wp-json\/wp\/v2\/product_tag?post=3834"}],"curies":[{"name":"wp","href":"https:\/\/api.w.org\/{rel}","templated":true}]}}