{"id":3835,"date":"2024-08-29T05:43:27","date_gmt":"2024-08-29T05:43:27","guid":{"rendered":"https:\/\/agricultural-gear-boxes.com\/product\/double-pitch-stainless-conveyor-chains\/"},"modified":"2024-08-29T05:43:28","modified_gmt":"2024-08-29T05:43:28","slug":"double-pitch-stainless-conveyor-chains","status":"publish","type":"product","link":"https:\/\/agricultural-gear-boxes.com\/pt\/product\/double-pitch-stainless-conveyor-chains\/","title":{"rendered":"Correntes transportadoras de a\u00e7o inoxid\u00e1vel de passo duplo"},"content":{"rendered":"<h2>Correntes transportadoras de a\u00e7o inoxid\u00e1vel de passo duplo<\/h2>\n<p>Correntes transportadoras de a\u00e7o inoxid\u00e1vel de passo duplo s\u00e3o comumente usadas em v\u00e1rias ind\u00fastrias, como processamento de alimentos, embalagens e produtos farmac\u00eauticos. Essas correntes s\u00e3o fabricadas usando a\u00e7o inoxid\u00e1vel de alta qualidade, o que as torna dur\u00e1veis, resistentes \u00e0 corros\u00e3o e adequadas para uso em ambientes severos. Elas est\u00e3o dispon\u00edveis em diferentes tamanhos e especifica\u00e7\u00f5es para atender a v\u00e1rias aplica\u00e7\u00f5es.<\/p>\n<h3>Hist\u00f3ria e classifica\u00e7\u00e3o de correntes transportadoras de a\u00e7o inoxid\u00e1vel de passo duplo<\/h3>\n<p>Correntes transportadoras de a\u00e7o inoxid\u00e1vel de passo duplo est\u00e3o em uso desde o in\u00edcio dos anos 1900. Ao longo dos anos, elas passaram por v\u00e1rias modifica\u00e7\u00f5es para melhorar seu desempenho e efici\u00eancia. Hoje, essas correntes s\u00e3o classificadas com base em seu passo, di\u00e2metro do rolo, largura entre as placas internas, di\u00e2metro do pino e resist\u00eancia \u00e0 tra\u00e7\u00e3o final.<\/p>\n<h3>Vantagens e materiais das correntes transportadoras de a\u00e7o inoxid\u00e1vel de passo duplo<\/h3>\n<p>Correntes transportadoras de a\u00e7o inoxid\u00e1vel de passo duplo t\u00eam v\u00e1rias vantagens sobre outros tipos de correntes transportadoras. Elas s\u00e3o mais resistentes \u00e0 corros\u00e3o, abras\u00e3o e desgaste, tornando-as adequadas para uso em ambientes severos. Elas tamb\u00e9m s\u00e3o f\u00e1ceis de instalar, manter e reparar. Essas correntes s\u00e3o feitas de a\u00e7o inoxid\u00e1vel de alta qualidade, o que proporciona excelente resist\u00eancia e durabilidade.<\/p>\n<h3>Como instalar, manter e reparar correntes transportadoras de a\u00e7o inoxid\u00e1vel de passo duplo<\/h3>\n<p>Instalar correntes transportadoras de a\u00e7o inoxid\u00e1vel de passo duplo \u00e9 um processo simples que requer ferramentas e equipamentos b\u00e1sicos. A manuten\u00e7\u00e3o envolve limpeza regular, lubrifica\u00e7\u00e3o e inspe\u00e7\u00e3o das correntes para evitar desgaste. Em caso de danos ou falhas, o reparo das correntes envolve a substitui\u00e7\u00e3o das pe\u00e7as danificadas ou desgastadas.<\/p>\n<h3>Outros produtos fornecidos pela empresa<\/h3>\n<p>Al\u00e9m de correntes transportadoras de a\u00e7o inoxid\u00e1vel de passo duplo, nossa empresa fornece uma variedade de outros produtos industriais, incluindo caixas de engrenagens agr\u00edcolas, eixos de sa\u00edda de pot\u00eancia, rodas dentadas, acoplamentos de fluido, redutores de engrenagem sem-fim, engrenagens e cremalheiras, correntes destac\u00e1veis, polias e polias, caixas de engrenagens planet\u00e1rias, polias de sincroniza\u00e7\u00e3o, buchas e muito mais.<\/p>\n<p>Temos orgulho em oferecer produtos de alta qualidade a pre\u00e7os favor\u00e1veis, apoiados por nosso excelente servi\u00e7o ao cliente. Damos boas-vindas aos clientes para virem at\u00e9 n\u00f3s com desenhos ou amostras para personaliza\u00e7\u00e3o.<\/p>\n<h2>Perguntas e respostas<\/h2>\n<p><strong>1. Para que s\u00e3o utilizadas as correntes transportadoras de a\u00e7o inoxid\u00e1vel de passo duplo?<\/strong><br \/>\nCorrentes transportadoras de a\u00e7o inoxid\u00e1vel de passo duplo s\u00e3o comumente usadas em v\u00e1rios setores, como processamento de alimentos, embalagens e produtos farmac\u00eauticos.<\/p>\n<p><strong>2. Quais s\u00e3o as vantagens de usar correntes transportadoras de a\u00e7o inoxid\u00e1vel de passo duplo?<\/strong><br \/>\nCorrentes transportadoras de a\u00e7o inoxid\u00e1vel de passo duplo s\u00e3o mais resistentes \u00e0 corros\u00e3o, abras\u00e3o e desgaste, tornando-as adequadas para uso em ambientes severos. Elas tamb\u00e9m s\u00e3o f\u00e1ceis de instalar, manter e reparar.<\/p>\n<p><strong>3. Do que s\u00e3o feitas as correntes transportadoras de a\u00e7o inoxid\u00e1vel de passo duplo?<\/strong><br \/>\nAs correntes transportadoras de a\u00e7o inoxid\u00e1vel de passo duplo s\u00e3o feitas de a\u00e7o inoxid\u00e1vel de alta qualidade, o que proporciona excelente resist\u00eancia e durabilidade.<\/p>\n<p><strong>4. Como instalar correntes transportadoras de a\u00e7o inoxid\u00e1vel de passo duplo?<\/strong><br \/>\nA instala\u00e7\u00e3o de correntes transportadoras de a\u00e7o inoxid\u00e1vel de passo duplo \u00e9 um processo simples que requer ferramentas e equipamentos b\u00e1sicos.<\/p>\n<p><strong>5. Quais outros produtos s\u00e3o fornecidos pela empresa?<\/strong><br \/>\nAl\u00e9m de correntes transportadoras de a\u00e7o inoxid\u00e1vel de passo duplo, a empresa fornece uma variedade de outros produtos industriais, incluindo caixas de engrenagens agr\u00edcolas, eixos de sa\u00edda de pot\u00eancia, rodas dentadas, acoplamentos de fluido, redutores de engrenagem sem-fim, engrenagens e cremalheiras, correntes destac\u00e1veis, polias e polias, caixas de engrenagens planet\u00e1rias, polias de sincroniza\u00e7\u00e3o, buchas e muito mais.<\/p>","protected":false},"excerpt":{"rendered":"<p>Double Pitch Stainless Conveyor Chains Double pitch stainless conveyor chains are commonly used in various industries such as food processing, packaging, and pharmaceuticals. These chains are manufactured using high-quality stainless steel, which makes them durable, corrosion-resistant, and suitable for use in harsh environments. They are available in different sizes and specifications to suit various applications. [&hellip;]<\/p>","protected":false},"featured_media":3807,"template":"","meta":{"_et_pb_use_builder":"","_et_pb_old_content":"","_et_gb_content_width":""},"product_brand":[],"product_cat":[11308],"product_tag":[],"class_list":{"0":"post-3835","1":"product","2":"type-product","3":"status-publish","4":"has-post-thumbnail","6":"product_cat-stainless-steel-chain","8":"first","9":"instock","10":"shipping-taxable","11":"product-type-simple"},"_links":{"self":[{"href":"https:\/\/agricultural-gear-boxes.com\/pt\/wp-json\/wp\/v2\/product\/3835","targetHints":{"allow":["GET"]}}],"collection":[{"href":"https:\/\/agricultural-gear-boxes.com\/pt\/wp-json\/wp\/v2\/product"}],"about":[{"href":"https:\/\/agricultural-gear-boxes.com\/pt\/wp-json\/wp\/v2\/types\/product"}],"wp:featuredmedia":[{"embeddable":true,"href":"https:\/\/agricultural-gear-boxes.com\/pt\/wp-json\/wp\/v2\/media\/3807"}],"wp:attachment":[{"href":"https:\/\/agricultural-gear-boxes.com\/pt\/wp-json\/wp\/v2\/media?parent=3835"}],"wp:term":[{"taxonomy":"product_brand","embeddable":true,"href":"https:\/\/agricultural-gear-boxes.com\/pt\/wp-json\/wp\/v2\/product_brand?post=3835"},{"taxonomy":"product_cat","embeddable":true,"href":"https:\/\/agricultural-gear-boxes.com\/pt\/wp-json\/wp\/v2\/product_cat?post=3835"},{"taxonomy":"product_tag","embeddable":true,"href":"https:\/\/agricultural-gear-boxes.com\/pt\/wp-json\/wp\/v2\/product_tag?post=3835"}],"curies":[{"name":"wp","href":"https:\/\/api.w.org\/{rel}","templated":true}]}}