{"id":3837,"date":"2024-08-29T05:43:29","date_gmt":"2024-08-29T05:43:29","guid":{"rendered":"https:\/\/agricultural-gear-boxes.com\/product\/double-pitch-conveyor-chain-attachments\/"},"modified":"2024-08-29T05:43:29","modified_gmt":"2024-08-29T05:43:29","slug":"double-pitch-conveyor-chain-attachments","status":"publish","type":"product","link":"https:\/\/agricultural-gear-boxes.com\/pt\/product\/double-pitch-conveyor-chain-attachments\/","title":{"rendered":"Acess\u00f3rios de corrente transportadora de passo duplo"},"content":{"rendered":"<h2>Acess\u00f3rios para correntes transportadoras de passo duplo: um guia abrangente<\/h2>\n<p>Os acess\u00f3rios de corrente transportadora de passo duplo s\u00e3o um componente importante em sistemas transportadores que transportam cargas pesadas. Esses acess\u00f3rios v\u00eam em diferentes tamanhos e configura\u00e7\u00f5es para atender a uma ampla gama de aplica\u00e7\u00f5es.<\/p>\n<h3>Cen\u00e1rios de uso comum<\/h3>\n<p>Os acess\u00f3rios de corrente transportadora de passo duplo s\u00e3o comumente usados em sistemas transportadores que transportam itens pesados, como pe\u00e7as automotivas, tubos de a\u00e7o e outros materiais de servi\u00e7o pesado. Esses acess\u00f3rios s\u00e3o conhecidos por sua durabilidade e capacidade de suportar cargas pesadas.<\/p>\n<h3>Hist\u00f3rico e classifica\u00e7\u00e3o do produto<\/h3>\n<p>Double pitch conveyor chain attachments have been in use in the industry for many years. They are classified based on their pitch, which is the distance between the center of two adjacent roller pins. The most common pitch sizes are 1.5&#8243;, 2&#8243;, and 3&#8243;. <\/p>\n<h3>Vantagens<\/h3>\n<p>Os acess\u00f3rios de corrente transportadora de passo duplo t\u00eam v\u00e1rias vantagens sobre outros tipos de correntes transportadoras. Eles s\u00e3o conhecidos por sua resist\u00eancia, durabilidade e baixa necessidade de manuten\u00e7\u00e3o. Eles tamb\u00e9m t\u00eam uma vida \u00fatil mais longa, o que os torna uma solu\u00e7\u00e3o econ\u00f4mica para sistemas de transporte de servi\u00e7o pesado.<\/p>\n<h3>Materiais e Instala\u00e7\u00e3o<\/h3>\n<p>Os acess\u00f3rios de corrente transportadora de passo duplo podem ser fabricados a partir de diferentes materiais, como a\u00e7o carbono, a\u00e7o inoxid\u00e1vel e pl\u00e1stico. A escolha do material depende da aplica\u00e7\u00e3o e do ambiente em que o sistema transportador opera. <\/p>\n<p>A instala\u00e7\u00e3o de acess\u00f3rios de corrente transportadora de passo duplo requer alinhamento e tensionamento adequados para evitar desgaste prematuro. A manuten\u00e7\u00e3o regular tamb\u00e9m \u00e9 necess\u00e1ria para garantir o desempenho ideal e evitar tempo de inatividade.<\/p>\n<h3>Substitui\u00e7\u00e3o e Reparo<\/h3>\n<p>Os acess\u00f3rios de corrente transportadora de passo duplo podem ser substitu\u00eddos quando estiverem desgastados ou danificados. Inspe\u00e7\u00f5es regulares podem ajudar a detectar sinais de desgaste precocemente, e a substitui\u00e7\u00e3o r\u00e1pida pode evitar tempo de inatividade dispendioso.<\/p>\n<p>Em caso de reparo, \u00e9 importante substituir pe\u00e7as desgastadas ou danificadas por pe\u00e7as de reposi\u00e7\u00e3o genu\u00ednas para garantir o desempenho ideal e evitar maiores danos.<\/p>\n<h3>Outros produtos<\/h3>\n<p>Al\u00e9m de acess\u00f3rios de corrente transportadora de passo duplo, nossa empresa fornece uma ampla gama de engrenagens pl\u00e1sticas usadas em v\u00e1rias ind\u00fastrias. Isso inclui caixas de engrenagens agr\u00edcolas, eixos de sa\u00edda de pot\u00eancia, rodas dentadas, acoplamentos de fluido, redutores de engrenagem sem-fim, engrenagens e cremalheiras, correntes destac\u00e1veis, polias e polias, caixas de engrenagens planet\u00e1rias, polias de sincroniza\u00e7\u00e3o, buchas e muito mais.<\/p>\n<p>Temos orgulho em fornecer produtos de alta qualidade a pre\u00e7os favor\u00e1veis, apoiados por um servi\u00e7o atencioso. Os clientes s\u00e3o bem-vindos para vir at\u00e9 n\u00f3s com suas necessidades de personaliza\u00e7\u00e3o de desenho ou amostra.<\/p>\n<h2>Perguntas e respostas:<\/h2>\n<h3>1. Para que s\u00e3o usados os acess\u00f3rios de corrente transportadora de passo duplo?<\/h3>\n<p>Acess\u00f3rios de corrente transportadora de passo duplo s\u00e3o comumente usados em sistemas transportadores que transportam itens pesados, como pe\u00e7as automotivas, tubos de a\u00e7o e outros materiais pesados.<\/p>\n<h3>2. Quais s\u00e3o as vantagens dos acess\u00f3rios de corrente transportadora de passo duplo?<\/h3>\n<p>Os acess\u00f3rios de corrente transportadora de passo duplo s\u00e3o conhecidos por sua resist\u00eancia, durabilidade e baixa necessidade de manuten\u00e7\u00e3o. Eles tamb\u00e9m t\u00eam uma vida \u00fatil mais longa, o que os torna uma solu\u00e7\u00e3o econ\u00f4mica para sistemas de transporte de servi\u00e7o pesado.<\/p>\n<h3>3. De quais materiais s\u00e3o feitos os acess\u00f3rios de corrente transportadora de passo duplo?<\/h3>\n<p>Os acess\u00f3rios de corrente transportadora de passo duplo podem ser fabricados a partir de diferentes materiais, como a\u00e7o carbono, a\u00e7o inoxid\u00e1vel e pl\u00e1stico. A escolha do material depende da aplica\u00e7\u00e3o e do ambiente em que o sistema transportador opera.<\/p>\n<h3>4. Como os acess\u00f3rios de corrente transportadora de passo duplo podem ser substitu\u00eddos?<\/h3>\n<p>Os acess\u00f3rios de corrente transportadora de passo duplo podem ser substitu\u00eddos quando estiverem desgastados ou danificados. Inspe\u00e7\u00f5es regulares podem ajudar a detectar sinais de desgaste precocemente, e a substitui\u00e7\u00e3o r\u00e1pida pode evitar tempo de inatividade dispendioso. Em caso de reparo, \u00e9 importante substituir pe\u00e7as desgastadas ou danificadas por pe\u00e7as de reposi\u00e7\u00e3o genu\u00ednas para garantir o desempenho ideal e evitar mais danos.<\/p>\n<h3>5. Quais outros produtos sua empresa fornece?<\/h3>\n<p>Al\u00e9m de acess\u00f3rios de corrente transportadora de passo duplo, nossa empresa fornece uma ampla gama de engrenagens pl\u00e1sticas usadas em v\u00e1rias ind\u00fastrias. Isso inclui caixas de engrenagens agr\u00edcolas, eixos de sa\u00edda de pot\u00eancia, rodas dentadas, acoplamentos de fluido, redutores de engrenagem sem-fim, engrenagens e cremalheiras, correntes destac\u00e1veis, polias e polias, caixas de engrenagens planet\u00e1rias, polias de sincroniza\u00e7\u00e3o, buchas e muito mais.<\/p>","protected":false},"excerpt":{"rendered":"<p>Double Pitch Conveyor Chain Attachments: A Comprehensive Guide Double pitch conveyor chain attachments are an important component in conveyor systems that carry heavy loads. These attachments come in different sizes and configurations to suit a wide range of applications. Common Use Scenarios Double pitch conveyor chain attachments are commonly used in conveyor systems that transport [&hellip;]<\/p>","protected":false},"featured_media":3836,"template":"","meta":{"_et_pb_use_builder":"","_et_pb_old_content":"","_et_gb_content_width":""},"product_brand":[],"product_cat":[11308],"product_tag":[],"class_list":{"0":"post-3837","1":"product","2":"type-product","3":"status-publish","4":"has-post-thumbnail","6":"product_cat-stainless-steel-chain","8":"first","9":"instock","10":"shipping-taxable","11":"product-type-simple"},"_links":{"self":[{"href":"https:\/\/agricultural-gear-boxes.com\/pt\/wp-json\/wp\/v2\/product\/3837","targetHints":{"allow":["GET"]}}],"collection":[{"href":"https:\/\/agricultural-gear-boxes.com\/pt\/wp-json\/wp\/v2\/product"}],"about":[{"href":"https:\/\/agricultural-gear-boxes.com\/pt\/wp-json\/wp\/v2\/types\/product"}],"wp:featuredmedia":[{"embeddable":true,"href":"https:\/\/agricultural-gear-boxes.com\/pt\/wp-json\/wp\/v2\/media\/3836"}],"wp:attachment":[{"href":"https:\/\/agricultural-gear-boxes.com\/pt\/wp-json\/wp\/v2\/media?parent=3837"}],"wp:term":[{"taxonomy":"product_brand","embeddable":true,"href":"https:\/\/agricultural-gear-boxes.com\/pt\/wp-json\/wp\/v2\/product_brand?post=3837"},{"taxonomy":"product_cat","embeddable":true,"href":"https:\/\/agricultural-gear-boxes.com\/pt\/wp-json\/wp\/v2\/product_cat?post=3837"},{"taxonomy":"product_tag","embeddable":true,"href":"https:\/\/agricultural-gear-boxes.com\/pt\/wp-json\/wp\/v2\/product_tag?post=3837"}],"curies":[{"name":"wp","href":"https:\/\/api.w.org\/{rel}","templated":true}]}}