{"id":3840,"date":"2024-08-29T05:43:34","date_gmt":"2024-08-29T05:43:34","guid":{"rendered":"https:\/\/agricultural-gear-boxes.com\/product\/ssrf03075-stainless-steel-conveyor-chain\/"},"modified":"2024-08-29T05:43:34","modified_gmt":"2024-08-29T05:43:34","slug":"ssrf03075-stainless-steel-conveyor-chain","status":"publish","type":"product","link":"https:\/\/agricultural-gear-boxes.com\/pt\/product\/ssrf03075-stainless-steel-conveyor-chain\/","title":{"rendered":"Corrente transportadora de a\u00e7o inoxid\u00e1vel SSRF03075"},"content":{"rendered":"<h2>Corrente transportadora de a\u00e7o inoxid\u00e1vel s\u00e9rie RF: especifica\u00e7\u00f5es e aplica\u00e7\u00f5es<\/h2>\n<p>SSRF03075 Corrente Transportadora de A\u00e7o Inoxid\u00e1vel \u00e9 uma corrente transportadora de alta qualidade projetada para v\u00e1rias aplica\u00e7\u00f5es industriais. \u00c9 feita de a\u00e7o inoxid\u00e1vel, proporcionando durabilidade e resist\u00eancia \u00e0 corros\u00e3o. A corrente \u00e9 adequada para uso nas ind\u00fastrias de processamento de alimentos, farmac\u00eautica, qu\u00edmica, eletr\u00f4nica e automotiva, entre outras.<\/p>\n<h3>Estrutura e componentes da cadeia<\/h3>\n<p>A cadeia \u00e9 composta pelos seguintes componentes:<\/p>\n<ul>\n<li>Placa de Corrente: A placa de corrente \u00e9 o componente central da corrente transportadora, respons\u00e1vel por transportar materiais. Nossa corrente transportadora de a\u00e7o inoxid\u00e1vel \u00e9 feita de a\u00e7o inoxid\u00e1vel s\u00e9rie 300, 400 e 600.<\/li>\n<li>Pin Shaft: O pino do eixo conecta as placas da corrente e transfere energia. O pino do eixo da nossa corrente transportadora de a\u00e7o inoxid\u00e1vel \u00e9 tipicamente feito de a\u00e7o 45 ou a\u00e7o inoxid\u00e1vel.<\/li>\n<li>Rolo: O rolo suporta o movimento da corrente e reduz o atrito entre a corrente e a pista. A corrente transportadora de a\u00e7o inoxid\u00e1vel da s\u00e9rie RF tem v\u00e1rios tipos de rolos, incluindo tipo R, tipo F, tipo S e tipo M.<\/li>\n<\/ul>\n<h3>Caracter\u00edsticas da corrente transportadora de a\u00e7o inoxid\u00e1vel SSRF03075<\/h3>\n<p>A corrente transportadora de a\u00e7o inoxid\u00e1vel SSRF03075 vem com uma variedade de recursos, incluindo:<\/p>\n<ol>\n<li>Constru\u00e7\u00e3o em a\u00e7o inoxid\u00e1vel de alta qualidade para excelente durabilidade.<\/li>\n<li>Resist\u00eancia \u00e0 corros\u00e3o, tornando-o adequado para v\u00e1rios ambientes de trabalho.<\/li>\n<li>Opera\u00e7\u00e3o suave e confi\u00e1vel para manuseio eficiente de materiais.<\/li>\n<li>F\u00e1cil manuten\u00e7\u00e3o e longa vida \u00fatil.<\/li>\n<li>Ampla gama de aplica\u00e7\u00f5es, incluindo processamento de alimentos, produtos farmac\u00eauticos, ind\u00fastria qu\u00edmica, eletr\u00f4nicos e muito mais.<\/li>\n<li>Op\u00e7\u00f5es personaliz\u00e1veis dispon\u00edveis para atender a requisitos espec\u00edficos.<\/li>\n<\/ol>\n<h3>Aplica\u00e7\u00f5es da corrente transportadora de a\u00e7o inoxid\u00e1vel SSRF03075<\/h3>\n<p>A corrente transportadora de a\u00e7o inoxid\u00e1vel SSRF03075 tem uma ampla gama de aplica\u00e7\u00f5es, incluindo:<\/p>\n<ul>\n<li>Ind\u00fastria de processamento de alimentos: Utilizado em transportadores para transporte de produtos aliment\u00edcios.<\/li>\n<li>Ind\u00fastria farmac\u00eautica: adequada para transportar materiais e produtos m\u00e9dicos.<\/li>\n<li>Ind\u00fastria qu\u00edmica: Usado em aplica\u00e7\u00f5es de processamento e manuseio de produtos qu\u00edmicos.<\/li>\n<li>Ind\u00fastria eletr\u00f4nica: Ideal para transporte preciso de componentes eletr\u00f4nicos.<\/li>\n<li>Ind\u00fastria automotiva: Usado em linhas de montagem para fabrica\u00e7\u00e3o de autom\u00f3veis.<\/li>\n<\/ul>\n<h3>Etapas de manuten\u00e7\u00e3o di\u00e1ria para correntes transportadoras de a\u00e7o inoxid\u00e1vel<\/h3>\n<p>A manuten\u00e7\u00e3o adequada \u00e9 essencial para manter a corrente em boas condi\u00e7\u00f5es e garantir uma opera\u00e7\u00e3o suave. Siga estas etapas de manuten\u00e7\u00e3o di\u00e1ria:<\/p>\n<ol>\n<li>Inspecione regularmente a corrente para verificar se h\u00e1 sinais de desgaste ou danos.<\/li>\n<li>Limpe a corrente usando um agente de limpeza adequado e remova quaisquer res\u00edduos.<\/li>\n<li>Lubrifique a corrente com um lubrificante recomendado para garantir uma opera\u00e7\u00e3o suave.<\/li>\n<li>Aperte quaisquer conex\u00f5es soltas ou substitua componentes danificados conforme necess\u00e1rio.<\/li>\n<li>Mantenha a corrente devidamente tensionada para evitar folga excessiva.<\/li>\n<\/ol>\n<h3>Selecionando a corrente transportadora de a\u00e7o inoxid\u00e1vel correta<\/h3>\n<p>Considere estes fatores ao selecionar a corrente transportadora de a\u00e7o inoxid\u00e1vel certa para sua aplica\u00e7\u00e3o:<\/p>\n<table>\n<tr>\n<th>Fator<\/th>\n<th>Considera\u00e7\u00f5es<\/th>\n<\/tr>\n<tr>\n<td>Capacidade de carga<\/td>\n<td>Certifique-se de que a corrente pode suportar a carga pretendida.<\/td>\n<\/tr>\n<tr>\n<td>Velocidade<\/td>\n<td>Escolha uma corrente classificada para a velocidade operacional desejada.<\/td>\n<\/tr>\n<tr>\n<td>Ambiente<\/td>\n<td>Selecione uma corrente com resist\u00eancia adequada ao ambiente de trabalho.<\/td>\n<\/tr>\n<tr>\n<td>Tamanho<\/td>\n<td>Determine o tamanho da corrente necess\u00e1ria com base na aplica\u00e7\u00e3o.<\/td>\n<\/tr>\n<tr>\n<td>Anexos<\/td>\n<td>Considere quaisquer acess\u00f3rios ou anexos espec\u00edficos necess\u00e1rios.<\/td>\n<\/tr>\n<\/table>\n<h3>Rodas dentadas de a\u00e7o inoxid\u00e1vel para correntes transportadoras<\/h3>\n<p>Rodas dentadas de a\u00e7o inoxid\u00e1vel desempenham um papel cr\u00edtico na opera\u00e7\u00e3o de correntes transportadoras de a\u00e7o inoxid\u00e1vel. Oferecemos uma ampla gama de rodas dentadas de a\u00e7o inoxid\u00e1vel para venda, projetadas para garantir movimento suave e eficiente da corrente.<\/p>\n<h3>Sobre nossa empresa<\/h3>\n<p>Somos um fabricante respeit\u00e1vel de correntes transportadoras de a\u00e7o inoxid\u00e1vel com mais de 20 anos de experi\u00eancia. Somos especializados em design, fabrica\u00e7\u00e3o e vendas de correntes de a\u00e7o inoxid\u00e1vel para v\u00e1rias ind\u00fastrias. Nossas correntes s\u00e3o amplamente utilizadas em ind\u00fastrias como processamento de alimentos, farmac\u00eautica, ind\u00fastria qu\u00edmica, eletr\u00f4nica, eletrodom\u00e9sticos, fabrica\u00e7\u00e3o automotiva, maquin\u00e1rio, metalurgia, tratamento de \u00e1guas residuais e outras.<\/p>\n<p>We also provide customization services based on customer specifications. Our products are known for their high strength, strong corrosion resistance, excellent wear resistance, and long service life. We have gained a strong reputation in the domestic market and export our products to Europe, America, Southeast Asia, and other regions. We are committed to providing excellent customer service and meeting our customers&#8217; needs.<\/p>\n<h3>Outros produtos Neg\u00f3cios<\/h3>\n<p>Al\u00e9m de nossas correntes transportadoras de a\u00e7o inoxid\u00e1vel, tamb\u00e9m fornecemos uma variedade de engrenagens de pl\u00e1stico usadas na ind\u00fastria, incluindo caixas de engrenagens agr\u00edcolas, eixos de sa\u00edda de pot\u00eancia, rodas dentadas, acoplamentos de fluido, redutores de engrenagem sem-fim, engrenagens e cremalheiras, correntes destac\u00e1veis, polias e polias, caixas de engrenagens planet\u00e1rias, polias de sincroniza\u00e7\u00e3o, buchas e muito mais. Nossos produtos s\u00e3o conhecidos por sua alta qualidade, pre\u00e7o favor\u00e1vel e servi\u00e7o atencioso. Damos as boas-vindas aos clientes para virem at\u00e9 n\u00f3s para personaliza\u00e7\u00e3o de desenho ou amostra.<\/p>\n<h2>Perguntas e respostas<\/h2>\n<h3>1. A corrente transportadora de a\u00e7o inoxid\u00e1vel SSRF03075 pode ser usada para aplica\u00e7\u00f5es de alta temperatura?<\/h3>\n<p>Sim, a corrente transportadora de a\u00e7o inoxid\u00e1vel SSRF03075 \u00e9 adequada para aplica\u00e7\u00f5es de alta temperatura e pode suportar temperaturas de at\u00e9 400\u2103.<\/p>\n<h3>2. Com que frequ\u00eancia devo lubrificar a corrente?<\/h3>\n<p>Voc\u00ea deve lubrificar a corrente regularmente, dependendo das condi\u00e7\u00f5es de trabalho e do ambiente operacional. Recomendamos lubrifica\u00e7\u00e3o a cada 8-12 horas de opera\u00e7\u00e3o.<\/p>\n<h3>3. A corrente pode ser reparada se estiver danificada?<\/h3>\n<p>Sim, a corrente pode ser reparada se estiver danificada. Voc\u00ea deve substituir quaisquer componentes danificados, como placas de corrente, eixos de pinos e roletes.<\/p>\n<h3>4. A corrente pode ser usada em ambiente corrosivo?<\/h3>\n<p>Sim, a corrente \u00e9 adequada para uso em ambientes corrosivos, pois \u00e9 feita de a\u00e7o inoxid\u00e1vel e possui alta resist\u00eancia \u00e0 corros\u00e3o.<\/p>\n<h3>5. A corrente pode ser personalizada de acordo com requisitos espec\u00edficos?<\/h3>\n<p>Sim, oferecemos op\u00e7\u00f5es personaliz\u00e1veis para a Corrente Transportadora de A\u00e7o Inoxid\u00e1vel SSRF03075 para atender a requisitos espec\u00edficos. Entre em contato conosco para obter mais informa\u00e7\u00f5es.<\/p>","protected":false},"excerpt":{"rendered":"<p>RF Series Stainless Steel Conveyor Chain: Specifications and Applications SSRF03075 Stainless Steel Conveyor Chain is a high-quality conveyor chain designed for various industrial applications. It is made of stainless steel, providing durability and resistance to corrosion. The chain is suitable for use in the food processing, pharmaceutical, chemical, electronics, and automotive industries, amongst others. Chain [&hellip;]<\/p>","protected":false},"featured_media":3839,"template":"","meta":{"_et_pb_use_builder":"","_et_pb_old_content":"","_et_gb_content_width":""},"product_brand":[],"product_cat":[11308],"product_tag":[],"class_list":{"0":"post-3840","1":"product","2":"type-product","3":"status-publish","4":"has-post-thumbnail","6":"product_cat-stainless-steel-chain","8":"first","9":"instock","10":"shipping-taxable","11":"product-type-simple"},"_links":{"self":[{"href":"https:\/\/agricultural-gear-boxes.com\/pt\/wp-json\/wp\/v2\/product\/3840","targetHints":{"allow":["GET"]}}],"collection":[{"href":"https:\/\/agricultural-gear-boxes.com\/pt\/wp-json\/wp\/v2\/product"}],"about":[{"href":"https:\/\/agricultural-gear-boxes.com\/pt\/wp-json\/wp\/v2\/types\/product"}],"wp:featuredmedia":[{"embeddable":true,"href":"https:\/\/agricultural-gear-boxes.com\/pt\/wp-json\/wp\/v2\/media\/3839"}],"wp:attachment":[{"href":"https:\/\/agricultural-gear-boxes.com\/pt\/wp-json\/wp\/v2\/media?parent=3840"}],"wp:term":[{"taxonomy":"product_brand","embeddable":true,"href":"https:\/\/agricultural-gear-boxes.com\/pt\/wp-json\/wp\/v2\/product_brand?post=3840"},{"taxonomy":"product_cat","embeddable":true,"href":"https:\/\/agricultural-gear-boxes.com\/pt\/wp-json\/wp\/v2\/product_cat?post=3840"},{"taxonomy":"product_tag","embeddable":true,"href":"https:\/\/agricultural-gear-boxes.com\/pt\/wp-json\/wp\/v2\/product_tag?post=3840"}],"curies":[{"name":"wp","href":"https:\/\/api.w.org\/{rel}","templated":true}]}}