{"id":3852,"date":"2024-08-29T05:43:40","date_gmt":"2024-08-29T05:43:40","guid":{"rendered":"https:\/\/agricultural-gear-boxes.com\/product\/ca550ss-stainless-steel-agricultural-chain\/"},"modified":"2024-08-29T05:43:41","modified_gmt":"2024-08-29T05:43:41","slug":"ca550ss-stainless-steel-agricultural-chain","status":"publish","type":"product","link":"https:\/\/agricultural-gear-boxes.com\/pt\/product\/ca550ss-stainless-steel-agricultural-chain\/","title":{"rendered":"Corrente Agr\u00edcola de A\u00e7o Inoxid\u00e1vel CA550SS"},"content":{"rendered":"<h2>Corrente Agr\u00edcola de A\u00e7o Inoxid\u00e1vel CA550SS: Correntes de Alta Qualidade e Baixa Manuten\u00e7\u00e3o para M\u00e1quinas Agr\u00edcolas<\/h2>\n<p>A Corrente Agr\u00edcola de A\u00e7o Inoxid\u00e1vel CA550SS \u00e9 um componente essencial de m\u00e1quinas agr\u00edcolas, como tratores, colheitadeiras e cultivadores. Esta corrente \u00e9 projetada para melhorar a efici\u00eancia, reduzir falhas e estender a vida \u00fatil do equipamento. \u00c9 feita de a\u00e7o inoxid\u00e1vel de alta qualidade, tornando-a resistente \u00e0 corros\u00e3o, forte e de baixa manuten\u00e7\u00e3o.<\/p>\n<h3>Vantagens e caracter\u00edsticas da corrente agr\u00edcola de a\u00e7o inoxid\u00e1vel CA550SS<\/h3>\n<ul>\n<li>Alta resist\u00eancia \u00e0 corros\u00e3o<\/li>\n<li>For\u00e7a excepcional<\/li>\n<li>Baixa necessidade de manuten\u00e7\u00e3o<\/li>\n<li>Ampla gama de aplica\u00e7\u00f5es<\/li>\n<\/ul>\n<p>A Corrente Agr\u00edcola de A\u00e7o Inoxid\u00e1vel CA550SS \u00e9 feita de a\u00e7o inoxid\u00e1vel de alta qualidade, que oferece excelente resist\u00eancia \u00e0 corros\u00e3o, alta resist\u00eancia e baixos requisitos de manuten\u00e7\u00e3o. Ela \u00e9 projetada para uso em uma ampla gama de equipamentos agr\u00edcolas, incluindo tratores, colheitadeiras e cultivadores. A corrente \u00e9 projetada para trabalhar perfeitamente com outros equipamentos, garantindo opera\u00e7\u00e3o suave e desempenho ideal. <\/p>\n<h3>Material e Processo de Fabrica\u00e7\u00e3o<\/h3>\n<p>O processo de fabrica\u00e7\u00e3o da Corrente Agr\u00edcola de A\u00e7o Inoxid\u00e1vel CA550SS garante precis\u00e3o e medidas de controle de qualidade para garantir a confiabilidade e durabilidade do produto. As placas passam por processos de perfura\u00e7\u00e3o de precis\u00e3o e furos de extrus\u00e3o, enquanto pinos, buchas e rolos s\u00e3o processados com equipamentos de moagem automatizados e autom\u00e1ticos altamente eficientes. O tratamento t\u00e9rmico \u00e9 realizado usando processos de prote\u00e7\u00e3o de cementa\u00e7\u00e3o, carbono e nitrog\u00eanio, garantindo durabilidade e resist\u00eancia. A precis\u00e3o da montagem \u00e9 garantida por meio do posicionamento preciso do furo e da fia\u00e7\u00e3o, e a rebitagem por press\u00e3o \u00e9 empregada para manter o desempenho de toda a corrente.<\/p>\n<h3>Manuten\u00e7\u00e3o e Substitui\u00e7\u00e3o<\/h3>\n<p>A manuten\u00e7\u00e3o regular da Corrente Agr\u00edcola de A\u00e7o Inoxid\u00e1vel CA550SS \u00e9 crucial para desempenho e longevidade ideais. Aqui est\u00e3o as etapas de manuten\u00e7\u00e3o recomendadas:<\/p>\n<ol>\n<li>Inspecione regularmente a corrente para verificar se h\u00e1 sinais de desgaste ou danos.<\/li>\n<li>Limpe a corrente usando um agente de limpeza adequado e remova quaisquer res\u00edduos.<\/li>\n<li>Aplique um lubrificante projetado especificamente para correntes de a\u00e7o inoxid\u00e1vel.<\/li>\n<li>Garanta o tensionamento adequado da corrente para evitar desgaste excessivo.<\/li>\n<li>Substitua a corrente se necess\u00e1rio.<\/li>\n<\/ol>\n<h3>Rodas Dentadas para Correntes Agr\u00edcolas de A\u00e7o Inoxid\u00e1vel<\/h3>\n<p>As rodas dentadas desempenham um papel vital no complemento da Corrente Agr\u00edcola de A\u00e7o Inoxid\u00e1vel CA550SS. Oferecemos rodas dentadas de a\u00e7o inoxid\u00e1vel para venda, garantindo uma combina\u00e7\u00e3o perfeita com nossas correntes. Al\u00e9m das rodas dentadas de a\u00e7o inoxid\u00e1vel, fornecemos uma ampla gama de outras pe\u00e7as de reposi\u00e7\u00e3o para m\u00e1quinas agr\u00edcolas, incluindo eixos de tomada de for\u00e7a, polias e caixas de engrenagens de tomada de for\u00e7a agr\u00edcolas.<\/p>\n<h3>Sobre a empresa<\/h3>\n<p>Somos um fabricante profissional de correntes especializado em correntes padr\u00e3o e correntes de formato personalizado, bem como v\u00e1rias engrenagens pl\u00e1sticas usadas na ind\u00fastria, como caixas de engrenagens agr\u00edcolas, eixos de sa\u00edda de pot\u00eancia, rodas dentadas, acoplamentos de fluido, redutores de engrenagem sem-fim, engrenagens e cremalheiras, correntes destac\u00e1veis, polias, polias de sincroniza\u00e7\u00e3o, buchas e muito mais. Nossos produtos s\u00e3o fabricados usando a\u00e7o de liga de alta qualidade e equipamentos avan\u00e7ados de fabrica\u00e7\u00e3o e teste de precis\u00e3o. Estamos comprometidos em fornecer produtos de alta qualidade e excelente servi\u00e7o aos nossos clientes.<\/p>\n<h2>Perguntas e respostas<\/h2>\n<h3>1. Para que tipo de maquin\u00e1rio a corrente agr\u00edcola de a\u00e7o inoxid\u00e1vel CA550SS \u00e9 adequada?<\/h3>\n<p>A corrente agr\u00edcola de a\u00e7o inoxid\u00e1vel CA550SS \u00e9 adequada para uma ampla variedade de equipamentos agr\u00edcolas, incluindo tratores, colheitadeiras e cultivadores. <\/p>\n<h3>2. Quais s\u00e3o as vantagens de usar a corrente agr\u00edcola de a\u00e7o inoxid\u00e1vel CA550SS?<\/h3>\n<p>As principais vantagens de usar a corrente agr\u00edcola de a\u00e7o inoxid\u00e1vel CA550SS s\u00e3o alta resist\u00eancia \u00e0 corros\u00e3o, resist\u00eancia excepcional, baixa necessidade de manuten\u00e7\u00e3o e uma ampla gama de aplica\u00e7\u00f5es. <\/p>\n<h3>3. Qual \u00e9 a manuten\u00e7\u00e3o recomendada para a corrente agr\u00edcola de a\u00e7o inoxid\u00e1vel CA550SS?<\/h3>\n<p>A manuten\u00e7\u00e3o recomendada para a corrente agr\u00edcola de a\u00e7o inoxid\u00e1vel CA550SS inclui inspe\u00e7\u00e3o regular quanto a desgaste ou danos, limpeza com um agente de limpeza adequado, lubrifica\u00e7\u00e3o com um lubrificante espec\u00edfico para correntes de a\u00e7o inoxid\u00e1vel, tensionamento adequado para evitar desgaste excessivo e substitui\u00e7\u00e3o, se necess\u00e1rio.<\/p>\n<h3>4. A empresa oferece outras pe\u00e7as de reposi\u00e7\u00e3o para m\u00e1quinas agr\u00edcolas al\u00e9m de correntes e rodas dentadas?<\/h3>\n<p>Sim, oferecemos uma ampla variedade de outras pe\u00e7as de reposi\u00e7\u00e3o para m\u00e1quinas agr\u00edcolas, incluindo eixos de tomada de for\u00e7a, polias e caixas de engrenagens de tomada de for\u00e7a agr\u00edcolas.<\/p>\n<h3>5. What is the company&#8217;s commitment to customers?<\/h3>\n<p>Nossa empresa est\u00e1 comprometida em fornecer produtos de alta qualidade e excelente servi\u00e7o aos nossos clientes. Oferecemos produtos de alta qualidade a pre\u00e7os favor\u00e1veis e damos boas-vindas aos clientes para virem at\u00e9 n\u00f3s para personaliza\u00e7\u00e3o de desenho ou amostra.<\/p>","protected":false},"excerpt":{"rendered":"<p>CA550SS Stainless Steel Agricultural Chain: High-quality, Low-Maintenance Chains for Agricultural Machinery The CA550SS Stainless Steel Agricultural Chain is an essential component of agricultural machinery such as tractors, harvesters, and tillers. This chain is designed to improve efficiency, reduce failures, and extend the lifespan of the equipment. It is made of high-quality stainless steel, making it [&hellip;]<\/p>","protected":false},"featured_media":3851,"template":"","meta":{"_et_pb_use_builder":"","_et_pb_old_content":"","_et_gb_content_width":""},"product_brand":[],"product_cat":[11308],"product_tag":[],"class_list":{"0":"post-3852","1":"product","2":"type-product","3":"status-publish","4":"has-post-thumbnail","6":"product_cat-stainless-steel-chain","8":"first","9":"instock","10":"shipping-taxable","11":"product-type-simple"},"_links":{"self":[{"href":"https:\/\/agricultural-gear-boxes.com\/pt\/wp-json\/wp\/v2\/product\/3852","targetHints":{"allow":["GET"]}}],"collection":[{"href":"https:\/\/agricultural-gear-boxes.com\/pt\/wp-json\/wp\/v2\/product"}],"about":[{"href":"https:\/\/agricultural-gear-boxes.com\/pt\/wp-json\/wp\/v2\/types\/product"}],"wp:featuredmedia":[{"embeddable":true,"href":"https:\/\/agricultural-gear-boxes.com\/pt\/wp-json\/wp\/v2\/media\/3851"}],"wp:attachment":[{"href":"https:\/\/agricultural-gear-boxes.com\/pt\/wp-json\/wp\/v2\/media?parent=3852"}],"wp:term":[{"taxonomy":"product_brand","embeddable":true,"href":"https:\/\/agricultural-gear-boxes.com\/pt\/wp-json\/wp\/v2\/product_brand?post=3852"},{"taxonomy":"product_cat","embeddable":true,"href":"https:\/\/agricultural-gear-boxes.com\/pt\/wp-json\/wp\/v2\/product_cat?post=3852"},{"taxonomy":"product_tag","embeddable":true,"href":"https:\/\/agricultural-gear-boxes.com\/pt\/wp-json\/wp\/v2\/product_tag?post=3852"}],"curies":[{"name":"wp","href":"https:\/\/api.w.org\/{rel}","templated":true}]}}