{"id":3868,"date":"2024-08-30T05:22:48","date_gmt":"2024-08-30T05:22:48","guid":{"rendered":"https:\/\/agricultural-gear-boxes.com\/product\/toothed-belt-pulley\/"},"modified":"2024-08-30T05:22:48","modified_gmt":"2024-08-30T05:22:48","slug":"toothed-belt-pulley","status":"publish","type":"product","link":"https:\/\/agricultural-gear-boxes.com\/pt\/product\/toothed-belt-pulley\/","title":{"rendered":"Polia de correia dentada"},"content":{"rendered":"<h2>Polia de correia dentada: um componente de transmiss\u00e3o de energia confi\u00e1vel e vers\u00e1til<\/h2>\n<p>Polias de correia dentada s\u00e3o componentes essenciais de sistemas de transmiss\u00e3o de energia amplamente utilizados em v\u00e1rias ind\u00fastrias. Elas s\u00e3o usadas para transferir energia e movimento entre dois eixos que n\u00e3o est\u00e3o em contato direto um com o outro. As polias consistem em uma correia dentada e duas polias com dentes que engrenam com a correia. Conforme a correia gira, ela transfere energia de uma polia para a outra.<\/p>\n<p>Polias de correia dentada est\u00e3o em uso h\u00e1 muitos anos e passaram por v\u00e1rias melhorias para aumentar sua efici\u00eancia, durabilidade e desempenho. Elas s\u00e3o classificadas em diferentes tipos com base em seu design, materiais e aplica\u00e7\u00f5es. Esses tipos incluem polias de correia dentada, polias de correia em V, polias HTD e muito mais.<\/p>\n<p>One of the main advantages of toothed belt pulleys is their versatility and compatibility with different types of power transmission systems. They can be used in various applications, including automotive, industrial, farming, and more. Toothed belt pulleys come in different materials, including aluminum, steel, plastic, and others, depending on the application&#8217;s requirements.<\/p>\n<p>Ao instalar, manter ou reparar polias de correia dentada, \u00e9 essencial garantir que as dimens\u00f5es do eixo do eixo do fuso e do eixo do codificador correspondam ao di\u00e2metro do eixo desejado do eixo do fuso e do eixo do codificador. As polias podem ser fixadas usando um encaixe de fixa\u00e7\u00e3o com parafusos de fixa\u00e7\u00e3o 3x M3 ou uma chaveta, dependendo dos requisitos espec\u00edficos.<\/p>\n<ul class=\"list-paddingleft-2\">\n<li>S\u00e3o poss\u00edveis at\u00e9 150 mm de di\u00e2metro externo<\/li>\n<li>O di\u00e2metro interno pode ser fabricado de acordo com seus desejos<\/li>\n<li>Os di\u00e2metros internos s\u00e3o ralados ou virados para fora, para que depois sejam feitos exatamente sob medida<\/li>\n<\/ul>\n<p>A polia de correia dentada descrita aqui \u00e9 feita de PETG e impressa com uma Ultimaker 2+. \u00c9 poss\u00edvel imprimir outras rela\u00e7\u00f5es se as condi\u00e7\u00f5es de espa\u00e7o tornarem isso necess\u00e1rio, e o codificador pode ser ajustado para que a taxa de pulso se ajuste novamente depois. <\/p>\n<h3>Vantagens das polias de correia dentada<\/h3>\n<p>Polias de correia dentada s\u00e3o populares entre engenheiros e fabricantes por causa de suas muitas vantagens. Alguns dos principais benef\u00edcios incluem:<\/p>\n<ul class=\"list-paddingleft-2\">\n<li>Alta efici\u00eancia<\/li>\n<li>Baixa necessidade de manuten\u00e7\u00e3o<\/li>\n<li>Transmiss\u00e3o de pot\u00eancia precisa<\/li>\n<li>Sem deslizamento<\/li>\n<li>Longa vida \u00fatil<\/li>\n<li>Baixo n\u00edvel de ru\u00eddo<\/li>\n<li>Pode ser usado em v\u00e1rias aplica\u00e7\u00f5es<\/li>\n<li>F\u00e1cil de instalar e manter<\/li>\n<\/ul>\n<h3>Outros produtos oferecidos pela nossa empresa<\/h3>\n<p>Al\u00e9m de polias de correia dentada, nossa empresa oferece uma ampla gama de engrenagens pl\u00e1sticas usadas em v\u00e1rias ind\u00fastrias. Nossos produtos incluem caixas de engrenagens agr\u00edcolas, eixos de sa\u00edda de pot\u00eancia, rodas dentadas, acoplamentos de fluido, redutores de engrenagem sem-fim, engrenagens e cremalheiras, correntes destac\u00e1veis, polias e polias, caixas de engrenagens planet\u00e1rias, polias de sincroniza\u00e7\u00e3o, buchas e muito mais. Nossos produtos s\u00e3o de alta qualidade, dispon\u00edveis a pre\u00e7os favor\u00e1veis e v\u00eam com servi\u00e7o atencioso. Damos as boas-vindas aos clientes para virem at\u00e9 n\u00f3s para desenho ou personaliza\u00e7\u00e3o de amostra.<\/p>\n<h2>Perguntas e respostas<\/h2>\n<p><strong>1. O que s\u00e3o polias de correia dentada?<\/strong><\/p>\n<p>Polias de correia dentada s\u00e3o componentes essenciais de sistemas de transmiss\u00e3o de energia usados para transferir pot\u00eancia e movimento entre dois eixos que n\u00e3o est\u00e3o em contato direto um com o outro.<\/p>\n<p><strong>2. Quais s\u00e3o as vantagens das polias de correia dentada?<\/strong><\/p>\n<p>Alguns dos principais benef\u00edcios das polias de correia dentada incluem alta efici\u00eancia, baixa necessidade de manuten\u00e7\u00e3o, transmiss\u00e3o de pot\u00eancia precisa, sem deslizamento, longa vida \u00fatil, baixo n\u00edvel de ru\u00eddo e facilidade de instala\u00e7\u00e3o e manuten\u00e7\u00e3o.<\/p>\n<p><strong>3. De que materiais s\u00e3o feitas as polias de correia dentada?<\/strong><\/p>\n<p>Toothed belt pulleys come in different materials, including aluminum, steel, plastic, and others, depending on the application&#8217;s requirements.<\/p>\n<p><strong>4. As polias de correia dentada podem ser usadas em diversas aplica\u00e7\u00f5es?<\/strong><\/p>\n<p>Sim, polias de correia dentada s\u00e3o vers\u00e1teis e podem ser usadas em diversas aplica\u00e7\u00f5es, incluindo automotiva, industrial, agr\u00edcola e muito mais.<\/p>\n<p><strong>5. Quais outros produtos a empresa oferece?<\/strong><\/p>\n<p>Nossa empresa oferece uma ampla gama de engrenagens pl\u00e1sticas usadas em v\u00e1rios setores, incluindo caixas de engrenagens agr\u00edcolas, eixos de sa\u00edda de pot\u00eancia, rodas dentadas, acoplamentos de fluidos, redutores de engrenagem sem-fim, engrenagens e cremalheiras, correntes destac\u00e1veis, polias e polias, caixas de engrenagens planet\u00e1rias, polias de sincroniza\u00e7\u00e3o, buchas e muito mais.<\/p>","protected":false},"excerpt":{"rendered":"<p>Toothed Belt Pulley: A reliable and versatile power transmission component Toothed belt pulleys are essential components of power transmission systems that are widely used in various industries. They are used to transfer power and motion between two shafts that are not in direct contact with each other. The pulleys consist of a toothed belt and [&hellip;]<\/p>","protected":false},"featured_media":3867,"template":"","meta":{"_et_pb_use_builder":"","_et_pb_old_content":"","_et_gb_content_width":""},"product_brand":[],"product_cat":[11309],"product_tag":[],"class_list":{"0":"post-3868","1":"product","2":"type-product","3":"status-publish","4":"has-post-thumbnail","6":"product_cat-timing-pulley","8":"first","9":"instock","10":"shipping-taxable","11":"product-type-simple"},"_links":{"self":[{"href":"https:\/\/agricultural-gear-boxes.com\/pt\/wp-json\/wp\/v2\/product\/3868","targetHints":{"allow":["GET"]}}],"collection":[{"href":"https:\/\/agricultural-gear-boxes.com\/pt\/wp-json\/wp\/v2\/product"}],"about":[{"href":"https:\/\/agricultural-gear-boxes.com\/pt\/wp-json\/wp\/v2\/types\/product"}],"wp:featuredmedia":[{"embeddable":true,"href":"https:\/\/agricultural-gear-boxes.com\/pt\/wp-json\/wp\/v2\/media\/3867"}],"wp:attachment":[{"href":"https:\/\/agricultural-gear-boxes.com\/pt\/wp-json\/wp\/v2\/media?parent=3868"}],"wp:term":[{"taxonomy":"product_brand","embeddable":true,"href":"https:\/\/agricultural-gear-boxes.com\/pt\/wp-json\/wp\/v2\/product_brand?post=3868"},{"taxonomy":"product_cat","embeddable":true,"href":"https:\/\/agricultural-gear-boxes.com\/pt\/wp-json\/wp\/v2\/product_cat?post=3868"},{"taxonomy":"product_tag","embeddable":true,"href":"https:\/\/agricultural-gear-boxes.com\/pt\/wp-json\/wp\/v2\/product_tag?post=3868"}],"curies":[{"name":"wp","href":"https:\/\/api.w.org\/{rel}","templated":true}]}}