{"id":3870,"date":"2024-08-30T05:22:49","date_gmt":"2024-08-30T05:22:49","guid":{"rendered":"https:\/\/agricultural-gear-boxes.com\/product\/synchronous-pulley\/"},"modified":"2024-08-30T05:22:50","modified_gmt":"2024-08-30T05:22:50","slug":"synchronous-pulley","status":"publish","type":"product","link":"https:\/\/agricultural-gear-boxes.com\/pt\/product\/synchronous-pulley\/","title":{"rendered":"Polia Sincronizada"},"content":{"rendered":"<h2>Polia Sincronizada: A Solu\u00e7\u00e3o Definitiva para as Necessidades de Transmiss\u00e3o de Sua M\u00e1quina<\/h2>\n<p>A polia s\u00edncrona \u00e9 um tipo de polia amplamente usada em v\u00e1rias ind\u00fastrias para transmiss\u00e3o de m\u00e1quinas. \u00c9 um tipo de polia que tem dentes que se encaixam nas ranhuras de uma correia dentada, garantindo que a correia e a polia girem juntas de forma sincronizada. A polia s\u00edncrona \u00e9 comumente usada em fresadoras, modeladores de engrenagens, furadeiras, tornos de motor CNC, fresadoras e outras ocasi\u00f5es de transmiss\u00e3o de m\u00e1quinas.<\/p>\n<h3>Vantagens da polia s\u00edncrona<\/h3>\n<ul>\n<li>A polia s\u00edncrona \u00e9 feita de material de liga de alum\u00ednio de alta qualidade, o que a torna resistente e dur\u00e1vel.<\/li>\n<li>Adota tratamento de oxida\u00e7\u00e3o de superf\u00edcie, tornando-o antiferrugem e anticorros\u00e3o.<\/li>\n<li>A polia s\u00edncrona \u00e9 f\u00e1cil de instalar e manter, o que a torna a escolha ideal para diversas necessidades de transmiss\u00e3o de m\u00e1quinas.<\/li>\n<\/ul>\n<h3>Material da polia s\u00edncrona<\/h3>\n<p>Polias s\u00edncronas podem ser feitas de materiais diferentes, como alum\u00ednio, a\u00e7o ou pl\u00e1stico. O material usado para a polia s\u00edncrona pode variar dependendo da aplica\u00e7\u00e3o espec\u00edfica. Por exemplo, se a polia s\u00edncrona for usada em um ambiente corrosivo, um material resistente \u00e0 corros\u00e3o pode ser usado.<\/p>\n<h3>Instala\u00e7\u00e3o e Manuten\u00e7\u00e3o<\/h3>\n<p>Instalar e manter polias s\u00edncronas \u00e9 relativamente f\u00e1cil. A polia deve ser instalada em um eixo limpo e livre de sujeira ou detritos. Apertar demais a correia pode causar desgaste prematuro da correia e da polia. Portanto, \u00e9 importante tensionar adequadamente a correia para garantir o desempenho ideal e a longevidade da polia s\u00edncrona.<\/p>\n<h3>Substitui\u00e7\u00e3o da polia s\u00edncrona<\/h3>\n<p>If the synchronous pulley needs to be replaced, care should be taken to ensure that the new pulley is compatible with the existing belt. It is important to properly tension the new belt to ensure optimal performance of the synchronous pulley. Additionally, replacing the synchronous pulley may require disassembling other parts of the machinery, so it is important to follow the manufacturer&#8217;s instructions carefully and take appropriate safety measures.<\/p>\n<h3>Sobre nossa empresa<\/h3>\n<p>Nossa empresa \u00e9 especializada no fornecimento de v\u00e1rias engrenagens de pl\u00e1stico usadas na ind\u00fastria, como caixas de engrenagens agr\u00edcolas, eixos de sa\u00edda de pot\u00eancia, rodas dentadas, acoplamentos de fluido, redutores de engrenagem sem-fim, engrenagens e cremalheiras, correntes destac\u00e1veis, polias e polias, caixas de engrenagens planet\u00e1rias, polias de sincroniza\u00e7\u00e3o, buchas e muito mais. Estamos comprometidos em fornecer produtos de alta qualidade, pre\u00e7os favor\u00e1veis e servi\u00e7o atencioso aos nossos clientes. Damos as boas-vindas aos clientes para virem at\u00e9 n\u00f3s para desenho ou personaliza\u00e7\u00e3o de amostra.<\/p>\n<h2>Perguntas e respostas<\/h2>\n<h3>1. O que \u00e9 uma polia s\u00edncrona?<\/h3>\n<p>Uma polia s\u00edncrona \u00e9 um tipo de polia que possui dentes que se encaixam nas ranhuras de uma correia dentada, garantindo que a correia e a polia girem juntas de maneira sincronizada.<\/p>\n<h3>2. Quais s\u00e3o as vantagens da polia s\u00edncrona?<\/h3>\n<p>A polia s\u00edncrona \u00e9 feita de material de liga de alum\u00ednio de alta qualidade, o que a torna resistente e dur\u00e1vel. Ela adota tratamento de oxida\u00e7\u00e3o de superf\u00edcie, tornando-a antiferrugem e anticorros\u00e3o. A polia s\u00edncrona \u00e9 f\u00e1cil de instalar e manter, tornando-a uma escolha ideal para v\u00e1rias necessidades de transmiss\u00e3o de m\u00e1quinas.<\/p>\n<h3>3. Quais materiais podem ser usados para polias s\u00edncronas?<\/h3>\n<p>As polias s\u00edncronas podem ser feitas de diferentes materiais, como alum\u00ednio, a\u00e7o ou pl\u00e1stico.<\/p>\n<h3>4. Como tensionar corretamente a correia para polias sincronizadas?<\/h3>\n<p>Apertar demais a correia pode causar desgaste prematuro da correia e da polia. Portanto, \u00e9 importante tensionar adequadamente a correia para garantir o desempenho ideal e a longevidade da polia s\u00edncrona.<\/p>\n<h3>5. Em quais produtos sua empresa \u00e9 especializada?<\/h3>\n<p>Nossa empresa \u00e9 especializada no fornecimento de diversas engrenagens pl\u00e1sticas usadas na ind\u00fastria, como caixas de engrenagens agr\u00edcolas, eixos de sa\u00edda de pot\u00eancia, rodas dentadas, acoplamentos de fluidos, redutores de engrenagem sem-fim, engrenagens e cremalheiras, correntes destac\u00e1veis, polias e polias, caixas de engrenagens planet\u00e1rias, polias de sincroniza\u00e7\u00e3o, buchas e muito mais.<\/p>","protected":false},"excerpt":{"rendered":"<p>Synchronous Pulley: The Ultimate Solution for Your Machinery Transmission Needs The synchronous pulley is a type of pulley that is widely used in various industries for machinery transmission. It is a type of pulley that has teeth that fit into the grooves of a toothed belt, ensuring that the belt and the pulley rotate together [&hellip;]<\/p>","protected":false},"featured_media":3869,"template":"","meta":{"_et_pb_use_builder":"","_et_pb_old_content":"","_et_gb_content_width":""},"product_brand":[],"product_cat":[11309],"product_tag":[],"class_list":{"0":"post-3870","1":"product","2":"type-product","3":"status-publish","4":"has-post-thumbnail","6":"product_cat-timing-pulley","8":"first","9":"instock","10":"shipping-taxable","11":"product-type-simple"},"_links":{"self":[{"href":"https:\/\/agricultural-gear-boxes.com\/pt\/wp-json\/wp\/v2\/product\/3870","targetHints":{"allow":["GET"]}}],"collection":[{"href":"https:\/\/agricultural-gear-boxes.com\/pt\/wp-json\/wp\/v2\/product"}],"about":[{"href":"https:\/\/agricultural-gear-boxes.com\/pt\/wp-json\/wp\/v2\/types\/product"}],"wp:featuredmedia":[{"embeddable":true,"href":"https:\/\/agricultural-gear-boxes.com\/pt\/wp-json\/wp\/v2\/media\/3869"}],"wp:attachment":[{"href":"https:\/\/agricultural-gear-boxes.com\/pt\/wp-json\/wp\/v2\/media?parent=3870"}],"wp:term":[{"taxonomy":"product_brand","embeddable":true,"href":"https:\/\/agricultural-gear-boxes.com\/pt\/wp-json\/wp\/v2\/product_brand?post=3870"},{"taxonomy":"product_cat","embeddable":true,"href":"https:\/\/agricultural-gear-boxes.com\/pt\/wp-json\/wp\/v2\/product_cat?post=3870"},{"taxonomy":"product_tag","embeddable":true,"href":"https:\/\/agricultural-gear-boxes.com\/pt\/wp-json\/wp\/v2\/product_tag?post=3870"}],"curies":[{"name":"wp","href":"https:\/\/api.w.org\/{rel}","templated":true}]}}