{"id":3888,"date":"2024-08-30T05:23:04","date_gmt":"2024-08-30T05:23:04","guid":{"rendered":"https:\/\/agricultural-gear-boxes.com\/product\/cog-belt-pulley\/"},"modified":"2024-08-30T05:23:05","modified_gmt":"2024-08-30T05:23:05","slug":"cog-belt-pulley","status":"publish","type":"product","link":"https:\/\/agricultural-gear-boxes.com\/pt\/product\/cog-belt-pulley\/","title":{"rendered":"Polia da correia dentada"},"content":{"rendered":"<h2>Polia de correia dentada: uma solu\u00e7\u00e3o de transmiss\u00e3o de energia confi\u00e1vel e eficiente<\/h2>\n<p>Uma polia de correia dentada \u00e9 um componente mec\u00e2nico usado para transferir pot\u00eancia de um componente para outro. Ela proporciona um acionamento positivo atrav\u00e9s do engate dos dentes moldados na correia, com ranhuras precisamente espa\u00e7adas na polia. A a\u00e7\u00e3o dos dentes da correia entrando e saindo das ranhuras da polia \u00e9 positiva, mais suave e silenciosa do que outros tipos de acionamento.<\/p>\n<h3>Vantagens de usar polias de correia dentada<\/h3>\n<ul>\n<li>Transmiss\u00e3o de energia eficiente: polias de correia dentada fornecem um sistema de transmiss\u00e3o de energia altamente eficiente, garantindo que a energia seja transferida efetivamente de um componente para outro.<\/li>\n<li>Baixo ru\u00eddo: polias de correia dentada operam mais silenciosamente do que outros tipos de acionamentos, tornando-as ideais para aplica\u00e7\u00f5es sens\u00edveis a ru\u00eddo.<\/li>\n<li>Opera\u00e7\u00e3o suave: O sistema de acionamento positivo garante uma opera\u00e7\u00e3o mais suave, reduzindo o desgaste dos componentes e aumentando sua vida \u00fatil.<\/li>\n<li>Versatilidade: As polias de correia dentada podem ser fabricadas a partir de uma variedade de materiais, como a\u00e7o e ligas de alum\u00ednio, ferro fundido e a\u00e7o inoxid\u00e1vel, tornando-as ideais para uma ampla gama de aplica\u00e7\u00f5es.<\/li>\n<\/ul>\n<h3>Instala\u00e7\u00e3o, Manuten\u00e7\u00e3o e Reparo<\/h3>\n<p>Polias dentadas s\u00e3o uma solu\u00e7\u00e3o de transmiss\u00e3o de energia confi\u00e1vel e de baixa manuten\u00e7\u00e3o. S\u00e3o f\u00e1ceis de instalar e as verifica\u00e7\u00f5es de manuten\u00e7\u00e3o regulares podem garantir seu funcionamento cont\u00ednuo e sem problemas. Em caso de pane, no entanto, podem ser facilmente reparadas, minimizando o tempo de inatividade e reduzindo os custos de manuten\u00e7\u00e3o. Ao substituir uma polia dentada, \u00e9 essencial selecionar um produto de alta qualidade de um fornecedor confi\u00e1vel para garantir a m\u00e1xima efici\u00eancia e durabilidade.<\/p>\n<h3>Outros produtos da empresa<\/h3>\n<p>Al\u00e9m de polias para correias dentadas, nossa empresa fornece diversas engrenagens pl\u00e1sticas utilizadas na ind\u00fastria, como caixas de engrenagens agr\u00edcolas, eixos de sa\u00edda de pot\u00eancia, rodas dentadas, acoplamentos hidr\u00e1ulicos, redutores de engrenagem helicoidal, engrenagens e cremalheiras, correntes destac\u00e1veis, polias e polias, caixas de engrenagens planet\u00e1rias, polias sincronizadoras, buchas e muito mais. Nossos produtos s\u00e3o de alta qualidade e est\u00e3o dispon\u00edveis a pre\u00e7os competitivos. Oferecemos um servi\u00e7o atencioso e convidamos os clientes a nos procurarem para desenhos ou amostras personalizadas.<\/p>\n<h2>Perguntas e respostas<\/h2>\n<h3>1. O que \u00e9 uma polia de correia dentada?<\/h3>\n<p>Uma polia de correia dentada \u00e9 um componente mec\u00e2nico usado para transferir pot\u00eancia de um componente para outro. Ela proporciona um acionamento positivo atrav\u00e9s do engate dos dentes moldados na correia, com ranhuras precisamente espa\u00e7adas na polia.<\/p>\n<h3>2. Quais s\u00e3o as vantagens de usar polias de correia dentada?<\/h3>\n<p>As polias dentadas proporcionam um sistema de transmiss\u00e3o de pot\u00eancia altamente eficiente, operam de forma mais silenciosa do que outros tipos de acionamento e garantem uma opera\u00e7\u00e3o mais suave, reduzindo o desgaste dos componentes e aumentando sua vida \u00fatil. Al\u00e9m disso, as polias dentadas podem ser fabricadas em diversos materiais, tornando-as ideais para uma ampla gama de aplica\u00e7\u00f5es.<\/p>\n<h3>3. Como voc\u00ea instala, faz a manuten\u00e7\u00e3o e repara polias de correia dentada?<\/h3>\n<p>Polias dentadas s\u00e3o uma solu\u00e7\u00e3o de transmiss\u00e3o de energia confi\u00e1vel e de baixa manuten\u00e7\u00e3o. S\u00e3o f\u00e1ceis de instalar e as verifica\u00e7\u00f5es de manuten\u00e7\u00e3o regulares podem garantir seu funcionamento cont\u00ednuo e sem problemas. Em caso de pane, no entanto, podem ser facilmente reparadas, minimizando o tempo de inatividade e reduzindo os custos de manuten\u00e7\u00e3o. Ao substituir uma polia dentada, \u00e9 essencial selecionar um produto de alta qualidade de um fornecedor confi\u00e1vel para garantir a m\u00e1xima efici\u00eancia e durabilidade.<\/p>\n<h3>4. Quais outros produtos sua empresa fornece?<\/h3>\n<p>Al\u00e9m de polias para correias dentadas, nossa empresa fornece diversas engrenagens pl\u00e1sticas usadas na ind\u00fastria, como caixas de engrenagens agr\u00edcolas, eixos de sa\u00edda de pot\u00eancia, rodas dentadas, acoplamentos de fluidos, redutores de engrenagem helicoidal, engrenagens e cremalheiras, correntes destac\u00e1veis, polias e polias, caixas de engrenagens planet\u00e1rias, polias de sincroniza\u00e7\u00e3o, buchas e muito mais.<\/p>\n<h3>5. Sua empresa oferece produtos personalizados?<\/h3>\n<p>Sim, oferecemos um servi\u00e7o atencioso e convidamos os clientes a virem at\u00e9 n\u00f3s para personaliza\u00e7\u00e3o de desenhos ou amostras.<\/p>","protected":false},"excerpt":{"rendered":"<p>Cog Belt Pulley: A Reliable and Efficient Power Transmission Solution A cog belt pulley is a mechanical component that is used to transfer power from one component to another. It provides a positive drive through the engagement of the molded teeth in the belt with accurately spaced grooves on the pulley. The action of the [&hellip;]<\/p>","protected":false},"featured_media":3887,"template":"","meta":{"_et_pb_use_builder":"","_et_pb_old_content":"","_et_gb_content_width":""},"product_brand":[],"product_cat":[11309],"product_tag":[],"class_list":{"0":"post-3888","1":"product","2":"type-product","3":"status-publish","4":"has-post-thumbnail","6":"product_cat-timing-pulley","8":"first","9":"instock","10":"shipping-taxable","11":"product-type-simple"},"_links":{"self":[{"href":"https:\/\/agricultural-gear-boxes.com\/pt\/wp-json\/wp\/v2\/product\/3888","targetHints":{"allow":["GET"]}}],"collection":[{"href":"https:\/\/agricultural-gear-boxes.com\/pt\/wp-json\/wp\/v2\/product"}],"about":[{"href":"https:\/\/agricultural-gear-boxes.com\/pt\/wp-json\/wp\/v2\/types\/product"}],"wp:featuredmedia":[{"embeddable":true,"href":"https:\/\/agricultural-gear-boxes.com\/pt\/wp-json\/wp\/v2\/media\/3887"}],"wp:attachment":[{"href":"https:\/\/agricultural-gear-boxes.com\/pt\/wp-json\/wp\/v2\/media?parent=3888"}],"wp:term":[{"taxonomy":"product_brand","embeddable":true,"href":"https:\/\/agricultural-gear-boxes.com\/pt\/wp-json\/wp\/v2\/product_brand?post=3888"},{"taxonomy":"product_cat","embeddable":true,"href":"https:\/\/agricultural-gear-boxes.com\/pt\/wp-json\/wp\/v2\/product_cat?post=3888"},{"taxonomy":"product_tag","embeddable":true,"href":"https:\/\/agricultural-gear-boxes.com\/pt\/wp-json\/wp\/v2\/product_tag?post=3888"}],"curies":[{"name":"wp","href":"https:\/\/api.w.org\/{rel}","templated":true}]}}