{"id":3913,"date":"2024-08-30T05:33:00","date_gmt":"2024-08-30T05:33:00","guid":{"rendered":"https:\/\/agricultural-gear-boxes.com\/product\/adjustable-pulleys\/"},"modified":"2024-08-30T05:33:00","modified_gmt":"2024-08-30T05:33:00","slug":"adjustable-pulleys","status":"publish","type":"product","link":"https:\/\/agricultural-gear-boxes.com\/pt\/product\/adjustable-pulleys\/","title":{"rendered":"Polias ajust\u00e1veis"},"content":{"rendered":"<h2>Polias ajust\u00e1veis: uma solu\u00e7\u00e3o vers\u00e1til para mudan\u00e7as de velocidade pouco frequentes<\/h2>\n<p>Adjustable pulleys, also known as &#8220;variable speed pulleys,&#8221; are a type of pulley system capable of wide speed variation. They are a versatile solution for applications where the speed change is infrequent and where variable speed is required. These pulleys are fitted with Taper-bushing for ease of installation and dismantling.<\/p>\n<h3>Polias Uni-Drive UD: Uma constru\u00e7\u00e3o \u00fanica<\/h3>\n<p>As polias Uni-Drive UD t\u00eam uma constru\u00e7\u00e3o \u00fanica que as diferencia de outras polias ajust\u00e1veis. Como a polia \u00e9 ajustada no di\u00e2metro do passo, a correia n\u00e3o permanece alinhada, criando um leve \u00e2ngulo no qual as correias Vee Uni-drive operam. Apesar da posi\u00e7\u00e3o n\u00e3o linear da correia, esse leve \u00e2ngulo n\u00e3o encurta significativamente a vida \u00fatil da correia nem diminui a efici\u00eancia do acionamento. No entanto, \u00e9 necess\u00e1rio um alinhamento cuidadoso, com os eixos de acionamento e acionamento paralelos. No caso de uma \u00fanica ranhura, uma correia Vee Uni-drive deve correr em \u00e2ngulos retos em rela\u00e7\u00e3o aos eixos com a polia Uni-Drive UD ajustada para fornecer uma posi\u00e7\u00e3o m\u00e9dia da correia. Um acionamento usando duas correias deve ser ajustado de modo que a linha central da ranhura dupla Uni-drive UD e da polia correspondente estejam diretamente alinhadas.<\/p>\n<h3>Vantagens das polias ajust\u00e1veis<\/h3>\n<p>Polias ajust\u00e1veis t\u00eam v\u00e1rias vantagens sobre polias fixas. Elas podem ser ajustadas para acomodar mudan\u00e7as na velocidade da polia acionada, sem exigir que a correia seja substitu\u00edda. Isso as torna uma solu\u00e7\u00e3o econ\u00f4mica para aplica\u00e7\u00f5es onde velocidade vari\u00e1vel \u00e9 necess\u00e1ria. Elas tamb\u00e9m s\u00e3o f\u00e1ceis de instalar e desmontar, gra\u00e7as \u00e0 bucha c\u00f4nica. Al\u00e9m disso, o leve \u00e2ngulo em que as correias Vee Uni-drive operam n\u00e3o encurta significativamente a vida \u00fatil da correia nem diminui a efici\u00eancia do acionamento.<\/p>\n<h3>Instala\u00e7\u00e3o, Manuten\u00e7\u00e3o e Reparo<\/h3>\n<p>Para garantir o desempenho ideal, as polias ajust\u00e1veis devem ser cuidadosamente alinhadas, com os eixos de acionamento e acionamento paralelos. No caso de uma \u00fanica ranhura, uma correia em V Uni-drive deve correr em \u00e2ngulos retos em rela\u00e7\u00e3o aos eixos com a polia Uni-Drive UD ajustada para dar uma posi\u00e7\u00e3o m\u00e9dia da correia. Uma transmiss\u00e3o usando duas correias deve ser ajustada de modo que a linha central da ranhura dupla Uni-drive UD e da polia correspondente estejam diretamente alinhadas. A manuten\u00e7\u00e3o regular \u00e9 essencial para garantir a longevidade e o funcionamento adequado das polias. Isso inclui limpeza, lubrifica\u00e7\u00e3o e inspe\u00e7\u00e3o regulares do sistema de polias. Se forem necess\u00e1rios reparos, \u00e9 importante usar pe\u00e7as de reposi\u00e7\u00e3o genu\u00ednas para manter a qualidade e o desempenho das polias.<\/p>\n<h3>Material e Classifica\u00e7\u00e3o<\/h3>\n<p>Polias ajust\u00e1veis podem ser feitas de uma variedade de materiais, incluindo a\u00e7o, alum\u00ednio e pl\u00e1stico. Elas podem ser classificadas de acordo com o tipo de polia, como polias fixas, polias m\u00f3veis e polias compostas. Polias ajust\u00e1veis se enquadram na categoria de polias de velocidade vari\u00e1vel, que permitem mudan\u00e7as na velocidade da polia acionada.<\/p>\n<h3>Outros produtos da nossa empresa<\/h3>\n<p>Al\u00e9m de polias ajust\u00e1veis, nossa empresa fornece v\u00e1rias engrenagens de pl\u00e1stico usadas na ind\u00fastria, como caixas de engrenagens agr\u00edcolas, eixos de sa\u00edda de pot\u00eancia, rodas dentadas, acoplamentos de fluido, redutores de engrenagem sem-fim, engrenagens e cremalheiras, correntes destac\u00e1veis, polias e polias, caixas de engrenagens planet\u00e1rias, polias de sincroniza\u00e7\u00e3o, buchas e muito mais. Temos orgulho em fornecer produtos de alta qualidade a pre\u00e7os favor\u00e1veis, juntamente com um servi\u00e7o atencioso. Damos as boas-vindas aos clientes para virem at\u00e9 n\u00f3s para desenho ou personaliza\u00e7\u00e3o de amostra para atender \u00e0s suas necessidades espec\u00edficas.<\/p>\n<h2>Perguntas e respostas:<\/h2>\n<h3>P: O que s\u00e3o polias ajust\u00e1veis?<\/h3>\n<p>A: Adjustable pulleys, also known as &#8220;variable speed pulleys,&#8221; are a type of pulley system capable of wide speed variation. They are a versatile solution for applications where the speed change is infrequent and where variable speed is required.<\/p>\n<h3>P: Como instalo polias ajust\u00e1veis?<\/h3>\n<p>A: Para garantir o desempenho ideal, as polias ajust\u00e1veis devem ser cuidadosamente alinhadas, com os eixos de acionamento e acionamento paralelos. No caso de uma \u00fanica ranhura, uma correia em V Uni-drive deve correr em \u00e2ngulos retos em rela\u00e7\u00e3o aos eixos com a polia Uni-Drive UD ajustada para dar uma posi\u00e7\u00e3o m\u00e9dia da correia. Uma transmiss\u00e3o usando duas correias deve ser ajustada de modo que a linha central da Uni-drive UD de ranhura dupla e da polia correspondente estejam diretamente alinhadas.<\/p>\n<h3>P: De quais materiais as polias ajust\u00e1veis podem ser feitas?<\/h3>\n<p>R: As polias ajust\u00e1veis podem ser feitas de v\u00e1rios materiais, incluindo a\u00e7o, alum\u00ednio e pl\u00e1stico.<\/p>\n<h3>P: Quais s\u00e3o as vantagens das polias ajust\u00e1veis?<\/h3>\n<p>R: Polias ajust\u00e1veis t\u00eam v\u00e1rias vantagens sobre polias fixas. Elas podem ser ajustadas para acomodar mudan\u00e7as na velocidade da polia acionada, sem exigir que a correia seja substitu\u00edda. Isso as torna uma solu\u00e7\u00e3o econ\u00f4mica para aplica\u00e7\u00f5es onde velocidade vari\u00e1vel \u00e9 necess\u00e1ria. Elas tamb\u00e9m s\u00e3o f\u00e1ceis de instalar e desmontar, gra\u00e7as \u00e0 bucha c\u00f4nica.<\/p>\n<h3>P: Como fa\u00e7o a manuten\u00e7\u00e3o de polias ajust\u00e1veis?<\/h3>\n<p>R: A manuten\u00e7\u00e3o regular \u00e9 essencial para garantir a longevidade e a fun\u00e7\u00e3o adequada das polias. Isso inclui limpeza regular, lubrifica\u00e7\u00e3o e inspe\u00e7\u00e3o do sistema de polias.<\/p>\n<h3>P: Quais outros produtos sua empresa fornece?<\/h3>\n<p>R: Al\u00e9m de polias ajust\u00e1veis, nossa empresa fornece diversas engrenagens pl\u00e1sticas usadas na ind\u00fastria, como caixas de engrenagens agr\u00edcolas, eixos de sa\u00edda de pot\u00eancia, rodas dentadas, acoplamentos de fluido, redutores de engrenagem sem-fim, engrenagens e cremalheiras, correntes destac\u00e1veis, polias e polias, caixas de engrenagens planet\u00e1rias, polias de sincroniza\u00e7\u00e3o, buchas e muito mais.<\/p>","protected":false},"excerpt":{"rendered":"<p>Adjustable Pulleys: A Versatile Solution for Infrequent Speed Changes Adjustable pulleys, also known as &#8220;variable speed pulleys,&#8221; are a type of pulley system capable of wide speed variation. They are a versatile solution for applications where the speed change is infrequent and where variable speed is required. These pulleys are fitted with Taper-bushing for ease [&hellip;]<\/p>","protected":false},"featured_media":3912,"template":"","meta":{"_et_pb_use_builder":"","_et_pb_old_content":"","_et_gb_content_width":""},"product_brand":[],"product_cat":[11310],"product_tag":[],"class_list":{"0":"post-3913","1":"product","2":"type-product","3":"status-publish","4":"has-post-thumbnail","6":"product_cat-v-pulley","8":"first","9":"instock","10":"shipping-taxable","11":"product-type-simple"},"_links":{"self":[{"href":"https:\/\/agricultural-gear-boxes.com\/pt\/wp-json\/wp\/v2\/product\/3913","targetHints":{"allow":["GET"]}}],"collection":[{"href":"https:\/\/agricultural-gear-boxes.com\/pt\/wp-json\/wp\/v2\/product"}],"about":[{"href":"https:\/\/agricultural-gear-boxes.com\/pt\/wp-json\/wp\/v2\/types\/product"}],"wp:featuredmedia":[{"embeddable":true,"href":"https:\/\/agricultural-gear-boxes.com\/pt\/wp-json\/wp\/v2\/media\/3912"}],"wp:attachment":[{"href":"https:\/\/agricultural-gear-boxes.com\/pt\/wp-json\/wp\/v2\/media?parent=3913"}],"wp:term":[{"taxonomy":"product_brand","embeddable":true,"href":"https:\/\/agricultural-gear-boxes.com\/pt\/wp-json\/wp\/v2\/product_brand?post=3913"},{"taxonomy":"product_cat","embeddable":true,"href":"https:\/\/agricultural-gear-boxes.com\/pt\/wp-json\/wp\/v2\/product_cat?post=3913"},{"taxonomy":"product_tag","embeddable":true,"href":"https:\/\/agricultural-gear-boxes.com\/pt\/wp-json\/wp\/v2\/product_tag?post=3913"}],"curies":[{"name":"wp","href":"https:\/\/api.w.org\/{rel}","templated":true}]}}