{"id":3927,"date":"2024-08-30T05:33:12","date_gmt":"2024-08-30T05:33:12","guid":{"rendered":"https:\/\/agricultural-gear-boxes.com\/product\/v-belt-pulleys-with-solid-hub-2\/"},"modified":"2024-08-30T05:33:12","modified_gmt":"2024-08-30T05:33:12","slug":"v-belt-pulleys-with-solid-hub-2","status":"publish","type":"product","link":"https:\/\/agricultural-gear-boxes.com\/pt\/product\/v-belt-pulleys-with-solid-hub-2\/","title":{"rendered":"Polias de correia em V com cubo s\u00f3lido"},"content":{"rendered":"<h2>Polias de correia em V com cubo s\u00f3lido \u2013 A solu\u00e7\u00e3o vers\u00e1til de transmiss\u00e3o de pot\u00eancia<\/h2>\n<p>Se voc\u00ea precisa de uma maneira confi\u00e1vel e eficiente de transmitir pot\u00eancia entre eixos, n\u00e3o procure mais do que Polias de Correia em V com Cubo S\u00f3lido. Esses dispositivos, tamb\u00e9m conhecidos como Polias de Correia em V, s\u00e3o um componente essencial em v\u00e1rios setores, desde autom\u00f3veis at\u00e9 opera\u00e7\u00f5es de guindastes e elevadores e sistemas de transporte.<\/p>\n<h3>O que s\u00e3o polias de correia em V com cubo s\u00f3lido? <\/h3>\n<p>Essas polias s\u00e3o projetadas para trabalhar com correias em V, que s\u00e3o correias especialmente projetadas com uma se\u00e7\u00e3o transversal trapezoidal. Quando instaladas corretamente, as correias em V podem transferir pot\u00eancia de forma eficiente entre os eixos, mesmo quando est\u00e3o distantes. As correias em V s\u00e3o conhecidas por sua flexibilidade, durabilidade e resist\u00eancia ao desgaste, tornando-as ideais para tarefas que exigem alto torque e velocidade, como transmiss\u00e3o de m\u00e1quinas.<\/p>\n<p>As polias de correia em V com cubo s\u00f3lido s\u00e3o feitas de materiais de alta qualidade, como ferro fundido ou a\u00e7o, e s\u00e3o projetadas para durar anos sem precisar de reparos ou substitui\u00e7\u00e3o. Elas v\u00eam em v\u00e1rios formatos e tamanhos, incluindo polias de ranhura simples e dupla e polias de ranhura em V, para acomodar diferentes tamanhos de correia em V e requisitos de carga. <\/p>\n<h3>Vantagens das polias de correia em V com cubo s\u00f3lido<\/h3>\n<ul>\n<li>Altamente dur\u00e1vel e resistente ao desgaste<\/li>\n<li>Flex\u00edvel e adapt\u00e1vel a diferentes requisitos de carga<\/li>\n<li>F\u00e1cil de instalar e manter<\/li>\n<li>Resistente \u00e0 corros\u00e3o, garantindo confiabilidade a longo prazo<\/li>\n<li>Dimensionalmente preciso, garantindo desempenho consistente<\/li>\n<\/ul>\n<h3>Como instalar e manter polias de correia em V com cubo s\u00f3lido<\/h3>\n<p>Instalar e manter polias de correia em V com cubo s\u00f3lido \u00e9 relativamente simples, mas requer aten\u00e7\u00e3o aos detalhes e alinhamento adequado para garantir o desempenho ideal. Aqui est\u00e3o algumas etapas a serem seguidas:<\/p>\n<ol>\n<li>Escolha o tamanho e o tipo corretos de polia de acordo com o tamanho da correia em V e os requisitos de carga.<\/li>\n<li>Inspecione a polia regularmente em busca de sinais de desgaste e danos, como rachaduras, ferrugem ou desalinhamento.<\/li>\n<li>Garanta o alinhamento adequado entre a polia e a correia em V para evitar deslizamento e desgaste prematuro.<\/li>\n<li>Lubrifique a polia e a correia em V regularmente para reduzir o atrito e o desgaste.<\/li>\n<li>Substitua a polia ou a correia em V quando apresentarem sinais de desgaste ou danos para evitar falhas catastr\u00f3ficas.<\/li>\n<\/ol>\n<h3>Outros produtos da nossa empresa<\/h3>\n<p>Al\u00e9m de polias de correia em V com cubo s\u00f3lido, nossa empresa tamb\u00e9m fornece v\u00e1rias engrenagens de pl\u00e1stico usadas na ind\u00fastria, como caixas de engrenagens agr\u00edcolas, eixos de sa\u00edda de pot\u00eancia, rodas dentadas, acoplamentos de fluido, redutores de engrenagem sem-fim, engrenagens e cremalheiras, correntes destac\u00e1veis, polias e polias, caixas de engrenagens planet\u00e1rias, polias de sincroniza\u00e7\u00e3o, buchas e muito mais. Temos orgulho em entregar produtos de alta qualidade a pre\u00e7os favor\u00e1veis, apoiados por um servi\u00e7o atencioso. Damos as boas-vindas aos clientes para virem at\u00e9 n\u00f3s para desenho ou personaliza\u00e7\u00e3o de amostra para atender \u00e0s suas necessidades espec\u00edficas.<\/p>\n<h2>5 perguntas e respostas sobre polias de correia em V com cubo s\u00f3lido<\/h2>\n<h3>1. O que s\u00e3o polias de correia em V com cubo s\u00f3lido?<\/h3>\n<p>Polias de Correia em V com Cubo S\u00f3lido s\u00e3o dispositivos que trabalham com correias em V para transferir pot\u00eancia entre eixos. Elas s\u00e3o altamente dur\u00e1veis, flex\u00edveis e f\u00e1ceis de instalar e manter, tornando-as ideais para v\u00e1rias ind\u00fastrias.<\/p>\n<h3>2. Quais s\u00e3o as vantagens das polias de correia em V com cubo s\u00f3lido?<\/h3>\n<p>Algumas vantagens das polias de correia em V com cubo s\u00f3lido incluem alta durabilidade, resist\u00eancia ao desgaste, flexibilidade, adaptabilidade a diferentes requisitos de carga, resist\u00eancia \u00e0 corros\u00e3o e precis\u00e3o dimensional.<\/p>\n<h3>3. Como fa\u00e7o para instalar e manter polias de correia em V com cubo s\u00f3lido?<\/h3>\n<p>A instala\u00e7\u00e3o e manuten\u00e7\u00e3o de polias de correia em V com cubo s\u00f3lido requer alinhamento adequado, inspe\u00e7\u00e3o regular, lubrifica\u00e7\u00e3o e substitui\u00e7\u00e3o de componentes desgastados ou danificados.<\/p>\n<h3>4. Quais s\u00e3o os cen\u00e1rios de uso comuns de polias de correia em V com cubo s\u00f3lido?<\/h3>\n<p>Polias de correia em V com cubo s\u00f3lido s\u00e3o comumente usadas em v\u00e1rios setores, como autom\u00f3veis, opera\u00e7\u00f5es de guindastes e elevadores e sistemas de transporte, onde a transmiss\u00e3o de energia eficiente \u00e9 essencial.<\/p>\n<h3>5. Que outros produtos sua empresa oferece?<\/h3>\n<p>Al\u00e9m de polias de correia em V com cubo s\u00f3lido, nossa empresa tamb\u00e9m fornece diversas engrenagens de pl\u00e1stico usadas na ind\u00fastria, como caixas de engrenagens agr\u00edcolas, eixos de sa\u00edda de pot\u00eancia, rodas dentadas, acoplamentos de fluido, redutores de engrenagem sem-fim, engrenagens e cremalheiras, correntes destac\u00e1veis, polias e polias, caixas de engrenagens planet\u00e1rias, polias de sincroniza\u00e7\u00e3o, buchas e muito mais.<\/p>","protected":false},"excerpt":{"rendered":"<p>V-Belt Pulleys With Solid Hub &#8211; The Versatile Power Transmission Solution If you need a reliable and efficient way to transmit power between axles, look no further than V-Belt Pulleys with Solid Hub. These devices, also known as Vee Belt Sheaves, are an essential component in various industries, from automobile to crane and lift operations [&hellip;]<\/p>","protected":false},"featured_media":3926,"template":"","meta":{"_et_pb_use_builder":"","_et_pb_old_content":"","_et_gb_content_width":""},"product_brand":[],"product_cat":[11310],"product_tag":[],"class_list":{"0":"post-3927","1":"product","2":"type-product","3":"status-publish","4":"has-post-thumbnail","6":"product_cat-v-pulley","8":"first","9":"instock","10":"shipping-taxable","11":"product-type-simple"},"_links":{"self":[{"href":"https:\/\/agricultural-gear-boxes.com\/pt\/wp-json\/wp\/v2\/product\/3927","targetHints":{"allow":["GET"]}}],"collection":[{"href":"https:\/\/agricultural-gear-boxes.com\/pt\/wp-json\/wp\/v2\/product"}],"about":[{"href":"https:\/\/agricultural-gear-boxes.com\/pt\/wp-json\/wp\/v2\/types\/product"}],"wp:featuredmedia":[{"embeddable":true,"href":"https:\/\/agricultural-gear-boxes.com\/pt\/wp-json\/wp\/v2\/media\/3926"}],"wp:attachment":[{"href":"https:\/\/agricultural-gear-boxes.com\/pt\/wp-json\/wp\/v2\/media?parent=3927"}],"wp:term":[{"taxonomy":"product_brand","embeddable":true,"href":"https:\/\/agricultural-gear-boxes.com\/pt\/wp-json\/wp\/v2\/product_brand?post=3927"},{"taxonomy":"product_cat","embeddable":true,"href":"https:\/\/agricultural-gear-boxes.com\/pt\/wp-json\/wp\/v2\/product_cat?post=3927"},{"taxonomy":"product_tag","embeddable":true,"href":"https:\/\/agricultural-gear-boxes.com\/pt\/wp-json\/wp\/v2\/product_tag?post=3927"}],"curies":[{"name":"wp","href":"https:\/\/api.w.org\/{rel}","templated":true}]}}