{"id":3929,"date":"2024-08-30T05:33:13","date_gmt":"2024-08-30T05:33:13","guid":{"rendered":"https:\/\/agricultural-gear-boxes.com\/product\/spa-pulley\/"},"modified":"2024-08-30T05:33:13","modified_gmt":"2024-08-30T05:33:13","slug":"spa-pulley","status":"publish","type":"product","link":"https:\/\/agricultural-gear-boxes.com\/pt\/product\/spa-pulley\/","title":{"rendered":"Polia de spa"},"content":{"rendered":"<h2>Polia Spa: Ideal para correias de cunha e correias em V cl\u00e1ssicas<\/h2>\n<div>\nUma polia Spa \u00e9 um dispositivo mec\u00e2nico que permite que torque, pot\u00eancia mec\u00e2nica e velocidade sejam transmitidos atrav\u00e9s de eixos de acoplamento. As polias s\u00e3o fabricadas em ferro fundido grau GG25 com acabamento fosfatado para prote\u00e7\u00e3o e s\u00e3o fornecidas prontas para usinar para aceitar uma bucha c\u00f4nica.\n<\/div>\n<h3>Cen\u00e1rios de uso comum de polia de spa<\/h3>\n<ul>\n<li>As polias Spa s\u00e3o comumente usadas em uma ampla gama de aplica\u00e7\u00f5es industriais. Essas polias s\u00e3o adequadas tanto para correias de cunha quanto para correias em V cl\u00e1ssicas, proporcionando aumento ou diminui\u00e7\u00e3o da velocidade mec\u00e2nica se as polias forem de di\u00e2metros diferentes.<\/li>\n<li>A polia do spa vem com um furo piloto que pode ser perfurado e ajustado de acordo com suas necessidades para f\u00e1cil instala\u00e7\u00e3o.<\/li>\n<li>Se voc\u00ea est\u00e1 procurando uma polia confi\u00e1vel e dur\u00e1vel que possa ser facilmente instalada, a polia Spa \u00e9 uma excelente escolha.<\/li>\n<\/ul>\n<h3>Vantagens da polia Spa<\/h3>\n<ul>\n<li>A polia do spa \u00e9 feita de ferro fundido grau GG25 com acabamento fosfatado, o que a torna resistente ao desgaste e garante durabilidade a longo prazo.<\/li>\n<li>A polia \u00e9 fornecida pr\u00e9-usinada e pronta para aceitar uma bucha c\u00f4nica, simplificando o processo de instala\u00e7\u00e3o.<\/li>\n<li>As polias Spa s\u00e3o vers\u00e1teis e podem ser usadas com correias em cunha e correias em V cl\u00e1ssicas, proporcionando flexibilidade para us\u00e1-las em uma ampla variedade de aplica\u00e7\u00f5es.<\/li>\n<\/ul>\n<h3>Instala\u00e7\u00e3o, Manuten\u00e7\u00e3o, Reparo e Substitui\u00e7\u00e3o de Polia de Spa<\/h3>\n<ul>\n<li>Instala\u00e7\u00e3o: A polia do spa vem com um furo piloto que pode ser perfurado e chaveado de acordo com suas necessidades. O processo de instala\u00e7\u00e3o \u00e9 simples e direto.<\/li>\n<li>Manuten\u00e7\u00e3o: Para manter a polia do spa em boas condi\u00e7\u00f5es de funcionamento, \u00e9 recomend\u00e1vel inspecion\u00e1-la regularmente para detectar sinais de desgaste e limp\u00e1-la periodicamente para evitar o ac\u00famulo de sujeira e detritos.<\/li>\n<li>Reparo: Em caso de danos na Polia do Spa, \u00e9 recomend\u00e1vel procurar o aux\u00edlio de um t\u00e9cnico qualificado para garantir que o reparo seja realizado de forma correta e segura.<\/li>\n<li>Substitui\u00e7\u00e3o: Se a polia do spa precisar ser substitu\u00edda, \u00e9 importante garantir que a substitui\u00e7\u00e3o seja do mesmo tamanho e formato da polia original para garantir a compatibilidade.<\/li>\n<\/ul>\n<h3>Outros produtos que oferecemos<\/h3>\n<div>\nOferecemos uma ampla gama de produtos de engrenagens pl\u00e1sticas de alta qualidade para v\u00e1rias aplica\u00e7\u00f5es industriais. Nossa gama de produtos inclui caixas de engrenagens agr\u00edcolas, eixos de sa\u00edda de pot\u00eancia, rodas dentadas, acoplamentos de fluido, redutores de engrenagem sem-fim, engrenagens e cremalheiras, correntes destac\u00e1veis, polias e polias, caixas de engrenagens planet\u00e1rias, polias de sincroniza\u00e7\u00e3o, buchas e muito mais. Estamos comprometidos em fornecer aos nossos clientes produtos de alta qualidade, pre\u00e7os favor\u00e1veis e servi\u00e7o atencioso. Damos as boas-vindas aos clientes para entrar em contato conosco para personaliza\u00e7\u00e3o de desenho ou amostra.\n<\/div>\n<h2>Perguntas e respostas<\/h2>\n<h3>Q1. O que \u00e9 uma polia de spa?<\/h3>\n<div>\nA1. Uma polia Spa \u00e9 um dispositivo mec\u00e2nico que permite que torque, pot\u00eancia mec\u00e2nica e velocidade sejam transmitidos atrav\u00e9s de eixos de acoplamento. \u00c9 comumente usada em aplica\u00e7\u00f5es industriais e \u00e9 adequada para correias de cunha e correias em V cl\u00e1ssicas, proporcionando aumento ou diminui\u00e7\u00e3o de velocidade mec\u00e2nica se as polias forem de di\u00e2metros diferentes.\n<\/div>\n<h3>Q2. Quais s\u00e3o as vantagens do Spa Pulley?<\/h3>\n<div>\nA2. A polia Spa \u00e9 feita de ferro fundido grau GG25 com acabamento fosfatado, tornando-a resistente ao desgaste e garantindo durabilidade a longo prazo. A polia \u00e9 fornecida pr\u00e9-usinada e pronta para aceitar uma bucha c\u00f4nica, simplificando o processo de instala\u00e7\u00e3o. As polias Spa s\u00e3o vers\u00e1teis e podem ser usadas com correias Wedge e correias V cl\u00e1ssicas, proporcionando a flexibilidade para us\u00e1-las em uma ampla gama de aplica\u00e7\u00f5es.\n<\/div>\n<h3>Q3. Como voc\u00ea instala a polia do spa?<\/h3>\n<div>\nA3. A polia do spa vem com um furo piloto que pode ser perfurado e chaveado de acordo com suas necessidades. O processo de instala\u00e7\u00e3o \u00e9 simples e direto.\n<\/div>\n<h3>Q4. O que devo fazer se minha polia de spa estiver danificada?<\/h3>\n<div>\nA4. Em caso de danos na Polia do Spa, \u00e9 recomend\u00e1vel procurar a assist\u00eancia de um t\u00e9cnico qualificado para garantir que o reparo seja realizado de forma correta e segura.\n<\/div>\n<h3>Q5. Quais outros produtos sua empresa oferece?<\/h3>\n<div>\nA5. Oferecemos uma ampla gama de produtos de engrenagens pl\u00e1sticas de alta qualidade para v\u00e1rias aplica\u00e7\u00f5es industriais, incluindo caixas de engrenagens agr\u00edcolas, eixos de sa\u00edda de pot\u00eancia, rodas dentadas, acoplamentos de fluidos, redutores de engrenagem sem-fim, engrenagens e cremalheiras, correntes destac\u00e1veis, polias e polias, caixas de engrenagens planet\u00e1rias, polias de sincroniza\u00e7\u00e3o, buchas e muito mais.\n<\/div>","protected":false},"excerpt":{"rendered":"<p>Spa Pulley: Ideal for Wedge Belts and Classical V Belts A Spa Pulley is a mechanical device that enables torque, mechanical power, and speed to be transmitted across mating shafts. The pulleys are manufactured from cast iron grade GG25 with a phosphated finish for protection and are supplied ready machined to accept a taper bush. [&hellip;]<\/p>","protected":false},"featured_media":3928,"template":"","meta":{"_et_pb_use_builder":"","_et_pb_old_content":"","_et_gb_content_width":""},"product_brand":[],"product_cat":[11310],"product_tag":[],"class_list":{"0":"post-3929","1":"product","2":"type-product","3":"status-publish","4":"has-post-thumbnail","6":"product_cat-v-pulley","8":"first","9":"instock","10":"shipping-taxable","11":"product-type-simple"},"_links":{"self":[{"href":"https:\/\/agricultural-gear-boxes.com\/pt\/wp-json\/wp\/v2\/product\/3929","targetHints":{"allow":["GET"]}}],"collection":[{"href":"https:\/\/agricultural-gear-boxes.com\/pt\/wp-json\/wp\/v2\/product"}],"about":[{"href":"https:\/\/agricultural-gear-boxes.com\/pt\/wp-json\/wp\/v2\/types\/product"}],"wp:featuredmedia":[{"embeddable":true,"href":"https:\/\/agricultural-gear-boxes.com\/pt\/wp-json\/wp\/v2\/media\/3928"}],"wp:attachment":[{"href":"https:\/\/agricultural-gear-boxes.com\/pt\/wp-json\/wp\/v2\/media?parent=3929"}],"wp:term":[{"taxonomy":"product_brand","embeddable":true,"href":"https:\/\/agricultural-gear-boxes.com\/pt\/wp-json\/wp\/v2\/product_brand?post=3929"},{"taxonomy":"product_cat","embeddable":true,"href":"https:\/\/agricultural-gear-boxes.com\/pt\/wp-json\/wp\/v2\/product_cat?post=3929"},{"taxonomy":"product_tag","embeddable":true,"href":"https:\/\/agricultural-gear-boxes.com\/pt\/wp-json\/wp\/v2\/product_tag?post=3929"}],"curies":[{"name":"wp","href":"https:\/\/api.w.org\/{rel}","templated":true}]}}