{"id":3940,"date":"2024-08-30T05:44:54","date_gmt":"2024-08-30T05:44:54","guid":{"rendered":"https:\/\/agricultural-gear-boxes.com\/product\/pulleys-and-idlers\/"},"modified":"2024-08-30T05:44:55","modified_gmt":"2024-08-30T05:44:55","slug":"pulleys-and-idlers","status":"publish","type":"product","link":"https:\/\/agricultural-gear-boxes.com\/pt\/product\/pulleys-and-idlers\/","title":{"rendered":"Polias e roletes"},"content":{"rendered":"<h2>Polias e roletes: melhorando o alinhamento da transmiss\u00e3o e o desempenho da correia<\/h2>\n<p>Polias e roletes desempenham um papel crucial no alinhamento de transmiss\u00e3o, garantindo o desempenho ideal das correias de transmiss\u00e3o de acess\u00f3rios e tensores. Na EP, oferecemos uma gama diversificada de polias e roletes fabricados a partir de materiais de alta qualidade, como a\u00e7o estampado e formado, pl\u00e1stico e metal em p\u00f3. Com v\u00e1rias configura\u00e7\u00f5es de rolamentos, nossas polias e roletes podem suportar at\u00e9 mesmo a maior carga de correia. Para maior conveni\u00eancia, fornecemos polias de roletes que podem ser facilmente submontadas em suportes projetados.<\/p>\n<h3>Design ideal para desempenho aprimorado<\/h3>\n<p>Nosso compromisso com a excel\u00eancia \u00e9 refletido no uso de design tridimensional assistido por computador (CAD) de \u00faltima gera\u00e7\u00e3o e an\u00e1lise de elementos finitos. Essas tecnologias avan\u00e7adas garantem que nossas polias, tanto de pl\u00e1stico quanto de a\u00e7o, sejam projetadas com a m\u00e1xima integridade estrutural. O resultado s\u00e3o superf\u00edcies mais suaves, toler\u00e2ncias dimensionais mais r\u00edgidas e vibra\u00e7\u00e3o reduzida, levando a uma vida \u00fatil mais longa da correia.<\/p>\n<h3>Materiais e constru\u00e7\u00e3o superiores<\/h3>\n<p>Nossas polias s\u00e3o fabricadas com materiais e componentes de alta qualidade para garantir desempenho e confiabilidade de pico. Rolamentos lubrificados e veda\u00e7\u00f5es de alta temperatura s\u00e3o incorporados, garantindo funcionalidade ideal mesmo em condi\u00e7\u00f5es exigentes. Essa aten\u00e7\u00e3o aos detalhes \u00e9 um fator cr\u00edtico para estender a vida \u00fatil de nossas polias.<\/p>\n<h3>Instala\u00e7\u00e3o, Manuten\u00e7\u00e3o e Reparo<\/h3>\n<p>Instalar, manter e reparar nossas polias \u00e9 um processo simples que requer esfor\u00e7o m\u00ednimo. As seguintes etapas s\u00e3o recomendadas:<\/p>\n<ol>\n<li>Garanta o alinhamento correto da polia com a correia.<\/li>\n<li>Fixe firmemente a polia ao equipamento ou suporte designado.<\/li>\n<li>Inspecione regularmente a polia para verificar se h\u00e1 sinais de desgaste ou danos.<\/li>\n<li>Substitua a polia se for detectado desgaste excessivo ou danos.<\/li>\n<li>Para manuten\u00e7\u00e3o, lubrifique periodicamente os rolamentos usando um lubrificante adequado, conforme especificado no manual do produto.<\/li>\n<\/ol>\n<h3>Benef\u00edcios das polias e polias EP<\/h3>\n<ul>\n<li>Ampla gama de op\u00e7\u00f5es para atender a diversas aplica\u00e7\u00f5es e requisitos de carregamento de correia.<\/li>\n<li>Materiais de alta qualidade garantem durabilidade e longevidade.<\/li>\n<li>O design ideal reduz a vibra\u00e7\u00e3o e aumenta a vida \u00fatil da correia.<\/li>\n<li>F\u00e1cil processo de instala\u00e7\u00e3o, manuten\u00e7\u00e3o e reparo.<\/li>\n<\/ul>\n<h2>Explore nossa gama de equipamentos de pl\u00e1stico de alta qualidade<\/h2>\n<p>Al\u00e9m de polias e roletes, a EP \u00e9 uma fornecedora l\u00edder de v\u00e1rias engrenagens pl\u00e1sticas usadas em diversas aplica\u00e7\u00f5es industriais. Nossa ampla gama de produtos inclui caixas de engrenagens agr\u00edcolas, eixos de sa\u00edda de pot\u00eancia, rodas dentadas, acoplamentos de fluido, redutores de engrenagem sem-fim, engrenagens e cremalheiras, correntes destac\u00e1veis, caixas de engrenagens planet\u00e1rias, polias de sincroniza\u00e7\u00e3o, buchas e muito mais. Temos orgulho em oferecer produtos de primeira linha caracterizados por sua alta qualidade, pre\u00e7os competitivos e atendimento atencioso ao cliente. Quer voc\u00ea tenha requisitos espec\u00edficos ou precise de personaliza\u00e7\u00f5es com base em seus desenhos ou amostras, estamos aqui para atender \u00e0s suas necessidades.<\/p>\n<h2>Perguntas e Respostas (Perguntas Frequentes)<\/h2>\n<ol>\n<li>\n<h3>Quais s\u00e3o os principais componentes de um sistema de polias?<\/h3>\n<p>Um sistema de polias normalmente consiste em uma polia, uma correia e uma fonte de energia. A polia atua como um dispositivo mec\u00e2nico que suporta e guia a correia, facilitando a transfer\u00eancia de energia da fonte de energia para o equipamento acionado.<\/p>\n<\/li>\n<li>\n<h3>Como polias e roletes melhoram o alinhamento da transmiss\u00e3o?<\/h3>\n<p>Polias e roletes garantem o alinhamento adequado do sistema de transmiss\u00e3o, mantendo a tens\u00e3o na correia e distribuindo a carga uniformemente. Esse alinhamento reduz o deslizamento, estende a vida \u00fatil da correia e melhora a efici\u00eancia geral.<\/p>\n<\/li>\n<li>\n<h3>As polias e roletes EP podem suportar cargas pesadas na correia?<\/h3>\n<p>Absolutamente! Na EP, oferecemos uma ampla gama de polias e roletes projetados especificamente para lidar com cargas pesadas de correia. Nossos produtos s\u00e3o projetados com materiais robustos e configura\u00e7\u00f5es de rolamentos para garantir desempenho ideal sob condi\u00e7\u00f5es exigentes.<\/p>\n<\/li>\n<li>\n<h3>Quais s\u00e3o as vantagens de usar polias EP em vez das convencionais?<\/h3>\n<p>As polias EP oferecem v\u00e1rias vantagens, incluindo superf\u00edcies mais lisas, toler\u00e2ncias dimensionais mais r\u00edgidas e vibra\u00e7\u00e3o reduzida. Essas caracter\u00edsticas se traduzem em maior vida \u00fatil da correia, efici\u00eancia aprimorada e desempenho geral aprimorado do sistema de acionamento.<\/p>\n<\/li>\n<li>\n<h3>Com que frequ\u00eancia as polias devem ser inspecionadas para manuten\u00e7\u00e3o?<\/h3>\n<p>Recomenda-se a inspe\u00e7\u00e3o regular das polias para identificar quaisquer sinais de desgaste ou danos. Dependendo da aplica\u00e7\u00e3o, \u00e9 aconselh\u00e1vel realizar inspe\u00e7\u00f5es visuais pelo menos uma vez a cada seis meses. No entanto, em ambientes de alta carga ou severos, inspe\u00e7\u00f5es mais frequentes podem ser necess\u00e1rias.<\/p>\n<\/li>\n<\/ol>","protected":false},"excerpt":{"rendered":"<p>Pulleys and Idlers: Enhancing Drive Alignment and Belt Performance Pulleys and idlers play a crucial role in drive alignment, ensuring optimal performance of accessory drive belts and tensioners. At EP, we offer a diverse range of pulleys and idlers crafted from high-quality materials such as stamped and formed steel, plastic, and powdered metal. With various [&hellip;]<\/p>","protected":false},"featured_media":3939,"template":"","meta":{"_et_pb_use_builder":"","_et_pb_old_content":"","_et_gb_content_width":""},"product_brand":[],"product_cat":[11312],"product_tag":[],"class_list":{"0":"post-3940","1":"product","2":"type-product","3":"status-publish","4":"has-post-thumbnail","6":"product_cat-auto-vehicle-pulley","8":"first","9":"instock","10":"shipping-taxable","11":"product-type-simple"},"_links":{"self":[{"href":"https:\/\/agricultural-gear-boxes.com\/pt\/wp-json\/wp\/v2\/product\/3940","targetHints":{"allow":["GET"]}}],"collection":[{"href":"https:\/\/agricultural-gear-boxes.com\/pt\/wp-json\/wp\/v2\/product"}],"about":[{"href":"https:\/\/agricultural-gear-boxes.com\/pt\/wp-json\/wp\/v2\/types\/product"}],"wp:featuredmedia":[{"embeddable":true,"href":"https:\/\/agricultural-gear-boxes.com\/pt\/wp-json\/wp\/v2\/media\/3939"}],"wp:attachment":[{"href":"https:\/\/agricultural-gear-boxes.com\/pt\/wp-json\/wp\/v2\/media?parent=3940"}],"wp:term":[{"taxonomy":"product_brand","embeddable":true,"href":"https:\/\/agricultural-gear-boxes.com\/pt\/wp-json\/wp\/v2\/product_brand?post=3940"},{"taxonomy":"product_cat","embeddable":true,"href":"https:\/\/agricultural-gear-boxes.com\/pt\/wp-json\/wp\/v2\/product_cat?post=3940"},{"taxonomy":"product_tag","embeddable":true,"href":"https:\/\/agricultural-gear-boxes.com\/pt\/wp-json\/wp\/v2\/product_tag?post=3940"}],"curies":[{"name":"wp","href":"https:\/\/api.w.org\/{rel}","templated":true}]}}