{"id":3942,"date":"2024-08-30T05:44:55","date_gmt":"2024-08-30T05:44:55","guid":{"rendered":"https:\/\/agricultural-gear-boxes.com\/product\/accessory-drive-tensioners\/"},"modified":"2024-08-30T05:44:56","modified_gmt":"2024-08-30T05:44:56","slug":"accessory-drive-tensioners","status":"publish","type":"product","link":"https:\/\/agricultural-gear-boxes.com\/pt\/product\/accessory-drive-tensioners\/","title":{"rendered":"Tensores de acionamento de acess\u00f3rios"},"content":{"rendered":"<h2>Melhore o desempenho do seu motor com tensores de transmiss\u00e3o acess\u00f3rios<\/h2>\n<p>Se voc\u00ea deseja melhorar o desempenho do seu motor e mant\u00ea-lo funcionando perfeitamente, precisa garantir que todos os componentes do seu sistema de transmiss\u00e3o de acess\u00f3rios estejam funcionando em perfeita harmonia. \u00c9 a\u00ed que entram os tensionadores de transmiss\u00e3o de acess\u00f3rios. Esses dispositivos pequenos, por\u00e9m poderosos, s\u00e3o respons\u00e1veis por manter as correias esticadas, reduzir as perdas por vibra\u00e7\u00e3o e atrito e otimizar a efici\u00eancia geral. <\/p>\n<h3>Hist\u00f3ria e classifica\u00e7\u00e3o dos tensores de acionamento de acess\u00f3rios<\/h3>\n<p>Os primeiros tensores de acionamento de acess\u00f3rios foram introduzidos no in\u00edcio dos anos 1980 como parte de uma nova onda de tecnologias de motor destinadas a melhorar a efici\u00eancia de combust\u00edvel e reduzir as emiss\u00f5es. Ao longo dos anos, eles evolu\u00edram para uma ampla gama de designs e configura\u00e7\u00f5es para atender \u00e0s necessidades espec\u00edficas de diferentes motores e aplica\u00e7\u00f5es. Os tipos comuns de tensores incluem tensores de mola de fio plano, tensores de mola redondos e tensores hidr\u00e1ulicos.<\/p>\n<h3>As vantagens dos tensores de acionamento de acess\u00f3rios EP<\/h3>\n<p>Na EP, somos especializados em fornecer tensores de acionamento de acess\u00f3rios de alta qualidade, dur\u00e1veis e eficientes, projetados para funcionar perfeitamente com nossas correias, amortecedores, desacopladores e outros componentes. Nossos tensores apresentam um design exclusivo de mola de fio plano que fornece uma faixa operacional mais ampla e menos varia\u00e7\u00e3o de tens\u00e3o do que os designs de mola tradicionais. Isso reduz o risco de falha prematura do rolamento do acess\u00f3rio devido \u00e0 alta tens\u00e3o e diminui o risco de ru\u00eddo da correia, deslizamento e baixo desempenho causados pela baixa tens\u00e3o \u00e0 medida que a correia se estica e se desgasta ao longo do tempo. <\/p>\n<h3>Instala\u00e7\u00e3o, Manuten\u00e7\u00e3o e Reparo<\/h3>\n<p>A instala\u00e7\u00e3o de um tensor de transmiss\u00e3o auxiliar \u00e9 um processo relativamente simples que geralmente pode ser conclu\u00eddo em poucos minutos. Basta seguir as instru\u00e7\u00f5es do fabricante para remover o tensor antigo e instalar o novo. Como acontece com qualquer componente do motor, \u00e9 importante realizar a manuten\u00e7\u00e3o regular para manter o tensor em perfeitas condi\u00e7\u00f5es. Verifique a tens\u00e3o e o estado das correias, polias e tensores pelo menos uma vez por ano ou conforme recomendado pelo fabricante do seu ve\u00edculo. Se notar qualquer sinal de desgaste ou dano, substitua o componente o mais r\u00e1pido poss\u00edvel para evitar problemas mais s\u00e9rios no futuro. <\/p>\n<h3>Substituindo o tensor do acionamento do acess\u00f3rio<\/h3>\n<p>Se precisar substituir o tensor do seu sistema de transmiss\u00e3o auxiliar, \u00e9 importante escolher uma pe\u00e7a de reposi\u00e7\u00e3o de alta qualidade, projetada para atender ou exceder as especifica\u00e7\u00f5es do fabricante do seu ve\u00edculo. A EP oferece uma linha completa de tensores para uma ampla variedade de tipos de motores e aplica\u00e7\u00f5es. Nossos tensores s\u00e3o rigorosamente testados e inspecionados para garantir que atendam aos nossos altos padr\u00f5es de qualidade e desempenho. <\/p>\n<h2>Outros produtos de qualidade da EP<\/h2>\n<p>Al\u00e9m de nossos tensores de acionamento de acess\u00f3rios de alta qualidade, a EP tamb\u00e9m oferece uma ampla gama de outros produtos de qualidade para aplica\u00e7\u00f5es industriais. Nossos produtos incluem engrenagens de pl\u00e1stico, caixas de engrenagens agr\u00edcolas, eixos de sa\u00edda de pot\u00eancia, rodas dentadas, acoplamentos de fluido, redutores de engrenagem sem-fim, engrenagens e cremalheiras, correntes destac\u00e1veis, polias e polias, caixas de engrenagens planet\u00e1rias, polias de sincroniza\u00e7\u00e3o, buchas e muito mais. <\/p>\n<h2>Perguntas e respostas<\/h2>\n<h3>1. Como os tensionadores de acionamento de acess\u00f3rios reduzem as perdas por vibra\u00e7\u00e3o e atrito?<\/h3>\n<p>Os tensores de acionamento de acess\u00f3rios mant\u00eam suas correias apertadas, o que reduz a quantidade de atrito e vibra\u00e7\u00e3o que ocorre quando seu motor funciona. Isso ajuda a otimizar a efici\u00eancia e o desempenho geral.<\/p>\n<h3>2. Quais s\u00e3o alguns tipos comuns de tensores de acionamento de acess\u00f3rios?<\/h3>\n<p>Os tipos comuns de tensores de acionamento de acess\u00f3rios incluem tensores de mola de fio plano, tensores de mola redondos e tensores hidr\u00e1ulicos. Cada tipo \u00e9 projetado para atender \u00e0s necessidades espec\u00edficas de diferentes motores e aplica\u00e7\u00f5es.<\/p>\n<h3>3. Com que frequ\u00eancia devo realizar manuten\u00e7\u00e3o no meu tensor de acionamento de acess\u00f3rios?<\/h3>\n<p>\u00c9 importante realizar a manuten\u00e7\u00e3o regular do tensor do seu acess\u00f3rio para mant\u00ea-lo em perfeitas condi\u00e7\u00f5es. Verifique a tens\u00e3o e o estado das correias, polias e tensores pelo menos uma vez por ano ou conforme recomendado pelo fabricante do seu ve\u00edculo.<\/p>\n<h3>4. Como fa\u00e7o para substituir o tensor do meu acionamento acess\u00f3rio?<\/h3>\n<p>A substitui\u00e7\u00e3o do tensor do acionamento do acess\u00f3rio \u00e9 um processo relativamente simples que geralmente pode ser conclu\u00eddo em poucos minutos. Basta seguir as instru\u00e7\u00f5es do fabricante para remover o tensor antigo e instalar o novo.<\/p>\n<h3>5. Que outros produtos de qualidade a EP oferece?<\/h3>\n<p>Al\u00e9m de tensores de acionamento de acess\u00f3rios, a EP tamb\u00e9m oferece uma ampla gama de outros produtos de qualidade para aplica\u00e7\u00f5es industriais. Isso inclui engrenagens de pl\u00e1stico, caixas de engrenagens agr\u00edcolas, eixos de sa\u00edda de pot\u00eancia, rodas dentadas, acoplamentos de fluido, redutores de engrenagem sem-fim, engrenagens e cremalheiras, correntes destac\u00e1veis, polias e polias, caixas de engrenagens planet\u00e1rias, polias de sincroniza\u00e7\u00e3o, buchas e muito mais.<\/p>","protected":false},"excerpt":{"rendered":"<p>Upgrade Your Engine&#8217;s Performance with Accessory Drive Tensioners If you want to upgrade your engine&#8217;s performance and keep it running smoothly, you need to make sure that all the components in your accessory drive system are working together in perfect harmony. This is where accessory drive tensioners come in. These small but mighty devices are [&hellip;]<\/p>","protected":false},"featured_media":3941,"template":"","meta":{"_et_pb_use_builder":"","_et_pb_old_content":"","_et_gb_content_width":""},"product_brand":[],"product_cat":[11312],"product_tag":[],"class_list":{"0":"post-3942","1":"product","2":"type-product","3":"status-publish","4":"has-post-thumbnail","6":"product_cat-auto-vehicle-pulley","8":"first","9":"instock","10":"shipping-taxable","11":"product-type-simple"},"_links":{"self":[{"href":"https:\/\/agricultural-gear-boxes.com\/pt\/wp-json\/wp\/v2\/product\/3942","targetHints":{"allow":["GET"]}}],"collection":[{"href":"https:\/\/agricultural-gear-boxes.com\/pt\/wp-json\/wp\/v2\/product"}],"about":[{"href":"https:\/\/agricultural-gear-boxes.com\/pt\/wp-json\/wp\/v2\/types\/product"}],"wp:featuredmedia":[{"embeddable":true,"href":"https:\/\/agricultural-gear-boxes.com\/pt\/wp-json\/wp\/v2\/media\/3941"}],"wp:attachment":[{"href":"https:\/\/agricultural-gear-boxes.com\/pt\/wp-json\/wp\/v2\/media?parent=3942"}],"wp:term":[{"taxonomy":"product_brand","embeddable":true,"href":"https:\/\/agricultural-gear-boxes.com\/pt\/wp-json\/wp\/v2\/product_brand?post=3942"},{"taxonomy":"product_cat","embeddable":true,"href":"https:\/\/agricultural-gear-boxes.com\/pt\/wp-json\/wp\/v2\/product_cat?post=3942"},{"taxonomy":"product_tag","embeddable":true,"href":"https:\/\/agricultural-gear-boxes.com\/pt\/wp-json\/wp\/v2\/product_tag?post=3942"}],"curies":[{"name":"wp","href":"https:\/\/api.w.org\/{rel}","templated":true}]}}