{"id":3944,"date":"2024-08-30T05:44:57","date_gmt":"2024-08-30T05:44:57","guid":{"rendered":"https:\/\/agricultural-gear-boxes.com\/product\/crankshaft-dampers\/"},"modified":"2024-08-30T05:44:57","modified_gmt":"2024-08-30T05:44:57","slug":"crankshaft-dampers","status":"publish","type":"product","link":"https:\/\/agricultural-gear-boxes.com\/pt\/product\/crankshaft-dampers\/","title":{"rendered":"Amortecedores de virabrequim"},"content":{"rendered":"<h2>Amortecedores de virabrequim<\/h2>\n<p>Amortecedores de virabrequim, tamb\u00e9m conhecidos como balanceadores harm\u00f4nicos, s\u00e3o projetados para reduzir ru\u00eddo, vibra\u00e7\u00e3o e aspereza. Eles s\u00e3o comumente usados em aplica\u00e7\u00f5es automotivas e de transmiss\u00e3o para maximizar a estabilidade do sistema, minimizar a varia\u00e7\u00e3o da tens\u00e3o da correia, melhorar a vida \u00fatil do sistema e dos componentes e melhorar a economia de combust\u00edvel.<\/p>\n<h3>Hist\u00f3ria<\/h3>\n<p>O uso de amortecedores de virabrequim remonta ao in\u00edcio dos anos 1900, quando foram introduzidos pela primeira vez em motores de corrida de alto desempenho. Desde ent\u00e3o, eles se tornaram comuns em uma variedade de aplica\u00e7\u00f5es, incluindo ve\u00edculos de passageiros, caminh\u00f5es comerciais e equipamentos industriais.<\/p>\n<h3>Vantagens<\/h3>\n<ul>\n<li>Reduza o ru\u00eddo, a vibra\u00e7\u00e3o e a aspereza<\/li>\n<li>Maximizar a estabilidade do sistema<\/li>\n<li>Minimize a varia\u00e7\u00e3o da tens\u00e3o da correia<\/li>\n<li>Melhore a vida \u00fatil do sistema e dos componentes<\/li>\n<li>Melhore a economia de combust\u00edvel<\/li>\n<\/ul>\n<h3>Materiais<\/h3>\n<p>Amortecedores de virabrequim s\u00e3o tipicamente feitos de a\u00e7o de alta resist\u00eancia, alum\u00ednio ou uma combina\u00e7\u00e3o de ambos. A escolha do material depende da aplica\u00e7\u00e3o espec\u00edfica e do n\u00edvel de desempenho requerido.<\/p>\n<h3>Instala\u00e7\u00e3o e Manuten\u00e7\u00e3o<\/h3>\n<p>A instala\u00e7\u00e3o e a manuten\u00e7\u00e3o adequadas dos amortecedores do virabrequim s\u00e3o essenciais para garantir o desempenho e a longevidade ideais. Recomenda-se seguir as instru\u00e7\u00f5es do fabricante para instala\u00e7\u00e3o e manuten\u00e7\u00e3o regular, incluindo a inspe\u00e7\u00e3o visual para detectar sinais de desgaste e danos.<\/p>\n<h3>Substitui\u00e7\u00e3o<\/h3>\n<p>Os amortecedores do virabrequim est\u00e3o sujeitos a desgaste e danos ao longo do tempo, podendo ser necess\u00e1ria a substitui\u00e7\u00e3o. Ao substituir um amortecedor do virabrequim, \u00e9 importante escolher uma pe\u00e7a de reposi\u00e7\u00e3o de alta qualidade, projetada para a aplica\u00e7\u00e3o espec\u00edfica. Tamb\u00e9m \u00e9 recomend\u00e1vel seguir as instru\u00e7\u00f5es de substitui\u00e7\u00e3o do fabricante e utilizar as ferramentas e equipamentos adequados.<\/p>\n<h2>Outros produtos<\/h2>\n<p>Nossa empresa fornece v\u00e1rias engrenagens pl\u00e1sticas usadas na ind\u00fastria, como caixas de engrenagens agr\u00edcolas, eixos de sa\u00edda de pot\u00eancia, rodas dentadas, acoplamentos de fluido, redutores de engrenagem sem-fim, engrenagens e cremalheiras, correntes destac\u00e1veis, polias e polias, caixas de engrenagens planet\u00e1rias, polias de sincroniza\u00e7\u00e3o, buchas e muito mais. Temos orgulho em oferecer produtos de alta qualidade a um pre\u00e7o favor\u00e1vel, com servi\u00e7o atencioso. Damos as boas-vindas aos clientes para virem at\u00e9 n\u00f3s para desenho ou personaliza\u00e7\u00e3o de amostra.<\/p>\n<h2>Perguntas e respostas<\/h2>\n<h3>1. O que \u00e9 um amortecedor de virabrequim?<\/h3>\n<p>Um amortecedor de virabrequim, tamb\u00e9m conhecido como balanceador harm\u00f4nico, \u00e9 um dispositivo usado para reduzir ru\u00eddo, vibra\u00e7\u00e3o e aspereza em aplica\u00e7\u00f5es automotivas e de transmiss\u00e3o.<\/p>\n<h3>2. Como funciona um amortecedor de virabrequim?<\/h3>\n<p>Um amortecedor de virabrequim funciona absorvendo e dissipando a energia gerada pela rota\u00e7\u00e3o do virabrequim do motor, o que reduz a quantidade de vibra\u00e7\u00e3o e ru\u00eddo transmitidos para o resto do ve\u00edculo.<\/p>\n<h3>3. De que materiais s\u00e3o feitos os amortecedores do virabrequim?<\/h3>\n<p>Os amortecedores do virabrequim s\u00e3o normalmente feitos de a\u00e7o de alta resist\u00eancia, alum\u00ednio ou uma combina\u00e7\u00e3o de ambos.<\/p>\n<h3>4. Como instalo um amortecedor de virabrequim?<\/h3>\n<p>Recomenda-se seguir as instru\u00e7\u00f5es de instala\u00e7\u00e3o do fabricante e utilizar as ferramentas e equipamentos adequados. A instala\u00e7\u00e3o correta \u00e9 essencial para garantir desempenho e durabilidade ideais.<\/p>\n<h3>5. Quando devo substituir o amortecedor do virabrequim?<\/h3>\n<p>Amortecedores de virabrequim est\u00e3o sujeitos a desgaste e danos ao longo do tempo, e a substitui\u00e7\u00e3o pode ser necess\u00e1ria. Sinais de desgaste ou danos incluem rachaduras, fendas ou pe\u00e7as faltando. \u00c9 recomendado substituir um amortecedor de virabrequim se qualquer um desses sinais estiver presente.<\/p>","protected":false},"excerpt":{"rendered":"<p>Crankshaft Dampers Crankshaft dampers, also known as harmonic balancers, are designed to reduce noise, vibration, and harshness. They are commonly used in automotive and drivetrain applications to maximize system stability, minimize belt tension variation, improve system and component life, and improve fuel economy. History The use of crankshaft dampers dates back to the early 1900s [&hellip;]<\/p>","protected":false},"featured_media":3943,"template":"","meta":{"_et_pb_use_builder":"","_et_pb_old_content":"","_et_gb_content_width":""},"product_brand":[],"product_cat":[11312],"product_tag":[],"class_list":{"0":"post-3944","1":"product","2":"type-product","3":"status-publish","4":"has-post-thumbnail","6":"product_cat-auto-vehicle-pulley","8":"first","9":"instock","10":"shipping-taxable","11":"product-type-simple"},"_links":{"self":[{"href":"https:\/\/agricultural-gear-boxes.com\/pt\/wp-json\/wp\/v2\/product\/3944","targetHints":{"allow":["GET"]}}],"collection":[{"href":"https:\/\/agricultural-gear-boxes.com\/pt\/wp-json\/wp\/v2\/product"}],"about":[{"href":"https:\/\/agricultural-gear-boxes.com\/pt\/wp-json\/wp\/v2\/types\/product"}],"wp:featuredmedia":[{"embeddable":true,"href":"https:\/\/agricultural-gear-boxes.com\/pt\/wp-json\/wp\/v2\/media\/3943"}],"wp:attachment":[{"href":"https:\/\/agricultural-gear-boxes.com\/pt\/wp-json\/wp\/v2\/media?parent=3944"}],"wp:term":[{"taxonomy":"product_brand","embeddable":true,"href":"https:\/\/agricultural-gear-boxes.com\/pt\/wp-json\/wp\/v2\/product_brand?post=3944"},{"taxonomy":"product_cat","embeddable":true,"href":"https:\/\/agricultural-gear-boxes.com\/pt\/wp-json\/wp\/v2\/product_cat?post=3944"},{"taxonomy":"product_tag","embeddable":true,"href":"https:\/\/agricultural-gear-boxes.com\/pt\/wp-json\/wp\/v2\/product_tag?post=3944"}],"curies":[{"name":"wp","href":"https:\/\/api.w.org\/{rel}","templated":true}]}}