{"id":3948,"date":"2024-08-30T05:44:59","date_gmt":"2024-08-30T05:44:59","guid":{"rendered":"https:\/\/agricultural-gear-boxes.com\/product\/decouplers\/"},"modified":"2024-08-30T05:45:00","modified_gmt":"2024-08-30T05:45:00","slug":"decouplers","status":"publish","type":"product","link":"https:\/\/agricultural-gear-boxes.com\/pt\/product\/decouplers\/","title":{"rendered":"Desacopladores"},"content":{"rendered":"<h2>O que s\u00e3o desacopladores e como eles funcionam?<\/h2>\n<p>Os desacopladores s\u00e3o um componente essencial dos motores modernos que s\u00e3o projetados para eliminar a vibra\u00e7\u00e3o do motor e reduzir o ru\u00eddo. Eles agora est\u00e3o sendo integrados ao design de muitos motores novos e de alto desempenho. Um desacoplador \u00e9 projetado para reduzir a vibra\u00e7\u00e3o do motor controlando a vibra\u00e7\u00e3o torcional que ocorre no virabrequim do motor. Ele faz isso usando uma combina\u00e7\u00e3o de sistemas de amortecimento, desacoplamento e ultrapassagem. <\/p>\n<p>O amortecedor tradicional reduz a tor\u00e7\u00e3o do virabrequim devido aos pulsos de igni\u00e7\u00e3o do motor, enquanto o sistema de amortecimento, desacoplamento e ultrapassagem (DDOS) apresenta um isolador de mola para o acionamento acess\u00f3rio para transmiss\u00e3o suave de pot\u00eancia. A embreagem de ultrapassagem no desacoplador permite deslizamento limitado da embreagem durante transientes de tor\u00e7\u00e3o severos, como desacelera\u00e7\u00e3o ou falha de igni\u00e7\u00e3o. Todos esses recursos funcionam juntos em um \u00fanico produto para maximizar a estabilidade do sistema, eliminando ru\u00eddos question\u00e1veis, minimizando a varia\u00e7\u00e3o da tens\u00e3o da correia, melhorando a vida \u00fatil do sistema e dos componentes e melhorando a economia de combust\u00edvel.<\/p>\n<h3>Hist\u00f3ria dos desacopladores<\/h3>\n<p>Os desacopladores foram introduzidos pela primeira vez na ind\u00fastria automobil\u00edstica na d\u00e9cada de 1930, mas seu uso se tornou disseminado nas \u00faltimas d\u00e9cadas com o advento de novas tecnologias e avan\u00e7os na ci\u00eancia dos materiais. Hoje, os desacopladores s\u00e3o um componente essencial dos motores modernos, e seu uso se tornou cr\u00edtico para atingir o desempenho m\u00e1ximo, efici\u00eancia de combust\u00edvel aprimorada e n\u00edveis de ru\u00eddo reduzidos.<\/p>\n<h3>Vantagens dos desacopladores<\/h3>\n<p>A principal vantagem dos desacopladores \u00e9 a capacidade de reduzir a vibra\u00e7\u00e3o e o ru\u00eddo do motor. Isso resulta em uma viagem mais suave e silenciosa para o motorista e os passageiros. Al\u00e9m disso, os desacopladores ajudam a melhorar a economia de combust\u00edvel, reduzindo a carga do motor e minimizando a varia\u00e7\u00e3o de tens\u00e3o nas correias. Ao reduzir o desgaste dos componentes do motor, os desacopladores podem aumentar a vida \u00fatil do motor, melhorando a confiabilidade geral e reduzindo os custos de manuten\u00e7\u00e3o. <\/p>\n<h3>Instala\u00e7\u00e3o, Manuten\u00e7\u00e3o e Reparo de Desacopladores<\/h3>\n<p>Os desacopladores devem ser instalados por um t\u00e9cnico profissional familiarizado com as especifica\u00e7\u00f5es e requisitos do motor. A manuten\u00e7\u00e3o dos desacopladores geralmente envolve inspe\u00e7\u00f5es peri\u00f3dicas para garantir que estejam funcionando corretamente e que todos os parafusos e fixadores estejam apertados. Em caso de danos ou falhas, os desacopladores podem ser reparados ou substitu\u00eddos facilmente, e h\u00e1 muitos t\u00e9cnicos qualificados especializados nessa \u00e1rea.<\/p>\n<h3>Materiais usados em desacopladores<\/h3>\n<p>Os desacopladores s\u00e3o normalmente feitos de materiais elastom\u00e9ricos de alta qualidade ou isoladores e embreagens de mola amortecida avan\u00e7ados. M\u00e9todos elastom\u00e9ricos moldados por inje\u00e7\u00e3o e vulcanizados s\u00e3o comumente usados para fabricar desacopladores. Esses materiais s\u00e3o escolhidos por sua durabilidade, flexibilidade e resist\u00eancia ao desgaste.<\/p>\n<h2>Outros produtos da nossa empresa<\/h2>\n<p>Al\u00e9m de desacopladores, nossa empresa oferece uma ampla gama de engrenagens pl\u00e1sticas de alta qualidade e outros componentes usados na ind\u00fastria. Nossos produtos incluem caixas de engrenagens agr\u00edcolas, eixos de sa\u00edda de pot\u00eancia, rodas dentadas, acoplamentos de fluido, redutores de engrenagem sem-fim, engrenagens e cremalheiras, correntes destac\u00e1veis, polias e polias, caixas de engrenagens planet\u00e1rias, polias de sincroniza\u00e7\u00e3o, buchas e muito mais. Temos orgulho em fornecer aos nossos clientes produtos de alta qualidade a um pre\u00e7o favor\u00e1vel e estamos sempre dispon\u00edveis para fornecer consultoria e suporte de especialistas.<\/p>\n<h2>Perguntas frequentes<\/h2>\n<h3>1. Qual \u00e9 a fun\u00e7\u00e3o de um desacoplador em um motor?<\/h3>\n<p>Um desacoplador \u00e9 projetado para reduzir a vibra\u00e7\u00e3o do motor controlando a vibra\u00e7\u00e3o torcional que ocorre no virabrequim do motor. Ele faz isso usando uma combina\u00e7\u00e3o de sistemas de amortecimento, desacoplamento e ultrapassagem.<\/p>\n<h3>2. Como um desacoplador ajuda a melhorar a economia de combust\u00edvel?<\/h3>\n<p>Ao reduzir a carga no motor e minimizar a varia\u00e7\u00e3o de tens\u00e3o nas correias, os desacopladores podem ajudar a melhorar a economia de combust\u00edvel.<\/p>\n<h3>3. Quais materiais s\u00e3o usados para fabricar desacopladores?<\/h3>\n<p>Os desacopladores s\u00e3o normalmente feitos de materiais elastom\u00e9ricos de alta qualidade ou isoladores e embreagens de mola amortecida avan\u00e7ados. M\u00e9todos elastom\u00e9ricos moldados por inje\u00e7\u00e3o e vulcanizados s\u00e3o comumente usados para fabricar desacopladores.<\/p>\n<h3>4. Os desacopladores podem ser reparados ou substitu\u00eddos?<\/h3>\n<p>Sim, em caso de danos ou falhas, os desacopladores podem ser reparados ou substitu\u00eddos facilmente, e h\u00e1 muitos t\u00e9cnicos qualificados especializados nessa \u00e1rea.<\/p>\n<h3>5. Que outros produtos sua empresa oferece?<\/h3>\n<p>Al\u00e9m de desacopladores, nossa empresa oferece uma ampla gama de engrenagens pl\u00e1sticas de alta qualidade e outros componentes usados na ind\u00fastria. Nossos produtos incluem caixas de engrenagens agr\u00edcolas, eixos de sa\u00edda de pot\u00eancia, rodas dentadas, acoplamentos de fluido, redutores de engrenagem sem-fim, engrenagens e cremalheiras, correntes destac\u00e1veis, polias e polias, caixas de engrenagens planet\u00e1rias, polias de sincroniza\u00e7\u00e3o, buchas e muito mais.<\/p>","protected":false},"excerpt":{"rendered":"<p>What are Decouplers and how do they work? Decouplers are an essential component of modern engines that are designed to eliminate engine vibration and reduce noise. They are now being integrated into the design of many new, higher performance engines. A decoupler is designed to reduce engine vibration by controlling the torsional vibration that occurs [&hellip;]<\/p>","protected":false},"featured_media":3947,"template":"","meta":{"_et_pb_use_builder":"","_et_pb_old_content":"","_et_gb_content_width":""},"product_brand":[],"product_cat":[11312],"product_tag":[],"class_list":{"0":"post-3948","1":"product","2":"type-product","3":"status-publish","4":"has-post-thumbnail","6":"product_cat-auto-vehicle-pulley","8":"first","9":"instock","10":"shipping-taxable","11":"product-type-simple"},"_links":{"self":[{"href":"https:\/\/agricultural-gear-boxes.com\/pt\/wp-json\/wp\/v2\/product\/3948","targetHints":{"allow":["GET"]}}],"collection":[{"href":"https:\/\/agricultural-gear-boxes.com\/pt\/wp-json\/wp\/v2\/product"}],"about":[{"href":"https:\/\/agricultural-gear-boxes.com\/pt\/wp-json\/wp\/v2\/types\/product"}],"wp:featuredmedia":[{"embeddable":true,"href":"https:\/\/agricultural-gear-boxes.com\/pt\/wp-json\/wp\/v2\/media\/3947"}],"wp:attachment":[{"href":"https:\/\/agricultural-gear-boxes.com\/pt\/wp-json\/wp\/v2\/media?parent=3948"}],"wp:term":[{"taxonomy":"product_brand","embeddable":true,"href":"https:\/\/agricultural-gear-boxes.com\/pt\/wp-json\/wp\/v2\/product_brand?post=3948"},{"taxonomy":"product_cat","embeddable":true,"href":"https:\/\/agricultural-gear-boxes.com\/pt\/wp-json\/wp\/v2\/product_cat?post=3948"},{"taxonomy":"product_tag","embeddable":true,"href":"https:\/\/agricultural-gear-boxes.com\/pt\/wp-json\/wp\/v2\/product_tag?post=3948"}],"curies":[{"name":"wp","href":"https:\/\/api.w.org\/{rel}","templated":true}]}}