{"id":3950,"date":"2024-08-30T05:45:00","date_gmt":"2024-08-30T05:45:00","guid":{"rendered":"https:\/\/agricultural-gear-boxes.com\/product\/accessory-drive-tensioners-2\/"},"modified":"2024-08-30T05:45:01","modified_gmt":"2024-08-30T05:45:01","slug":"accessory-drive-tensioners-2","status":"publish","type":"product","link":"https:\/\/agricultural-gear-boxes.com\/pt\/product\/accessory-drive-tensioners-2\/","title":{"rendered":"Tensores de acionamento de acess\u00f3rios"},"content":{"rendered":"<h2>Tensores de acionamento de acess\u00f3rios: garantindo efici\u00eancia e durabilidade ideais<\/h2>\n<p>Os tensores de acionamento de acess\u00f3rios oferecidos pela Ever-Power (EP) s\u00e3o projetados especificamente para atender \u00e0s rigorosas demandas do mercado industrial. Com uma gama abrangente de tensores autom\u00e1ticos, a EP fornece solu\u00e7\u00f5es confi\u00e1veis para v\u00e1rios arranjos de acionamento frontal em aplica\u00e7\u00f5es de ve\u00edculos industriais e comerciais. Nossos tensores foram amplamente validados, garantindo um alto grau de seguran\u00e7a e confian\u00e7a para os clientes.<\/p>\n<p>Na EP, entendemos a import\u00e2ncia do desempenho em n\u00edvel de sistema, e \u00e9 por isso que nossos tensionadores trabalham em conjunto com nossas correias, amortecedores, desacopladores e outros componentes. Ao reduzir as perdas por vibra\u00e7\u00e3o e atrito, nossos tensionadores contribuem para a efici\u00eancia ideal, resultando em melhor desempenho geral do sistema.<\/p>\n<p>Os tensionadores EP se destacam com seu design original de mola de arame plano, projetado para oferecer uma faixa operacional mais ampla e menos varia\u00e7\u00e3o de tens\u00e3o. Este design inovador minimiza o risco de falha prematura do rolamento acess\u00f3rio causada por tens\u00e3o excessiva e reduz as chances de ru\u00eddo da correia, deslizamento e desempenho ruim do acess\u00f3rio resultante da baixa tens\u00e3o \u00e0 medida que a correia estica e desgasta ao longo do tempo. Al\u00e9m dos tensionadores de mola de arame plano, a EP tamb\u00e9m fabrica tensionadores de mola redondos para atender a diferentes requisitos de aplica\u00e7\u00e3o.<\/p>\n<h3>Principais recursos e benef\u00edcios:<\/h3>\n<ul>\n<li>Faixa operacional superior e estabilidade de tens\u00e3o<\/li>\n<li>Risco reduzido de falha prematura do rolamento acess\u00f3rio<\/li>\n<li>Ru\u00eddo da correia minimizado, deslizamento e baixo desempenho<\/li>\n<li>Efici\u00eancia aprimorada no n\u00edvel do sistema<\/li>\n<\/ul>\n<h3>Cen\u00e1rios de uso comum:<\/h3>\n<p>Os tensores de acionamento de acess\u00f3rios encontram ampla aplica\u00e7\u00e3o em v\u00e1rios setores, incluindo:<\/p>\n<ul>\n<li>Automotivo<\/li>\n<li>Maquinaria pesada<\/li>\n<li>Gera\u00e7\u00e3o de energia<\/li>\n<li>Petr\u00f3leo e g\u00e1s<\/li>\n<li>Fabrica\u00e7\u00e3o<\/li>\n<\/ul>\n<h3>Instala\u00e7\u00e3o, manuten\u00e7\u00e3o e reparo:<\/h3>\n<p>A instala\u00e7\u00e3o de um tensor de acionamento acess\u00f3rio normalmente envolve as seguintes etapas:<\/p>\n<ol>\n<li>Certifique-se de que o motor esteja desligado e resfriado<\/li>\n<li>Localize a posi\u00e7\u00e3o do tensor e identifique os pontos de montagem<\/li>\n<li>Remova todos os componentes necess\u00e1rios que obstruem o acesso ao tensor<\/li>\n<li>Afrouxe e ajuste o tensor adequadamente<\/li>\n<li>Aperte bem os parafusos de montagem<\/li>\n<li>Verifique novamente o alinhamento e a opera\u00e7\u00e3o do tensor<\/li>\n<\/ol>\n<p>Para manter e reparar um tensor de acionamento acess\u00f3rio, inspe\u00e7\u00f5es regulares s\u00e3o recomendadas para garantir a tens\u00e3o e o alinhamento adequados. Se quaisquer sinais de desgaste, danos ou ru\u00eddo anormal forem detectados, a substitui\u00e7\u00e3o imediata \u00e9 recomendada para evitar complica\u00e7\u00f5es futuras.<\/p>\n<h2>Sobre Ever-Power<\/h2>\n<p>A Ever-Power \u00e9 uma fornecedora l\u00edder de v\u00e1rios produtos de engrenagens pl\u00e1sticas industriais, incluindo caixas de engrenagens agr\u00edcolas, eixos de sa\u00edda de pot\u00eancia, rodas dentadas, acoplamentos de fluidos, redutores de engrenagem sem-fim, engrenagens e cremalheiras, correntes destac\u00e1veis, polias e polias, caixas de engrenagens planet\u00e1rias, polias de sincroniza\u00e7\u00e3o e buchas. Estamos comprometidos em fornecer produtos de alta qualidade, pre\u00e7os competitivos e atendimento ao cliente excepcional. Se voc\u00ea precisa de componentes padr\u00e3o ou solu\u00e7\u00f5es personalizadas, convidamos voc\u00ea a entrar em contato conosco com seus requisitos espec\u00edficos.<\/p>\n<h2>Perguntas e respostas:<\/h2>\n<h3>1. Por que os tensionadores de acionamento de acess\u00f3rios s\u00e3o importantes em aplica\u00e7\u00f5es industriais?<\/h3>\n<p>Os tensionadores de acionamento de acess\u00f3rios desempenham um papel crucial na manuten\u00e7\u00e3o da tens\u00e3o adequada nas correias, reduzindo o ru\u00eddo, evitando deslizamentos e garantindo o desempenho ideal de v\u00e1rios acess\u00f3rios em sistemas industriais.<\/p>\n<h3>2. Os tensores de acionamento de acess\u00f3rios podem ser usados em m\u00e1quinas pesadas?<\/h3>\n<p>Absolutamente! Os tensionadores de acionamento de acess\u00f3rios s\u00e3o projetados para suportar as demandas extremas de maquin\u00e1rio pesado e s\u00e3o validados para uso em tais aplica\u00e7\u00f5es.<\/p>\n<h3>3. Quais s\u00e3o as vantagens dos tensores de mola de arame plano da EP?<\/h3>\n<p>Os tensionadores de mola de arame plano da EP oferecem uma faixa operacional mais ampla, melhor estabilidade de tens\u00e3o e menor risco de falha prematura do rolamento do acess\u00f3rio, al\u00e9m de minimizar o ru\u00eddo da correia, o deslizamento e o baixo desempenho do acess\u00f3rio.<\/p>\n<h3>4. Como devo instalar um tensor de acionamento acess\u00f3rio?<\/h3>\n<p>A instala\u00e7\u00e3o adequada envolve identificar a posi\u00e7\u00e3o do tensor, remover obstru\u00e7\u00f5es, ajustar a tens\u00e3o e apertar firmemente os parafusos de montagem. \u00c9 recomend\u00e1vel consultar as instru\u00e7\u00f5es do fabricante para obter diretrizes espec\u00edficas.<\/p>\n<h3>5. Quais outros produtos a Ever-Power fornece?<\/h3>\n<p>A Ever-Power fornece uma ampla gama de produtos de engrenagens pl\u00e1sticas industriais, incluindo caixas de engrenagens agr\u00edcolas, eixos de sa\u00edda de pot\u00eancia, rodas dentadas, acoplamentos de fluido, redutores de engrenagem sem-fim, engrenagens e cremalheiras, correntes destac\u00e1veis, polias e polias, caixas de engrenagens planet\u00e1rias, polias de sincroniza\u00e7\u00e3o e buchas. Oferecemos produtos de alta qualidade, pre\u00e7os competitivos e op\u00e7\u00f5es de personaliza\u00e7\u00e3o para atender \u00e0s suas necessidades.<\/p>","protected":false},"excerpt":{"rendered":"<p>Tensionadores de acionamento acess\u00f3rio: garantindo efici\u00eancia e durabilidade ideais Os tensionadores de acionamento acess\u00f3rio oferecidos pela Ever-Power (EP) s\u00e3o projetados especificamente para atender \u00e0s rigorosas demandas do mercado industrial. Com uma gama abrangente de tensionadores autom\u00e1ticos, a EP fornece solu\u00e7\u00f5es confi\u00e1veis para v\u00e1rios arranjos de acionamento frontal em aplica\u00e7\u00f5es de ve\u00edculos industriais e comerciais. Nossos tensionadores foram [\u2026]<\/p>","protected":false},"featured_media":3949,"template":"","meta":{"_et_pb_use_builder":"","_et_pb_old_content":"","_et_gb_content_width":""},"product_brand":[],"product_cat":[11312],"product_tag":[],"class_list":{"0":"post-3950","1":"product","2":"type-product","3":"status-publish","4":"has-post-thumbnail","6":"product_cat-auto-vehicle-pulley","8":"first","9":"instock","10":"shipping-taxable","11":"product-type-simple"},"_links":{"self":[{"href":"https:\/\/agricultural-gear-boxes.com\/pt\/wp-json\/wp\/v2\/product\/3950","targetHints":{"allow":["GET"]}}],"collection":[{"href":"https:\/\/agricultural-gear-boxes.com\/pt\/wp-json\/wp\/v2\/product"}],"about":[{"href":"https:\/\/agricultural-gear-boxes.com\/pt\/wp-json\/wp\/v2\/types\/product"}],"wp:featuredmedia":[{"embeddable":true,"href":"https:\/\/agricultural-gear-boxes.com\/pt\/wp-json\/wp\/v2\/media\/3949"}],"wp:attachment":[{"href":"https:\/\/agricultural-gear-boxes.com\/pt\/wp-json\/wp\/v2\/media?parent=3950"}],"wp:term":[{"taxonomy":"product_brand","embeddable":true,"href":"https:\/\/agricultural-gear-boxes.com\/pt\/wp-json\/wp\/v2\/product_brand?post=3950"},{"taxonomy":"product_cat","embeddable":true,"href":"https:\/\/agricultural-gear-boxes.com\/pt\/wp-json\/wp\/v2\/product_cat?post=3950"},{"taxonomy":"product_tag","embeddable":true,"href":"https:\/\/agricultural-gear-boxes.com\/pt\/wp-json\/wp\/v2\/product_tag?post=3950"}],"curies":[{"name":"wp","href":"https:\/\/api.w.org\/{rel}","templated":true}]}}