{"id":3952,"date":"2024-08-30T05:45:02","date_gmt":"2024-08-30T05:45:02","guid":{"rendered":"https:\/\/agricultural-gear-boxes.com\/product\/pulleys-and-idlers-2\/"},"modified":"2024-08-30T05:45:02","modified_gmt":"2024-08-30T05:45:02","slug":"pulleys-and-idlers-2","status":"publish","type":"product","link":"https:\/\/agricultural-gear-boxes.com\/pt\/product\/pulleys-and-idlers-2\/","title":{"rendered":"Polias e roletes"},"content":{"rendered":"<h2>Polias e roletes: melhorando o alinhamento da transmiss\u00e3o e a vida \u00fatil da correia<\/h2>\n<p>O alinhamento de acionamento desempenha um papel crucial na otimiza\u00e7\u00e3o do desempenho e da longevidade de v\u00e1rios sistemas. Na EP, oferecemos uma ampla gama de polias e roletes projetados para complementar nossas correias de acionamento e tensores acess\u00f3rios. Se voc\u00ea precisa de polias de a\u00e7o estampadas e formadas, de pl\u00e1stico ou de metal em p\u00f3, temos a solu\u00e7\u00e3o perfeita com v\u00e1rias configura\u00e7\u00f5es de rolamentos para lidar at\u00e9 mesmo com a maior carga de correia.<\/p>\n<p>Nossas polias intermedi\u00e1rias podem ser facilmente submontadas em suportes projetados, fornecendo uma solu\u00e7\u00e3o flex\u00edvel e eficiente para sua aplica\u00e7\u00e3o espec\u00edfica. Para garantir a mais alta qualidade e confiabilidade, empregamos design tridimensional assistido por computador (CAD) de \u00faltima gera\u00e7\u00e3o e an\u00e1lise de elementos finitos no desenvolvimento de nossas polias.<\/p>\n<h3>O design ideal: superf\u00edcies mais suaves, toler\u00e2ncias mais r\u00edgidas<\/h3>\n<p>Nossas polias de pl\u00e1stico e a\u00e7o passam por processos de design meticulosos para atingir o desempenho ideal. Ao utilizar CAD e an\u00e1lise de elementos finitos, garantimos a m\u00e1xima integridade estrutural e longevidade. Polias com superf\u00edcies mais lisas e toler\u00e2ncias dimensionais mais r\u00edgidas alcan\u00e7am vibra\u00e7\u00e3o reduzida, levando a uma vida \u00fatil mais longa da correia.<\/p>\n<h3>Rolamentos dur\u00e1veis e veda\u00e7\u00f5es de alta temperatura<\/h3>\n<p>Na EP, priorizamos a durabilidade e o desempenho m\u00e1ximo de nossas polias. Nossos produtos apresentam rolamentos lubrificados e veda\u00e7\u00f5es de alta temperatura, garantindo uma opera\u00e7\u00e3o suave e confi\u00e1vel. Esses componentes contribuem para estender a vida \u00fatil de nossas polias, mesmo sob condi\u00e7\u00f5es exigentes.<\/p>\n<h3>Instala\u00e7\u00e3o, Manuten\u00e7\u00e3o e Reparo<\/h3>\n<p>Instalar e manter nossas polias \u00e9 simples. Siga estas diretrizes para um desempenho ideal:<\/p>\n<ul>\n<li>Garantir o alinhamento e a tens\u00e3o adequados das correias<\/li>\n<li>Limpe as polias regularmente para remover detritos e ac\u00famulos<\/li>\n<li>Inspecione os rolamentos periodicamente e lubrifique conforme necess\u00e1rio<\/li>\n<li>Substitua polias gastas ou danificadas imediatamente para evitar danos \u00e0 correia<\/li>\n<\/ul>\n<p>Para qualquer necessidade de reparo ou substitui\u00e7\u00e3o, consulte as instru\u00e7\u00f5es do fabricante ou procure assist\u00eancia profissional para garantir a instala\u00e7\u00e3o e a funcionalidade adequadas.<\/p>\n<h3>Outros produtos oferecidos pela EP<\/h3>\n<p>Al\u00e9m de nossas polias e roletes excepcionais, a EP oferece uma ampla gama de engrenagens pl\u00e1sticas de alta qualidade e componentes industriais relacionados. Nossa linha de produtos inclui:<\/p>\n<ul>\n<li>Caixas de engrenagens agr\u00edcolas<\/li>\n<li>Eixos de sa\u00edda de pot\u00eancia<\/li>\n<li>Rodas dentadas<\/li>\n<li>Acoplamentos de fluidos<\/li>\n<li>Redutores de engrenagem sem-fim<\/li>\n<li>Engrenagens e cremalheiras<\/li>\n<li>Correntes destac\u00e1veis<\/li>\n<li>Polias e roldanas<\/li>\n<li>Caixas de engrenagens planet\u00e1rias<\/li>\n<li>Polias de sincroniza\u00e7\u00e3o<\/li>\n<li>Buchas e muito mais<\/li>\n<\/ul>\n<p>Estamos comprometidos em entregar produtos de alta qualidade a pre\u00e7os competitivos com excelente atendimento ao cliente. Se voc\u00ea precisa de itens padr\u00e3o ou solu\u00e7\u00f5es personalizadas com base em suas necessidades espec\u00edficas, a EP est\u00e1 aqui para ajudar voc\u00ea. Entre em contato conosco hoje mesmo para explorar nossa ampla gama de produtos e se beneficiar de nosso valor imbat\u00edvel.<\/p>\n<h2>Perguntas e respostas<\/h2>\n<h3>P: Como polias e roletes contribuem para o alinhamento da transmiss\u00e3o?<\/h3>\n<p>R: Polias e roletes desempenham um papel crucial na manuten\u00e7\u00e3o do alinhamento adequado da transmiss\u00e3o, guiando e apoiando as correias, garantindo uma transmiss\u00e3o de pot\u00eancia suave e minimizando o desgaste das correias.<\/p>\n<h3>P: Quais s\u00e3o os benef\u00edcios de usar polias com superf\u00edcies mais lisas?<\/h3>\n<p>R: Polias com superf\u00edcies mais lisas reduzem a vibra\u00e7\u00e3o, o que leva a menos desgaste nas correias, resultando em maior vida \u00fatil da correia e melhor desempenho geral do sistema.<\/p>\n<h3>P: As polias e os roletes podem ser substitu\u00eddos individualmente?<\/h3>\n<p>R: Sim, polias e roletes podem ser substitu\u00eddos individualmente quando necess\u00e1rio. No entanto, \u00e9 recomendado inspecionar todo o sistema de transmiss\u00e3o por correia e substituir quaisquer componentes desgastados simultaneamente para garantir o desempenho ideal.<\/p>\n<h3>P: Com que frequ\u00eancia as polias devem ser inspecionadas para manuten\u00e7\u00e3o?<\/h3>\n<p>R: Inspe\u00e7\u00f5es regulares s\u00e3o recomendadas para identificar quaisquer sinais de desgaste ou danos. A frequ\u00eancia das inspe\u00e7\u00f5es depende das condi\u00e7\u00f5es de opera\u00e7\u00e3o, ent\u00e3o \u00e9 melhor consultar as diretrizes do fabricante ou um profissional.<\/p>\n<h3>P: A EP pode fornecer polias e roletes personalizados para aplica\u00e7\u00f5es exclusivas?<\/h3>\n<p>R: Com certeza! A EP \u00e9 especializada em fornecer solu\u00e7\u00f5es personalizadas para atender aos requisitos espec\u00edficos do cliente. Entre em contato conosco para discutir suas necessidades, e nossa equipe o guiar\u00e1 pelo processo de personaliza\u00e7\u00e3o.<\/p>","protected":false},"excerpt":{"rendered":"<p>Polias e roletes: Melhorando o alinhamento de transmiss\u00e3o e a vida \u00fatil da correia O alinhamento de transmiss\u00e3o desempenha um papel crucial na otimiza\u00e7\u00e3o do desempenho e da longevidade de v\u00e1rios sistemas. Na EP, oferecemos uma ampla gama de polias e roletes projetados para complementar nossas correias de transmiss\u00e3o e tensores acess\u00f3rios. Se voc\u00ea precisa de a\u00e7o estampado e formado, pl\u00e1stico ou metal em p\u00f3 [\u2026]<\/p>","protected":false},"featured_media":3951,"template":"","meta":{"_et_pb_use_builder":"","_et_pb_old_content":"","_et_gb_content_width":""},"product_brand":[],"product_cat":[11312],"product_tag":[],"class_list":{"0":"post-3952","1":"product","2":"type-product","3":"status-publish","4":"has-post-thumbnail","6":"product_cat-auto-vehicle-pulley","8":"first","9":"instock","10":"shipping-taxable","11":"product-type-simple"},"_links":{"self":[{"href":"https:\/\/agricultural-gear-boxes.com\/pt\/wp-json\/wp\/v2\/product\/3952","targetHints":{"allow":["GET"]}}],"collection":[{"href":"https:\/\/agricultural-gear-boxes.com\/pt\/wp-json\/wp\/v2\/product"}],"about":[{"href":"https:\/\/agricultural-gear-boxes.com\/pt\/wp-json\/wp\/v2\/types\/product"}],"wp:featuredmedia":[{"embeddable":true,"href":"https:\/\/agricultural-gear-boxes.com\/pt\/wp-json\/wp\/v2\/media\/3951"}],"wp:attachment":[{"href":"https:\/\/agricultural-gear-boxes.com\/pt\/wp-json\/wp\/v2\/media?parent=3952"}],"wp:term":[{"taxonomy":"product_brand","embeddable":true,"href":"https:\/\/agricultural-gear-boxes.com\/pt\/wp-json\/wp\/v2\/product_brand?post=3952"},{"taxonomy":"product_cat","embeddable":true,"href":"https:\/\/agricultural-gear-boxes.com\/pt\/wp-json\/wp\/v2\/product_cat?post=3952"},{"taxonomy":"product_tag","embeddable":true,"href":"https:\/\/agricultural-gear-boxes.com\/pt\/wp-json\/wp\/v2\/product_tag?post=3952"}],"curies":[{"name":"wp","href":"https:\/\/api.w.org\/{rel}","templated":true}]}}