{"id":3958,"date":"2024-09-02T05:37:49","date_gmt":"2024-09-02T05:37:49","guid":{"rendered":"https:\/\/agricultural-gear-boxes.com\/product\/split-collar\/"},"modified":"2024-09-02T05:37:49","modified_gmt":"2024-09-02T05:37:49","slug":"split-collar","status":"publish","type":"product","link":"https:\/\/agricultural-gear-boxes.com\/pt\/product\/split-collar\/","title":{"rendered":"Gola Dividida"},"content":{"rendered":"<p><h2>Colarinho dividido: proporcionando for\u00e7a de fixa\u00e7\u00e3o superior para v\u00e1rias aplica\u00e7\u00f5es<\/h2><\/p>\n<p>If you&#8217;re looking for a reliable and efficient solution to secure shafts, look no further than the versatile split collar. Designed to provide an evenly distributed clamping force, the split collar offers a tighter fit and increased holding power without causing any damage to the shaft. Say goodbye to the common issues associated with set screw shaft collars!<\/p>\n<p>Dispon\u00edveis em uma variedade de tamanhos de furo, os colares de eixo bipartido simples da EPT Superior Products s\u00e3o ideais para uma ampla variedade de aplica\u00e7\u00f5es. N\u00e3o importa se voc\u00ea precisa fixar um eixo redondo padr\u00e3o r\u00edgido ou macio, um cubo bipartido ou um tubo de parede fina, esses colares de fixa\u00e7\u00e3o de uma pe\u00e7a s\u00e3o a escolha perfeita.<\/p>\n<p><h3>Ajustabilidade incompar\u00e1vel e f\u00e1cil remo\u00e7\u00e3o<\/h3><\/p>\n<p>Uma das caracter\u00edsticas de destaque das coleiras divididas \u00e9 sua infinita ajustabilidade. Voc\u00ea pode facilmente ajustar a coleira para obter o ajuste e a firmeza desejados. Al\u00e9m disso, se voc\u00ea precisar remover a coleira por qualquer motivo, isso pode ser feito sem esfor\u00e7o.<\/p>\n<p><h3>Ader\u00eancia e durabilidade superiores<\/h3><\/p>\n<p>Ao contr\u00e1rio de colares s\u00f3lidos que dependem de parafusos de fixa\u00e7\u00e3o, colares de divis\u00e3o simples usam fric\u00e7\u00e3o para fornecer uma ader\u00eancia superior em barras e eixos. Isso n\u00e3o s\u00f3 garante resultados mais resistentes e confi\u00e1veis, mas tamb\u00e9m minimiza a distor\u00e7\u00e3o do eixo para desempenho superior e menor desgaste.<\/p>\n<p>With DSP&#8217;s stainless steel and black oxide single split collars, you can rely on their compatibility with almost any shaft. These collars are not only durable but also cost-effective and incredibly easy to use. Simply slide the collar into position and tighten the screw to lock it securely in place.<\/p>\n<p><h3>Aplica\u00e7\u00f5es e benef\u00edcios:<\/h3><\/p>\n<ul>\n<li>Perfeito para fixar eixos redondos padr\u00e3o r\u00edgidos ou macios, cubos divididos ou tubos de parede fina<\/li>\n<li>Fornece uma for\u00e7a de fixa\u00e7\u00e3o uniformemente distribu\u00edda<\/li>\n<li>Ajuste mais firme e maior poder de fixa\u00e7\u00e3o<\/li>\n<li>Minimiza os danos ao eixo associados aos colares dos parafusos de fixa\u00e7\u00e3o<\/li>\n<li>Oferece ader\u00eancia superior e menor desgaste<\/li>\n<li>Indefinidamente ajust\u00e1vel e f\u00e1cil de remover<\/li>\n<li>Compat\u00edvel com v\u00e1rios eixos<\/li>\n<\/ul>\n<p><h3>Instala\u00e7\u00e3o, Manuten\u00e7\u00e3o e Reparo<\/h3><\/p>\n<p>Instalar um colar dividido \u00e9 moleza. Basta posicionar o colar no local desejado do eixo e apertar o parafuso para prend\u00ea-lo firmemente. Inspe\u00e7\u00e3o e manuten\u00e7\u00e3o regulares s\u00e3o recomendadas para garantir o desempenho ideal. Em caso de problemas, como desgaste ou danos, o colar pode ser facilmente substitu\u00eddo.<\/p>\n<p><h3>Sobre nossa empresa<\/h3><\/p>\n<p>Al\u00e9m do colarinho bipartido excepcional, nossa empresa oferece uma ampla gama de engrenagens pl\u00e1sticas de alta qualidade usadas em v\u00e1rios setores. Nossa extensa linha de produtos inclui caixas de engrenagens agr\u00edcolas, eixos de sa\u00edda de pot\u00eancia, rodas dentadas, acoplamentos de fluido, redutores de engrenagem sem-fim, engrenagens e cremalheiras, correntes destac\u00e1veis, polias e polias, caixas de engrenagens planet\u00e1rias, polias de sincroniza\u00e7\u00e3o, buchas e muito mais.<\/p>\n<p>Temos orgulho em fornecer produtos de qualidade superior a pre\u00e7os competitivos, juntamente com um servi\u00e7o de atendimento ao cliente atencioso e atencioso. Nossa equipe recebe os clientes para perguntar sobre personaliza\u00e7\u00f5es com base em desenhos ou amostras. Confie em n\u00f3s para todas as suas necessidades de equipamentos industriais!<\/p>\n<p><h3>Perguntas frequentes<\/h3><\/p>\n<ol>\n<li>\n<h4>Colares divididos podem ser usados em diferentes tipos de eixos?<\/h4>\n<p>Sim, os colares divididos s\u00e3o compat\u00edveis com v\u00e1rios tipos de eixos, incluindo eixos redondos padr\u00e3o r\u00edgidos ou macios, cubos divididos e tubos de parede fina.<\/p>\n<\/li>\n<li>\n<h4>Como as golas divididas proporcionam ader\u00eancia superior?<\/h4>\n<p>Ao contr\u00e1rio dos colares de parafuso de fixa\u00e7\u00e3o, os colares divididos usam fric\u00e7\u00e3o para proporcionar uma ader\u00eancia superior nas barras e eixos, garantindo resultados mais resistentes e confi\u00e1veis.<\/p>\n<\/li>\n<li>\n<h4>Os colares bipartidos s\u00e3o f\u00e1ceis de instalar e remover?<\/h4>\n<p>Absolutamente! Os colares divididos s\u00e3o incrivelmente f\u00e1ceis de instalar e podem ser removidos sem esfor\u00e7o quando necess\u00e1rio.<\/p>\n<\/li>\n<li>\n<h4>O colarinho dividido pode ser ajustado para atingir diferentes n\u00edveis de aperto?<\/h4>\n<p>Sim, o colar dividido oferece ajuste infinito, permitindo que voc\u00ea alcance o n\u00edvel desejado de aperto para sua aplica\u00e7\u00e3o espec\u00edfica.<\/p>\n<\/li>\n<li>\n<h4>Quais s\u00e3o as vantagens de usar colares bipartidos em vez de colares com parafusos de fixa\u00e7\u00e3o?<\/h4>\n<p>Colares divididos proporcionam um ajuste mais firme, maior poder de reten\u00e7\u00e3o e minimizam danos ao eixo, oferecendo desempenho superior e menor desgaste em compara\u00e7\u00e3o aos colares de parafusos de fixa\u00e7\u00e3o.<\/p>\n<\/li>\n<\/ol>","protected":false},"excerpt":{"rendered":"<p>Split Collar: Delivering Superior Clamping Force for Various Applications If you&#8217;re looking for a reliable and efficient solution to secure shafts, look no further than the versatile split collar. Designed to provide an evenly distributed clamping force, the split collar offers a tighter fit and increased holding power without causing any damage to the shaft. [&hellip;]<\/p>","protected":false},"featured_media":3957,"template":"","meta":{"_et_pb_use_builder":"","_et_pb_old_content":"","_et_gb_content_width":""},"product_brand":[],"product_cat":[11313],"product_tag":[],"class_list":{"0":"post-3958","1":"product","2":"type-product","3":"status-publish","4":"has-post-thumbnail","6":"product_cat-shaft-collar","8":"first","9":"instock","10":"shipping-taxable","11":"product-type-simple"},"_links":{"self":[{"href":"https:\/\/agricultural-gear-boxes.com\/pt\/wp-json\/wp\/v2\/product\/3958","targetHints":{"allow":["GET"]}}],"collection":[{"href":"https:\/\/agricultural-gear-boxes.com\/pt\/wp-json\/wp\/v2\/product"}],"about":[{"href":"https:\/\/agricultural-gear-boxes.com\/pt\/wp-json\/wp\/v2\/types\/product"}],"wp:featuredmedia":[{"embeddable":true,"href":"https:\/\/agricultural-gear-boxes.com\/pt\/wp-json\/wp\/v2\/media\/3957"}],"wp:attachment":[{"href":"https:\/\/agricultural-gear-boxes.com\/pt\/wp-json\/wp\/v2\/media?parent=3958"}],"wp:term":[{"taxonomy":"product_brand","embeddable":true,"href":"https:\/\/agricultural-gear-boxes.com\/pt\/wp-json\/wp\/v2\/product_brand?post=3958"},{"taxonomy":"product_cat","embeddable":true,"href":"https:\/\/agricultural-gear-boxes.com\/pt\/wp-json\/wp\/v2\/product_cat?post=3958"},{"taxonomy":"product_tag","embeddable":true,"href":"https:\/\/agricultural-gear-boxes.com\/pt\/wp-json\/wp\/v2\/product_tag?post=3958"}],"curies":[{"name":"wp","href":"https:\/\/api.w.org\/{rel}","templated":true}]}}