{"id":3967,"date":"2024-09-02T05:37:54","date_gmt":"2024-09-02T05:37:54","guid":{"rendered":"https:\/\/agricultural-gear-boxes.com\/product\/steel-collar\/"},"modified":"2024-09-02T05:37:55","modified_gmt":"2024-09-02T05:37:55","slug":"steel-collar","status":"publish","type":"product","link":"https:\/\/agricultural-gear-boxes.com\/pt\/product\/steel-collar\/","title":{"rendered":"Colar de A\u00e7o"},"content":{"rendered":"<h2>Colar de a\u00e7o: uma solu\u00e7\u00e3o de alta qualidade para ambientes corrosivos<\/h2>\n<p>O Climax Part 1C-056-S Clamping Collar \u00e9 uma solu\u00e7\u00e3o confi\u00e1vel e dur\u00e1vel feita com a\u00e7o inoxid\u00e1vel T303, o que o torna eficaz em ambientes corrosivos. Este colar de a\u00e7o \u00e9 ideal para uso em eixos duros e macios, pois tem um design que envolve totalmente o eixo sem danificar. Al\u00e9m disso, tem uma for\u00e7a de fixa\u00e7\u00e3o de 360?? que garante um ajuste seguro e prote\u00e7\u00e3o contra danos ao eixo.<\/p>\n<h3>Vantagens do colar de a\u00e7o<\/h3>\n<ul>\n<li>Eficaz em eixos duros e macios<\/li>\n<li>O design envolve totalmente o eixo sem danificar<\/li>\n<li>For\u00e7a de aperto de 360??<\/li>\n<li>O a\u00e7o inoxid\u00e1vel T303 \u00e9 eficaz em ambientes corrosivos<\/li>\n<\/ul>\n<h3>Instala\u00e7\u00e3o, Manuten\u00e7\u00e3o e Reparo<\/h3>\n<p>A instala\u00e7\u00e3o do colar de a\u00e7o \u00e9 r\u00e1pida e f\u00e1cil. Ele pode ser fixado no lugar usando parafusos sextavados padr\u00e3o. Para garantir sua longevidade, \u00e9 recomendada manuten\u00e7\u00e3o regular, que inclui limpeza e inspe\u00e7\u00e3o do colar para quaisquer sinais de danos. Se algum dano for encontrado, \u00e9 aconselh\u00e1vel substituir o colar imediatamente, pois um colar danificado pode causar s\u00e9rios danos ao eixo.<\/p>\n<h3>Cen\u00e1rios de uso comum<\/h3>\n<p>O colar de a\u00e7o \u00e9 comumente usado em aplica\u00e7\u00f5es industriais, incluindo sistemas de transporte, equipamentos de transmiss\u00e3o de energia e m\u00e1quinas. Ele tamb\u00e9m \u00e9 usado em equipamentos agr\u00edcolas, equipamentos mar\u00edtimos e at\u00e9 mesmo em certas aplica\u00e7\u00f5es automotivas.<\/p>\n<h3>Outros produtos da nossa empresa<\/h3>\n<p>Al\u00e9m do colar de a\u00e7o, nossa empresa fornece uma ampla gama de engrenagens de pl\u00e1stico usadas na ind\u00fastria, como caixas de engrenagens agr\u00edcolas, eixos de sa\u00edda de pot\u00eancia, rodas dentadas, acoplamentos de fluido, redutores de engrenagem sem-fim, engrenagens e cremalheiras, correntes destac\u00e1veis, polias e polias, caixas de engrenagens planet\u00e1rias, polias de sincroniza\u00e7\u00e3o, buchas e muito mais. Estamos comprometidos em fornecer produtos de alta qualidade a um pre\u00e7o favor\u00e1vel com servi\u00e7o atencioso. Damos as boas-vindas aos clientes para virem at\u00e9 n\u00f3s para desenho ou personaliza\u00e7\u00e3o de amostra.<\/p>\n<h2>Perguntas frequentes sobre colar de a\u00e7o<\/h2>\n<h3>1. De que \u00e9 feito o colar de a\u00e7o?<\/h3>\n<p>O colar de a\u00e7o \u00e9 feito de a\u00e7o inoxid\u00e1vel T303, o que o torna eficaz em ambientes corrosivos.<\/p>\n<h3>2. Quais s\u00e3o as vantagens de usar um colar de a\u00e7o?<\/h3>\n<p>Um colar de a\u00e7o \u00e9 eficaz tanto em eixos r\u00edgidos quanto macios, envolve totalmente o eixo sem danificar e tem uma for\u00e7a de fixa\u00e7\u00e3o de 360?? que garante um encaixe seguro e prote\u00e7\u00e3o contra danos ao eixo.<\/p>\n<h3>3. Como posso instalar o colar de a\u00e7o?<\/h3>\n<p>O colar de a\u00e7o pode ser fixado no lugar usando parafusos sextavados padr\u00e3o.<\/p>\n<h3>4. Com que frequ\u00eancia devo realizar manuten\u00e7\u00e3o no colar de a\u00e7o?<\/h3>\n<p>Recomenda-se manuten\u00e7\u00e3o regular, que inclui limpeza e inspe\u00e7\u00e3o da coleira para detectar quaisquer sinais de danos.<\/p>\n<h3>5. Um colar de a\u00e7o danificado pode causar danos ao eixo?<\/h3>\n<p>Sim, um colar danificado pode causar s\u00e9rios danos ao eixo e deve ser substitu\u00eddo imediatamente se algum dano for encontrado.<\/p>","protected":false},"excerpt":{"rendered":"<p>Steel Collar: A High-Quality Solution for Corrosive Environments The Climax Part 1C-056-S Clamping Collar is a reliable and durable solution made with T303 Stainless Steel, which makes it effective in corrosive environments. This steel collar is ideal for use on both hard and soft shafts, as it has a design that fully engages the shaft [&hellip;]<\/p>","protected":false},"featured_media":3966,"template":"","meta":{"_et_pb_use_builder":"","_et_pb_old_content":"","_et_gb_content_width":""},"product_brand":[],"product_cat":[11313],"product_tag":[],"class_list":{"0":"post-3967","1":"product","2":"type-product","3":"status-publish","4":"has-post-thumbnail","6":"product_cat-shaft-collar","8":"first","9":"instock","10":"shipping-taxable","11":"product-type-simple"},"_links":{"self":[{"href":"https:\/\/agricultural-gear-boxes.com\/pt\/wp-json\/wp\/v2\/product\/3967","targetHints":{"allow":["GET"]}}],"collection":[{"href":"https:\/\/agricultural-gear-boxes.com\/pt\/wp-json\/wp\/v2\/product"}],"about":[{"href":"https:\/\/agricultural-gear-boxes.com\/pt\/wp-json\/wp\/v2\/types\/product"}],"wp:featuredmedia":[{"embeddable":true,"href":"https:\/\/agricultural-gear-boxes.com\/pt\/wp-json\/wp\/v2\/media\/3966"}],"wp:attachment":[{"href":"https:\/\/agricultural-gear-boxes.com\/pt\/wp-json\/wp\/v2\/media?parent=3967"}],"wp:term":[{"taxonomy":"product_brand","embeddable":true,"href":"https:\/\/agricultural-gear-boxes.com\/pt\/wp-json\/wp\/v2\/product_brand?post=3967"},{"taxonomy":"product_cat","embeddable":true,"href":"https:\/\/agricultural-gear-boxes.com\/pt\/wp-json\/wp\/v2\/product_cat?post=3967"},{"taxonomy":"product_tag","embeddable":true,"href":"https:\/\/agricultural-gear-boxes.com\/pt\/wp-json\/wp\/v2\/product_tag?post=3967"}],"curies":[{"name":"wp","href":"https:\/\/api.w.org\/{rel}","templated":true}]}}