{"id":3969,"date":"2024-09-02T05:37:56","date_gmt":"2024-09-02T05:37:56","guid":{"rendered":"https:\/\/agricultural-gear-boxes.com\/product\/clamping-shaft-collars\/"},"modified":"2024-09-02T05:37:56","modified_gmt":"2024-09-02T05:37:56","slug":"clamping-shaft-collars","status":"publish","type":"product","link":"https:\/\/agricultural-gear-boxes.com\/pt\/product\/clamping-shaft-collars\/","title":{"rendered":"Colares de eixo de fixa\u00e7\u00e3o"},"content":{"rendered":"<h2>Colares de eixo de fixa\u00e7\u00e3o: uma solu\u00e7\u00e3o vers\u00e1til para transmiss\u00e3o de pot\u00eancia<\/h2>\n<p>Colares de eixo podem parecer componentes simples, mas sua import\u00e2ncia na ind\u00fastria de transmiss\u00e3o de energia n\u00e3o pode ser subestimada. Esses colares encontram aplica\u00e7\u00f5es extensivas em v\u00e1rios equipamentos, servindo a prop\u00f3sitos como batentes mec\u00e2nicos, localizadores de componentes e faces de mancais. Al\u00e9m disso, eles s\u00e3o frequentemente usados em conjunto com outros componentes para criar conjuntos para motores, caixas de engrenagens e outros equipamentos de transmiss\u00e3o de energia.<\/p>\n<p>Na EPT, desenvolvemos uma gama de colares de eixo de fixa\u00e7\u00e3o r\u00e1pida que oferecem uma solu\u00e7\u00e3o \u00fanica e eficiente. Ao contr\u00e1rio dos designs tradicionais que dependem de parafusos separados, nossos colares apresentam uma alavanca de fixa\u00e7\u00e3o integral de baixo perfil. Este design inovador permite ajustes r\u00e1pidos de posicionamento em aplica\u00e7\u00f5es de eixo estacion\u00e1rio leve ou rotativo de baixa rota\u00e7\u00e3o. \u00c9 particularmente \u00fatil em cen\u00e1rios que exigem mudan\u00e7as ou ajustes frequentes de configura\u00e7\u00e3o, onde o uso de ferramentas pode n\u00e3o ser pr\u00e1tico. Al\u00e9m disso, nossos colares de fixa\u00e7\u00e3o r\u00e1pida s\u00e3o projetados para evitar qualquer dano ou estrago no eixo.<\/p>\n<h3>Advantages of EPT&#8217;s Quick-Clamping Shaft Collars<\/h3>\n<ul>\n<li>Instala\u00e7\u00e3o eficiente: a alavanca de fixa\u00e7\u00e3o integrada permite uma instala\u00e7\u00e3o f\u00e1cil e r\u00e1pida sem a necessidade de ferramentas adicionais.<\/li>\n<li>Aplica\u00e7\u00f5es vers\u00e1teis: esses colares podem ser usados em v\u00e1rios cen\u00e1rios, desde paradas mec\u00e2nicas at\u00e9 posicionamento de componentes.<\/li>\n<li>Durable Construction: EPT&#8217;s collars are made from high-quality materials, ensuring long-lasting performance and resistance to wear and tear.<\/li>\n<li>Flexibilidade de ajuste: O mecanismo de fixa\u00e7\u00e3o r\u00e1pida permite ajustes f\u00e1ceis e frequentes, tornando-o adequado para aplica\u00e7\u00f5es que exigem mudan\u00e7as frequentes.<\/li>\n<li>Compatibilidade: Nossos colares podem ser usados com uma ampla variedade de tamanhos de eixo, oferecendo versatilidade em diferentes configura\u00e7\u00f5es.<\/li>\n<\/ul>\n<h3>Instala\u00e7\u00e3o, Manuten\u00e7\u00e3o e Reparo<\/h3>\n<p>Installing and maintaining EPT&#8217;s quick-clamping shaft collars is a straightforward process. Follow these steps:<\/p>\n<ol>\n<li>Deslize o colar no eixo, garantindo um ajuste firme.<\/li>\n<li>Engate a alavanca de fixa\u00e7\u00e3o para fixar o colar no lugar. A alavanca deve ser apertada o suficiente para evitar qualquer deslizamento, mas n\u00e3o excessivamente apertada.<\/li>\n<li>Para ajustar a posi\u00e7\u00e3o, basta desengatar a alavanca, fazer as altera\u00e7\u00f5es necess\u00e1rias e engatar novamente a alavanca.<\/li>\n<li>Inspecione regularmente a coleira para sinais de desgaste. Se algum dano for detectado, substitua a coleira para manter o desempenho ideal.<\/li>\n<\/ol>\n<h3>EPT: Sua fonte de componentes de transmiss\u00e3o de energia de alta qualidade<\/h3>\n<p>Al\u00e9m de nossos colares de eixo de fixa\u00e7\u00e3o r\u00e1pida, a EPT oferece uma ampla gama de componentes de transmiss\u00e3o de pot\u00eancia. Nossos produtos incluem engrenagens de pl\u00e1stico, caixas de engrenagens agr\u00edcolas, eixos de sa\u00edda de pot\u00eancia, rodas dentadas, acoplamentos de fluido, redutores de engrenagem sem-fim, engrenagens e cremalheiras, correntes destac\u00e1veis, polias e polias, caixas de engrenagens planet\u00e1rias, polias de sincroniza\u00e7\u00e3o, buchas e muito mais.<\/p>\n<p>Temos orgulho em fornecer produtos de alta qualidade a pre\u00e7os competitivos, apoiados por um excelente atendimento ao cliente. Se voc\u00ea precisa de componentes padr\u00e3o ou requer personaliza\u00e7\u00e3o com base em seus requisitos espec\u00edficos, a EPT est\u00e1 aqui para atender \u00e0s suas necessidades de transmiss\u00e3o de energia. Entre em contato conosco hoje mesmo para explorar nossas ofertas e experimentar nosso compromisso com a qualidade e a satisfa\u00e7\u00e3o do cliente.<\/p>\n<h2>Perguntas e respostas:<\/h2>\n<ol>\n<li><strong>P: Os colares de eixo de fixa\u00e7\u00e3o r\u00e1pida podem ser usados em aplica\u00e7\u00f5es rotativas de alta velocidade?<\/strong><\/li>\n<p>R: Embora os colares de fixa\u00e7\u00e3o r\u00e1pida sejam projetados principalmente para aplica\u00e7\u00f5es de eixos rotativos de baixa rota\u00e7\u00e3o ou estacion\u00e1rios de servi\u00e7o leve, eles podem n\u00e3o ser adequados para opera\u00e7\u00f5es de alta velocidade. Para aplica\u00e7\u00f5es de alta velocidade, \u00e9 recomendado usar colares projetados especificamente para tais requisitos.<\/p>\n<li><strong>P: Essas coleiras exigem alguma ferramenta especializada para instala\u00e7\u00e3o?<\/strong><\/li>\n<p>R: N\u00e3o, a alavanca de fixa\u00e7\u00e3o integrada elimina a necessidade de ferramentas adicionais durante a instala\u00e7\u00e3o. Ela oferece instala\u00e7\u00e3o r\u00e1pida e f\u00e1cil sem qualquer aborrecimento.<\/p>\n<li><strong>P: Posso substituir um colar danificado sem substituir todo o conjunto?<\/strong><\/li>\n<p>R: Sim, se um colar de eixo for danificado ou desgastado, ele pode ser substitu\u00eddo individualmente sem a necessidade de substituir o conjunto inteiro. Isso torna a manuten\u00e7\u00e3o mais econ\u00f4mica e eficiente.<\/p>\n<li><strong>P: Essas coleiras s\u00e3o compat\u00edveis com diferentes tamanhos de eixo?<\/strong><\/li>\n<p>A: Yes, EPT&#8217;s quick-clamping collars are designed to be compatible with a wide range of shaft sizes. This allows for versatility and ease of use in various setups.<\/p>\n<li><strong>P: De que materiais essas coleiras s\u00e3o feitas?<\/strong><\/li>\n<p>A: EPT&#8217;s quick-clamping shaft collars are typically made from high-quality materials such as stainless steel or aluminum. The choice of material depends on the specific application requirements.<\/p>\n<\/ol>","protected":false},"excerpt":{"rendered":"<p>Clamping Shaft Collars: A Versatile Solution for Power Transmission Shaft collars may seem like simple components, but their importance in the power transmission industry cannot be underestimated. These collars find extensive applications across various equipment, serving purposes such as mechanical stops, component locators, and bearing faces. Furthermore, they are often used in conjunction with other [&hellip;]<\/p>","protected":false},"featured_media":3968,"template":"","meta":{"_et_pb_use_builder":"","_et_pb_old_content":"","_et_gb_content_width":""},"product_brand":[],"product_cat":[11313],"product_tag":[],"class_list":{"0":"post-3969","1":"product","2":"type-product","3":"status-publish","4":"has-post-thumbnail","6":"product_cat-shaft-collar","8":"first","9":"instock","10":"shipping-taxable","11":"product-type-simple"},"_links":{"self":[{"href":"https:\/\/agricultural-gear-boxes.com\/pt\/wp-json\/wp\/v2\/product\/3969","targetHints":{"allow":["GET"]}}],"collection":[{"href":"https:\/\/agricultural-gear-boxes.com\/pt\/wp-json\/wp\/v2\/product"}],"about":[{"href":"https:\/\/agricultural-gear-boxes.com\/pt\/wp-json\/wp\/v2\/types\/product"}],"wp:featuredmedia":[{"embeddable":true,"href":"https:\/\/agricultural-gear-boxes.com\/pt\/wp-json\/wp\/v2\/media\/3968"}],"wp:attachment":[{"href":"https:\/\/agricultural-gear-boxes.com\/pt\/wp-json\/wp\/v2\/media?parent=3969"}],"wp:term":[{"taxonomy":"product_brand","embeddable":true,"href":"https:\/\/agricultural-gear-boxes.com\/pt\/wp-json\/wp\/v2\/product_brand?post=3969"},{"taxonomy":"product_cat","embeddable":true,"href":"https:\/\/agricultural-gear-boxes.com\/pt\/wp-json\/wp\/v2\/product_cat?post=3969"},{"taxonomy":"product_tag","embeddable":true,"href":"https:\/\/agricultural-gear-boxes.com\/pt\/wp-json\/wp\/v2\/product_tag?post=3969"}],"curies":[{"name":"wp","href":"https:\/\/api.w.org\/{rel}","templated":true}]}}