{"id":4003,"date":"2024-09-02T05:47:30","date_gmt":"2024-09-02T05:47:30","guid":{"rendered":"https:\/\/agricultural-gear-boxes.com\/product\/cardan-shaft\/"},"modified":"2024-09-02T05:47:30","modified_gmt":"2024-09-02T05:47:30","slug":"cardan-shaft","status":"publish","type":"product","link":"https:\/\/agricultural-gear-boxes.com\/pt\/product\/cardan-shaft\/","title":{"rendered":"Eixo Cardan"},"content":{"rendered":"<h2>Eixo Cardan: A Solu\u00e7\u00e3o Vers\u00e1til para Transfer\u00eancia de Torque Confi\u00e1vel<\/h2>\n<p>O Cardan Shaft, tamb\u00e9m conhecido como junta universal ou junta u, \u00e9 um componente essencial que permite transfer\u00eancia de torque confi\u00e1vel entre trens de acionamento e sa\u00edda espacialmente remotos. Na EPT, oferecemos uma gama de Cardan Shafts de alto desempenho que fornecem solu\u00e7\u00f5es de acionamento mec\u00e2nico eficientes em v\u00e1rios setores industriais.<\/p>\n<h3>Vantagens e cen\u00e1rios de uso comuns<\/h3>\n<ul>\n<li>Alta efici\u00eancia: Nossos eixos cardan s\u00e3o projetados com foco na otimiza\u00e7\u00e3o de peso e efici\u00eancia energ\u00e9tica, garantindo transfer\u00eancia de torque ideal.<\/li>\n<li>Design vers\u00e1til: com seu design flex\u00edvel e vers\u00e1til, nossas juntas universais podem ser usadas em quase qualquer aplica\u00e7\u00e3o industrial.<\/li>\n<li>Forte e dur\u00e1vel: por meio de m\u00e9todos avan\u00e7ados e c\u00e1lculos FEM, desenvolvemos eixos cardan com resist\u00eancias e di\u00e2metros de parede de tubo ideais, proporcionando alta resist\u00eancia \u00e0 tor\u00e7\u00e3o e \u00e0 flex\u00e3o.<\/li>\n<li>Ampla sele\u00e7\u00e3o de materiais: utilizamos a\u00e7o temperado, a\u00e7o cementado e tubos de a\u00e7o de precis\u00e3o calibrados para atender a requisitos exigentes, incluindo classifica\u00e7\u00e3o mar\u00edtima e aplica\u00e7\u00f5es em ve\u00edculos ferrovi\u00e1rios.<\/li>\n<li>Baixa manuten\u00e7\u00e3o: Nossos eixos cardan s\u00e3o conhecidos por seus componentes de baixa manuten\u00e7\u00e3o, reduzindo os custos de manuten\u00e7\u00e3o durante todo o ciclo de vida do produto.<\/li>\n<li>Balanceamento din\u00e2mico: Nossos sistemas de balanceamento din\u00e2mico permitem o balanceamento preciso de eixos de junta universal, resultando em vibra\u00e7\u00f5es reduzidas, vida \u00fatil mais longa e menos ru\u00eddo operacional.<\/li>\n<\/ul>\n<h3>Instala\u00e7\u00e3o, Manuten\u00e7\u00e3o e Reparo<\/h3>\n<p>A instala\u00e7\u00e3o de um eixo cardan requer alinhamento cuidadoso e especifica\u00e7\u00f5es de torque adequadas. A inspe\u00e7\u00e3o e lubrifica\u00e7\u00e3o regulares das juntas universais s\u00e3o cruciais para manter o desempenho ideal e evitar desgaste prematuro. Em caso de danos ou desgaste, \u00e9 recomend\u00e1vel substituir os componentes defeituosos imediatamente para garantir uma opera\u00e7\u00e3o confi\u00e1vel cont\u00ednua.<\/p>\n<h3>Hist\u00f3rico e classifica\u00e7\u00e3o do produto<\/h3>\n<p>A hist\u00f3ria dos Cardan Shafts remonta ao s\u00e9culo XVI, quando o matem\u00e1tico italiano Gerolamo Cardano inventou o mecanismo de junta universal. Desde ent\u00e3o, esses vers\u00e1teis eixos evolu\u00edram para atender a v\u00e1rias demandas industriais. Os Cardan Shafts podem ser classificados com base em fatores como tamanho, capacidade de torque e aplica\u00e7\u00f5es industriais espec\u00edficas.<\/p>\n<h3>Materiais usados<\/h3>\n<p>Nossos Cardan Shafts s\u00e3o fabricados usando materiais de alta qualidade que garantem desempenho e durabilidade excepcionais. Esses materiais incluem a\u00e7o temperado, a\u00e7o cementado e tubos de a\u00e7o de precis\u00e3o calibrados. Cada material \u00e9 cuidadosamente selecionado para atender aos requisitos espec\u00edficos de diferentes ind\u00fastrias e aplica\u00e7\u00f5es.<\/p>\n<h2>Outros produtos de qualidade da nossa empresa<\/h2>\n<p>Al\u00e9m de Cardan Shafts, nossa empresa fornece uma ampla gama de engrenagens pl\u00e1sticas de alta qualidade para v\u00e1rios prop\u00f3sitos industriais. Nossas ofertas de produtos incluem caixas de engrenagens agr\u00edcolas, eixos de sa\u00edda de pot\u00eancia, rodas dentadas, acoplamentos de fluido, redutores de engrenagem sem-fim, engrenagens e cremalheiras, correntes destac\u00e1veis, polias e polias, caixas de engrenagens planet\u00e1rias, polias de sincroniza\u00e7\u00e3o, buchas e muito mais.<\/p>\n<p>Temos orgulho em fornecer produtos de primeira linha a pre\u00e7os competitivos, juntamente com um excelente atendimento ao cliente. Se voc\u00ea precisa de componentes padr\u00e3o ou solu\u00e7\u00f5es personalizadas com base em suas necessidades espec\u00edficas, convidamos voc\u00ea a explorar nossa ampla gama de produtos.<\/p>\n<h2>Perguntas e respostas:<\/h2>\n<h3>1. Qual \u00e9 a fun\u00e7\u00e3o principal de um eixo cardan?<\/h3>\n<p>Um eixo cardan facilita a transfer\u00eancia confi\u00e1vel de torque entre trens de acionamento e sa\u00edda espacialmente remotos, garantindo uma transmiss\u00e3o de pot\u00eancia eficiente.<\/p>\n<h3>2. Quais s\u00e3o as vantagens de usar eixos cardan?<\/h3>\n<p>Os eixos cardan oferecem alta efici\u00eancia, versatilidade no design, constru\u00e7\u00e3o forte e dur\u00e1vel, uma ampla gama de op\u00e7\u00f5es de materiais, baixa necessidade de manuten\u00e7\u00e3o e vibra\u00e7\u00f5es reduzidas para melhor desempenho e longevidade.<\/p>\n<h3>3. Como um eixo cardan deve ser instalado?<\/h3>\n<p>Durante a instala\u00e7\u00e3o, \u00e9 crucial alinhar o Cardan Shaft corretamente e apertar os fixadores de acordo com as especifica\u00e7\u00f5es de torque recomendadas. Assist\u00eancia profissional de instala\u00e7\u00e3o pode ser necess\u00e1ria para garantir o alinhamento preciso.<\/p>\n<h3>4. Quais materiais s\u00e3o comumente usados na constru\u00e7\u00e3o do eixo cardan?<\/h3>\n<p>Os eixos cardan s\u00e3o normalmente fabricados usando a\u00e7o temperado, a\u00e7o cementado e tubos de a\u00e7o de precis\u00e3o calibrados para garantir resist\u00eancia e durabilidade ideais.<\/p>\n<h3>5. Os eixos cardan podem ser personalizados para aplica\u00e7\u00f5es espec\u00edficas?<\/h3>\n<p>Sim, em nossa empresa, oferecemos servi\u00e7os de personaliza\u00e7\u00e3o para adaptar Cardan Shafts com base nos requisitos exclusivos de nossos clientes. Podemos desenvolver solu\u00e7\u00f5es que atendem \u00e0s necessidades espec\u00edficas de capacidade de torque, tamanho e aplica\u00e7\u00e3o industrial.<\/p>","protected":false},"excerpt":{"rendered":"<p>Cardan Shaft: The Versatile Solution for Reliable Torque Transfer The Cardan Shaft, also known as a universal joint or u-joint, is an essential component that enables reliable torque transfer between spatially remote drive and output trains. At EPT, we offer a range of high-performance Cardan Shafts that provide efficient mechanical drive solutions across various industrial [&hellip;]<\/p>","protected":false},"featured_media":4002,"template":"","meta":{"_et_pb_use_builder":"","_et_pb_old_content":"","_et_gb_content_width":""},"product_brand":[],"product_cat":[11314],"product_tag":[],"class_list":{"0":"post-4003","1":"product","2":"type-product","3":"status-publish","4":"has-post-thumbnail","6":"product_cat-drive-shaft-cardan-shaft","8":"first","9":"instock","10":"shipping-taxable","11":"product-type-simple"},"_links":{"self":[{"href":"https:\/\/agricultural-gear-boxes.com\/pt\/wp-json\/wp\/v2\/product\/4003","targetHints":{"allow":["GET"]}}],"collection":[{"href":"https:\/\/agricultural-gear-boxes.com\/pt\/wp-json\/wp\/v2\/product"}],"about":[{"href":"https:\/\/agricultural-gear-boxes.com\/pt\/wp-json\/wp\/v2\/types\/product"}],"wp:featuredmedia":[{"embeddable":true,"href":"https:\/\/agricultural-gear-boxes.com\/pt\/wp-json\/wp\/v2\/media\/4002"}],"wp:attachment":[{"href":"https:\/\/agricultural-gear-boxes.com\/pt\/wp-json\/wp\/v2\/media?parent=4003"}],"wp:term":[{"taxonomy":"product_brand","embeddable":true,"href":"https:\/\/agricultural-gear-boxes.com\/pt\/wp-json\/wp\/v2\/product_brand?post=4003"},{"taxonomy":"product_cat","embeddable":true,"href":"https:\/\/agricultural-gear-boxes.com\/pt\/wp-json\/wp\/v2\/product_cat?post=4003"},{"taxonomy":"product_tag","embeddable":true,"href":"https:\/\/agricultural-gear-boxes.com\/pt\/wp-json\/wp\/v2\/product_tag?post=4003"}],"curies":[{"name":"wp","href":"https:\/\/api.w.org\/{rel}","templated":true}]}}