{"id":4005,"date":"2024-09-02T05:47:31","date_gmt":"2024-09-02T05:47:31","guid":{"rendered":"https:\/\/agricultural-gear-boxes.com\/product\/flexible-drive-shaft\/"},"modified":"2024-09-02T05:47:31","modified_gmt":"2024-09-02T05:47:31","slug":"flexible-drive-shaft","status":"publish","type":"product","link":"https:\/\/agricultural-gear-boxes.com\/pt\/product\/flexible-drive-shaft\/","title":{"rendered":"Eixo de transmiss\u00e3o flex\u00edvel"},"content":{"rendered":"<h2>Eixo de transmiss\u00e3o flex\u00edvel: melhorando a efici\u00eancia da transmiss\u00e3o de pot\u00eancia<\/h2>\n<p>O eixo de transmiss\u00e3o flex\u00edvel \u00e9 um componente vers\u00e1til que oferece uma ampla gama de benef\u00edcios em aplica\u00e7\u00f5es de transmiss\u00e3o de pot\u00eancia. Com a capacidade de superar problemas de desalinhamento, absorver vibra\u00e7\u00f5es e simplificar projetos, essa tecnologia inovadora tornou-se a escolha preferida em diversos setores. Seja transmitindo pot\u00eancia em curvas ou para dentro de m\u00e1quinas, o eixo de transmiss\u00e3o flex\u00edvel oferece um alto grau de liberdade na localiza\u00e7\u00e3o das fontes de acionamento, tornando-se uma solu\u00e7\u00e3o indispens\u00e1vel para muitos problemas complexos de acionamento.<\/p>\n<h3>Uma breve hist\u00f3ria e classifica\u00e7\u00e3o de eixos de transmiss\u00e3o flex\u00edveis<\/h3>\n<p>Os eixos de transmiss\u00e3o flex\u00edveis t\u00eam uma rica hist\u00f3ria que remonta a v\u00e1rias d\u00e9cadas. Originalmente desenvolvidos para aplica\u00e7\u00f5es automotivas, eles evolu\u00edram ao longo do tempo para atender a v\u00e1rias ind\u00fastrias e necessidades de transmiss\u00e3o de energia. Hoje, h\u00e1 diferentes tipos de eixos de transmiss\u00e3o flex\u00edveis dispon\u00edveis, incluindo:<\/p>\n<ul>\n<li>Eixos de transmiss\u00e3o flex\u00edveis met\u00e1licos<\/li>\n<li>Eixos de transmiss\u00e3o flex\u00edveis emborrachados<\/li>\n<li>Eixos de transmiss\u00e3o flex\u00edveis \u00e0 base de pol\u00edmeros<\/li>\n<\/ul>\n<p>Cada tipo oferece vantagens exclusivas e \u00e9 adequado para aplica\u00e7\u00f5es espec\u00edficas, permitindo que os engenheiros adaptem suas solu\u00e7\u00f5es com base nos requisitos do projeto.<\/p>\n<h3>Benef\u00edcios do uso de eixos de transmiss\u00e3o flex\u00edveis<\/h3>\n<ul>\n<li><strong>Compensa\u00e7\u00e3o de desalinhamento:<\/strong> Eixos de transmiss\u00e3o flex\u00edveis s\u00e3o excelentes para compensar o desalinhamento entre os elementos de acionamento e acionados, garantindo uma transmiss\u00e3o de pot\u00eancia eficiente mesmo em condi\u00e7\u00f5es desafiadoras.<\/li>\n<li><strong>Amortecimento de vibra\u00e7\u00e3o:<\/strong> Esses eixos absorvem e isolam efetivamente as vibra\u00e7\u00f5es, evitando que elas se propaguem por todo o sistema e minimizando o risco de danos ou degrada\u00e7\u00e3o do desempenho.<\/li>\n<li><strong>Design simplificado:<\/strong> Ao eliminar a necessidade de juntas universais, engrenagens, polias ou acoplamentos expostos, os eixos de transmiss\u00e3o flex\u00edveis simplificam os projetos de transmiss\u00e3o de pot\u00eancia, reduzem o tempo de montagem e minimizam os requisitos de manuten\u00e7\u00e3o.<\/li>\n<li><strong>Instala\u00e7\u00e3o flex\u00edvel:<\/strong> A liberdade na localiza\u00e7\u00e3o de fontes de acionamento permite maior flexibilidade no projeto do sistema, permitindo que os engenheiros otimizem a utiliza\u00e7\u00e3o do espa\u00e7o e melhorem o desempenho geral.<\/li>\n<\/ul>\n<h3>Instala\u00e7\u00e3o, Manuten\u00e7\u00e3o e Reparo<\/h3>\n<p>Instalar, manter e reparar eixos de transmiss\u00e3o flex\u00edveis \u00e9 relativamente simples. Aqui est\u00e3o algumas diretrizes importantes:<\/p>\n<ul>\n<li>Antes da instala\u00e7\u00e3o, certifique-se de que o eixo esteja limpo e livre de quaisquer detritos ou contaminantes que possam afetar seu desempenho.<\/li>\n<li>Siga as instru\u00e7\u00f5es do fabricante sobre as t\u00e9cnicas adequadas de instala\u00e7\u00e3o, incluindo especifica\u00e7\u00f5es de torque e procedimentos de alinhamento.<\/li>\n<li>Inspecione regularmente o eixo para sinais de desgaste, como rachaduras, desfiamento ou vibra\u00e7\u00e3o excessiva. Substitua o eixo se quaisquer anormalidades forem detectadas.<\/li>\n<li>Durante a manuten\u00e7\u00e3o ou reparo, use lubrificantes compat\u00edveis e siga os procedimentos recomendados para garantir desempenho e longevidade ideais.<\/li>\n<\/ul>\n<h3>Substitua ou atualize com confian\u00e7a<\/h3>\n<p>Quando chegar a hora de substituir ou atualizar seu sistema de transmiss\u00e3o de energia existente, considere as vantagens dos eixos de transmiss\u00e3o flex\u00edveis. Com sua capacidade de resolver problemas complexos de transmiss\u00e3o de forma eficiente e econ\u00f4mica, esses eixos oferecem uma solu\u00e7\u00e3o confi\u00e1vel e econ\u00f4mica. Aproveite os benef\u00edcios dessa tecnologia exclusiva e desbloqueie novas possibilidades para suas aplica\u00e7\u00f5es.<\/p>\n<h2>Explore nossa gama de produtos industriais de alta qualidade<\/h2>\n<p>Al\u00e9m de eixos de transmiss\u00e3o flex\u00edveis, nossa empresa \u00e9 especializada no fornecimento de v\u00e1rios componentes industriais que s\u00e3o conhecidos por sua qualidade e durabilidade. Nossa ampla gama de produtos inclui:<\/p>\n<ul>\n<li>Engrenagem de pl\u00e1stico<\/li>\n<li>Caixas de engrenagens agr\u00edcolas<\/li>\n<li>Eixos de sa\u00edda de pot\u00eancia<\/li>\n<li>Rodas dentadas<\/li>\n<li>Acoplamentos de fluidos<\/li>\n<li>Redutores de engrenagem sem-fim<\/li>\n<li>Engrenagens e Cremalheiras<\/li>\n<li>Correntes destac\u00e1veis<\/li>\n<li>Polias e Roldanas<\/li>\n<li>Caixas de engrenagens planet\u00e1rias<\/li>\n<li>Polias de sincroniza\u00e7\u00e3o<\/li>\n<li>Buchas e muito mais.<\/li>\n<\/ul>\n<p>Temos orgulho do nosso compromisso em entregar produtos de alta qualidade, oferecendo pre\u00e7os competitivos e fornecendo excelente atendimento ao cliente. Se voc\u00ea precisa de componentes padr\u00e3o ou solu\u00e7\u00f5es personalizadas com base em seus requisitos espec\u00edficos, estamos aqui para ajudar. Entre em contato conosco hoje para discutir suas necessidades e experimentar a diferen\u00e7a de trabalhar com um fornecedor confi\u00e1vel e confi\u00e1vel.<\/p>\n<h2>Perguntas e respostas<\/h2>\n<h3>1. Quais s\u00e3o as principais vantagens do uso de eixos de transmiss\u00e3o flex\u00edveis na transmiss\u00e3o de pot\u00eancia?<\/h3>\n<p>Eixos de transmiss\u00e3o flex\u00edveis oferecem diversas vantagens, incluindo a capacidade de superar desalinhamentos, absorver vibra\u00e7\u00f5es, simplificar projetos e fornecer flexibilidade na localiza\u00e7\u00e3o de fontes de transmiss\u00e3o.<\/p>\n<h3>2. Eixos de transmiss\u00e3o flex\u00edveis podem ser usados em aplica\u00e7\u00f5es com mudan\u00e7as repentinas de carga?<\/h3>\n<p>Absolutamente. Eixos de transmiss\u00e3o flex\u00edveis podem suportar o choque de mudan\u00e7as repentinas de carga causadas por partida e parada, tornando-os adequados para cen\u00e1rios de transmiss\u00e3o de pot\u00eancia din\u00e2mica.<\/p>\n<h3>3. Quais materiais s\u00e3o comumente usados em eixos de transmiss\u00e3o flex\u00edveis?<\/h3>\n<p>Eixos de transmiss\u00e3o flex\u00edveis podem ser feitos de v\u00e1rios materiais, incluindo ligas met\u00e1licas, compostos emborrachados e compostos \u00e0 base de pol\u00edmeros. A escolha do material depende dos requisitos espec\u00edficos da aplica\u00e7\u00e3o.<\/p>\n<h3>4. Como os eixos de transmiss\u00e3o flex\u00edveis devem ser instalados e mantidos?<\/h3>\n<p>Durante a instala\u00e7\u00e3o, \u00e9 importante seguir as instru\u00e7\u00f5es do fabricante para alinhamento adequado, especifica\u00e7\u00f5es de torque e limpeza. A manuten\u00e7\u00e3o regular envolve a inspe\u00e7\u00e3o do eixo quanto a desgaste e o uso de lubrificantes compat\u00edveis. Qualquer anormalidade detectada deve ser substitu\u00edda.<\/p>\n<h3>5. Os eixos de transmiss\u00e3o flex\u00edveis podem ser personalizados para atender aos requisitos espec\u00edficos do projeto?<\/h3>\n<p>Sim, nossa empresa oferece solu\u00e7\u00f5es personalizadas com base em requisitos espec\u00edficos do projeto. Entre em contato conosco com suas necessidades, e nossa equipe trabalhar\u00e1 com voc\u00ea para encontrar a melhor solu\u00e7\u00e3o de eixo de transmiss\u00e3o flex\u00edvel para sua aplica\u00e7\u00e3o.<\/p>","protected":false},"excerpt":{"rendered":"<p>Flexible Drive Shaft: Enhancing Power Transmission Efficiency The flexible drive shaft is a versatile component that offers a wide range of benefits in power transmission applications. With the ability to overcome misalignment issues, absorb vibrations, and simplify designs, this innovative technology has become a preferred choice in various industries. Whether it&#8217;s transmitting power around corners [&hellip;]<\/p>","protected":false},"featured_media":4004,"template":"","meta":{"_et_pb_use_builder":"","_et_pb_old_content":"","_et_gb_content_width":""},"product_brand":[],"product_cat":[11314],"product_tag":[],"class_list":{"0":"post-4005","1":"product","2":"type-product","3":"status-publish","4":"has-post-thumbnail","6":"product_cat-drive-shaft-cardan-shaft","8":"first","9":"instock","10":"shipping-taxable","11":"product-type-simple"},"_links":{"self":[{"href":"https:\/\/agricultural-gear-boxes.com\/pt\/wp-json\/wp\/v2\/product\/4005","targetHints":{"allow":["GET"]}}],"collection":[{"href":"https:\/\/agricultural-gear-boxes.com\/pt\/wp-json\/wp\/v2\/product"}],"about":[{"href":"https:\/\/agricultural-gear-boxes.com\/pt\/wp-json\/wp\/v2\/types\/product"}],"wp:featuredmedia":[{"embeddable":true,"href":"https:\/\/agricultural-gear-boxes.com\/pt\/wp-json\/wp\/v2\/media\/4004"}],"wp:attachment":[{"href":"https:\/\/agricultural-gear-boxes.com\/pt\/wp-json\/wp\/v2\/media?parent=4005"}],"wp:term":[{"taxonomy":"product_brand","embeddable":true,"href":"https:\/\/agricultural-gear-boxes.com\/pt\/wp-json\/wp\/v2\/product_brand?post=4005"},{"taxonomy":"product_cat","embeddable":true,"href":"https:\/\/agricultural-gear-boxes.com\/pt\/wp-json\/wp\/v2\/product_cat?post=4005"},{"taxonomy":"product_tag","embeddable":true,"href":"https:\/\/agricultural-gear-boxes.com\/pt\/wp-json\/wp\/v2\/product_tag?post=4005"}],"curies":[{"name":"wp","href":"https:\/\/api.w.org\/{rel}","templated":true}]}}