{"id":4015,"date":"2024-09-02T06:02:46","date_gmt":"2024-09-02T06:02:46","guid":{"rendered":"https:\/\/agricultural-gear-boxes.com\/product\/yellow-straight-protector-t1-10-20-hp-800mm-1-3-8-z6-pto-shaft-agricultural-shaft\/"},"modified":"2024-09-02T06:02:46","modified_gmt":"2024-09-02T06:02:46","slug":"yellow-straight-protector-t1-10-20-hp-800mm-1-3-8-z6-pto-shaft-agricultural-shaft","status":"publish","type":"product","link":"https:\/\/agricultural-gear-boxes.com\/pt\/product\/yellow-straight-protector-t1-10-20-hp-800mm-1-3-8-z6-pto-shaft-agricultural-shaft\/","title":{"rendered":"Protetor reto amarelo T1 10-20 HP 800MM 1 3\/8\u201d Z6 Eixo de tomada de for\u00e7a Eixo agr\u00edcola"},"content":{"rendered":"<h2>Protetor reto amarelo T1 10-20 HP 800MM 1 3\/8\u201d Z6 Eixo de tomada de for\u00e7a Eixo agr\u00edcola<\/h2>\n<p>The Yellow Straight Protector T1 10-20 HP 800MM 1 3\/8&#8221; Z6 PTO Shaft Agricultural Shaft is a new and innovative product that is widely used in a variety of scenarios such as hotels, farms, and manufacturing plants. The PTO shaft is designed for use with tractors and farm implements, and it is used for power transmission. This shaft is made with high-quality materials and is forged, which makes it durable and strong. It has been certified with CE, ISO, and TS certifications, and is cold-drawn and processed with a triangle tube.<\/p>\n<h3>Fun\u00e7\u00e3o<\/h3>\n<p>The Yellow Straight Protector T1 10-20 HP 800MM 1 3\/8&#8221; Z6 PTO Shaft Agricultural Shaft is designed for power transmission in agricultural machinery. It is specifically used with tractors and farm implements to power and operate various machinery.<\/p>\n<h3>Processamento de jugo e tubo<\/h3>\n<p>O jugo deste eixo de tomada de for\u00e7a \u00e9 forjado e o tubo \u00e9 trefilado a frio, o que o torna forte e dur\u00e1vel. O jugo est\u00e1 dispon\u00edvel em diferentes tipos, como pino de press\u00e3o duplo, pinos de parafuso, pinos de divis\u00e3o, pino de press\u00e3o, libera\u00e7\u00e3o r\u00e1pida, fixa\u00e7\u00e3o de esfera, colar, etc. Tamb\u00e9m est\u00e1 dispon\u00edvel em diferentes cores, como verde, laranja, amarelo e preto.<\/p>\n<h3>Embalagem<\/h3>\n<p>The Yellow Straight Protector T1 10-20 HP 800MM 1 3\/8&#8221; Z6 PTO Shaft Agricultural Shaft comes with customized packing. The packing includes a plastic bag and wooden case, and it can be adjusted according to the customer&#8217;s requirements.<\/p>\n<h3>Tempo de entrega e servi\u00e7o p\u00f3s-venda<\/h3>\n<p>The product is available in stock or takes 35 days to deliver, depending on the customer&#8217;s requirements. It comes with a 1-year warranty, as well as video technical support, online support, and spare parts for after-sales services. The company provides local service locations for customers across different regions.<\/p>\n<h3>Como instalar, manter e reparar o produto<\/h3>\n<p>The Yellow Straight Protector T1 10-20 HP 800MM 1 3\/8&#8221; Z6 PTO Shaft Agricultural Shaft is easy to install and use. It should be kept clean and lubricated regularly to maintain its functionality. If it needs to be repaired, it is recommended to contact the original supplier for purchase of original spare parts. The company also provides video technical support and online support to assist customers with any issues.<\/p>\n<h2>Outros produtos da empresa<\/h2>\n<p>A empresa fornece principalmente v\u00e1rias engrenagens de pl\u00e1stico usadas na ind\u00fastria, como caixas de engrenagens agr\u00edcolas, eixos de sa\u00edda de pot\u00eancia, rodas dentadas, acoplamentos de fluido, redutores de engrenagem sem-fim, engrenagens e cremalheiras, correntes destac\u00e1veis, polias e polias, caixas de engrenagens planet\u00e1rias, polias de sincroniza\u00e7\u00e3o, buchas e muito mais. A empresa se orgulha de fornecer produtos de alta qualidade, pre\u00e7os favor\u00e1veis e servi\u00e7os atenciosos. Os clientes s\u00e3o bem-vindos para vir \u00e0 empresa para desenho ou personaliza\u00e7\u00e3o de amostra.<\/p>\n<h2>Perguntas e respostas<\/h2>\n<h3>Q1: What is the function of the Yellow Straight Protector T1 10-20 HP 800MM 1 3\/8&#8221; Z6 PTO Shaft Agricultural Shaft?<\/h3>\n<p>Ans: The Yellow Straight Protector T1 10-20 HP 800MM 1 3\/8&#8221; Z6 PTO Shaft Agricultural Shaft is designed for power transmission in agricultural machinery, specifically used with tractors and farm implements to power and operate various machinery.<\/p>\n<h3>P2: Quais s\u00e3o os m\u00e9todos de processamento usados na fabrica\u00e7\u00e3o do eixo da tomada de for\u00e7a?<\/h3>\n<p>Resposta: O jugo \u00e9 forjado e o tubo \u00e9 trefilado a frio, o que o torna forte e dur\u00e1vel. O jugo est\u00e1 dispon\u00edvel em diferentes tipos, como pino de press\u00e3o duplo, pinos de parafuso, pinos de divis\u00e3o, pino de press\u00e3o, libera\u00e7\u00e3o r\u00e1pida, fixa\u00e7\u00e3o de esfera, colar, etc.<\/p>\n<h3>Q3: Qual \u00e9 o per\u00edodo de garantia do eixo da tomada de for\u00e7a?<\/h3>\n<p>Ans: The Yellow Straight Protector T1 10-20 HP 800MM 1 3\/8&#8221; Z6 PTO Shaft Agricultural Shaft comes with a 1-year warranty, as well as video technical support, online support, and spare parts for after-sales services.<\/p>\n<h3>Q4: Quais s\u00e3o os prazos de entrega do eixo da tomada de for\u00e7a?<\/h3>\n<p>Ans: The product is available in stock or takes 35 days to deliver, depending on the customer&#8217;s requirements.<\/p>\n<h3>Q5: Como os clientes devem fazer a manuten\u00e7\u00e3o do eixo da tomada de for\u00e7a?<\/h3>\n<p>Ans: The Yellow Straight Protector T1 10-20 HP 800MM 1 3\/8&#8221; Z6 PTO Shaft Agricultural Shaft should be kept clean and lubricated regularly to maintain its functionality.<\/p>","protected":false},"excerpt":{"rendered":"<p>Yellow Straight Protector T1 10-20 HP 800MM 1 3\/8&#8221; Z6 PTO Shaft Agricultural Shaft The Yellow Straight Protector T1 10-20 HP 800MM 1 3\/8&#8221; Z6 PTO Shaft Agricultural Shaft is a new and innovative product that is widely used in a variety of scenarios such as hotels, farms, and manufacturing plants. The PTO shaft is [&hellip;]<\/p>","protected":false},"featured_media":4014,"template":"","meta":{"_et_pb_use_builder":"","_et_pb_old_content":"","_et_gb_content_width":""},"product_brand":[],"product_cat":[11315],"product_tag":[],"class_list":{"0":"post-4015","1":"product","2":"type-product","3":"status-publish","4":"has-post-thumbnail","6":"product_cat-pto-shaft","8":"first","9":"instock","10":"shipping-taxable","11":"product-type-simple"},"_links":{"self":[{"href":"https:\/\/agricultural-gear-boxes.com\/pt\/wp-json\/wp\/v2\/product\/4015","targetHints":{"allow":["GET"]}}],"collection":[{"href":"https:\/\/agricultural-gear-boxes.com\/pt\/wp-json\/wp\/v2\/product"}],"about":[{"href":"https:\/\/agricultural-gear-boxes.com\/pt\/wp-json\/wp\/v2\/types\/product"}],"wp:featuredmedia":[{"embeddable":true,"href":"https:\/\/agricultural-gear-boxes.com\/pt\/wp-json\/wp\/v2\/media\/4014"}],"wp:attachment":[{"href":"https:\/\/agricultural-gear-boxes.com\/pt\/wp-json\/wp\/v2\/media?parent=4015"}],"wp:term":[{"taxonomy":"product_brand","embeddable":true,"href":"https:\/\/agricultural-gear-boxes.com\/pt\/wp-json\/wp\/v2\/product_brand?post=4015"},{"taxonomy":"product_cat","embeddable":true,"href":"https:\/\/agricultural-gear-boxes.com\/pt\/wp-json\/wp\/v2\/product_cat?post=4015"},{"taxonomy":"product_tag","embeddable":true,"href":"https:\/\/agricultural-gear-boxes.com\/pt\/wp-json\/wp\/v2\/product_tag?post=4015"}],"curies":[{"name":"wp","href":"https:\/\/api.w.org\/{rel}","templated":true}]}}