{"id":4021,"date":"2024-09-02T06:03:13","date_gmt":"2024-09-02T06:03:13","guid":{"rendered":"https:\/\/agricultural-gear-boxes.com\/product\/high-quality-easy-to-manufacture-wide-angle-pto-shafts-for-car\/"},"modified":"2024-09-02T06:03:14","modified_gmt":"2024-09-02T06:03:14","slug":"high-quality-easy-to-manufacture-wide-angle-pto-shafts-for-car","status":"publish","type":"product","link":"https:\/\/agricultural-gear-boxes.com\/pt\/product\/high-quality-easy-to-manufacture-wide-angle-pto-shafts-for-car\/","title":{"rendered":"Eixos de tomada de for\u00e7a de \u00e2ngulo amplo de alta qualidade e f\u00e1ceis de fabricar para carro"},"content":{"rendered":"<h2>Eixos de tomada de for\u00e7a de \u00e2ngulo amplo de alta qualidade e f\u00e1ceis de fabricar para carro<\/h2>\n<p>PTO 21-T4S 800 \u00e9 um tipo de eixo PTO de alta qualidade que \u00e9 amplamente utilizado em f\u00e1bricas, oficinas de reparo de m\u00e1quinas, fazendas, varejo, obras de constru\u00e7\u00e3o, lojas de alimentos e bebidas e outras ind\u00fastrias. \u00c9 feito de material de a\u00e7o dur\u00e1vel que pode suportar condi\u00e7\u00f5es de trabalho dif\u00edceis e cargas pesadas. O eixo PTO \u00e9 projetado para f\u00e1cil instala\u00e7\u00e3o, manuten\u00e7\u00e3o e reparo, tornando-o uma escolha popular entre usu\u00e1rios de tratores e implementos agr\u00edcolas.<\/p>\n<h3>Vantagens da TDF 21-T4S 800<\/h3>\n<ul>\n<li>Material de a\u00e7o dur\u00e1vel<\/li>\n<li>F\u00e1cil de instalar, manter e reparar<\/li>\n<li>Desempenho confi\u00e1vel e de alta qualidade<\/li>\n<li>Design de grande angular para maior flexibilidade e manobrabilidade<\/li>\n<li>Compat\u00edvel com v\u00e1rios tratores e implementos agr\u00edcolas<\/li>\n<\/ul>\n<h3>Como instalar e manter a tomada de for\u00e7a 21-T4S 800<\/h3>\n<p>Antes de instalar o eixo da tomada de for\u00e7a, \u00e9 importante garantir que todos os componentes estejam em boas condi\u00e7\u00f5es de funcionamento e livres de quaisquer danos ou defeitos. As seguintes etapas podem ser seguidas para instalar e manter o eixo da tomada de for\u00e7a:<\/p>\n<ol>\n<li>Limpe e inspecione todos os componentes antes da instala\u00e7\u00e3o<\/li>\n<li>Certifique-se de que o eixo esteja devidamente alinhado com o trator e o implemento<\/li>\n<li>Lubrifique todas as pe\u00e7as m\u00f3veis e rolamentos regularmente para evitar desgaste<\/li>\n<li>Verifique e aperte todos os parafusos e conex\u00f5es regularmente<\/li>\n<li>Substitua imediatamente quaisquer pe\u00e7as danificadas ou desgastadas<\/li>\n<\/ol>\n<h3>Outros produtos da nossa empresa<\/h3>\n<p>Nossa empresa, Ever-Power Group Co., Ltd., \u00e9 especializada no desenvolvimento, fabrica\u00e7\u00e3o e comercializa\u00e7\u00e3o de v\u00e1rias engrenagens e componentes industriais. Al\u00e9m de eixos de tomada de for\u00e7a, tamb\u00e9m fornecemos engrenagens de pl\u00e1stico, caixas de engrenagens agr\u00edcolas, eixos de sa\u00edda de pot\u00eancia, rodas dentadas, acoplamentos de fluido, redutores de engrenagem sem-fim, engrenagens e cremalheiras, correntes destac\u00e1veis, polias e polias, caixas de engrenagens planet\u00e1rias, polias de sincroniza\u00e7\u00e3o, buchas e muito mais. Oferecemos produtos de alta qualidade a um pre\u00e7o favor\u00e1vel e nos dedicamos a fornecer um excelente atendimento ao cliente para nossos clientes.<\/p>\n<h2>Perguntas e respostas:<\/h2>\n<h3>1. Do que \u00e9 feito o PTO 21-T4S 800?<\/h3>\n<p>\u00c9 feito de material de a\u00e7o dur\u00e1vel que pode suportar condi\u00e7\u00f5es de trabalho dif\u00edceis e cargas pesadas.<\/p>\n<h3>2. Quais s\u00e3o as vantagens da PTO 21-T4S 800?<\/h3>\n<p>As vantagens do PTO 21-T4S 800 incluem seu material de a\u00e7o dur\u00e1vel, f\u00e1cil instala\u00e7\u00e3o, manuten\u00e7\u00e3o e reparo, desempenho confi\u00e1vel e de alta qualidade, design de grande angular para maior flexibilidade e manobrabilidade e compatibilidade com v\u00e1rios tratores e implementos agr\u00edcolas.<\/p>\n<h3>3. Como fa\u00e7o para instalar e manter a PTO 21-T4S 800?<\/h3>\n<p>Antes de instalar o eixo da tomada de for\u00e7a, \u00e9 importante garantir que todos os componentes estejam em boas condi\u00e7\u00f5es de funcionamento e livres de danos ou defeitos. As seguintes etapas podem ser seguidas para instalar e manter o eixo da tomada de for\u00e7a: Limpe e inspecione todos os componentes antes da instala\u00e7\u00e3o, certifique-se de que o eixo esteja alinhado corretamente com o trator e o implemento, lubrifique todas as pe\u00e7as m\u00f3veis e rolamentos regularmente para evitar desgaste, verifique e aperte todos os parafusos e conex\u00f5es regularmente e substitua imediatamente quaisquer pe\u00e7as danificadas ou desgastadas.<\/p>\n<h3>4. Quais outros produtos a Ever-Power Group Co., Ltd. fornece?<\/h3>\n<p>A Ever-Power Group Co., Ltd. \u00e9 especializada no desenvolvimento, fabrica\u00e7\u00e3o e comercializa\u00e7\u00e3o de diversas engrenagens e componentes industriais, incluindo engrenagens de pl\u00e1stico, caixas de engrenagens agr\u00edcolas, eixos de sa\u00edda de pot\u00eancia, rodas dentadas, acoplamentos de fluido, redutores de engrenagem sem-fim, engrenagens e cremalheiras, correntes destac\u00e1veis, polias e polias, caixas de engrenagens planet\u00e1rias, polias de sincroniza\u00e7\u00e3o, buchas e muito mais.<\/p>\n<h3>5. Qual \u00e9 o compromisso da empresa com seus clientes?<\/h3>\n<p>Nossa empresa est\u00e1 comprometida em fornecer produtos de alta qualidade a um pre\u00e7o favor\u00e1vel e excelente atendimento ao cliente para nossos clientes. Damos boas-vindas aos clientes para virem at\u00e9 n\u00f3s para personaliza\u00e7\u00e3o de desenho ou amostra e estamos dedicados a estabelecer uma coopera\u00e7\u00e3o de relacionamento m\u00fatuo ben\u00e9fico de longo prazo.<\/p>","protected":false},"excerpt":{"rendered":"<p>High Quality Easy To Manufacture Wide Angle PTO Shafts for Car PTO 21-T4S 800 is a type of high-quality PTO shaft that is widely used in manufacturing plants, machinery repair shops, farms, retail, construction works, food &amp; beverage shops, and other industries. It is made of durable steel material that can withstand tough working conditions [&hellip;]<\/p>","protected":false},"featured_media":4020,"template":"","meta":{"_et_pb_use_builder":"","_et_pb_old_content":"","_et_gb_content_width":""},"product_brand":[],"product_cat":[11315],"product_tag":[],"class_list":{"0":"post-4021","1":"product","2":"type-product","3":"status-publish","4":"has-post-thumbnail","6":"product_cat-pto-shaft","8":"first","9":"instock","10":"shipping-taxable","11":"product-type-simple"},"_links":{"self":[{"href":"https:\/\/agricultural-gear-boxes.com\/pt\/wp-json\/wp\/v2\/product\/4021","targetHints":{"allow":["GET"]}}],"collection":[{"href":"https:\/\/agricultural-gear-boxes.com\/pt\/wp-json\/wp\/v2\/product"}],"about":[{"href":"https:\/\/agricultural-gear-boxes.com\/pt\/wp-json\/wp\/v2\/types\/product"}],"wp:featuredmedia":[{"embeddable":true,"href":"https:\/\/agricultural-gear-boxes.com\/pt\/wp-json\/wp\/v2\/media\/4020"}],"wp:attachment":[{"href":"https:\/\/agricultural-gear-boxes.com\/pt\/wp-json\/wp\/v2\/media?parent=4021"}],"wp:term":[{"taxonomy":"product_brand","embeddable":true,"href":"https:\/\/agricultural-gear-boxes.com\/pt\/wp-json\/wp\/v2\/product_brand?post=4021"},{"taxonomy":"product_cat","embeddable":true,"href":"https:\/\/agricultural-gear-boxes.com\/pt\/wp-json\/wp\/v2\/product_cat?post=4021"},{"taxonomy":"product_tag","embeddable":true,"href":"https:\/\/agricultural-gear-boxes.com\/pt\/wp-json\/wp\/v2\/product_tag?post=4021"}],"curies":[{"name":"wp","href":"https:\/\/api.w.org\/{rel}","templated":true}]}}