{"id":4023,"date":"2024-09-02T06:03:22","date_gmt":"2024-09-02T06:03:22","guid":{"rendered":"https:\/\/agricultural-gear-boxes.com\/product\/customizable-car-parts-wide-angle-pto-shafts-long-service-life-drive-shaft\/"},"modified":"2024-09-02T06:03:23","modified_gmt":"2024-09-02T06:03:23","slug":"customizable-car-parts-wide-angle-pto-shafts-long-service-life-drive-shaft","status":"publish","type":"product","link":"https:\/\/agricultural-gear-boxes.com\/pt\/product\/customizable-car-parts-wide-angle-pto-shafts-long-service-life-drive-shaft\/","title":{"rendered":"Pe\u00e7as de carro personaliz\u00e1veis Eixos de tomada de for\u00e7a de \u00e2ngulo amplo Eixo de transmiss\u00e3o de longa vida \u00fatil"},"content":{"rendered":"<h2>Pe\u00e7as de carro personaliz\u00e1veis Eixos de tomada de for\u00e7a de \u00e2ngulo amplo Eixo de transmiss\u00e3o de longa vida \u00fatil<\/h2>\n<p>O eixo de transmiss\u00e3o de longa vida \u00fatil e eixo de tomada de for\u00e7a de \u00e2ngulo amplo personaliz\u00e1vel para pe\u00e7as de carro \u00e9 um componente essencial de qualquer trator. Ele \u00e9 usado para transferir pot\u00eancia do motor para os implementos acoplados ao trator. Este produto \u00e9 adequado para uso em f\u00e1bricas, oficinas de reparo de m\u00e1quinas, fazendas, varejo, obras de constru\u00e7\u00e3o, lojas de alimentos e bebidas e outras ind\u00fastrias. A tomada de for\u00e7a 20-T2 720 \u00e9 feita de a\u00e7o de alta qualidade, o que a torna dur\u00e1vel e duradoura. O produto vem com garantia de um ano e o prazo de entrega \u00e9 de 15 a 25 dias. O eixo de transmiss\u00e3o pesa apenas 1 kg, o que o torna f\u00e1cil de manusear. <\/p>\n<h3>Vantagens das pe\u00e7as de carro personaliz\u00e1veis Eixos de tomada de for\u00e7a de \u00e2ngulo amplo Eixo de transmiss\u00e3o de longa vida \u00fatil<\/h3>\n<ul>\n<li>Cor personaliz\u00e1vel<\/li>\n<li>Material de alta qualidade \u2013 a\u00e7o<\/li>\n<li>Longa vida \u00fatil<\/li>\n<li>F\u00e1cil de instalar, manter e reparar<\/li>\n<li>Garantia de um ano<\/li>\n<\/ul>\n<h3>Instala\u00e7\u00e3o, manuten\u00e7\u00e3o e reparo de pe\u00e7as de carro personaliz\u00e1veis Eixos de tomada de for\u00e7a de \u00e2ngulo amplo Eixo de transmiss\u00e3o de longa vida \u00fatil<\/h3>\n<p>O Customizable Car Parts Wide Angle PTO Shafts Long Service Life Drive Shaft \u00e9 f\u00e1cil de instalar, manter e reparar. O produto vem com um relat\u00f3rio de teste de maquin\u00e1rio e um relat\u00f3rio de inspe\u00e7\u00e3o de sa\u00edda em v\u00eddeo. Ele tamb\u00e9m inclui uma caixa de madeira para embalagem. <\/p>\n<h4>Instala\u00e7\u00e3o<\/h4>\n<p>Ao instalar o eixo da TDF, certifique-se de que as prote\u00e7\u00f5es de seguran\u00e7a estejam no lugar e seguras. Verifique as juntas universais para garantir que n\u00e3o estejam gastas ou danificadas. Certifique-se de que o eixo da TDF esteja corretamente alinhado com o trator e o implemento. <\/p>\n<h4>Manuten\u00e7\u00e3o<\/h4>\n<p>A manuten\u00e7\u00e3o do eixo da tomada de for\u00e7a envolve lubrifica\u00e7\u00e3o regular das juntas universais e dos garfos deslizantes. Verifique se h\u00e1 danos nas prote\u00e7\u00f5es de seguran\u00e7a e substitua-as se necess\u00e1rio. <\/p>\n<h4>Reparar<\/h4>\n<p>Se o eixo PTO estiver danificado, \u00e9 recomendado que voc\u00ea o substitua. Pe\u00e7as de reposi\u00e7\u00e3o est\u00e3o prontamente dispon\u00edveis no fabricante. <\/p>\n<h3>Sobre a EVER-POWER GROUP Co., Ltd.<\/h3>\n<p>EVER-POWER GROUP Co., Ltd. \u00e9 um fornecedor l\u00edder de eixo de tomada de for\u00e7a, eixo cardan industrial, eixo de transmiss\u00e3o de carro, eixo de acoplamento de junta universal e junta universal. Al\u00e9m disso, eles fornecem v\u00e1rias engrenagens de pl\u00e1stico usadas na ind\u00fastria, como caixas de engrenagens agr\u00edcolas, eixos de sa\u00edda de pot\u00eancia, rodas dentadas, acoplamentos de fluido, redutores de engrenagem sem-fim, engrenagens e cremalheiras, correntes destac\u00e1veis, polias e polias, caixas de engrenagens planet\u00e1rias, polias de sincroniza\u00e7\u00e3o, buchas e muito mais. Eles est\u00e3o comprometidos em fornecer produtos de alta qualidade, pre\u00e7os favor\u00e1veis e servi\u00e7o atencioso. Eles d\u00e3o as boas-vindas aos clientes para virem ao desenho ou personaliza\u00e7\u00e3o de amostra. <\/p>\n<h2>Perguntas e respostas<\/h2>\n<h3>1. Para que \u00e9 usado o eixo de transmiss\u00e3o de longa vida \u00fatil com eixo de tomada de for\u00e7a de \u00e2ngulo amplo e pe\u00e7as de carro personaliz\u00e1veis?<\/h3>\n<p>O eixo de transmiss\u00e3o de longa vida \u00fatil com eixo de tomada de for\u00e7a de \u00e2ngulo amplo e pe\u00e7as de carro personaliz\u00e1veis \u00e9 usado para transferir pot\u00eancia do motor para os implementos acoplados ao trator. <\/p>\n<h3>2. Qual \u00e9 a garantia para o eixo de transmiss\u00e3o de longa vida \u00fatil com eixo de tomada de for\u00e7a de \u00e2ngulo amplo e pe\u00e7as de carro personaliz\u00e1veis?<\/h3>\n<p>O eixo de transmiss\u00e3o de longa vida \u00fatil com eixo de tomada de for\u00e7a de \u00e2ngulo amplo e pe\u00e7as de carro personaliz\u00e1veis vem com garantia de um ano. <\/p>\n<h3>3. Como fa\u00e7o para instalar o eixo de transmiss\u00e3o de longa vida \u00fatil com eixo de tomada de for\u00e7a de \u00e2ngulo amplo e pe\u00e7as de carro personaliz\u00e1veis?<\/h3>\n<p>Ao instalar o eixo da TDF, certifique-se de que as prote\u00e7\u00f5es de seguran\u00e7a estejam no lugar e seguras. Verifique as juntas universais para garantir que n\u00e3o estejam gastas ou danificadas. Certifique-se de que o eixo da TDF esteja corretamente alinhado com o trator e o implemento.<\/p>\n<h3>4. Como fa\u00e7o a manuten\u00e7\u00e3o do eixo de transmiss\u00e3o de longa vida \u00fatil com eixos de tomada de for\u00e7a de \u00e2ngulo amplo e pe\u00e7as de carro personaliz\u00e1veis?<\/h3>\n<p>A manuten\u00e7\u00e3o do eixo da tomada de for\u00e7a envolve lubrifica\u00e7\u00e3o regular das juntas universais e dos garfos deslizantes. Verifique se h\u00e1 danos nas prote\u00e7\u00f5es de seguran\u00e7a e substitua-as se necess\u00e1rio. <\/p>\n<h3>5. Onde posso comprar pe\u00e7as de reposi\u00e7\u00e3o para o eixo de transmiss\u00e3o de longa vida \u00fatil e eixo de tomada de for\u00e7a de \u00e2ngulo amplo personaliz\u00e1vel para carros?<\/h3>\n<p>Pe\u00e7as de reposi\u00e7\u00e3o para eixos de tomada de for\u00e7a de \u00e2ngulo amplo e eixo de transmiss\u00e3o de longa vida \u00fatil de pe\u00e7as de carro personaliz\u00e1veis est\u00e3o prontamente dispon\u00edveis no fabricante. <\/p>","protected":false},"excerpt":{"rendered":"<p>Customizable Car Parts Wide Angle PTO Shafts Long Service Life Drive Shaft The Customizable Car Parts Wide Angle PTO Shafts Long Service Life Drive Shaft is an essential component of any tractor. It is used to transfer power from the engine to the implements attached to the tractor. This product is suitable for use in [&hellip;]<\/p>","protected":false},"featured_media":4022,"template":"","meta":{"_et_pb_use_builder":"","_et_pb_old_content":"","_et_gb_content_width":""},"product_brand":[],"product_cat":[11315],"product_tag":[],"class_list":{"0":"post-4023","1":"product","2":"type-product","3":"status-publish","4":"has-post-thumbnail","6":"product_cat-pto-shaft","8":"first","9":"instock","10":"shipping-taxable","11":"product-type-simple"},"_links":{"self":[{"href":"https:\/\/agricultural-gear-boxes.com\/pt\/wp-json\/wp\/v2\/product\/4023","targetHints":{"allow":["GET"]}}],"collection":[{"href":"https:\/\/agricultural-gear-boxes.com\/pt\/wp-json\/wp\/v2\/product"}],"about":[{"href":"https:\/\/agricultural-gear-boxes.com\/pt\/wp-json\/wp\/v2\/types\/product"}],"wp:featuredmedia":[{"embeddable":true,"href":"https:\/\/agricultural-gear-boxes.com\/pt\/wp-json\/wp\/v2\/media\/4022"}],"wp:attachment":[{"href":"https:\/\/agricultural-gear-boxes.com\/pt\/wp-json\/wp\/v2\/media?parent=4023"}],"wp:term":[{"taxonomy":"product_brand","embeddable":true,"href":"https:\/\/agricultural-gear-boxes.com\/pt\/wp-json\/wp\/v2\/product_brand?post=4023"},{"taxonomy":"product_cat","embeddable":true,"href":"https:\/\/agricultural-gear-boxes.com\/pt\/wp-json\/wp\/v2\/product_cat?post=4023"},{"taxonomy":"product_tag","embeddable":true,"href":"https:\/\/agricultural-gear-boxes.com\/pt\/wp-json\/wp\/v2\/product_tag?post=4023"}],"curies":[{"name":"wp","href":"https:\/\/api.w.org\/{rel}","templated":true}]}}