{"id":4025,"date":"2024-09-02T06:03:33","date_gmt":"2024-09-02T06:03:33","guid":{"rendered":"https:\/\/agricultural-gear-boxes.com\/product\/quality-assurance-car-parts-transmission-machinery-driveshaft-pto-shafts\/"},"modified":"2024-09-02T06:03:33","modified_gmt":"2024-09-02T06:03:33","slug":"quality-assurance-car-parts-transmission-machinery-driveshaft-pto-shafts","status":"publish","type":"product","link":"https:\/\/agricultural-gear-boxes.com\/pt\/product\/quality-assurance-car-parts-transmission-machinery-driveshaft-pto-shafts\/","title":{"rendered":"garantia de qualidade pe\u00e7as de carro transmiss\u00e3o m\u00e1quinas eixo de transmiss\u00e3o eixos de tomada de for\u00e7a"},"content":{"rendered":"<h2>Eixo de transmiss\u00e3o PTO 12-T10 700 de alta qualidade para implementos agr\u00edcolas<\/h2>\n<p>O eixo de transmiss\u00e3o PTO 12-T10 700 \u00e9 um produto de alta qualidade projetado para uso em v\u00e1rios tipos de tratores e implementos agr\u00edcolas. Feito com material de a\u00e7o dur\u00e1vel, este eixo de transmiss\u00e3o oferece desempenho superior e durabilidade de longa dura\u00e7\u00e3o. Ele vem com uma op\u00e7\u00e3o de personaliza\u00e7\u00e3o de cor para atender \u00e0s suas prefer\u00eancias pessoais.<\/p>\n<h3>Aplica\u00e7\u00f5es<\/h3>\n<p>O eixo de transmiss\u00e3o PTO 12-T10 700 pode ser usado em v\u00e1rias aplica\u00e7\u00f5es, como f\u00e1bricas, oficinas de reparo de m\u00e1quinas, fazendas, varejo, obras de constru\u00e7\u00e3o e outras lojas de alimentos e bebidas. \u00c9 um componente comum de implementos agr\u00edcolas, fornecendo a transmiss\u00e3o de pot\u00eancia necess\u00e1ria para essas m\u00e1quinas.<\/p>\n<h3>Vantagens<\/h3>\n<p>O eixo de transmiss\u00e3o PTO 12-T10 700 vem com garantia de 1 ano, e sua constru\u00e7\u00e3o de alta qualidade garante desempenho confi\u00e1vel e durabilidade. Ele \u00e9 capaz de suportar altas cargas e operar suavemente, proporcionando m\u00e1xima efici\u00eancia para seus implementos agr\u00edcolas. Este eixo de transmiss\u00e3o tamb\u00e9m \u00e9 f\u00e1cil de instalar, manter e reparar.<\/p>\n<h3>Especifica\u00e7\u00f5es<\/h3>\n<ul>\n<li>Tipo: Eixos, Eixo de transmiss\u00e3o<\/li>\n<li>Uso: Tratores<\/li>\n<li>Nome do produto: PTO 12-T10 700<\/li>\n<li>Cor: Personaliza\u00e7\u00e3o<\/li>\n<li>Material: A\u00e7o<\/li>\n<li>Qualidade: Alta qualidade<\/li>\n<li>Aplica\u00e7\u00e3o: Carro<\/li>\n<li>Tempo de entrega: 15-25 dias<\/li>\n<li>Quantidade m\u00ednima: 100 unidades<\/li>\n<li>Marca: EVER-POWER<\/li>\n<li>Embalagem: Caixa de madeira<\/li>\n<li>Detalhes da embalagem: Saco pl\u00e1stico + caixa de madeira + De acordo com a solicita\u00e7\u00e3o do cliente<\/li>\n<li>Porto: Xangai ou Ningbo<\/li>\n<\/ul>\n<h3>Instala\u00e7\u00e3o e Manuten\u00e7\u00e3o<\/h3>\n<p>Para instalar o eixo de transmiss\u00e3o PTO 12-T10 700, siga cuidadosamente as instru\u00e7\u00f5es do fabricante. \u00c9 necess\u00e1ria manuten\u00e7\u00e3o regular para manter o eixo de transmiss\u00e3o em boas condi\u00e7\u00f5es de funcionamento. \u00c9 recomend\u00e1vel inspecionar o eixo de transmiss\u00e3o periodicamente para sinais de desgaste e danos, e substitu\u00ed-lo se necess\u00e1rio.<\/p>\n<h3>Outros produtos da empresa Neg\u00f3cios<\/h3>\n<p>Al\u00e9m do eixo de transmiss\u00e3o PTO 12-T10 700, nossa empresa fornece v\u00e1rias engrenagens de pl\u00e1stico usadas na ind\u00fastria, como caixas de engrenagens agr\u00edcolas, eixos de sa\u00edda de pot\u00eancia, rodas dentadas, acoplamentos de fluido, redutores de engrenagem sem-fim, engrenagens e cremalheiras, correntes destac\u00e1veis, polias e polias, caixas de engrenagens planet\u00e1rias, polias de sincroniza\u00e7\u00e3o, buchas e muito mais. Estamos dedicados a fornecer produtos de alta qualidade a um pre\u00e7o favor\u00e1vel e com servi\u00e7o atencioso. Damos as boas-vindas aos clientes para virem at\u00e9 n\u00f3s para personaliza\u00e7\u00e3o de desenho ou amostra.<\/p>\n<h2>Perguntas e respostas<\/h2>\n<h3>1. Como funciona o eixo de transmiss\u00e3o PTO 12-T10 700?<\/h3>\n<p>O eixo de transmiss\u00e3o PTO 12-T10 700 \u00e9 um componente de implementos agr\u00edcolas que fornece a transmiss\u00e3o de pot\u00eancia necess\u00e1ria para essas m\u00e1quinas. Seu material de a\u00e7o dur\u00e1vel garante desempenho confi\u00e1vel e durabilidade de longa dura\u00e7\u00e3o.<\/p>\n<h3>2. Quais s\u00e3o as vantagens do eixo de transmiss\u00e3o PTO 12-T10 700?<\/h3>\n<p>O eixo de transmiss\u00e3o PTO 12-T10 700 vem com garantia de 1 ano, e sua constru\u00e7\u00e3o de alta qualidade garante desempenho confi\u00e1vel e durabilidade. Ele \u00e9 capaz de suportar altas cargas e operar suavemente, proporcionando m\u00e1xima efici\u00eancia para seus implementos agr\u00edcolas.<\/p>\n<h3>3. Como fa\u00e7o para instalar o eixo de transmiss\u00e3o PTO 12-T10 700?<\/h3>\n<p>Para instalar o eixo de transmiss\u00e3o PTO 12-T10 700, siga cuidadosamente as instru\u00e7\u00f5es do fabricante. \u00c9 necess\u00e1ria manuten\u00e7\u00e3o regular para manter o eixo de transmiss\u00e3o em boas condi\u00e7\u00f5es de funcionamento.<\/p>\n<h3>4. Quais s\u00e3o as aplica\u00e7\u00f5es do eixo de transmiss\u00e3o PTO 12-T10 700?<\/h3>\n<p>O eixo de transmiss\u00e3o PTO 12-T10 700 pode ser usado em diversas aplica\u00e7\u00f5es, como f\u00e1bricas, oficinas de reparo de m\u00e1quinas, fazendas, varejo, obras de constru\u00e7\u00e3o e outras lojas de alimentos e bebidas.<\/p>\n<h3>5. O eixo de transmiss\u00e3o PTO 12-T10 700 vem com garantia?<\/h3>\n<p>Sim, o eixo de transmiss\u00e3o PTO 12-T10 700 vem com garantia de 1 ano.<\/p>","protected":false},"excerpt":{"rendered":"<p>High Quality PTO 12-T10 700 Driveshaft for Agricultural Implements The PTO 12-T10 700 driveshaft is a high-quality product designed for use in various types of tractors and farm implements. Made with durable steel material, this driveshaft offers superior performance and long-lasting durability. It comes with a color customization option to suit your personal preference. Applications [&hellip;]<\/p>","protected":false},"featured_media":4024,"template":"","meta":{"_et_pb_use_builder":"","_et_pb_old_content":"","_et_gb_content_width":""},"product_brand":[],"product_cat":[11315],"product_tag":[],"class_list":{"0":"post-4025","1":"product","2":"type-product","3":"status-publish","4":"has-post-thumbnail","6":"product_cat-pto-shaft","8":"first","9":"instock","10":"shipping-taxable","11":"product-type-simple"},"_links":{"self":[{"href":"https:\/\/agricultural-gear-boxes.com\/pt\/wp-json\/wp\/v2\/product\/4025","targetHints":{"allow":["GET"]}}],"collection":[{"href":"https:\/\/agricultural-gear-boxes.com\/pt\/wp-json\/wp\/v2\/product"}],"about":[{"href":"https:\/\/agricultural-gear-boxes.com\/pt\/wp-json\/wp\/v2\/types\/product"}],"wp:featuredmedia":[{"embeddable":true,"href":"https:\/\/agricultural-gear-boxes.com\/pt\/wp-json\/wp\/v2\/media\/4024"}],"wp:attachment":[{"href":"https:\/\/agricultural-gear-boxes.com\/pt\/wp-json\/wp\/v2\/media?parent=4025"}],"wp:term":[{"taxonomy":"product_brand","embeddable":true,"href":"https:\/\/agricultural-gear-boxes.com\/pt\/wp-json\/wp\/v2\/product_brand?post=4025"},{"taxonomy":"product_cat","embeddable":true,"href":"https:\/\/agricultural-gear-boxes.com\/pt\/wp-json\/wp\/v2\/product_cat?post=4025"},{"taxonomy":"product_tag","embeddable":true,"href":"https:\/\/agricultural-gear-boxes.com\/pt\/wp-json\/wp\/v2\/product_tag?post=4025"}],"curies":[{"name":"wp","href":"https:\/\/api.w.org\/{rel}","templated":true}]}}