{"id":4027,"date":"2024-09-02T06:03:41","date_gmt":"2024-09-02T06:03:41","guid":{"rendered":"https:\/\/agricultural-gear-boxes.com\/product\/factory-price-customized-pto-shaft-shaft-transmission-driveshaft-for-harvester-machine\/"},"modified":"2024-09-02T06:03:41","modified_gmt":"2024-09-02T06:03:41","slug":"factory-price-customized-pto-shaft-shaft-transmission-driveshaft-for-harvester-machine","status":"publish","type":"product","link":"https:\/\/agricultural-gear-boxes.com\/pt\/product\/factory-price-customized-pto-shaft-shaft-transmission-driveshaft-for-harvester-machine\/","title":{"rendered":"Pre\u00e7o de f\u00e1brica Eixo de transmiss\u00e3o de eixo de tomada de for\u00e7a personalizado para m\u00e1quina de colheitadeira"},"content":{"rendered":"<h2>Eixo de tomada de for\u00e7a personalizado para m\u00e1quina de colheitadeira<\/h2>\n<p>O eixo PTO personalizado para m\u00e1quina de colheitadeira \u00e9 um eixo de transmiss\u00e3o de alta qualidade que \u00e9 projetado para atender \u00e0s necessidades espec\u00edficas da sua m\u00e1quina de colheitadeira. \u00c9 feito de material de a\u00e7o de alta qualidade que garante alta dureza, durabilidade e resist\u00eancia ao desgaste. Este produto \u00e9 amplamente utilizado em v\u00e1rias ind\u00fastrias, como f\u00e1bricas, oficinas de reparo de m\u00e1quinas, obras de constru\u00e7\u00e3o, agricultura e muito mais.<\/p>\n<h3>Vantagens do eixo de tomada de for\u00e7a personalizado para m\u00e1quina de colheitadeira<\/h3>\n<ul>\n<li>Alta qualidade e durabilidade<\/li>\n<li>Resist\u00eancia ao desgaste<\/li>\n<li>Cor personaliz\u00e1vel<\/li>\n<li>F\u00e1cil de instalar e manter<\/li>\n<li>Dispon\u00edvel em diferentes tamanhos e especifica\u00e7\u00f5es<\/li>\n<\/ul>\n<h3>Aplica\u00e7\u00f5es de eixo de tomada de for\u00e7a personalizado para m\u00e1quina de colheitadeira<\/h3>\n<p>O eixo PTO personalizado para m\u00e1quina colheitadeira \u00e9 usado principalmente em tratores e implementos agr\u00edcolas. \u00c9 um componente essencial que ajuda no funcionamento suave da sua m\u00e1quina colheitadeira. Este eixo conecta o motor do trator \u00e0 m\u00e1quina colheitadeira, permitindo que a m\u00e1quina funcione efetivamente. <\/p>\n<h3>Como fazer a manuten\u00e7\u00e3o do eixo de tomada de for\u00e7a personalizado para m\u00e1quina de colheita?<\/h3>\n<ul>\n<li>Inspecione regularmente o eixo para detectar quaisquer sinais de desgaste<\/li>\n<li>Lubrifique o eixo para evitar ferrugem e corros\u00e3o<\/li>\n<li>Substitua imediatamente quaisquer pe\u00e7as danificadas ou desgastadas<\/li>\n<li>Guarde o eixo em local seco e seguro<\/li>\n<li>Siga as instru\u00e7\u00f5es do fabricante para manuten\u00e7\u00e3o e reparo<\/li>\n<\/ul>\n<h3>Como substituir o eixo de tomada de for\u00e7a personalizado para m\u00e1quina de colheita?<\/h3>\n<p>Substituir o eixo PTO personalizado para m\u00e1quina harvester requer conhecimento t\u00e9cnico. Voc\u00ea s\u00f3 deve tentar substituir o eixo se tiver as habilidades e equipamentos necess\u00e1rios ou consultar um t\u00e9cnico especialista para obter assist\u00eancia. <\/p>\n<h3>Outros produtos da empresa Neg\u00f3cios<\/h3>\n<p>Nossa empresa \u00e9 especializada no fornecimento de v\u00e1rias engrenagens de pl\u00e1stico usadas na ind\u00fastria, como caixas de engrenagens agr\u00edcolas, eixos de sa\u00edda de pot\u00eancia, rodas dentadas, acoplamentos de fluido, redutores de engrenagem sem-fim, engrenagens e cremalheiras, correntes destac\u00e1veis, polias e polias, caixas de engrenagens planet\u00e1rias, polias de sincroniza\u00e7\u00e3o, buchas e muito mais. Oferecemos produtos de alta qualidade a um pre\u00e7o favor\u00e1vel com servi\u00e7o atencioso. Damos as boas-vindas aos clientes para virem para desenho ou personaliza\u00e7\u00e3o de amostra.<\/p>\n<h2>Perguntas e respostas<\/h2>\n<p><b>P1: Qual \u00e9 a fun\u00e7\u00e3o do eixo de tomada de for\u00e7a personalizado para m\u00e1quina colheitadeira?<\/b><br \/>\nA1: O eixo de tomada de for\u00e7a personalizado conecta o motor do trator \u00e0 m\u00e1quina colhedora, permitindo que a m\u00e1quina funcione de forma eficaz.<\/p>\n<p><b>P2: Quais materiais s\u00e3o usados para fazer o eixo de tomada de for\u00e7a personalizado para m\u00e1quina colheitadeira?<\/b><br \/>\nA2: O eixo de tomada de for\u00e7a personalizado para m\u00e1quina colheitadeira \u00e9 feito de material de a\u00e7o de alta qualidade que garante alta dureza, durabilidade e resist\u00eancia ao desgaste.<\/p>\n<p><b>Q3: Como devo fazer a manuten\u00e7\u00e3o do eixo de tomada de for\u00e7a personalizado para a m\u00e1quina colheitadeira?<\/b><br \/>\nR3: Voc\u00ea deve inspecionar regularmente o eixo em busca de sinais de desgaste, lubrific\u00e1-lo para evitar ferrugem e corros\u00e3o, substituir imediatamente quaisquer pe\u00e7as danificadas ou desgastadas, armazenar o eixo em um local seco e seguro e seguir as instru\u00e7\u00f5es do fabricante para manuten\u00e7\u00e3o e reparo.<\/p>\n<p><b>P4: Posso substituir o eixo de tomada de for\u00e7a personalizado da m\u00e1quina colheitadeira sozinho?<\/b><br \/>\nA4: Substituir o eixo PTO personalizado para m\u00e1quina harvester requer conhecimento t\u00e9cnico. Voc\u00ea s\u00f3 deve tentar substituir o eixo se tiver as habilidades e equipamentos necess\u00e1rios ou consultar um t\u00e9cnico especialista para obter assist\u00eancia.<\/p>\n<p><b>Q5: Quais outros produtos sua empresa fornece?<\/b><br \/>\nA5: Nossa empresa fornece principalmente v\u00e1rias engrenagens de pl\u00e1stico usadas na ind\u00fastria, como caixas de engrenagens agr\u00edcolas, eixos de sa\u00edda de pot\u00eancia, rodas dentadas, acoplamentos de fluido, redutores de engrenagem sem-fim, engrenagens e cremalheiras, correntes destac\u00e1veis, polias e polias, caixas de engrenagens planet\u00e1rias, polias de sincroniza\u00e7\u00e3o, buchas e muito mais.<\/p>","protected":false},"excerpt":{"rendered":"<p>Customized PTO Shaft for Harvester Machine The customized PTO shaft for harvester machine is a high-quality transmission driveshaft that is designed to meet the specific needs of your harvester machine. It is made of high-quality steel material that ensures high hardness, durability, and resistance to wear and tear. This product is widely used in various [&hellip;]<\/p>","protected":false},"featured_media":4026,"template":"","meta":{"_et_pb_use_builder":"","_et_pb_old_content":"","_et_gb_content_width":""},"product_brand":[],"product_cat":[11315],"product_tag":[],"class_list":{"0":"post-4027","1":"product","2":"type-product","3":"status-publish","4":"has-post-thumbnail","6":"product_cat-pto-shaft","8":"first","9":"instock","10":"shipping-taxable","11":"product-type-simple"},"_links":{"self":[{"href":"https:\/\/agricultural-gear-boxes.com\/pt\/wp-json\/wp\/v2\/product\/4027","targetHints":{"allow":["GET"]}}],"collection":[{"href":"https:\/\/agricultural-gear-boxes.com\/pt\/wp-json\/wp\/v2\/product"}],"about":[{"href":"https:\/\/agricultural-gear-boxes.com\/pt\/wp-json\/wp\/v2\/types\/product"}],"wp:featuredmedia":[{"embeddable":true,"href":"https:\/\/agricultural-gear-boxes.com\/pt\/wp-json\/wp\/v2\/media\/4026"}],"wp:attachment":[{"href":"https:\/\/agricultural-gear-boxes.com\/pt\/wp-json\/wp\/v2\/media?parent=4027"}],"wp:term":[{"taxonomy":"product_brand","embeddable":true,"href":"https:\/\/agricultural-gear-boxes.com\/pt\/wp-json\/wp\/v2\/product_brand?post=4027"},{"taxonomy":"product_cat","embeddable":true,"href":"https:\/\/agricultural-gear-boxes.com\/pt\/wp-json\/wp\/v2\/product_cat?post=4027"},{"taxonomy":"product_tag","embeddable":true,"href":"https:\/\/agricultural-gear-boxes.com\/pt\/wp-json\/wp\/v2\/product_tag?post=4027"}],"curies":[{"name":"wp","href":"https:\/\/api.w.org\/{rel}","templated":true}]}}