{"id":4031,"date":"2024-09-02T06:03:59","date_gmt":"2024-09-02T06:03:59","guid":{"rendered":"https:\/\/agricultural-gear-boxes.com\/product\/high-quality-clutch-pto-shaft-b6-1800mm-1-3-8-z6-with-ffv4-friction-clutch\/"},"modified":"2024-09-02T06:04:00","modified_gmt":"2024-09-02T06:04:00","slug":"high-quality-clutch-pto-shaft-b6-1800mm-1-3-8-z6-with-ffv4-friction-clutch","status":"publish","type":"product","link":"https:\/\/agricultural-gear-boxes.com\/pt\/product\/high-quality-clutch-pto-shaft-b6-1800mm-1-3-8-z6-with-ffv4-friction-clutch\/","title":{"rendered":"Eixo de tomada de for\u00e7a de embreagem de alta qualidade B6 1800 mm 1 3\/8\u201d Z6 com embreagem de fric\u00e7\u00e3o FFV4"},"content":{"rendered":"<h2>Eixo de tomada de for\u00e7a de embreagem de alta qualidade B6 1800 mm 1 3\/8\u201d Z6 com embreagem de fric\u00e7\u00e3o FFV4<\/h2>\n<p>O eixo de tomada de for\u00e7a de embreagem de alta qualidade B6 1800 mm 1 3\/8\u201d Z6 com embreagem de fric\u00e7\u00e3o FFV4 \u00e9 um novo produto amplamente utilizado em v\u00e1rios setores. \u00c9 adequado para hot\u00e9is, lojas de roupas, lojas de materiais de constru\u00e7\u00e3o, f\u00e1bricas, oficinas de reparo de m\u00e1quinas, f\u00e1bricas de alimentos e bebidas, fazendas, restaurantes, uso dom\u00e9stico, lojas de varejo, gr\u00e1ficas, obras de constru\u00e7\u00e3o, ind\u00fastrias de energia e minera\u00e7\u00e3o e muito mais.<\/p>\n<h3>Caracter\u00edsticas do produto:<\/h3>\n<ul>\n<li>Condi\u00e7\u00e3o: Novo<\/li>\n<li>Garantia: 1 ano<\/li>\n<li>Ind\u00fastrias aplic\u00e1veis: V\u00e1rios setores, incluindo hot\u00e9is, lojas de roupas, f\u00e1bricas, etc.<\/li>\n<li>Tipo de marketing: produto comum<\/li>\n<li>Tipo: Eixos<\/li>\n<li>Utiliza\u00e7\u00e3o: Trator e Implemento Tratoreiro<\/li>\n<li>Nome do produto: Eixo de tomada de for\u00e7a da embreagem B6 1800 mm 1 3\/8\u201d Z6 com embreagem de fric\u00e7\u00e3o FFV4<\/li>\n<li>Uso: Tratores e implementos agr\u00edcolas<\/li>\n<li>Fun\u00e7\u00e3o: Transmiss\u00e3o de energia<\/li>\n<li>Processamento de Jugo: Forja<\/li>\n<li>Certificado: CE, ISO e TS<\/li>\n<li>Processamento de Tubo: Trefilado a Frio<\/li>\n<li>Dentes: 13\/8\u201d Z6<\/li>\n<li>Tubos: Tubos Tri\u00e2ngulos<\/li>\n<li>Tempo de entrega: Em estoque ou 35 dias<\/li>\n<li>Embalagem: Embalagem personalizada<\/li>\n<li>Porto: Xangai ou Ningbo<\/li>\n<\/ul>\n<h3>Especifica\u00e7\u00f5es do produto:<\/h3>\n<table>\n<tr>\n<td>N\u00famero do modelo<\/td>\n<td>B6-1800 MM 1 3\/8\u201d Z6<\/td>\n<\/tr>\n<tr>\n<td>Fun\u00e7\u00e3o<\/td>\n<td>Pe\u00e7as de eixo de transmiss\u00e3o e transmiss\u00e3o de pot\u00eancia<\/td>\n<\/tr>\n<tr>\n<td>Usar<\/td>\n<td>Tipos de tratores e implementos agr\u00edcolas<\/td>\n<\/tr>\n<tr>\n<td>Marca<\/td>\n<td>EP<\/td>\n<\/tr>\n<tr>\n<td>Tipo de jugo<\/td>\n<td>Pino de press\u00e3o duplo, pinos de parafuso, pinos de divis\u00e3o, pino de press\u00e3o, libera\u00e7\u00e3o r\u00e1pida, fixa\u00e7\u00e3o de esfera, colar...<\/td>\n<\/tr>\n<tr>\n<td>Processamento de jugo<\/td>\n<td>Forjamento<\/td>\n<\/tr>\n<tr>\n<td>Capa de pl\u00e1stico<\/td>\n<td>YW;BW;YS;BS;Etc<\/td>\n<\/tr>\n<tr>\n<td>Cor<\/td>\n<td>Verde; Laranja; Amarelo; Preto Etc.<\/td>\n<\/tr>\n<tr>\n<td>S\u00e9rie<\/td>\n<td>T1-T10; L1-L6;S6-S10;10HP-150HP com SA,RA,SB,SFF,WA,CV Etc.<\/td>\n<\/tr>\n<tr>\n<td>Tipo de tubo<\/td>\n<td>Lim\u00e3o, Tri\u00e2ngulo, Estrela, Quadrado, Hexangular, Spline, Especial Ect<\/td>\n<\/tr>\n<tr>\n<td>Processamento de Tubo<\/td>\n<td>Estiramento a frio<\/td>\n<\/tr>\n<tr>\n<td>Tipo de Spline<\/td>\n<td>1 1\/8\u2033 Z6;1 3\/8\u2033 Z6; 1 3\/8\u2033 Z21;1 3\/4\u2033 Z20; 1 3\/4\u2033 Z6; 8-38*32*6 8-42*36*7; 8-48*42*8;<\/td>\n<\/tr>\n<tr>\n<td>Lugar de origem<\/td>\n<td>Hangzhou, China (continente)<\/td>\n<\/tr>\n<\/table>\n<p>O eixo de tomada de for\u00e7a da embreagem B6 1800mm 1 3\/8\u201d Z6 com embreagem de fric\u00e7\u00e3o FFV4 foi projetado para fornecer transmiss\u00e3o de pot\u00eancia para tratores e implementos agr\u00edcolas. \u00c9 feito com materiais de alta qualidade e fabricado por meio de um processo de forjamento para maior durabilidade e resist\u00eancia. Os tubos trefilados a frio garantem desempenho ideal. O eixo apresenta uma configura\u00e7\u00e3o de dentes Z6 de 13\/8\u201d e tubos triangulares.<\/p>\n<p>Instala\u00e7\u00e3o, manuten\u00e7\u00e3o e reparo:<\/p>\n<ul>\n<li>A instala\u00e7\u00e3o do Clutch PTO Shaft B6 1800mm 1 3\/8\u201d Z6 com FFV4 Friction Clutch \u00e9 simples. Siga as instru\u00e7\u00f5es do fabricante para uma instala\u00e7\u00e3o adequada.<\/li>\n<li>A manuten\u00e7\u00e3o regular \u00e9 essencial para garantir a longevidade e o desempenho ideal do produto. Mantenha o eixo limpo e livre de detritos. Lubrifique as pe\u00e7as m\u00f3veis conforme recomendado pelo fabricante.<\/li>\n<li>Em caso de qualquer dano ou mau funcionamento, consulte a garantia do produto e entre em contato com o fornecedor para obter suporte t\u00e9cnico, pe\u00e7as de reposi\u00e7\u00e3o ou assist\u00eancia para reparo.<\/li>\n<li>Ao substituir o eixo, garanta a compatibilidade com o trator e o implemento agr\u00edcola. Escolha um eixo que atenda \u00e0s especifica\u00e7\u00f5es necess\u00e1rias e siga as diretrizes do fabricante para instala\u00e7\u00e3o.<\/li>\n<\/ul>\n<h3>Sobre nossa empresa<\/h3>\n<p>Somos um fornecedor confi\u00e1vel na ind\u00fastria, especializado em v\u00e1rias engrenagens de pl\u00e1stico usadas em aplica\u00e7\u00f5es industriais. Nossa ampla gama de produtos inclui caixas de engrenagens agr\u00edcolas, eixos de sa\u00edda de pot\u00eancia, rodas dentadas, acoplamentos de fluido, redutores de engrenagem sem-fim, engrenagens e cremalheiras, correntes destac\u00e1veis, polias e polias, caixas de engrenagens planet\u00e1rias, polias de sincroniza\u00e7\u00e3o, buchas e muito mais. Nossos produtos s\u00e3o conhecidos por sua alta qualidade, pre\u00e7os competitivos e excelente atendimento ao cliente.<\/p>\n<p>Damos boas-vindas aos clientes para entrar em contato conosco para produtos personalizados com base em suas necessidades espec\u00edficas. Seja um novo design ou uma modifica\u00e7\u00e3o de um produto existente, temos as capacidades para atender \u00e0s suas necessidades. Garantimos os mais altos padr\u00f5es de qualidade e fornecemos suporte abrangente durante todo o processo de personaliza\u00e7\u00e3o.<\/p>\n<h3>Perguntas e respostas<\/h3>\n<ol>\n<li>Quais ind\u00fastrias podem se beneficiar do eixo de tomada de for\u00e7a da embreagem B6 1800 mm 1 3\/8\u201d Z6 com embreagem de fric\u00e7\u00e3o FFV4?<\/li>\n<li>Qual \u00e9 o per\u00edodo de garantia deste produto?<\/li>\n<li>O processo de instala\u00e7\u00e3o \u00e9 complicado?<\/li>\n<li>Como posso garantir a manuten\u00e7\u00e3o adequada do eixo?<\/li>\n<li>O que devo fazer se o eixo for danificado?<\/li>\n<\/ol>","protected":false},"excerpt":{"rendered":"<p>High Quality Clutch PTO Shaft B6 1800mm 1 3\/8&#8221; Z6 with FFV4 Friction Clutch The High Quality Clutch PTO Shaft B6 1800mm 1 3\/8&#8221; Z6 with FFV4 Friction Clutch is a new product that is widely used in various industries. It is suitable for hotels, garment shops, building material shops, manufacturing plants, machinery repair shops, [&hellip;]<\/p>","protected":false},"featured_media":4030,"template":"","meta":{"_et_pb_use_builder":"","_et_pb_old_content":"","_et_gb_content_width":""},"product_brand":[],"product_cat":[11315],"product_tag":[],"class_list":{"0":"post-4031","1":"product","2":"type-product","3":"status-publish","4":"has-post-thumbnail","6":"product_cat-pto-shaft","8":"first","9":"instock","10":"shipping-taxable","11":"product-type-simple"},"_links":{"self":[{"href":"https:\/\/agricultural-gear-boxes.com\/pt\/wp-json\/wp\/v2\/product\/4031","targetHints":{"allow":["GET"]}}],"collection":[{"href":"https:\/\/agricultural-gear-boxes.com\/pt\/wp-json\/wp\/v2\/product"}],"about":[{"href":"https:\/\/agricultural-gear-boxes.com\/pt\/wp-json\/wp\/v2\/types\/product"}],"wp:featuredmedia":[{"embeddable":true,"href":"https:\/\/agricultural-gear-boxes.com\/pt\/wp-json\/wp\/v2\/media\/4030"}],"wp:attachment":[{"href":"https:\/\/agricultural-gear-boxes.com\/pt\/wp-json\/wp\/v2\/media?parent=4031"}],"wp:term":[{"taxonomy":"product_brand","embeddable":true,"href":"https:\/\/agricultural-gear-boxes.com\/pt\/wp-json\/wp\/v2\/product_brand?post=4031"},{"taxonomy":"product_cat","embeddable":true,"href":"https:\/\/agricultural-gear-boxes.com\/pt\/wp-json\/wp\/v2\/product_cat?post=4031"},{"taxonomy":"product_tag","embeddable":true,"href":"https:\/\/agricultural-gear-boxes.com\/pt\/wp-json\/wp\/v2\/product_tag?post=4031"}],"curies":[{"name":"wp","href":"https:\/\/api.w.org\/{rel}","templated":true}]}}