{"id":4035,"date":"2024-09-02T06:04:16","date_gmt":"2024-09-02T06:04:16","guid":{"rendered":"https:\/\/agricultural-gear-boxes.com\/product\/g8-shaft-factory-directly-exported-to-korea-green-tractor-pto-shafts\/"},"modified":"2024-09-02T06:04:17","modified_gmt":"2024-09-02T06:04:17","slug":"g8-shaft-factory-directly-exported-to-korea-green-tractor-pto-shafts","status":"publish","type":"product","link":"https:\/\/agricultural-gear-boxes.com\/pt\/product\/g8-shaft-factory-directly-exported-to-korea-green-tractor-pto-shafts\/","title":{"rendered":"F\u00e1brica de eixos G8 exportada diretamente para a Coreia Eixos de tomada de for\u00e7a de trator verde"},"content":{"rendered":"<h2>F\u00e1brica de eixos G8 exportada diretamente para a Coreia Eixos de tomada de for\u00e7a de trator verde<\/h2>\n<p>A G8 Shaft Factory exportou diretamente para a Coreia Green Tractor PTO Shafts s\u00e3o eixos de alta qualidade projetados especificamente para tratores e implementos agr\u00edcolas. Com garantia de 1 ano, esses eixos s\u00e3o constru\u00eddos para durar e fornecer desempenho confi\u00e1vel em v\u00e1rios setores, como hot\u00e9is, lojas de roupas, f\u00e1bricas e muito mais.<\/p>\n<h3>Especifica\u00e7\u00f5es do produto:<\/h3>\n<ul>\n<li>Condi\u00e7\u00e3o: Novo<\/li>\n<li>Garantia: 1 ano<\/li>\n<li>Ind\u00fastrias aplic\u00e1veis: Hot\u00e9is, lojas de vestu\u00e1rio, lojas de materiais de constru\u00e7\u00e3o, instala\u00e7\u00f5es de fabrica\u00e7\u00e3o, oficinas de conserto de m\u00e1quinas, f\u00e1bricas de alimentos e bebidas, fazendas, restaurantes, uso dom\u00e9stico, varejo, lojas de alimentos, gr\u00e1ficas, obras de constru\u00e7\u00e3o, energia e minera\u00e7\u00e3o, lojas de alimentos e bebidas, outros<\/li>\n<li>V\u00eddeo de inspe\u00e7\u00e3o de sa\u00edda: Fornecido<\/li>\n<li>Relat\u00f3rio de teste de m\u00e1quinas: fornecido<\/li>\n<li>Tipo de marketing: produto comum<\/li>\n<li>Tipo: Eixos<\/li>\n<li>Uso: Colheitadeiras<\/li>\n<li>Nome do produto: G8 Shaft Factory exportado diretamente para a Coreia Green Tractor PTO Shafts<\/li>\n<li>Uso: Tratores e implementos agr\u00edcolas<\/li>\n<li>Dentes: Z8<\/li>\n<li>Processamento de Jugo: Forja<\/li>\n<li>Certificado: CE, ISO e TS<\/li>\n<li>Processamento de Tubo: Trefilado a Frio<\/li>\n<li>Embalagem: Embalagem personalizada<\/li>\n<li>Quantidade m\u00ednima: 1<\/li>\n<li>Tubos: Tubos estriados<\/li>\n<li>Tempo de entrega: Em estoque ou 35 dias<\/li>\n<li>Servi\u00e7o p\u00f3s-garantia: Suporte t\u00e9cnico por v\u00eddeo, Suporte online, Pe\u00e7as de reposi\u00e7\u00e3o<\/li>\n<li>Localiza\u00e7\u00e3o do servi\u00e7o local: Nenhum<\/li>\n<\/ul>\n<p>Esses eixos de tomada de for\u00e7a s\u00e3o feitos usando materiais de alta qualidade e passam por uma inspe\u00e7\u00e3o de qualidade completa, garantindo sua confiabilidade e durabilidade. O jugo \u00e9 forjado para maior resist\u00eancia, enquanto o tubo \u00e9 trefilado a frio para uma opera\u00e7\u00e3o precisa e suave. Os eixos s\u00e3o projetados para se adaptarem a tratores e implementos agr\u00edcolas, tornando-os vers\u00e1teis e adequados para v\u00e1rias aplica\u00e7\u00f5es agr\u00edcolas.<\/p>\n<p>A instala\u00e7\u00e3o da F\u00e1brica de Eixos G8 Exportada Diretamente para a Coreia Green Tractor PTO Shafts \u00e9 simples, e a embalagem personalizada garante um transporte seguro. Com uma quantidade m\u00ednima de pedido de 1, os clientes podem facilmente comprar a quantidade desejada para suas necessidades. Os eixos podem ser usados em conjunto com tubos estriados, fornecendo uma conex\u00e3o segura e eficiente.<\/p>\n<p>Os clientes podem esperar excelente suporte p\u00f3s-venda, incluindo assist\u00eancia t\u00e9cnica por v\u00eddeo, suporte online e disponibilidade de pe\u00e7as de reposi\u00e7\u00e3o. Seja instala\u00e7\u00e3o, manuten\u00e7\u00e3o ou reparos, os eixos de tomada de for\u00e7a de trator verde da G8 Shaft Factory exportados diretamente para a Coreia s\u00e3o projetados para fornecer uma experi\u00eancia sem complica\u00e7\u00f5es.<\/p>\n<h3>Caracter\u00edsticas:<\/h3>\n<ul>\n<li>Constru\u00e7\u00e3o de alta qualidade<\/li>\n<li>Desempenho confi\u00e1vel<\/li>\n<li>F\u00e1cil instala\u00e7\u00e3o<\/li>\n<li>Dur\u00e1vel e duradouro<\/li>\n<li>Compat\u00edvel com tratores e implementos agr\u00edcolas<\/li>\n<li>Opera\u00e7\u00e3o suave<\/li>\n<li>Conex\u00e3o segura<\/li>\n<\/ul>\n<h3>Outros produtos da empresa:<\/h3>\n<p>Al\u00e9m dos eixos de tomada de for\u00e7a de trator verde da G8 Shaft Factory exportados diretamente para a Coreia, nossa empresa oferece uma ampla gama de engrenagens pl\u00e1sticas de alta qualidade usadas em v\u00e1rios setores. Nossa linha de produtos inclui caixas de engrenagens agr\u00edcolas, eixos de sa\u00edda de pot\u00eancia, rodas dentadas, acoplamentos de fluido, redutores de engrenagem sem-fim, engrenagens e cremalheiras, correntes destac\u00e1veis, polias e polias, caixas de engrenagens planet\u00e1rias, polias de sincroniza\u00e7\u00e3o, buchas e muito mais. Temos orgulho de entregar produtos de primeira linha a um pre\u00e7o favor\u00e1vel, juntamente com um atendimento ao cliente excepcional. Tamb\u00e9m oferecemos servi\u00e7os de personaliza\u00e7\u00e3o com base em desenhos ou amostras do cliente.<\/p>\n<h3>Perguntas e respostas:<\/h3>\n<ol>\n<li>Para quais ind\u00fastrias os eixos de tomada de for\u00e7a de trator verde da G8 Shaft Factory exportados diretamente para a Coreia s\u00e3o adequados?<\/li>\n<li>Qual \u00e9 o per\u00edodo de garantia desses eixos?<\/li>\n<li>Qual \u00e9 a quantidade m\u00ednima de pedido para eixos de tomada de for\u00e7a de trator verde exportados diretamente para a Coreia pela f\u00e1brica de eixos G8?<\/li>\n<li>H\u00e1 pe\u00e7as de reposi\u00e7\u00e3o dispon\u00edveis para esses eixos?<\/li>\n<li>Qual \u00e9 a principal vantagem de usar tubos estriados com esses eixos?<\/li>\n<\/ol>","protected":false},"excerpt":{"rendered":"<p>G8 Shaft Factory Directly Exported to Korea Green Tractor PTO Shafts The G8 Shaft Factory Directly Exported to Korea Green Tractor PTO Shafts are high-quality shafts designed specifically for tractors and farm implements. With a warranty of 1 year, these shafts are built to last and provide reliable performance in various industries such as hotels, [&hellip;]<\/p>","protected":false},"featured_media":4034,"template":"","meta":{"_et_pb_use_builder":"","_et_pb_old_content":"","_et_gb_content_width":""},"product_brand":[],"product_cat":[11315],"product_tag":[],"class_list":{"0":"post-4035","1":"product","2":"type-product","3":"status-publish","4":"has-post-thumbnail","6":"product_cat-pto-shaft","8":"first","9":"instock","10":"shipping-taxable","11":"product-type-simple"},"_links":{"self":[{"href":"https:\/\/agricultural-gear-boxes.com\/pt\/wp-json\/wp\/v2\/product\/4035","targetHints":{"allow":["GET"]}}],"collection":[{"href":"https:\/\/agricultural-gear-boxes.com\/pt\/wp-json\/wp\/v2\/product"}],"about":[{"href":"https:\/\/agricultural-gear-boxes.com\/pt\/wp-json\/wp\/v2\/types\/product"}],"wp:featuredmedia":[{"embeddable":true,"href":"https:\/\/agricultural-gear-boxes.com\/pt\/wp-json\/wp\/v2\/media\/4034"}],"wp:attachment":[{"href":"https:\/\/agricultural-gear-boxes.com\/pt\/wp-json\/wp\/v2\/media?parent=4035"}],"wp:term":[{"taxonomy":"product_brand","embeddable":true,"href":"https:\/\/agricultural-gear-boxes.com\/pt\/wp-json\/wp\/v2\/product_brand?post=4035"},{"taxonomy":"product_cat","embeddable":true,"href":"https:\/\/agricultural-gear-boxes.com\/pt\/wp-json\/wp\/v2\/product_cat?post=4035"},{"taxonomy":"product_tag","embeddable":true,"href":"https:\/\/agricultural-gear-boxes.com\/pt\/wp-json\/wp\/v2\/product_tag?post=4035"}],"curies":[{"name":"wp","href":"https:\/\/api.w.org\/{rel}","templated":true}]}}