{"id":4039,"date":"2024-09-02T06:04:35","date_gmt":"2024-09-02T06:04:35","guid":{"rendered":"https:\/\/agricultural-gear-boxes.com\/product\/pto-shaft-agricultural-machinery-t2-600-1-3-8-z6-triangular-tube-shaft\/"},"modified":"2024-09-02T06:04:35","modified_gmt":"2024-09-02T06:04:35","slug":"pto-shaft-agricultural-machinery-t2-600-1-3-8-z6-triangular-tube-shaft","status":"publish","type":"product","link":"https:\/\/agricultural-gear-boxes.com\/pt\/product\/pto-shaft-agricultural-machinery-t2-600-1-3-8-z6-triangular-tube-shaft\/","title":{"rendered":"Eixo de tomada de for\u00e7a M\u00e1quinas agr\u00edcolas T2 600 1 3\/8 \u201d Eixo de tubo triangular Z6"},"content":{"rendered":"<h2>Eixo de tomada de for\u00e7a M\u00e1quinas agr\u00edcolas T2 600 1 3\/8 \u201dZ6 Eixo de tubo triangular<\/h2>\n<p>Se voc\u00ea est\u00e1 procurando um eixo de tomada de for\u00e7a confi\u00e1vel para seu trator ou implementos agr\u00edcolas, o Yellow Drive Shaft Straight Protector S8 80 HP 800MM Tractor PTO Shaft \u00e9 uma \u00f3tima op\u00e7\u00e3o. Este produto novo e de alta qualidade vem com garantia de 1 ano e \u00e9 adequado para uso em hot\u00e9is, lojas de roupas, lojas de materiais de constru\u00e7\u00e3o, f\u00e1bricas, oficinas de reparo de m\u00e1quinas, f\u00e1bricas de alimentos e bebidas, fazendas, restaurantes, uso dom\u00e9stico, varejo, lojas de alimentos, gr\u00e1ficas, obras de constru\u00e7\u00e3o, energia e minera\u00e7\u00e3o e outras ind\u00fastrias.<\/p>\n<p>Este eixo PTO tem uma medida de dentes de 1 3\/8 polegadas Z6 e um processamento de forja de jugo, o que garante sua durabilidade e confiabilidade. O processamento do tubo \u00e9 trefilado a frio, tornando-o forte o suficiente para suportar longas horas de uso. O produto tamb\u00e9m \u00e9 certificado com CE, ISO e TS, o que garante sua qualidade.<\/p>\n<p>O Yellow Drive Shaft Straight Protector S8 80 HP 800MM Tractor PTO Shaft \u00e9 usado principalmente na colheita e \u00e9 adequado para tratores e implementos agr\u00edcolas. Ele tem uma embalagem personaliz\u00e1vel e quantidade m\u00ednima de pedido de um. Os tubos s\u00e3o StarTubes, e o prazo de entrega \u00e9 em estoque ou 35 dias. Os detalhes da embalagem incluem um saco pl\u00e1stico, caixa de madeira e embalagem personalizada de acordo com a solicita\u00e7\u00e3o do cliente. O porto \u00e9 Xangai ou Ningbo.<\/p>\n<h3>Vantagens do protetor reto do eixo de transmiss\u00e3o amarelo S8 80 HP 800MM eixo de tomada de for\u00e7a do trator<\/h3>\n<ul>\n<li>Produto de alta qualidade com garantia de 1 ano<\/li>\n<li>Aplic\u00e1vel em v\u00e1rios setores<\/li>\n<li>Forte e dur\u00e1vel com processamento de tubo trefilado a frio<\/li>\n<li>Embalagem personaliz\u00e1vel e quantidade m\u00ednima de pedido de um<\/li>\n<li>Certificado com CE, ISO e TS<\/li>\n<\/ul>\n<h3>Instala\u00e7\u00e3o, manuten\u00e7\u00e3o e reparo do protetor reto do eixo de transmiss\u00e3o amarelo S8 80 HP 800MM eixo de tomada de for\u00e7a do trator<\/h3>\n<p>Para instalar o Yellow Drive Shaft Straight Protector S8 80 HP 800MM Tractor PTO Shaft, certifique-se de seguir cuidadosamente as instru\u00e7\u00f5es do fabricante. A manuten\u00e7\u00e3o adequada, incluindo limpeza e lubrifica\u00e7\u00e3o regulares, pode estender significativamente a vida \u00fatil do produto. Em caso de danos ou quebra, leve o produto a um mec\u00e2nico ou oficina de reparos de boa reputa\u00e7\u00e3o para reparo ou substitui\u00e7\u00e3o.<\/p>\n<h3>Outros produtos Neg\u00f3cios<\/h3>\n<p>Al\u00e9m do Yellow Drive Shaft Straight Protector S8 80 HP 800MM Tractor PTO Shaft, nossa empresa, EVER-POWER GROUP Co., Ltd., tamb\u00e9m fornece v\u00e1rias engrenagens de pl\u00e1stico usadas na ind\u00fastria. Nossos produtos incluem caixas de engrenagens agr\u00edcolas, eixos de sa\u00edda de pot\u00eancia, rodas dentadas, acoplamentos de fluido, redutores de engrenagem sem-fim, engrenagens e cremalheiras, correntes destac\u00e1veis, polias e polias, caixas de engrenagens planet\u00e1rias, polias de sincroniza\u00e7\u00e3o, buchas e muito mais. Nosso objetivo \u00e9 fornecer produtos de alta qualidade a um pre\u00e7o favor\u00e1vel com servi\u00e7o atencioso. Tamb\u00e9m damos as boas-vindas aos clientes para desenho ou personaliza\u00e7\u00e3o de amostra.<\/p>\n<h2>Perguntas e Respostas<\/h2>\n<h3>1. Qual \u00e9 a garantia do protetor reto do eixo de transmiss\u00e3o amarelo S8 80 HP 800MM eixo de tomada de for\u00e7a do trator?<\/h3>\n<p>O protetor reto do eixo de transmiss\u00e3o amarelo S8 80 HP 800 mm eixo de tomada de for\u00e7a do trator vem com garantia de 1 ano.<\/p>\n<h3>2. Qual \u00e9 o prazo de entrega do protetor reto do eixo de transmiss\u00e3o amarelo S8 80 HP 800MM eixo de tomada de for\u00e7a do trator?<\/h3>\n<p>O prazo de entrega do protetor reto do eixo de transmiss\u00e3o amarelo S8 80 HP 800MM eixo de tomada de for\u00e7a do trator \u00e9 em estoque ou 35 dias.<\/p>\n<h3>3. Quais s\u00e3o as vantagens do protetor reto de eixo de transmiss\u00e3o amarelo S8 80 HP 800MM eixo de tomada de for\u00e7a do trator?<\/h3>\n<p>As vantagens do protetor reto de eixo de transmiss\u00e3o amarelo S8 80 HP 800 mm eixo de tomada de for\u00e7a do trator incluem seu produto de alta qualidade com garantia de 1 ano, aplicabilidade em v\u00e1rios setores, forte e dur\u00e1vel com processamento de tubo trefilado a frio, embalagem personaliz\u00e1vel e quantidade m\u00ednima de pedido de um, e certifica\u00e7\u00e3o com CE, ISO e TS.<\/p>\n<h3>4. Como fa\u00e7o para instalar o protetor reto do eixo de transmiss\u00e3o amarelo S8 80 HP 800MM eixo de tomada de for\u00e7a do trator?<\/h3>\n<p>Para instalar o protetor reto do eixo de transmiss\u00e3o amarelo S8 80 HP 800 mm eixo de tomada de for\u00e7a do trator, certifique-se de seguir cuidadosamente as instru\u00e7\u00f5es do fabricante.<\/p>\n<h3>5. O que devo fazer em caso de dano ou quebra do protetor reto do eixo de transmiss\u00e3o amarelo S8 80 HP 800MM eixo de tomada de for\u00e7a do trator?<\/h3>\n<p>Em caso de danos ou quebra, leve o produto a um mec\u00e2nico ou oficina de confian\u00e7a para reparo ou substitui\u00e7\u00e3o.<\/p>","protected":false},"excerpt":{"rendered":"<p>Eixo de tomada de for\u00e7a M\u00e1quinas agr\u00edcolas T2 600 1 3\/8 \u201d Z6 Eixo de tubo triangular Se voc\u00ea est\u00e1 procurando um eixo de tomada de for\u00e7a confi\u00e1vel para seu trator ou implementos agr\u00edcolas, o eixo de tomada de for\u00e7a de trator Yellow Drive Shaft Straight Protector S8 80 HP 800MM \u00e9 uma \u00f3tima op\u00e7\u00e3o. Este produto novo e de alta qualidade vem com garantia de 1 ano [\u2026]<\/p>","protected":false},"featured_media":4038,"template":"","meta":{"_et_pb_use_builder":"","_et_pb_old_content":"","_et_gb_content_width":""},"product_brand":[],"product_cat":[11315],"product_tag":[],"class_list":{"0":"post-4039","1":"product","2":"type-product","3":"status-publish","4":"has-post-thumbnail","6":"product_cat-pto-shaft","8":"first","9":"instock","10":"shipping-taxable","11":"product-type-simple"},"_links":{"self":[{"href":"https:\/\/agricultural-gear-boxes.com\/pt\/wp-json\/wp\/v2\/product\/4039","targetHints":{"allow":["GET"]}}],"collection":[{"href":"https:\/\/agricultural-gear-boxes.com\/pt\/wp-json\/wp\/v2\/product"}],"about":[{"href":"https:\/\/agricultural-gear-boxes.com\/pt\/wp-json\/wp\/v2\/types\/product"}],"wp:featuredmedia":[{"embeddable":true,"href":"https:\/\/agricultural-gear-boxes.com\/pt\/wp-json\/wp\/v2\/media\/4038"}],"wp:attachment":[{"href":"https:\/\/agricultural-gear-boxes.com\/pt\/wp-json\/wp\/v2\/media?parent=4039"}],"wp:term":[{"taxonomy":"product_brand","embeddable":true,"href":"https:\/\/agricultural-gear-boxes.com\/pt\/wp-json\/wp\/v2\/product_brand?post=4039"},{"taxonomy":"product_cat","embeddable":true,"href":"https:\/\/agricultural-gear-boxes.com\/pt\/wp-json\/wp\/v2\/product_cat?post=4039"},{"taxonomy":"product_tag","embeddable":true,"href":"https:\/\/agricultural-gear-boxes.com\/pt\/wp-json\/wp\/v2\/product_tag?post=4039"}],"curies":[{"name":"wp","href":"https:\/\/api.w.org\/{rel}","templated":true}]}}