{"id":4061,"date":"2024-09-03T05:47:59","date_gmt":"2024-09-03T05:47:59","guid":{"rendered":"https:\/\/agricultural-gear-boxes.com\/product\/roller-chain-coupling\/"},"modified":"2024-09-03T05:47:59","modified_gmt":"2024-09-03T05:47:59","slug":"roller-chain-coupling","status":"publish","type":"product","link":"https:\/\/agricultural-gear-boxes.com\/pt\/product\/roller-chain-coupling\/","title":{"rendered":"Acoplamento de corrente de rolo"},"content":{"rendered":"<h2>Acoplamento de corrente de rolos: uma solu\u00e7\u00e3o de transmiss\u00e3o de energia confi\u00e1vel e flex\u00edvel<\/h2>\n<p>O acoplamento de corrente de rolos \u00e9 um tipo de elemento de acoplamento flex\u00edvel inel\u00e1stico que conecta dois eixos. \u00c9 composto de correntes de rolos de dois suportes, duas rodas dentadas id\u00eanticas e um alojamento que aumenta a seguran\u00e7a e a durabilidade. Esta solu\u00e7\u00e3o de acoplamento \u00e9 conhecida por sua estrutura simples e compacta, alta flexibilidade na capacidade de transmiss\u00e3o de energia e durabilidade. Ela permite f\u00e1cil conex\u00e3o\/desconex\u00e3o e pode ser usada em v\u00e1rias ind\u00fastrias, como t\u00eaxtil, agr\u00edcola, movimenta\u00e7\u00e3o de materiais, engenharia, minera\u00e7\u00e3o, ind\u00fastria leve e sistema de transmiss\u00e3o de eixo mec\u00e2nico qu\u00edmico.<\/p>\n<h3>Hist\u00f3ria e classifica\u00e7\u00e3o do acoplamento de corrente de rolos<\/h3>\n<p>O acoplamento de corrente de rolos tem sido amplamente utilizado desde a d\u00e9cada de 1900 e passou por v\u00e1rias melhorias para melhorar seu desempenho e confiabilidade. Hoje, h\u00e1 v\u00e1rios tipos de acoplamento de corrente de rolos dispon\u00edveis no mercado, incluindo acoplamento de corrente de rolos duplex, acoplamento de corrente de rolos simplex, acoplamento de corrente silencioso e acoplamento de corrente de nylon. Cada tipo de acoplamento usa uma corrente diferente, o que afeta seu desempenho e aplica\u00e7\u00e3o.<\/p>\n<h3>Vantagens e aplica\u00e7\u00f5es comuns do acoplamento de corrente de rolos<\/h3>\n<p>O acoplamento de corrente de rolos tem muitas vantagens que o tornam popular entre as ind\u00fastrias. Primeiro, ele tem uma estrutura simples composta de apenas quatro partes, tornando-o f\u00e1cil de montar, desmontar e manter. Segundo, ele \u00e9 compacto e leve, o que economiza espa\u00e7o e reduz o peso geral do equipamento. Terceiro, ele pode ser conectado entre dois eixos e n\u00e3o requer instala\u00e7\u00e3o de alta precis\u00e3o, e \u00e9 confi\u00e1vel e tem uma longa vida \u00fatil. Por \u00faltimo, mas n\u00e3o menos importante, ele \u00e9 econ\u00f4mico e fornece uma solu\u00e7\u00e3o de transmiss\u00e3o de energia eficiente.<\/p>\n<p>O acoplamento de corrente de rolo pode ser usado em v\u00e1rias ind\u00fastrias, como t\u00eaxtil, agr\u00edcola, manuseio de materiais, engenharia, minera\u00e7\u00e3o, ind\u00fastria leve e sistema de transmiss\u00e3o de eixo mec\u00e2nico qu\u00edmico. \u00c9 adequado para trabalhar em alta temperatura, umidade e ambiente empoeirado, mas n\u00e3o \u00e9 recomendado para alta velocidade, carga de choque severa e transfer\u00eancia de for\u00e7as axiais.<\/p>\n<h3>Instala\u00e7\u00e3o, manuten\u00e7\u00e3o e reparo de acoplamento de corrente de rolos<\/h3>\n<p>Para garantir a longa vida \u00fatil do acoplamento da corrente de rolos, \u00e9 recomendado trabalhar sob boa lubrifica\u00e7\u00e3o e cobertura protetora. Manuten\u00e7\u00e3o regular deve ser realizada para verificar o desgaste e garantir a lubrifica\u00e7\u00e3o adequada. A cobertura tamb\u00e9m deve ser instalada para evitar corros\u00e3o e quebra da corrente. Em caso de falha, \u00e9 importante diagnosticar a causa e substituir a pe\u00e7a danificada imediatamente.<\/p>\n<h3>Outros produtos oferecidos pela empresa<\/h3>\n<p>Al\u00e9m do acoplamento de corrente de rolo, nossa empresa tamb\u00e9m fornece v\u00e1rias engrenagens pl\u00e1sticas usadas na ind\u00fastria, como caixas de engrenagens agr\u00edcolas, eixos de sa\u00edda de pot\u00eancia, rodas dentadas, acoplamentos de fluido, redutores de engrenagem sem-fim, engrenagens e cremalheiras, correntes destac\u00e1veis, polias e polias, caixas de engrenagens planet\u00e1rias, polias de sincroniza\u00e7\u00e3o, buchas e muito mais. Temos orgulho em fornecer produtos de alta qualidade, pre\u00e7os favor\u00e1veis e servi\u00e7o atencioso. Os clientes s\u00e3o bem-vindos para vir at\u00e9 n\u00f3s para desenho ou personaliza\u00e7\u00e3o de amostra.<\/p>\n<h2>Perguntas frequentes<\/h2>\n<h3>1. O que \u00e9 o acoplamento da corrente de rolos?<\/h3>\n<p>O acoplamento de corrente de rolo \u00e9 um tipo de elemento de acoplamento flex\u00edvel inel\u00e1stico que conecta dois eixos. \u00c9 composto de correntes de rolo de dois suportes, duas rodas dentadas id\u00eanticas e um alojamento que aumenta a seguran\u00e7a e a durabilidade.<\/p>\n<h3>2. Quais s\u00e3o as vantagens do acoplamento de corrente de rolos?<\/h3>\n<p>O acoplamento de corrente de rolos tem muitas vantagens, incluindo uma estrutura simples, f\u00e1cil montagem e desmontagem, tamanho compacto e leve, sem requisitos de alta precis\u00e3o para instala\u00e7\u00e3o, opera\u00e7\u00e3o confi\u00e1vel, baixo custo e longa vida \u00fatil.<\/p>\n<h3>3. Quais s\u00e3o as aplica\u00e7\u00f5es comuns do acoplamento de corrente de rolos?<\/h3>\n<p>O acoplamento de corrente de rolos pode ser usado em v\u00e1rios setores, como t\u00eaxtil, agr\u00edcola, movimenta\u00e7\u00e3o de materiais, engenharia, minera\u00e7\u00e3o, ind\u00fastria leve e sistema de acionamento de eixo mec\u00e2nico qu\u00edmico.<\/p>\n<h3>4. Como instalar, manter e reparar o acoplamento da corrente de rolos?<\/h3>\n<p>Para garantir a longa vida \u00fatil do acoplamento da corrente de rolos, \u00e9 recomendado trabalhar sob boa lubrifica\u00e7\u00e3o e cobertura protetora. Manuten\u00e7\u00e3o regular deve ser realizada para verificar o desgaste e garantir a lubrifica\u00e7\u00e3o adequada. A cobertura tamb\u00e9m deve ser instalada para evitar corros\u00e3o e quebra da corrente. Em caso de falha, \u00e9 importante diagnosticar a causa e substituir a pe\u00e7a danificada imediatamente.<\/p>\n<h3>5. Quais outros produtos a empresa oferece?<\/h3>\n<p>Al\u00e9m do acoplamento de corrente de rolo, nossa empresa tamb\u00e9m fornece v\u00e1rias engrenagens pl\u00e1sticas usadas na ind\u00fastria, como caixas de engrenagens agr\u00edcolas, eixos de sa\u00edda de pot\u00eancia, rodas dentadas, acoplamentos de fluido, redutores de engrenagem sem-fim, engrenagens e cremalheiras, correntes destac\u00e1veis, polias e polias, caixas de engrenagens planet\u00e1rias, polias de sincroniza\u00e7\u00e3o, buchas e muito mais. Temos orgulho em fornecer produtos de alta qualidade, pre\u00e7os favor\u00e1veis e servi\u00e7o atencioso. Os clientes s\u00e3o bem-vindos para vir at\u00e9 n\u00f3s para desenho ou personaliza\u00e7\u00e3o de amostra.<\/p>","protected":false},"excerpt":{"rendered":"<p>Roller Chain Coupling: A Reliable and Flexible Power Transmission Solution Roller chain coupling is a type of inelastic flexible coupling element that connects two shafts. It is composed of two-stand roller chains, two identical sprockets, and a housing that enhances safety and durability. This coupling solution is known for its simple and compact structure, high [&hellip;]<\/p>","protected":false},"featured_media":4060,"template":"","meta":{"_et_pb_use_builder":"","_et_pb_old_content":"","_et_gb_content_width":""},"product_brand":[],"product_cat":[11317],"product_tag":[],"class_list":{"0":"post-4061","1":"product","2":"type-product","3":"status-publish","4":"has-post-thumbnail","6":"product_cat-chain-coupling","8":"first","9":"instock","10":"shipping-taxable","11":"product-type-simple"},"_links":{"self":[{"href":"https:\/\/agricultural-gear-boxes.com\/pt\/wp-json\/wp\/v2\/product\/4061","targetHints":{"allow":["GET"]}}],"collection":[{"href":"https:\/\/agricultural-gear-boxes.com\/pt\/wp-json\/wp\/v2\/product"}],"about":[{"href":"https:\/\/agricultural-gear-boxes.com\/pt\/wp-json\/wp\/v2\/types\/product"}],"wp:featuredmedia":[{"embeddable":true,"href":"https:\/\/agricultural-gear-boxes.com\/pt\/wp-json\/wp\/v2\/media\/4060"}],"wp:attachment":[{"href":"https:\/\/agricultural-gear-boxes.com\/pt\/wp-json\/wp\/v2\/media?parent=4061"}],"wp:term":[{"taxonomy":"product_brand","embeddable":true,"href":"https:\/\/agricultural-gear-boxes.com\/pt\/wp-json\/wp\/v2\/product_brand?post=4061"},{"taxonomy":"product_cat","embeddable":true,"href":"https:\/\/agricultural-gear-boxes.com\/pt\/wp-json\/wp\/v2\/product_cat?post=4061"},{"taxonomy":"product_tag","embeddable":true,"href":"https:\/\/agricultural-gear-boxes.com\/pt\/wp-json\/wp\/v2\/product_tag?post=4061"}],"curies":[{"name":"wp","href":"https:\/\/api.w.org\/{rel}","templated":true}]}}