{"id":4066,"date":"2024-09-03T05:51:40","date_gmt":"2024-09-03T05:51:40","guid":{"rendered":"https:\/\/agricultural-gear-boxes.com\/product\/fluid-couplings\/"},"modified":"2024-09-03T05:51:40","modified_gmt":"2024-09-03T05:51:40","slug":"fluid-couplings","status":"publish","type":"product","link":"https:\/\/agricultural-gear-boxes.com\/pt\/product\/fluid-couplings\/","title":{"rendered":"Acoplamentos de fluidos"},"content":{"rendered":"<h2>Introdu\u00e7\u00e3o aos acoplamentos de fluidos<\/h2>\n<p>Um acoplamento de fluido \u00e9 um dispositivo que melhora a capacidade de partida de um motor el\u00e9trico, protege o motor contra sobrecarga, amortece choques, lida com flutua\u00e7\u00f5es de carga e vibra\u00e7\u00f5es torcionais, e equilibra e distribui cargas em caso de acionamentos multimotores. \u00c9 amplamente utilizado em v\u00e1rias ind\u00fastrias e aplica\u00e7\u00f5es.<\/p>\n<h3>Caracter\u00edsticas dos acoplamentos de fluidos<\/h3>\n<ul>\n<li>Melhora a capacidade de partida do motor el\u00e9trico<\/li>\n<li>Protege o motor contra sobrecarga<\/li>\n<li>Amortece choques, flutua\u00e7\u00f5es de carga e vibra\u00e7\u00f5es torcionais<\/li>\n<li>Permite balanceamento e distribui\u00e7\u00e3o de carga em acionamentos multimotores<\/li>\n<\/ul>\n<h3>Aplica\u00e7\u00f5es de acoplamentos de fluidos<\/h3>\n<ul>\n<li>Transportadores de correia<\/li>\n<li>Transportadores raspadores<\/li>\n<li>Todos os tipos de transportadores<\/li>\n<li>Elevadores de ca\u00e7amba<\/li>\n<li>Moinhos de bolas<\/li>\n<li>Elevadores<\/li>\n<li>Trituradores<\/li>\n<li>Escavadeiras<\/li>\n<li>Misturadores<\/li>\n<li>Alisadores<\/li>\n<li>Guindastes<\/li>\n<li>E muitos mais<\/li>\n<\/ul>\n<p>Os acoplamentos de fluidos s\u00e3o essenciais nessas aplica\u00e7\u00f5es por sua capacidade de garantir uma opera\u00e7\u00e3o suave e eficiente.<\/p>\n<h3>Sele\u00e7\u00e3o de acoplamentos de fluidos<\/h3>\n<p>Ao selecionar um acoplamento de fluido, \u00e9 importante considerar a folha de dados t\u00e9cnicos e o gr\u00e1fico de pot\u00eancia fornecidos. Esses recursos ajudam a determinar o tamanho adequado do acoplamento de fluido com base na pot\u00eancia transmitida e na velocidade do motor. Al\u00e9m disso, as dimens\u00f5es das extremidades do eixo do motor e da m\u00e1quina acionada (ou redutor) devem ser especificadas, incluindo di\u00e2metro, toler\u00e2ncia ou ajuste, comprimento, largura e profundidade das chaves. Para requisitos especiais, como acoplamentos de fluido com polias de correia ou polias de freio, dados t\u00e9cnicos detalhados devem ser fornecidos.<\/p>\n<p>YOXz is a type of fluid coupling with a moving wheel that is connected to an elastic axle connecting machine. It offers three connection types and is known for its tight structure and small axle size. YOXz fittings have a wide usage and simple structure, making them easy to use in various applications. The connection style of YOXz allows for easy installation without the need to move the electromotive machine and decelerating machine. The size of YOXz is determined by the customer&#8217;s specifications.<\/p>\n<p>YOXp \u00e9 outro tipo de acoplamento de fluido, projetado como um estilo de conex\u00e3o com uma bandeja de correia e m\u00e1quina de coincid\u00eancia hidr\u00e1ulica. \u00c9 adequado para equipamentos transportados por correia. O tamanho da conex\u00e3o do eixo da m\u00e1quina eletromotriz e a especifica\u00e7\u00e3o detalhada e o tamanho da bandeja de correia devem ser fornecidos pelo cliente.<\/p>\n<p>YOXf \u00e9 um tipo de acoplamento de fluido que \u00e9 conectado em ambos os lados. Ele tem um tamanho de eixo maior, mas uma estrutura simples, tornando-o f\u00e1cil de consertar e emendar sem mover a m\u00e1quina eletromotriz e a m\u00e1quina de desacelera\u00e7\u00e3o. A m\u00e1quina de conex\u00e3o de eixo el\u00e1stico relevante, tamanho de conex\u00e3o e tamanho externo s\u00e3o semelhantes ao tipo YOXe.<\/p>\n<p>Procedimentos adequados de instala\u00e7\u00e3o, manuten\u00e7\u00e3o e reparo devem ser seguidos ao lidar com acoplamentos de fluidos. Tamb\u00e9m \u00e9 importante entender como substituir o acoplamento de fluidos, se necess\u00e1rio.<\/p>\n<h2>Outros produtos<\/h2>\n<p>Nossa empresa \u00e9 especializada no fornecimento de v\u00e1rios produtos relacionados \u00e0 ind\u00fastria, incluindo engrenagens de pl\u00e1stico, caixas de engrenagens agr\u00edcolas, eixos de sa\u00edda de pot\u00eancia, rodas dentadas, redutores de engrenagem sem-fim, engrenagens e cremalheiras, correntes destac\u00e1veis, polias e polias, caixas de engrenagens planet\u00e1rias, polias de sincroniza\u00e7\u00e3o e buchas. Estamos comprometidos em fornecer produtos de alta qualidade a pre\u00e7os favor\u00e1veis e oferecer um servi\u00e7o atencioso ao cliente. Damos as boas-vindas aos clientes para virem at\u00e9 n\u00f3s com suas necessidades de personaliza\u00e7\u00e3o de desenho ou amostra.<\/p>\n<h2>Perguntas e respostas<\/h2>\n<p>1. Quais s\u00e3o as principais caracter\u00edsticas dos acoplamentos de fluidos?<\/p>\n<p>2. Em quais aplica\u00e7\u00f5es os acoplamentos de fluidos s\u00e3o comumente usados?<\/p>\n<p>3. Como seleciono o tamanho correto do acoplamento de fluido?<\/p>\n<p>4. Qual \u00e9 a vantagem de usar acoplamentos de fluido YOXz?<\/p>\n<p>5. Quais outros produtos sua empresa fornece?<\/p>","protected":false},"excerpt":{"rendered":"<p>Introduction to Fluid Couplings A fluid coupling is a device that improves the starting capability of an electric motor, protects the motor against overloading, dampens shocks, handles load fluctuations and torsional vibrations, and balances and distributes loads in case of multimotor drives. It is widely used in various industries and applications. Features of Fluid Couplings [&hellip;]<\/p>","protected":false},"featured_media":4065,"template":"","meta":{"_et_pb_use_builder":"","_et_pb_old_content":"","_et_gb_content_width":""},"product_brand":[],"product_cat":[11318],"product_tag":[],"class_list":{"0":"post-4066","1":"product","2":"type-product","3":"status-publish","4":"has-post-thumbnail","6":"product_cat-fluid-coupling","8":"first","9":"instock","10":"shipping-taxable","11":"product-type-simple"},"_links":{"self":[{"href":"https:\/\/agricultural-gear-boxes.com\/pt\/wp-json\/wp\/v2\/product\/4066","targetHints":{"allow":["GET"]}}],"collection":[{"href":"https:\/\/agricultural-gear-boxes.com\/pt\/wp-json\/wp\/v2\/product"}],"about":[{"href":"https:\/\/agricultural-gear-boxes.com\/pt\/wp-json\/wp\/v2\/types\/product"}],"wp:featuredmedia":[{"embeddable":true,"href":"https:\/\/agricultural-gear-boxes.com\/pt\/wp-json\/wp\/v2\/media\/4065"}],"wp:attachment":[{"href":"https:\/\/agricultural-gear-boxes.com\/pt\/wp-json\/wp\/v2\/media?parent=4066"}],"wp:term":[{"taxonomy":"product_brand","embeddable":true,"href":"https:\/\/agricultural-gear-boxes.com\/pt\/wp-json\/wp\/v2\/product_brand?post=4066"},{"taxonomy":"product_cat","embeddable":true,"href":"https:\/\/agricultural-gear-boxes.com\/pt\/wp-json\/wp\/v2\/product_cat?post=4066"},{"taxonomy":"product_tag","embeddable":true,"href":"https:\/\/agricultural-gear-boxes.com\/pt\/wp-json\/wp\/v2\/product_tag?post=4066"}],"curies":[{"name":"wp","href":"https:\/\/api.w.org\/{rel}","templated":true}]}}