{"id":4068,"date":"2024-09-03T05:51:41","date_gmt":"2024-09-03T05:51:41","guid":{"rendered":"https:\/\/agricultural-gear-boxes.com\/product\/fluid-drive-coupling\/"},"modified":"2024-09-03T05:51:42","modified_gmt":"2024-09-03T05:51:42","slug":"fluid-drive-coupling","status":"publish","type":"product","link":"https:\/\/agricultural-gear-boxes.com\/pt\/product\/fluid-drive-coupling\/","title":{"rendered":"Acoplamento de transmiss\u00e3o de fluido"},"content":{"rendered":"<h2>Acoplamento de transmiss\u00e3o fluida: melhorando o desempenho e a efici\u00eancia<\/h2>\n<p>The Fluid Drive Coupling is a versatile and efficient device that offers numerous benefits in various industrial applications. With its unique design and advanced technology, this coupling provides superior performance and improved productivity. Let&#8217;s explore the key features and advantages of this remarkable product.<\/p>\n<h3>Melhoria de desempenho e isolamento de vibra\u00e7\u00e3o<\/h3>\n<ul>\n<li>Reduz o impacto da vibra\u00e7\u00e3o torcional e a isola efetivamente.<\/li>\n<li>Permite a partida do motor com atraso, garantindo baixa velocidade e minimizando o impacto causado por partidas bruscas.<\/li>\n<\/ul>\n<h3>Partida suave do motor com carga leve<\/h3>\n<ul>\n<li>The coupling&#8217;s torque and speed are proportional to each other, resulting in smooth motor starting.<\/li>\n<li>Oferece tempo de partida curto, pequena corrente de partida e partida est\u00e1vel.<\/li>\n<li>Particularmente adequado para partidas de carga pesada com grande in\u00e9rcia.<\/li>\n<\/ul>\n<h3>Prote\u00e7\u00e3o contra sobrecarga e maior seguran\u00e7a<\/h3>\n<ul>\n<li>Devido \u00e0 aus\u00eancia de acoplamento mec\u00e2nico direto, o acoplamento fornece prote\u00e7\u00e3o contra sobrecarga.<\/li>\n<li>Evita danos ao motor limitando o torque quando a carga externa excede um determinado limite.<\/li>\n<li>Reduz a taxa de falhas da m\u00e1quina, os custos de manuten\u00e7\u00e3o e o tempo de inatividade.<\/li>\n<li>Prolonga a vida \u00fatil dos rolamentos do motor e das m\u00e1quinas de trabalho.<\/li>\n<\/ul>\n<h3>Desempenho de economia de energia<\/h3>\n<ul>\n<li>Effectively solves the &#8220;big horse car&#8221; phenomenon, reducing motor frame size.<\/li>\n<li>Reduz a corrente de partida e a dura\u00e7\u00e3o, resultando em economia de energia de 10-20%.<\/li>\n<li>Significativamente ben\u00e9fico em cen\u00e1rios de alta in\u00e9rcia de carga pesada inicial.<\/li>\n<\/ul>\n<h3>Acoplador hidr\u00e1ulico com torque limitado: caracter\u00edsticas e manuten\u00e7\u00e3o<\/h3>\n<ul>\n<li>Longa vida \u00fatil e baixa taxa de falhas sem Sassafras mec\u00e2nicos.<\/li>\n<li>Requer manuten\u00e7\u00e3o especial m\u00ednima.<\/li>\n<li>Fabricado com materiais de alta qualidade para maior durabilidade e confiabilidade.<\/li>\n<li>Processo de instala\u00e7\u00e3o simples com instru\u00e7\u00f5es f\u00e1ceis de seguir.<\/li>\n<li>A manuten\u00e7\u00e3o regular garante desempenho e longevidade ideais.<\/li>\n<li>Processo de substitui\u00e7\u00e3o sem esfor\u00e7o para manuten\u00e7\u00e3o pr\u00e1tica e sem complica\u00e7\u00f5es.<\/li>\n<\/ul>\n<h2>Outros produtos e neg\u00f3cios<\/h2>\n<p>Junto com a Fluid Drive Couplings, nossa empresa \u00e9 especializada no fornecimento de uma ampla gama de engrenagens pl\u00e1sticas de alta qualidade usadas em v\u00e1rios setores. Nossas ofertas de produtos incluem caixas de engrenagens agr\u00edcolas, eixos de sa\u00edda de pot\u00eancia, rodas dentadas, redutores de engrenagem sem-fim, engrenagens e cremalheiras, correntes destac\u00e1veis, polias e polias, caixas de engrenagens planet\u00e1rias, polias de sincroniza\u00e7\u00e3o, buchas e muito mais. Temos orgulho em fornecer produtos de alta qualidade, pre\u00e7os competitivos e atendimento excepcional ao cliente. Se voc\u00ea precisa de personaliza\u00e7\u00e3o com base em desenhos ou amostras, estamos aqui para atender \u00e0s suas necessidades.<\/p>\n<h2>Perguntas e respostas:<\/h2>\n<h3>1. Quais s\u00e3o as principais vantagens de usar um acoplamento de acionamento fluido?<\/h3>\n<p>As principais vantagens de usar um acoplamento de acionamento fluido incluem vibra\u00e7\u00e3o torcional reduzida, partida suave do motor, prote\u00e7\u00e3o contra sobrecarga e economia significativa de energia.<\/p>\n<h3>2. O acoplamento de acionamento fluido pode suportar cargas pesadas partindo com grande in\u00e9rcia?<\/h3>\n<p>Sim, o acoplamento de acionamento fluido \u00e9 particularmente adequado para cen\u00e1rios de partida com carga pesada e grande in\u00e9rcia, garantindo um desempenho est\u00e1vel e eficiente do motor.<\/p>\n<h3>3. Como o acoplamento de acionamento fluido fornece prote\u00e7\u00e3o contra sobrecarga?<\/h3>\n<p>O acoplamento de acionamento fluido oferece prote\u00e7\u00e3o contra sobrecarga ao limitar o torque quando a carga externa excede um determinado limite, evitando danos ao motor e reduzindo as taxas de falhas da m\u00e1quina.<\/p>\n<h3>4. Que manuten\u00e7\u00e3o \u00e9 necess\u00e1ria para o acoplamento de acionamento de fluido?<\/h3>\n<p>O Fluid Drive Coupling tem uma longa vida \u00fatil e requer manuten\u00e7\u00e3o especial m\u00ednima. Inspe\u00e7\u00f5es e lubrifica\u00e7\u00e3o regulares s\u00e3o recomendadas para garantir desempenho e longevidade ideais.<\/p>\n<h3>5. Que outros produtos sua empresa oferece?<\/h3>\n<p>Junto com o acoplamento de transmiss\u00e3o fluida, nossa empresa fornece uma ampla gama de engrenagens pl\u00e1sticas usadas em v\u00e1rios setores, incluindo caixas de engrenagens agr\u00edcolas, eixos de sa\u00edda de pot\u00eancia, rodas dentadas, redutores de engrenagem sem-fim, engrenagens e cremalheiras, correntes destac\u00e1veis, polias e polias, caixas de engrenagens planet\u00e1rias, polias de sincroniza\u00e7\u00e3o, buchas e muito mais.<\/p>","protected":false},"excerpt":{"rendered":"<p>Fluid Drive Coupling: Enhancing Performance and Efficiency The Fluid Drive Coupling is a versatile and efficient device that offers numerous benefits in various industrial applications. With its unique design and advanced technology, this coupling provides superior performance and improved productivity. Let&#8217;s explore the key features and advantages of this remarkable product. Performance Enhancement and Vibration [&hellip;]<\/p>","protected":false},"featured_media":4067,"template":"","meta":{"_et_pb_use_builder":"","_et_pb_old_content":"","_et_gb_content_width":""},"product_brand":[],"product_cat":[11318],"product_tag":[],"class_list":{"0":"post-4068","1":"product","2":"type-product","3":"status-publish","4":"has-post-thumbnail","6":"product_cat-fluid-coupling","8":"first","9":"instock","10":"shipping-taxable","11":"product-type-simple"},"_links":{"self":[{"href":"https:\/\/agricultural-gear-boxes.com\/pt\/wp-json\/wp\/v2\/product\/4068","targetHints":{"allow":["GET"]}}],"collection":[{"href":"https:\/\/agricultural-gear-boxes.com\/pt\/wp-json\/wp\/v2\/product"}],"about":[{"href":"https:\/\/agricultural-gear-boxes.com\/pt\/wp-json\/wp\/v2\/types\/product"}],"wp:featuredmedia":[{"embeddable":true,"href":"https:\/\/agricultural-gear-boxes.com\/pt\/wp-json\/wp\/v2\/media\/4067"}],"wp:attachment":[{"href":"https:\/\/agricultural-gear-boxes.com\/pt\/wp-json\/wp\/v2\/media?parent=4068"}],"wp:term":[{"taxonomy":"product_brand","embeddable":true,"href":"https:\/\/agricultural-gear-boxes.com\/pt\/wp-json\/wp\/v2\/product_brand?post=4068"},{"taxonomy":"product_cat","embeddable":true,"href":"https:\/\/agricultural-gear-boxes.com\/pt\/wp-json\/wp\/v2\/product_cat?post=4068"},{"taxonomy":"product_tag","embeddable":true,"href":"https:\/\/agricultural-gear-boxes.com\/pt\/wp-json\/wp\/v2\/product_tag?post=4068"}],"curies":[{"name":"wp","href":"https:\/\/api.w.org\/{rel}","templated":true}]}}