{"id":4090,"date":"2024-09-04T05:26:02","date_gmt":"2024-09-04T05:26:02","guid":{"rendered":"https:\/\/agricultural-gear-boxes.com\/product\/flange-flexible-coupling-2\/"},"modified":"2024-09-04T05:26:03","modified_gmt":"2024-09-04T05:26:03","slug":"flange-flexible-coupling-2","status":"publish","type":"product","link":"https:\/\/agricultural-gear-boxes.com\/pt\/product\/flange-flexible-coupling-2\/","title":{"rendered":"Acoplamento flex\u00edvel de flange"},"content":{"rendered":"<h2>O que \u00e9 um acoplamento flex\u00edvel de flange?<\/h2>\n<p>Um Acoplamento Flex\u00edvel de Flange \u00e9 um dispositivo mec\u00e2nico que conecta dois eixos e transmite pot\u00eancia suavemente. Esses acoplamentos podem absorver carga de choque e vibra\u00e7\u00e3o, tornando-os ideais para uso em m\u00e1quinas e equipamentos que passam por partidas e paradas frequentes.<\/p>\n<h3>Hist\u00f3ria dos acoplamentos flex\u00edveis de flange<\/h3>\n<p>O Acoplamento Flex\u00edvel de Flange tem sido usado em m\u00e1quinas e equipamentos por muitos anos. Os primeiros acoplamentos eram feitos de madeira, mas com o tempo, eles evolu\u00edram para serem feitos de v\u00e1rios materiais, como a\u00e7o, alum\u00ednio e pl\u00e1stico.<\/p>\n<h3>Vantagens dos acoplamentos flex\u00edveis de flange<\/h3>\n<ul>\n<li>Eles n\u00e3o requerem lubrifica\u00e7\u00e3o e s\u00e3o praticamente livres de manuten\u00e7\u00e3o.<\/li>\n<li>O formato simplificado da pe\u00e7a permite uma instala\u00e7\u00e3o r\u00e1pida e f\u00e1cil.<\/li>\n<li>Esses acoplamentos s\u00e3o f\u00e1ceis e de baixo custo para montar e desmontar.<\/li>\n<li>Os acoplamentos flex\u00edveis de flange podem operar com seguran\u00e7a sem nenhuma capa r\u00edgida.<\/li>\n<\/ul>\n<h3>Materiais usados em acoplamentos flex\u00edveis de flange<\/h3>\n<p>Os acoplamentos flex\u00edveis de flange podem ser feitos de uma variedade de materiais, incluindo a\u00e7o, alum\u00ednio e pl\u00e1stico. A escolha do material depende da aplica\u00e7\u00e3o espec\u00edfica e dos requisitos da m\u00e1quina ou equipamento em que s\u00e3o usados.<\/p>\n<h3>Instala\u00e7\u00e3o, Manuten\u00e7\u00e3o e Reparo de Acoplamentos Flex\u00edveis de Flange<\/h3>\n<p>A instala\u00e7\u00e3o de acoplamentos flex\u00edveis de flange \u00e9 simples e f\u00e1cil. Eles podem ser montados e desmontados de forma r\u00e1pida e f\u00e1cil, tornando a manuten\u00e7\u00e3o e o reparo uma brisa. No caso de um acoplamento precisar ser substitu\u00eddo, isso pode ser feito rapidamente e sem a necessidade de ferramentas ou equipamentos especializados.<\/p>\n<h2>Outros produtos da nossa empresa<\/h2>\n<p>Al\u00e9m de acoplamentos flex\u00edveis de flange, nossa empresa tamb\u00e9m fornece v\u00e1rias engrenagens pl\u00e1sticas usadas na ind\u00fastria, como caixas de engrenagens agr\u00edcolas, eixos de sa\u00edda de pot\u00eancia, rodas dentadas, acoplamentos de fluido, redutores de engrenagem sem-fim, engrenagens e cremalheiras, correntes destac\u00e1veis, polias e polias, caixas de engrenagens planet\u00e1rias, polias de sincroniza\u00e7\u00e3o, buchas e muito mais. Temos orgulho em oferecer produtos de alta qualidade a pre\u00e7os favor\u00e1veis e fornecer um servi\u00e7o atencioso aos nossos clientes. Damos as boas-vindas aos clientes para virem at\u00e9 n\u00f3s com seus desenhos ou amostras para personaliza\u00e7\u00e3o.<\/p>\n<h2>Perguntas e respostas<\/h2>\n<h3>1. Os acoplamentos flex\u00edveis de flange s\u00e3o adequados para uso em m\u00e1quinas que passam por partidas e paradas frequentes?<\/h3>\n<p>Sim, os acoplamentos flex\u00edveis de flange s\u00e3o ideais para uso em m\u00e1quinas e equipamentos que passam por partidas e paradas frequentes, pois podem absorver cargas de choque e vibra\u00e7\u00e3o, garantindo uma transmiss\u00e3o suave de pot\u00eancia.<\/p>\n<h3>2. De que materiais s\u00e3o feitos os acoplamentos flex\u00edveis de flange?<\/h3>\n<p>Os acoplamentos flex\u00edveis de flange podem ser feitos de uma variedade de materiais, incluindo a\u00e7o, alum\u00ednio e pl\u00e1stico, dependendo da aplica\u00e7\u00e3o espec\u00edfica e dos requisitos da m\u00e1quina ou equipamento em que s\u00e3o usados.<\/p>\n<h3>3. Como os acoplamentos flex\u00edveis de flange s\u00e3o instalados?<\/h3>\n<p>A instala\u00e7\u00e3o de acoplamentos flex\u00edveis de flange \u00e9 simples e f\u00e1cil. O formato simplificado da pe\u00e7a permite uma instala\u00e7\u00e3o r\u00e1pida e f\u00e1cil. Eles podem ser montados e desmontados de forma r\u00e1pida e f\u00e1cil, tornando a manuten\u00e7\u00e3o e o reparo muito f\u00e1ceis.<\/p>\n<h3>4. Os acoplamentos flex\u00edveis de flange podem ser substitu\u00eddos rapidamente?<\/h3>\n<p>Sim, caso seja necess\u00e1rio substituir um acoplamento, isso pode ser feito rapidamente e sem a necessidade de ferramentas ou equipamentos especializados, o que o torna uma solu\u00e7\u00e3o econ\u00f4mica para manuten\u00e7\u00e3o de m\u00e1quinas e equipamentos.<\/p>\n<h3>5. Quais outros produtos sua empresa fornece?<\/h3>\n<p>Al\u00e9m de acoplamentos flex\u00edveis de flange, nossa empresa tamb\u00e9m fornece v\u00e1rias engrenagens pl\u00e1sticas usadas na ind\u00fastria, como caixas de engrenagens agr\u00edcolas, eixos de sa\u00edda de pot\u00eancia, rodas dentadas, acoplamentos de fluido, redutores de engrenagem sem-fim, engrenagens e cremalheiras, correntes destac\u00e1veis, polias e polias, caixas de engrenagens planet\u00e1rias, polias de sincroniza\u00e7\u00e3o, buchas e muito mais. Temos orgulho em oferecer produtos de alta qualidade a pre\u00e7os favor\u00e1veis e fornecer um servi\u00e7o atencioso aos nossos clientes. Damos as boas-vindas aos clientes para virem at\u00e9 n\u00f3s com seus desenhos ou amostras para personaliza\u00e7\u00e3o.<\/p>","protected":false},"excerpt":{"rendered":"<p>What is a Flange Flexible Coupling? A Flange Flexible Coupling is a mechanical device that connects two shafts together and transmits power smoothly. These couplings can absorb shock load and vibration, making them ideal for use in machinery and equipment that experience frequent starts and stops. History of Flange Flexible Couplings The Flange Flexible Coupling [&hellip;]<\/p>","protected":false},"featured_media":4077,"template":"","meta":{"_et_pb_use_builder":"","_et_pb_old_content":"","_et_gb_content_width":""},"product_brand":[],"product_cat":[11321],"product_tag":[],"class_list":{"0":"post-4090","1":"product","2":"type-product","3":"status-publish","4":"has-post-thumbnail","6":"product_cat-flange-coupling","8":"first","9":"instock","10":"shipping-taxable","11":"product-type-simple"},"_links":{"self":[{"href":"https:\/\/agricultural-gear-boxes.com\/pt\/wp-json\/wp\/v2\/product\/4090","targetHints":{"allow":["GET"]}}],"collection":[{"href":"https:\/\/agricultural-gear-boxes.com\/pt\/wp-json\/wp\/v2\/product"}],"about":[{"href":"https:\/\/agricultural-gear-boxes.com\/pt\/wp-json\/wp\/v2\/types\/product"}],"wp:featuredmedia":[{"embeddable":true,"href":"https:\/\/agricultural-gear-boxes.com\/pt\/wp-json\/wp\/v2\/media\/4077"}],"wp:attachment":[{"href":"https:\/\/agricultural-gear-boxes.com\/pt\/wp-json\/wp\/v2\/media?parent=4090"}],"wp:term":[{"taxonomy":"product_brand","embeddable":true,"href":"https:\/\/agricultural-gear-boxes.com\/pt\/wp-json\/wp\/v2\/product_brand?post=4090"},{"taxonomy":"product_cat","embeddable":true,"href":"https:\/\/agricultural-gear-boxes.com\/pt\/wp-json\/wp\/v2\/product_cat?post=4090"},{"taxonomy":"product_tag","embeddable":true,"href":"https:\/\/agricultural-gear-boxes.com\/pt\/wp-json\/wp\/v2\/product_tag?post=4090"}],"curies":[{"name":"wp","href":"https:\/\/api.w.org\/{rel}","templated":true}]}}