{"id":4364,"date":"2024-09-11T07:34:06","date_gmt":"2024-09-11T07:34:06","guid":{"rendered":"https:\/\/agricultural-gear-boxes.com\/product\/low-price-hydraulic-forklift-tilt-cylinder-from-china-manufacturer\/"},"modified":"2024-09-11T07:34:07","modified_gmt":"2024-09-11T07:34:07","slug":"low-price-hydraulic-forklift-tilt-cylinder-from-china-manufacturer","status":"publish","type":"product","link":"https:\/\/agricultural-gear-boxes.com\/pt\/product\/low-price-hydraulic-forklift-tilt-cylinder-from-china-manufacturer\/","title":{"rendered":"Cilindro de inclina\u00e7\u00e3o de empilhadeira hidr\u00e1ulica de baixo pre\u00e7o do fabricante chin\u00eas"},"content":{"rendered":"<p>Todo o conte\u00fado desta p\u00e1gina vem da Internet, e o conte\u00fado \u00e9 usado apenas como refer\u00eancia para sele\u00e7\u00e3o de produtos. Nossos produtos s\u00e3o pe\u00e7as de reposi\u00e7\u00e3o em vez de pe\u00e7as de reposi\u00e7\u00e3o originais; n\u00e3o somos detentores da marca registrada original do conte\u00fado. Nossos produtos s\u00e3o adequados apenas para pe\u00e7as de reposi\u00e7\u00e3o p\u00f3s-venda em vez de pe\u00e7as de reposi\u00e7\u00e3o originais. Nossas pe\u00e7as de reposi\u00e7\u00e3o podem se encaixar perfeitamente nas pe\u00e7as de reposi\u00e7\u00e3o originais; se voc\u00ea precisar comprar pe\u00e7as de reposi\u00e7\u00e3o originais, entre em contato com a f\u00e1brica original para comprar. Se voc\u00ea precisar comprar pe\u00e7as de reposi\u00e7\u00e3o originais, entre em contato com o fornecedor original para comprar.<\/p>\n<h2>Cilindro de inclina\u00e7\u00e3o de empilhadeira hidr\u00e1ulica de baixo pre\u00e7o do fabricante chin\u00eas<\/h2>\n<p>Aqui est\u00e3o alguns pontos importantes para entender sobre os cilindros de inclina\u00e7\u00e3o de empilhadeiras:<\/p>\n<ol>\n<li>Fun\u00e7\u00e3o: A fun\u00e7\u00e3o prim\u00e1ria de um cilindro de inclina\u00e7\u00e3o de empilhadeira \u00e9 inclinar o mastro ou o carro para frente e para tr\u00e1s. Essa a\u00e7\u00e3o de inclina\u00e7\u00e3o permite que o operador posicione os garfos ou o acess\u00f3rio no \u00e2ngulo desejado para efetivamente pegar, transportar e depositar cargas.<\/li>\n<li>Hydraulic Operation: Forklift tilt cylinders are hydraulic cylinders, meaning they use hydraulic fluid under pressure to generate force and facilitate the tilting motion. The hydraulic system of the forklift supplies the necessary fluid to the tilt cylinder, allowing controlled extension and retraction of the cylinder&#8217;s piston rod.<\/li>\n<li>Design de dupla a\u00e7\u00e3o: A maioria dos cilindros de inclina\u00e7\u00e3o de empilhadeiras s\u00e3o de dupla a\u00e7\u00e3o, o que significa que o fluido hidr\u00e1ulico pode ser fornecido para ambos os lados do pist\u00e3o. Este design permite o controle independente da extens\u00e3o e retra\u00e7\u00e3o do cilindro, permitindo ajustes precisos de inclina\u00e7\u00e3o em ambas as dire\u00e7\u00f5es.<\/li>\n<li>Mounting and Integration: Forklift tilt cylinders are typically mounted on the mast or carriage of the forklift. They are integrated into the forklift&#8217;s hydraulic system, connecting to the hydraulic power unit, control valves, and other hydraulic components to ensure synchronized and controlled operation.<\/li>\n<li>Constru\u00e7\u00e3o e componentes: Os cilindros de inclina\u00e7\u00e3o de empilhadeiras usam materiais de alta resist\u00eancia, como a\u00e7o ou liga, garantindo durabilidade e resist\u00eancia a cargas pesadas e condi\u00e7\u00f5es operacionais adversas. Eles cont\u00eam um cilindro, pist\u00e3o, haste do pist\u00e3o, veda\u00e7\u00f5es e conex\u00f5es de extremidade. As veda\u00e7\u00f5es ajudam a manter a press\u00e3o hidr\u00e1ulica e evitam vazamento de fluido durante a opera\u00e7\u00e3o.<\/li>\n<li>Capacidade de carga e comprimento do curso: A capacidade de carga e o comprimento do curso dos cilindros de inclina\u00e7\u00e3o da empilhadeira variam dependendo do modelo espec\u00edfico da empilhadeira e dos requisitos da aplica\u00e7\u00e3o. Os cilindros s\u00e3o projetados para lidar com a capacidade de carga pretendida da empilhadeira, garantindo uma opera\u00e7\u00e3o segura e eficiente.<\/li>\n<li>Manuten\u00e7\u00e3o e Seguran\u00e7a: O cuidado adequado dos cilindros de inclina\u00e7\u00e3o da empilhadeira \u00e9 essencial para garantir seu desempenho confi\u00e1vel. Inspe\u00e7\u00e3o regular, lubrifica\u00e7\u00e3o e substitui\u00e7\u00e3o de veda\u00e7\u00e3o, conforme necess\u00e1rio, ajudam a evitar vazamentos e garantir uma opera\u00e7\u00e3o suave. Al\u00e9m disso, seguir as diretrizes de seguran\u00e7a e os procedimentos operacionais ao usar o cilindro de inclina\u00e7\u00e3o da empilhadeira \u00e9 crucial para evitar acidentes e manter um ambiente de trabalho seguro.<\/li>\n<\/ol>\n<p><img","protected":false},"excerpt":{"rendered":"<p>All the content on this page comes from the Internet, and the content is only used as a reference for product selection. Our products are replacement parts rather than original spare parts; we are not the holder of the original trademark of the content. Our products are only suitable for after-sales replacement parts rather than [&hellip;]<\/p>","protected":false},"featured_media":4363,"template":"","meta":{"_et_pb_use_builder":"","_et_pb_old_content":"","_et_gb_content_width":""},"product_brand":[],"product_cat":[11325],"product_tag":[],"class_list":{"0":"post-4364","1":"product","2":"type-product","3":"status-publish","4":"has-post-thumbnail","6":"product_cat-hydraulic-cylinder","8":"first","9":"instock","10":"shipping-taxable","11":"product-type-simple"},"_links":{"self":[{"href":"https:\/\/agricultural-gear-boxes.com\/pt\/wp-json\/wp\/v2\/product\/4364","targetHints":{"allow":["GET"]}}],"collection":[{"href":"https:\/\/agricultural-gear-boxes.com\/pt\/wp-json\/wp\/v2\/product"}],"about":[{"href":"https:\/\/agricultural-gear-boxes.com\/pt\/wp-json\/wp\/v2\/types\/product"}],"wp:featuredmedia":[{"embeddable":true,"href":"https:\/\/agricultural-gear-boxes.com\/pt\/wp-json\/wp\/v2\/media\/4363"}],"wp:attachment":[{"href":"https:\/\/agricultural-gear-boxes.com\/pt\/wp-json\/wp\/v2\/media?parent=4364"}],"wp:term":[{"taxonomy":"product_brand","embeddable":true,"href":"https:\/\/agricultural-gear-boxes.com\/pt\/wp-json\/wp\/v2\/product_brand?post=4364"},{"taxonomy":"product_cat","embeddable":true,"href":"https:\/\/agricultural-gear-boxes.com\/pt\/wp-json\/wp\/v2\/product_cat?post=4364"},{"taxonomy":"product_tag","embeddable":true,"href":"https:\/\/agricultural-gear-boxes.com\/pt\/wp-json\/wp\/v2\/product_tag?post=4364"}],"curies":[{"name":"wp","href":"https:\/\/api.w.org\/{rel}","templated":true}]}}