{"id":4389,"date":"2024-09-11T07:34:15","date_gmt":"2024-09-11T07:34:15","guid":{"rendered":"https:\/\/agricultural-gear-boxes.com\/product\/100kg-hydraulic-upper-arm-cylinder-for-boom-aerial-work-vehicle\/"},"modified":"2024-09-11T07:34:16","modified_gmt":"2024-09-11T07:34:16","slug":"100kg-hydraulic-upper-arm-cylinder-for-boom-aerial-work-vehicle","status":"publish","type":"product","link":"https:\/\/agricultural-gear-boxes.com\/pt\/product\/100kg-hydraulic-upper-arm-cylinder-for-boom-aerial-work-vehicle\/","title":{"rendered":"Cilindro de bra\u00e7o superior hidr\u00e1ulico de 100 kg para ve\u00edculo de trabalho a\u00e9reo de lan\u00e7a"},"content":{"rendered":"<p>Todo o conte\u00fado desta p\u00e1gina \u00e9 da internet e \u00e9 usado apenas como refer\u00eancia para sele\u00e7\u00e3o de produtos. Nossos produtos s\u00e3o pe\u00e7as de reposi\u00e7\u00e3o, em vez de pe\u00e7as de reposi\u00e7\u00e3o originais, e n\u00e3o somos detentores da marca registrada original do conte\u00fado. Nossas pe\u00e7as de reposi\u00e7\u00e3o podem se encaixar perfeitamente nas pe\u00e7as de reposi\u00e7\u00e3o originais, mas se voc\u00ea precisar comprar pe\u00e7as de reposi\u00e7\u00e3o originais, entre em contato com a f\u00e1brica ou fornecedor original para comprar.<\/p>\n<h2>Cilindro hidr\u00e1ulico do bra\u00e7o superior: a solu\u00e7\u00e3o de eleva\u00e7\u00e3o vers\u00e1til<\/h2>\n<p>O cilindro hidr\u00e1ulico do bra\u00e7o superior, tamb\u00e9m conhecido como atuador hidr\u00e1ulico do bra\u00e7o superior ou cilindro hidr\u00e1ulico de eleva\u00e7\u00e3o do bra\u00e7o superior, \u00e9 um componente cr\u00edtico em uma variedade de m\u00e1quinas e equipamentos que exigem eleva\u00e7\u00e3o ou ajuste de bra\u00e7os superiores ou estruturas semelhantes. <\/p>\n<p>Cilindros hidr\u00e1ulicos de bra\u00e7o superior s\u00e3o amplamente usados em equipamentos de constru\u00e7\u00e3o, m\u00e1quinas agr\u00edcolas, plataformas de trabalho a\u00e9reo e outras aplica\u00e7\u00f5es industriais. Eles fornecem a for\u00e7a e a precis\u00e3o necess\u00e1rias para aplica\u00e7\u00f5es que exigem o movimento controlado de cargas pesadas.<\/p>\n<p><img loading=\"lazy\" decoding=\"async\" src=\"https:\/\/img.jiansujichilun.com\/img\/hydrauliccylinders\/T_hydrauliccylinders-5.webp\" alt=\"Cilindro hidr\u00e1ulico do bra\u00e7o superior\" width=\"600\" height=\"400\"><\/p>\n<h3>Hist\u00f3ria dos Cilindros Hidr\u00e1ulicos<\/h3>\n<p>A hist\u00f3ria dos cilindros hidr\u00e1ulicos pode ser rastreada at\u00e9 o in\u00edcio do s\u00e9culo XVII, quando Blaise Pascal descobriu os princ\u00edpios da press\u00e3o hidr\u00e1ulica. No final do s\u00e9culo XVIII, Joseph Bramah desenvolveu a prensa hidr\u00e1ulica, o que levou ao desenvolvimento dos cilindros hidr\u00e1ulicos. Hoje, os cilindros hidr\u00e1ulicos s\u00e3o usados em uma ampla gama de aplica\u00e7\u00f5es industriais, desde equipamentos de constru\u00e7\u00e3o at\u00e9 engenharia aeroespacial.<\/p>\n<h3>Vantagens dos Cilindros Hidr\u00e1ulicos de Bra\u00e7o Superior<\/h3>\n<p>Os cilindros hidr\u00e1ulicos de bra\u00e7o superior oferecem v\u00e1rias vantagens sobre outras solu\u00e7\u00f5es de eleva\u00e7\u00e3o. Eles s\u00e3o capazes de levantar cargas pesadas com facilidade, e seu controle preciso permite o posicionamento preciso da carga. Eles tamb\u00e9m s\u00e3o altamente dur\u00e1veis e exigem manuten\u00e7\u00e3o m\u00ednima, tornando-os uma op\u00e7\u00e3o econ\u00f4mica para m\u00e1quinas e equipamentos. Al\u00e9m disso, os cilindros hidr\u00e1ulicos s\u00e3o ecologicamente corretos, pois usam fluido hidr\u00e1ulico em vez de eletricidade ou combust\u00edvel.<\/p>\n<h3>Classifica\u00e7\u00e3o dos Cilindros Hidr\u00e1ulicos de Bra\u00e7o Superior<\/h3>\n<p>Hydraulic upper arm cylinders are classified based on their bore diameter, rod diameter, stroke, installation distance, working pressure, interface dimensions, and weight. These specifications determine the cylinder&#8217;s lifting capacity and load handling capabilities.<\/p>\n<h3>Materiais de produtos utiliz\u00e1veis<\/h3>\n<p>Cilindros de bra\u00e7o superior hidr\u00e1ulicos s\u00e3o normalmente feitos de a\u00e7o de alta qualidade ou outros materiais dur\u00e1veis. A haste do pist\u00e3o \u00e9 normalmente revestida com cromo para fornecer durabilidade adicional e resist\u00eancia \u00e0 corros\u00e3o. As veda\u00e7\u00f5es usadas em cilindros hidr\u00e1ulicos s\u00e3o normalmente feitas de nitrila ou outros materiais sint\u00e9ticos que podem suportar as altas press\u00f5es e temperaturas dos sistemas hidr\u00e1ulicos.<\/p>\n<h3>Instala\u00e7\u00e3o, Manuten\u00e7\u00e3o e Reparo<\/h3>\n<p>A instala\u00e7\u00e3o, manuten\u00e7\u00e3o e reparo adequados dos cilindros do bra\u00e7o superior hidr\u00e1ulico s\u00e3o essenciais para manter seu desempenho e longevidade. Esses cilindros devem ser instalados por um t\u00e9cnico qualificado para garantir que estejam corretamente alinhados e conectados ao sistema hidr\u00e1ulico. A manuten\u00e7\u00e3o regular, incluindo limpeza, lubrifica\u00e7\u00e3o e substitui\u00e7\u00e3o de veda\u00e7\u00e3o, \u00e9 necess\u00e1ria para evitar danos e garantir o desempenho ideal. Se for necess\u00e1rio reparo ou substitui\u00e7\u00e3o, ele deve ser realizado por um profissional para evitar danos ao cilindro ou ao sistema hidr\u00e1ulico.<\/p>\n<h3>Como substituir um cilindro hidr\u00e1ulico do bra\u00e7o superior<\/h3>\n<p>When replacing a hydraulic upper arm cylinder, it is essential to follow the manufacturer&#8217;s guidelines. The replacement cylinder should have the same specifications as the original cylinder in terms of bore diameter, rod diameter, stroke, installation distance, working pressure, interface dimensions, and weight. The hydraulic system should be drained and depressurized before removing the old cylinder and installing the new one. The replacement cylinder should be installed by a qualified technician to ensure it is correctly aligned and connected to the hydraulic system.<\/p>\n<h2>Outros produtos da nossa empresa<\/h2>\n<p>Al\u00e9m de cilindros hidr\u00e1ulicos, nossa empresa tamb\u00e9m fornece v\u00e1rias engrenagens de pl\u00e1stico para uso industrial. Esses produtos incluem caixas de engrenagens agr\u00edcolas, eixos de sa\u00edda de pot\u00eancia, rodas dentadas, acoplamentos hidr\u00e1ulicos, redutores de engrenagem sem-fim, cremalheiras de engrenagens, correntes remov\u00edveis, polias e polias, caixas de engrenagens planet\u00e1rias, polias de sincroniza\u00e7\u00e3o, buchas e muito mais. Nossa empresa fornece produtos de alta qualidade, pre\u00e7os preferenciais e servi\u00e7os atenciosos, e damos as boas-vindas aos clientes para personalizar seus produtos com desenhos e amostras.<\/p>\n<p><img loading=\"lazy\" decoding=\"async\" src=\"https:\/\/images.hzpt.com\/2024\/04\/unit-type-flexo-press-factory.webp\" alt=\"Produtos da nossa empresa\" width=\"600\" height=\"400\"><\/p>\n<h2>Perguntas e Respostas<\/h2>\n<h3>P: O que \u00e9 um cilindro hidr\u00e1ulico de bra\u00e7o superior?<\/h3>\n<p>R: Um cilindro hidr\u00e1ulico de bra\u00e7o superior, tamb\u00e9m conhecido como atuador hidr\u00e1ulico de bra\u00e7o superior, \u00e9 usado em v\u00e1rias m\u00e1quinas e equipamentos para levantar ou manobrar bra\u00e7os superiores ou estruturas semelhantes. <\/p>\n<h3>P: Quais s\u00e3o as vantagens dos cilindros hidr\u00e1ulicos do bra\u00e7o superior?<\/h3>\n<p>R: Os cilindros hidr\u00e1ulicos de bra\u00e7o superior oferecem v\u00e1rias vantagens, incluindo sua capacidade de levantar cargas pesadas com facilidade, controle preciso, durabilidade e requisitos m\u00ednimos de manuten\u00e7\u00e3o. Eles tamb\u00e9m s\u00e3o ecologicamente corretos.<\/p>\n<h3>P: Quais materiais s\u00e3o usados nos cilindros hidr\u00e1ulicos do bra\u00e7o superior?<\/h3>\n<p>A: Cilindros hidr\u00e1ulicos de bra\u00e7o superior s\u00e3o normalmente feitos de a\u00e7o de alta qualidade ou outros materiais dur\u00e1veis. A haste do pist\u00e3o \u00e9 geralmente revestida com cromo, e as veda\u00e7\u00f5es s\u00e3o feitas de nitrila ou outros materiais sint\u00e9ticos.<\/p>\n<h3>P: Como \u00e9 feita a manuten\u00e7\u00e3o de um cilindro hidr\u00e1ulico do bra\u00e7o superior?<\/h3>\n<p>R: A manuten\u00e7\u00e3o regular \u00e9 necess\u00e1ria para evitar danos e garantir o desempenho ideal. Isso inclui conduzir inspe\u00e7\u00f5es de rotina, lubrifica\u00e7\u00e3o, limpeza, substitui\u00e7\u00e3o de veda\u00e7\u00e3o e teste de press\u00e3o.<\/p>\n<h3>P: Como substituir um cilindro hidr\u00e1ulico do bra\u00e7o superior?<\/h3>\n<p>A: When replacing a hydraulic upper arm cylinder, follow the manufacturer&#8217;s guidelines, ensure the replacement cylinder has the same specifications as the original, and have it installed by a qualified technician.<\/p>\n<h3>P: Quais outros produtos sua empresa fornece?<\/h3>\n<p>R: Al\u00e9m de cilindros hidr\u00e1ulicos, nossa empresa tamb\u00e9m fornece diversas engrenagens pl\u00e1sticas para uso industrial, incluindo caixas de engrenagens agr\u00edcolas, eixos de sa\u00edda de pot\u00eancia, rodas dentadas, acoplamentos hidr\u00e1ulicos, redutores de engrenagem sem-fim, cremalheiras, correntes remov\u00edveis, polias e polias, caixas de engrenagens planet\u00e1rias, polias de sincroniza\u00e7\u00e3o, buchas e muito mais.<\/p>","protected":false},"excerpt":{"rendered":"<p>All the content on this page is from the internet, and it is only used as a reference for product selection. Our products are replacement parts rather than original spare parts, and we are not the holder of the original trademark of the content. Our replacement parts can perfectly fit the original spare parts, but [&hellip;]<\/p>","protected":false},"featured_media":4388,"template":"","meta":{"_et_pb_use_builder":"","_et_pb_old_content":"","_et_gb_content_width":""},"product_brand":[],"product_cat":[11325],"product_tag":[],"class_list":{"0":"post-4389","1":"product","2":"type-product","3":"status-publish","4":"has-post-thumbnail","6":"product_cat-hydraulic-cylinder","8":"first","9":"instock","10":"shipping-taxable","11":"product-type-simple"},"_links":{"self":[{"href":"https:\/\/agricultural-gear-boxes.com\/pt\/wp-json\/wp\/v2\/product\/4389","targetHints":{"allow":["GET"]}}],"collection":[{"href":"https:\/\/agricultural-gear-boxes.com\/pt\/wp-json\/wp\/v2\/product"}],"about":[{"href":"https:\/\/agricultural-gear-boxes.com\/pt\/wp-json\/wp\/v2\/types\/product"}],"wp:featuredmedia":[{"embeddable":true,"href":"https:\/\/agricultural-gear-boxes.com\/pt\/wp-json\/wp\/v2\/media\/4388"}],"wp:attachment":[{"href":"https:\/\/agricultural-gear-boxes.com\/pt\/wp-json\/wp\/v2\/media?parent=4389"}],"wp:term":[{"taxonomy":"product_brand","embeddable":true,"href":"https:\/\/agricultural-gear-boxes.com\/pt\/wp-json\/wp\/v2\/product_brand?post=4389"},{"taxonomy":"product_cat","embeddable":true,"href":"https:\/\/agricultural-gear-boxes.com\/pt\/wp-json\/wp\/v2\/product_cat?post=4389"},{"taxonomy":"product_tag","embeddable":true,"href":"https:\/\/agricultural-gear-boxes.com\/pt\/wp-json\/wp\/v2\/product_tag?post=4389"}],"curies":[{"name":"wp","href":"https:\/\/api.w.org\/{rel}","templated":true}]}}