{"id":4399,"date":"2024-09-11T07:34:19","date_gmt":"2024-09-11T07:34:19","guid":{"rendered":"https:\/\/agricultural-gear-boxes.com\/product\/hydraulic-cylinder-rotary-actuator-for-aerial-work-platform\/"},"modified":"2024-09-11T07:34:19","modified_gmt":"2024-09-11T07:34:19","slug":"hydraulic-cylinder-rotary-actuator-for-aerial-work-platform","status":"publish","type":"product","link":"https:\/\/agricultural-gear-boxes.com\/pt\/product\/hydraulic-cylinder-rotary-actuator-for-aerial-work-platform\/","title":{"rendered":"Atuador rotativo de cilindro hidr\u00e1ulico para plataforma de trabalho a\u00e9reo"},"content":{"rendered":"<p>Todo o conte\u00fado desta p\u00e1gina vem da Internet e \u00e9 usado apenas como refer\u00eancia para sele\u00e7\u00e3o de produtos. Nossos produtos s\u00e3o pe\u00e7as de reposi\u00e7\u00e3o em vez de pe\u00e7as de reposi\u00e7\u00e3o originais, e n\u00e3o somos detentores da marca registrada original do conte\u00fado. Nossas pe\u00e7as de reposi\u00e7\u00e3o podem se encaixar perfeitamente nas pe\u00e7as de reposi\u00e7\u00e3o originais, mas se voc\u00ea precisar comprar pe\u00e7as de reposi\u00e7\u00e3o originais, entre em contato com o fornecedor original para comprar.<\/p>\n<h2>Benef\u00edcios e usos comuns do atuador rotativo de cilindro hidr\u00e1ulico<\/h2>\n<p>Um atuador rotativo de cilindro hidr\u00e1ulico \u00e9 um dispositivo que converte press\u00e3o hidr\u00e1ulica em movimento rotativo ou torque, fornecendo rota\u00e7\u00e3o controlada ou movimento angular. Aqui est\u00e3o alguns benef\u00edcios e usos comuns deste produto.<\/p>\n<h3>Hist\u00f3ria e Classifica\u00e7\u00e3o<\/h3>\n<p>Os atuadores rotativos de cilindro hidr\u00e1ulico foram desenvolvidos pela primeira vez na d\u00e9cada de 1950 e, desde ent\u00e3o, t\u00eam sido amplamente utilizados em v\u00e1rias ind\u00fastrias. Eles podem ser classificados em dois tipos: atuadores rotativos de cremalheira e pinh\u00e3o e de palheta.<\/p>\n<h3>Vantagens<\/h3>\n<p>Atuadores rotativos de cilindro hidr\u00e1ulico oferecem v\u00e1rias vantagens em aplica\u00e7\u00f5es que exigem movimento rotativo controlado. Eles fornecem alto torque de sa\u00edda, controle preciso, design compacto, rota\u00e7\u00e3o suave e cont\u00ednua, durabilidade e confiabilidade, alta rela\u00e7\u00e3o pot\u00eancia-peso, versatilidade, efici\u00eancia energ\u00e9tica e prote\u00e7\u00e3o contra sobrecarga.<\/p>\n<h3>Materiais de produtos utiliz\u00e1veis<\/h3>\n<p>Os atuadores rotativos de cilindro hidr\u00e1ulico s\u00e3o tipicamente feitos de materiais de alta qualidade, como a\u00e7o ou liga de alum\u00ednio, para garantir durabilidade e confiabilidade. A escolha do material depende da aplica\u00e7\u00e3o espec\u00edfica e de fatores ambientais, como temperatura, press\u00e3o e resist\u00eancia \u00e0 corros\u00e3o.<\/p>\n<h3>Instala\u00e7\u00e3o, Manuten\u00e7\u00e3o e Reparo<\/h3>\n<p>Proper installation, maintenance, and repair are essential to optimize the performance and longevity of hydraulic cylinder rotary actuators. The installation process involves mounting the actuator securely and connecting the hydraulic lines properly. Regular maintenance includes checking fluid levels, inspecting seals, and cleaning components. In case of repair, it is important to diagnose the problem accurately and follow the manufacturer&#8217;s instructions for replacement or repair.<\/p>\n<h3>Aplica\u00e7\u00f5es<\/h3>\n<p>Atuadores rotativos de cilindro hidr\u00e1ulico encontram aplica\u00e7\u00f5es em v\u00e1rias ind\u00fastrias e equipamentos que exigem movimento rotativo controlado. Algumas aplica\u00e7\u00f5es comuns de atuadores rotativos de cilindro hidr\u00e1ulico incluem:<\/p>\n<ul>\n<li>M\u00e1quinas industriais: sistemas transportadores, mesas de indexa\u00e7\u00e3o e atuadores de v\u00e1lvulas<\/li>\n<li>Equipamentos de constru\u00e7\u00e3o e terraplenagem: escavadeiras, retroescavadeiras e guindastes<\/li>\n<li>Equipamentos de movimenta\u00e7\u00e3o de materiais: Empilhadeiras e ve\u00edculos guiados automatizados (AGVs)<\/li>\n<li>Rob\u00f3tica e Automa\u00e7\u00e3o: Bra\u00e7os rob\u00f3ticos e sistemas de embalagem e paletiza\u00e7\u00e3o<\/li>\n<li>M\u00e1quinas agr\u00edcolas: Equipamentos de colheita<\/li>\n<li>Aplica\u00e7\u00f5es mar\u00edtimas e offshore: constru\u00e7\u00e3o naval e plataformas offshore<\/li>\n<\/ul>\n<p><img decoding=\"async\" src=\"https:\/\/img.jiansujichilun.com\/img\/hydrauliccylinders\/T_hydrauliccylinders-5.webp\" alt=\"Atuador rotativo de cilindro hidr\u00e1ulico\" \/><\/p>\n<h3>Substituindo o produto<\/h3>\n<p>Se voc\u00ea precisar substituir um atuador rotativo de cilindro hidr\u00e1ulico, \u00e9 importante escolher uma pe\u00e7a de reposi\u00e7\u00e3o que corresponda \u00e0s especifica\u00e7\u00f5es e dimens\u00f5es originais. Nossas pe\u00e7as de reposi\u00e7\u00e3o podem se encaixar perfeitamente nas pe\u00e7as de reposi\u00e7\u00e3o originais, mas se voc\u00ea precisar de assist\u00eancia para selecionar a pe\u00e7a de reposi\u00e7\u00e3o correta, entre em contato com nossa equipe de atendimento ao cliente para obter ajuda.<\/p>\n<h2>Outros neg\u00f3cios de produtos<\/h2>\n<p>Al\u00e9m de atuadores rotativos de cilindro hidr\u00e1ulico, tamb\u00e9m somos especializados no fornecimento de diversas engrenagens pl\u00e1sticas para uso industrial, como caixas de engrenagens agr\u00edcolas, eixos de sa\u00edda de pot\u00eancia, rodas dentadas, acoplamentos hidr\u00e1ulicos, redutores de engrenagem sem-fim, cremalheiras, correntes remov\u00edveis, polias e polias, caixas de engrenagens planet\u00e1rias, polias de sincroniza\u00e7\u00e3o, buchas, etc. Oferecemos produtos de alta qualidade, pre\u00e7os preferenciais e servi\u00e7os atenciosos, e convidamos os clientes a personalizar com desenhos e amostras.<\/p>\n<p><img decoding=\"async\" src=\"https:\/\/images.hzpt.com\/2024\/04\/unit-type-flexo-press-factory.webp\" alt=\"Outros neg\u00f3cios de produtos\" \/><\/p>\n<h2>Perguntas e Respostas<\/h2>\n<ol>\n<li>O que \u00e9 um atuador rotativo de cilindro hidr\u00e1ulico?<\/li>\n<p>Um atuador rotativo de cilindro hidr\u00e1ulico \u00e9 um dispositivo que converte press\u00e3o hidr\u00e1ulica em movimento rotativo ou torque, proporcionando rota\u00e7\u00e3o controlada ou movimento angular.<\/p>\n<li>Quais s\u00e3o as vantagens dos atuadores rotativos de cilindro hidr\u00e1ulico?<\/li>\n<p>Os atuadores rotativos de cilindro hidr\u00e1ulico oferecem diversas vantagens em aplica\u00e7\u00f5es que exigem movimento rotativo controlado, incluindo alto torque de sa\u00edda, controle preciso, design compacto, rota\u00e7\u00e3o suave e cont\u00ednua, durabilidade e confiabilidade, alta rela\u00e7\u00e3o pot\u00eancia-peso, versatilidade, efici\u00eancia energ\u00e9tica e prote\u00e7\u00e3o contra sobrecarga.<\/p>\n<li>Quais s\u00e3o algumas aplica\u00e7\u00f5es comuns de atuadores rotativos de cilindros hidr\u00e1ulicos?<\/li>\n<p>Os atuadores rotativos de cilindro hidr\u00e1ulico encontram aplica\u00e7\u00f5es em v\u00e1rios setores e equipamentos que exigem movimento rotativo controlado, incluindo m\u00e1quinas industriais, equipamentos de constru\u00e7\u00e3o e terraplenagem, equipamentos de movimenta\u00e7\u00e3o de materiais, rob\u00f3tica e automa\u00e7\u00e3o, m\u00e1quinas agr\u00edcolas e aplica\u00e7\u00f5es mar\u00edtimas e offshore.<\/p>\n<li>De que materiais s\u00e3o feitos os atuadores rotativos de cilindro hidr\u00e1ulico?<\/li>\n<p>Os atuadores rotativos de cilindro hidr\u00e1ulico s\u00e3o normalmente feitos de materiais de alta qualidade, como a\u00e7o ou liga de alum\u00ednio, para garantir durabilidade e confiabilidade.<\/p>\n<li>Como fa\u00e7o para substituir um atuador rotativo de cilindro hidr\u00e1ulico?<\/li>\n<p>Se voc\u00ea precisar substituir um atuador rotativo de cilindro hidr\u00e1ulico, \u00e9 importante escolher uma pe\u00e7a de reposi\u00e7\u00e3o que corresponda \u00e0s especifica\u00e7\u00f5es e dimens\u00f5es originais. Nossas pe\u00e7as de reposi\u00e7\u00e3o podem se encaixar perfeitamente nas pe\u00e7as de reposi\u00e7\u00e3o originais, mas se voc\u00ea precisar de assist\u00eancia para selecionar a pe\u00e7a de reposi\u00e7\u00e3o correta, entre em contato com nossa equipe de atendimento ao cliente para obter ajuda.<\/p>\n<\/ol>","protected":false},"excerpt":{"rendered":"<p>All content on this page comes from the Internet and is only used as a reference for product selection. Our products are replacement parts rather than original spare parts, and we are not the holder of the original trademark of the content. Our replacement parts can perfectly fit the original spare parts, but if you [&hellip;]<\/p>","protected":false},"featured_media":4398,"template":"","meta":{"_et_pb_use_builder":"","_et_pb_old_content":"","_et_gb_content_width":""},"product_brand":[],"product_cat":[11325],"product_tag":[],"class_list":{"0":"post-4399","1":"product","2":"type-product","3":"status-publish","4":"has-post-thumbnail","6":"product_cat-hydraulic-cylinder","8":"first","9":"instock","10":"shipping-taxable","11":"product-type-simple"},"_links":{"self":[{"href":"https:\/\/agricultural-gear-boxes.com\/pt\/wp-json\/wp\/v2\/product\/4399","targetHints":{"allow":["GET"]}}],"collection":[{"href":"https:\/\/agricultural-gear-boxes.com\/pt\/wp-json\/wp\/v2\/product"}],"about":[{"href":"https:\/\/agricultural-gear-boxes.com\/pt\/wp-json\/wp\/v2\/types\/product"}],"wp:featuredmedia":[{"embeddable":true,"href":"https:\/\/agricultural-gear-boxes.com\/pt\/wp-json\/wp\/v2\/media\/4398"}],"wp:attachment":[{"href":"https:\/\/agricultural-gear-boxes.com\/pt\/wp-json\/wp\/v2\/media?parent=4399"}],"wp:term":[{"taxonomy":"product_brand","embeddable":true,"href":"https:\/\/agricultural-gear-boxes.com\/pt\/wp-json\/wp\/v2\/product_brand?post=4399"},{"taxonomy":"product_cat","embeddable":true,"href":"https:\/\/agricultural-gear-boxes.com\/pt\/wp-json\/wp\/v2\/product_cat?post=4399"},{"taxonomy":"product_tag","embeddable":true,"href":"https:\/\/agricultural-gear-boxes.com\/pt\/wp-json\/wp\/v2\/product_tag?post=4399"}],"curies":[{"name":"wp","href":"https:\/\/api.w.org\/{rel}","templated":true}]}}