{"id":4413,"date":"2024-09-11T07:34:26","date_gmt":"2024-09-11T07:34:26","guid":{"rendered":"https:\/\/agricultural-gear-boxes.com\/product\/strong-stable-telescopic-hydraulic-cylinders-multistage-hydraulic-cylinder-for-dump-trailer\/"},"modified":"2024-09-11T07:34:26","modified_gmt":"2024-09-11T07:34:26","slug":"strong-stable-telescopic-hydraulic-cylinders-multistage-hydraulic-cylinder-for-dump-trailer","status":"publish","type":"product","link":"https:\/\/agricultural-gear-boxes.com\/pt\/product\/strong-stable-telescopic-hydraulic-cylinders-multistage-hydraulic-cylinder-for-dump-trailer\/","title":{"rendered":"Cilindros hidr\u00e1ulicos telesc\u00f3picos est\u00e1veis e fortes Cilindro hidr\u00e1ulico multiest\u00e1gio para reboque basculante"},"content":{"rendered":"<p>Todo o conte\u00fado desta p\u00e1gina vem da Internet e \u00e9 usado apenas como refer\u00eancia para sele\u00e7\u00e3o de produtos. Nossos produtos s\u00e3o pe\u00e7as de reposi\u00e7\u00e3o em vez de pe\u00e7as de reposi\u00e7\u00e3o originais, e n\u00e3o somos detentores da marca registrada original do conte\u00fado. Nossas pe\u00e7as de reposi\u00e7\u00e3o podem se encaixar perfeitamente nas pe\u00e7as de reposi\u00e7\u00e3o originais. Se voc\u00ea precisar comprar pe\u00e7as de reposi\u00e7\u00e3o originais, entre em contato com a f\u00e1brica ou fornecedor original.<\/p>\n<p><h2> Cilindros hidr\u00e1ulicos telesc\u00f3picos est\u00e1veis e fortes Cilindro hidr\u00e1ulico multiest\u00e1gio para reboque basculante <\/h2><\/p>\n<p>Nossos cilindros hidr\u00e1ulicos telesc\u00f3picos fortes e est\u00e1veis s\u00e3o projetados especificamente para reboques basculantes, oferecendo estabilidade e resist\u00eancia inigual\u00e1veis. Com um empuxo m\u00e1ximo de 3000 e uma tra\u00e7\u00e3o m\u00e1xima de 20 toneladas, esses cilindros s\u00e3o uma pe\u00e7a essencial de equipamento para m\u00e1quinas pesadas.<\/p>\n<p><h3> Cen\u00e1rios de uso comum <\/h3><br \/>\nOur Strong, Stable Telescopic hydraulic cylinders are designed to be used in various industries such as Machinery Repair Shops, Farms, Energy &#038; Mining, Machinery manufacturing, and Machinery Factories. Our hydraulic cylinders work on the principle of converting hydraulic power into mechanical energy. The hydraulic fluid is pressurized and transmitted through the system, leading to the rod in the cylinder moving and doing work. These cylinders can handle the most demanding tasks with ease, making them the perfect choice for industries that require heavy lifting.<\/p>\n<p><img decoding=\"async\" src=\"https:\/\/img.jiansujichilun.com\/img\/hydrauliccylinders\/T_hydrauliccylinders-5.webp\" alt=\"Cilindro Hidr\u00e1ulico Telesc\u00f3pico\" \/><\/p>\n<p><h3> Classifica\u00e7\u00e3o <\/h3><br \/>\nNossos cilindros hidr\u00e1ulicos telesc\u00f3picos fortes e est\u00e1veis s\u00e3o cilindros hidr\u00e1ulicos multiest\u00e1gios que podem se estender e retrair v\u00e1rias vezes. Esses cilindros s\u00e3o feitos de a\u00e7o dur\u00e1vel e est\u00e3o dispon\u00edveis em uma variedade de tamanhos para atender a necessidades espec\u00edficas.<\/p>\n<p><h3> Vantagens <\/h3><br \/>\nNossos cilindros hidr\u00e1ulicos s\u00e3o energeticamente eficientes e projetados para otimizar sistemas hidr\u00e1ulicos, resultando em economias significativas de energia. Com sua alta capacidade de empuxo e tra\u00e7\u00e3o, esses cilindros podem lidar com as tarefas mais exigentes com facilidade. Priorizamos a seguran\u00e7a em nosso design, e nossos produtos s\u00e3o certificados ISO9001:2000, garantindo que atendam aos padr\u00f5es internacionais de seguran\u00e7a. Eles tamb\u00e9m s\u00e3o f\u00e1ceis de instalar e manter, tornando-os uma escolha econ\u00f4mica para ind\u00fastrias que exigem levantamento pesado.<\/p>\n<p><h3> Materiais de produtos utiliz\u00e1veis <\/h3><br \/>\nNossos cilindros hidr\u00e1ulicos telesc\u00f3picos fortes e est\u00e1veis s\u00e3o feitos de a\u00e7o dur\u00e1vel, garantindo que eles possam lidar com as tarefas mais exigentes com facilidade.<\/p>\n<p><h3> Instala\u00e7\u00e3o, Manuten\u00e7\u00e3o, Reparo e Substitui\u00e7\u00e3o <\/h3><br \/>\nNossos cilindros hidr\u00e1ulicos s\u00e3o f\u00e1ceis de instalar e manter, o que os torna uma escolha econ\u00f4mica para ind\u00fastrias que exigem levantamento pesado. Se qualquer reparo ou substitui\u00e7\u00e3o for necess\u00e1rio, nossos cilindros hidr\u00e1ulicos podem ser facilmente substitu\u00eddos com nossas pe\u00e7as de reposi\u00e7\u00e3o, que podem se encaixar perfeitamente nas pe\u00e7as de reposi\u00e7\u00e3o originais.<\/p>\n<p><h2> Sobre os produtos Ever-power <\/h2><br \/>\nN\u00f3s fornecemos principalmente diversas engrenagens pl\u00e1sticas para uso industrial, como caixas de engrenagens agr\u00edcolas, eixos de sa\u00edda de pot\u00eancia, rodas dentadas, acoplamentos hidr\u00e1ulicos, redutores de engrenagem sem-fim, cremalheiras, correntes remov\u00edveis, polias e polias, caixas de engrenagens planet\u00e1rias, polias de sincroniza\u00e7\u00e3o, buchas, etc.<\/p>\n<p><img decoding=\"async\" src=\"https:\/\/images.hzpt.com\/2024\/04\/unit-type-flexo-press-factory.webp\" alt=\"Produtos Ever-power\" \/><\/p>\n<p><h2>Perguntas frequentes<\/h2><\/p>\n<ul>\n<li><b>P: Quanto tempo demora a entrega?<\/b><br \/>R: Nosso prazo de entrega \u00e9 geralmente entre 25 e 35 dias.<\/li>\n<li><b>P: Voc\u00eas fornecem amostras?<\/b><br \/>R: Sim, podemos oferecer amostras, mas elas n\u00e3o s\u00e3o gratuitas.<\/li>\n<li><b>P: Voc\u00eas podem produzir de acordo com as amostras?<\/b><br \/>R: Sim, podemos produzir de acordo com suas amostras ou desenhos t\u00e9cnicos. Podemos construir os moldes e fixa\u00e7\u00f5es.<\/li>\n<li><b>P: Os cilindros hidr\u00e1ulicos Ever-power s\u00e3o adequados para levantamento de peso?<\/b><br \/>R: Sim, nossos cilindros hidr\u00e1ulicos telesc\u00f3picos fortes e est\u00e1veis s\u00e3o projetados especificamente para reboques basculantes e podem lidar com levantamentos pesados com facilidade.<\/li>\n<li><b>P: Os cilindros hidr\u00e1ulicos Ever-power s\u00e3o energeticamente eficientes?<\/b><br \/>R: Sim, nossos cilindros hidr\u00e1ulicos s\u00e3o projetados para otimizar sistemas hidr\u00e1ulicos, resultando em economia de energia significativa.<\/li>\n<\/ul>","protected":false},"excerpt":{"rendered":"<p>All the content on this page comes from the Internet and is only used as a reference for product selection. Our products are replacement parts rather than original spare parts, and we are not the holder of the original trademark of the content. Our replacement parts can perfectly fit the original spare parts. If you [&hellip;]<\/p>","protected":false},"featured_media":4412,"template":"","meta":{"_et_pb_use_builder":"","_et_pb_old_content":"","_et_gb_content_width":""},"product_brand":[],"product_cat":[11327],"product_tag":[],"class_list":{"0":"post-4413","1":"product","2":"type-product","3":"status-publish","4":"has-post-thumbnail","6":"product_cat-telescopic-hydraulic-cylinder","8":"first","9":"instock","10":"shipping-taxable","11":"product-type-simple"},"_links":{"self":[{"href":"https:\/\/agricultural-gear-boxes.com\/pt\/wp-json\/wp\/v2\/product\/4413","targetHints":{"allow":["GET"]}}],"collection":[{"href":"https:\/\/agricultural-gear-boxes.com\/pt\/wp-json\/wp\/v2\/product"}],"about":[{"href":"https:\/\/agricultural-gear-boxes.com\/pt\/wp-json\/wp\/v2\/types\/product"}],"wp:featuredmedia":[{"embeddable":true,"href":"https:\/\/agricultural-gear-boxes.com\/pt\/wp-json\/wp\/v2\/media\/4412"}],"wp:attachment":[{"href":"https:\/\/agricultural-gear-boxes.com\/pt\/wp-json\/wp\/v2\/media?parent=4413"}],"wp:term":[{"taxonomy":"product_brand","embeddable":true,"href":"https:\/\/agricultural-gear-boxes.com\/pt\/wp-json\/wp\/v2\/product_brand?post=4413"},{"taxonomy":"product_cat","embeddable":true,"href":"https:\/\/agricultural-gear-boxes.com\/pt\/wp-json\/wp\/v2\/product_cat?post=4413"},{"taxonomy":"product_tag","embeddable":true,"href":"https:\/\/agricultural-gear-boxes.com\/pt\/wp-json\/wp\/v2\/product_tag?post=4413"}],"curies":[{"name":"wp","href":"https:\/\/api.w.org\/{rel}","templated":true}]}}