{"id":4415,"date":"2024-09-11T07:34:27","date_gmt":"2024-09-11T07:34:27","guid":{"rendered":"https:\/\/agricultural-gear-boxes.com\/product\/strong-stable-5-stage-telescopic-dump-truck-hydraulic-cylinder-multistage-hydraulic-cylinder\/"},"modified":"2024-09-11T07:34:27","modified_gmt":"2024-09-11T07:34:27","slug":"strong-stable-5-stage-telescopic-dump-truck-hydraulic-cylinder-multistage-hydraulic-cylinder","status":"publish","type":"product","link":"https:\/\/agricultural-gear-boxes.com\/pt\/product\/strong-stable-5-stage-telescopic-dump-truck-hydraulic-cylinder-multistage-hydraulic-cylinder\/","title":{"rendered":"Cilindro hidr\u00e1ulico de caminh\u00e3o basculante telesc\u00f3pico de 5 est\u00e1gios forte e est\u00e1vel Cilindro hidr\u00e1ulico multiest\u00e1gio"},"content":{"rendered":"<p>Todo o conte\u00fado desta p\u00e1gina vem da Internet e \u00e9 destinado apenas para fins de refer\u00eancia. Nossos produtos s\u00e3o pe\u00e7as de reposi\u00e7\u00e3o e n\u00e3o pe\u00e7as de reposi\u00e7\u00e3o originais. N\u00e3o somos detentores da marca registrada original do conte\u00fado. Nossas pe\u00e7as de reposi\u00e7\u00e3o podem se encaixar perfeitamente nas pe\u00e7as de reposi\u00e7\u00e3o originais. Se voc\u00ea precisar comprar pe\u00e7as de reposi\u00e7\u00e3o originais, entre em contato com o fornecedor original para comprar.<\/p>\n<p><h2>Cilindro hidr\u00e1ulico de caminh\u00e3o basculante telesc\u00f3pico de 5 est\u00e1gios forte e est\u00e1vel Cilindro hidr\u00e1ulico multiest\u00e1gio<\/h2><\/p>\n<p>Our Strong Stable 5 Stage Telescopic Dump Truck Hydraulic Cylinder Multistage Hydraulic Cylinder is a robust and reliable product that is essential for providing the force needed in many industrial applications. This high-quality product comes with a 1-year warranty and is perfect for various industries such as Machinery Repair Shops, Farms, Energy &#038; Mining, Machinery manufacturing, and Machinery Factory.<\/p>\n<p>O cilindro hidr\u00e1ulico \u00e9 um tipo de atuador mec\u00e2nico que \u00e9 usado para fornecer for\u00e7a unidirecional por meio de um curso unidirecional. O cilindro hidr\u00e1ulico \u00e9 um componente vital em sistemas hidr\u00e1ulicos, que convertem energia hidr\u00e1ulica em energia mec\u00e2nica, fornecendo energia para mover e controlar m\u00e1quinas. Nossos cilindros hidr\u00e1ulicos s\u00e3o sua melhor escolha para atingir alta efici\u00eancia, conserva\u00e7\u00e3o de energia e seguran\u00e7a.<\/p>\n<p><h3>Cen\u00e1rios de uso comum<\/h3><\/p>\n<p>Nossos cilindros hidr\u00e1ulicos s\u00e3o amplamente utilizados em M\u00e1quinas Industriais, Equipamentos de Manuseio de Materiais, Equipamentos Agr\u00edcolas, Equipamentos de Constru\u00e7\u00e3o, Equipamentos de Minera\u00e7\u00e3o e Equipamentos de Transporte. Eles s\u00e3o especialmente adequados para caminh\u00f5es basculantes e outras aplica\u00e7\u00f5es de servi\u00e7o pesado.<\/p>\n<p><img decoding=\"async\" src=\"https:\/\/img.jiansujichilun.com\/img\/hydrauliccylinders\/T_hydrauliccylinders-5.webp\" alt=\"Cilindro Hidr\u00e1ulico\" \/><\/p>\n<p>Nosso Cilindro Hidr\u00e1ulico de Caminh\u00e3o Basculante Telesc\u00f3pico de 5 Est\u00e1gios Forte e Est\u00e1vel Cilindro Hidr\u00e1ulico Multiest\u00e1gio est\u00e1 dispon\u00edvel em uma variedade de materiais, incluindo A\u00e7o, Alum\u00ednio e A\u00e7o Inoxid\u00e1vel, tornando-os adequados para uma ampla gama de aplica\u00e7\u00f5es em muitas ind\u00fastrias. Eles tamb\u00e9m est\u00e3o dispon\u00edveis em v\u00e1rios tamanhos e comprimentos de curso, bem como modelos de a\u00e7\u00e3o simples e dupla.<\/p>\n<p><h3>Vantagens dos nossos cilindros hidr\u00e1ulicos<\/h3><\/p>\n<ul>\n<li>Alta efici\u00eancia: Nossos cilindros hidr\u00e1ulicos funcionam de forma suave e eficiente, economizando energia e tempo.<\/li>\n<li>Seguran\u00e7a: O corpo de a\u00e7o resistente garante uma opera\u00e7\u00e3o segura em diversas condi\u00e7\u00f5es.<\/li>\n<li>Versatilidade: Eles s\u00e3o adequados para uma ampla gama de aplica\u00e7\u00f5es em muitos setores.<\/li>\n<li>Longevidade: Nossos cilindros hidr\u00e1ulicos s\u00e3o projetados e constru\u00eddos para durar, proporcionando desempenho e confiabilidade duradouros.<\/li>\n<li>F\u00e1cil de instalar e manter: Nossos cilindros hidr\u00e1ulicos s\u00e3o f\u00e1ceis de instalar e manter, reduzindo o tempo de inatividade e aumentando a produtividade.<\/li>\n<\/ul>\n<p><h3>Como instalar, manter e reparar nossos cilindros hidr\u00e1ulicos?<\/h3><\/p>\n<p>A instala\u00e7\u00e3o de nossos cilindros hidr\u00e1ulicos \u00e9 simples, e fornecemos instru\u00e7\u00f5es detalhadas com cada produto. Para manter e reparar nossos cilindros hidr\u00e1ulicos, voc\u00ea deve seguir estas etapas:<\/p>\n<ol>\n<li>Verifique regularmente o n\u00edvel e a qualidade do \u00f3leo.<\/li>\n<li>Verifique se h\u00e1 vazamentos ou danos.<\/li>\n<li>Limpe o cilindro regularmente para evitar que sujeira ou detritos entrem no sistema.<\/li>\n<li>Verifique o estado das veda\u00e7\u00f5es e substitua-as conforme necess\u00e1rio.<\/li>\n<li>Verifique o alinhamento do cilindro e ajuste-o se necess\u00e1rio.<\/li>\n<\/ol>\n<p>Se voc\u00ea precisar substituir nossos cilindros hidr\u00e1ulicos, oferecemos uma variedade de pe\u00e7as de reposi\u00e7\u00e3o que podem ser facilmente instaladas. Tamb\u00e9m fornecemos suporte t\u00e9cnico e assist\u00eancia para ajudar voc\u00ea a instalar e manter nossos cilindros hidr\u00e1ulicos.<\/p>\n<p><h3>Sobre nossa empresa<\/h3><\/p>\n<p>N\u00f3s fornecemos principalmente v\u00e1rias engrenagens de pl\u00e1stico para uso industrial, como caixas de engrenagens agr\u00edcolas, eixos de sa\u00edda de pot\u00eancia, rodas dentadas, acoplamentos hidr\u00e1ulicos, redutores de engrenagem sem-fim, cremalheiras de engrenagens, correntes remov\u00edveis, polias e polias, caixas de engrenagens planet\u00e1rias, polias de sincroniza\u00e7\u00e3o, buchas, etc. Temos orgulho em fornecer o melhor servi\u00e7o, a melhor qualidade de produto e pre\u00e7os competitivos. Tamb\u00e9m aceitamos solicita\u00e7\u00f5es de personaliza\u00e7\u00e3o com desenhos ou amostras.<\/p>\n<p><img decoding=\"async\" src=\"https:\/\/images.hzpt.com\/2024\/04\/unit-type-flexo-press-factory.webp\" alt=\"F\u00e1brica de prensas flexogr\u00e1ficas\" \/><\/p>\n<p><h2>Perguntas frequentes<\/h2><\/p>\n<dl>\n<dt>P: Para que s\u00e3o usados os cilindros hidr\u00e1ulicos?<\/dt>\n<dd>R: Cilindros hidr\u00e1ulicos s\u00e3o essenciais para fornecer a for\u00e7a necess\u00e1ria em muitas aplica\u00e7\u00f5es industriais. Sua fun\u00e7\u00e3o prim\u00e1ria \u00e9 converter a energia hidr\u00e1ulica em energia mec\u00e2nica, fornecendo energia para mover e controlar m\u00e1quinas.<\/dd>\n<dt>P: De que materiais s\u00e3o feitos os cilindros hidr\u00e1ulicos?<\/dt>\n<dd>R: Os cilindros hidr\u00e1ulicos est\u00e3o dispon\u00edveis em uma variedade de materiais, incluindo a\u00e7o, alum\u00ednio e a\u00e7o inoxid\u00e1vel.<\/dd>\n<dt>P: Como instalo um cilindro hidr\u00e1ulico?<\/dt>\n<dd>R: A instala\u00e7\u00e3o dos nossos cilindros hidr\u00e1ulicos \u00e9 simples e fornecemos instru\u00e7\u00f5es detalhadas com cada produto.<\/dd>\n<dt>P: Como fa\u00e7o a manuten\u00e7\u00e3o e reparo de um cilindro hidr\u00e1ulico?<\/dt>\n<dd>R: Para manter e reparar nossos cilindros hidr\u00e1ulicos, voc\u00ea deve verificar regularmente o n\u00edvel e a qualidade do \u00f3leo, verificar se h\u00e1 vazamentos ou danos, limpar o cilindro regularmente para evitar que sujeira ou detritos entrem no sistema, verificar a condi\u00e7\u00e3o das veda\u00e7\u00f5es e substitu\u00ed-las conforme necess\u00e1rio, e verificar o alinhamento do cilindro e ajust\u00e1-lo, se necess\u00e1rio.<\/dd>\n<dt>P: Voc\u00eas oferecem pe\u00e7as de reposi\u00e7\u00e3o para seus cilindros hidr\u00e1ulicos?<\/dt>\n<dd>R: Sim, oferecemos uma variedade de pe\u00e7as de reposi\u00e7\u00e3o que podem ser facilmente instaladas.<\/dd>\n<\/dl>","protected":false},"excerpt":{"rendered":"<p>All the content on this page comes from the Internet and is intended for reference purposes only. Our products are replacement parts and not original spare parts. We are not the holder of the original trademark of the content. Our replacement parts can perfectly fit the original spare parts. If you need to purchase original [&hellip;]<\/p>","protected":false},"featured_media":4414,"template":"","meta":{"_et_pb_use_builder":"","_et_pb_old_content":"","_et_gb_content_width":""},"product_brand":[],"product_cat":[11327],"product_tag":[],"class_list":{"0":"post-4415","1":"product","2":"type-product","3":"status-publish","4":"has-post-thumbnail","6":"product_cat-telescopic-hydraulic-cylinder","8":"first","9":"instock","10":"shipping-taxable","11":"product-type-simple"},"_links":{"self":[{"href":"https:\/\/agricultural-gear-boxes.com\/pt\/wp-json\/wp\/v2\/product\/4415","targetHints":{"allow":["GET"]}}],"collection":[{"href":"https:\/\/agricultural-gear-boxes.com\/pt\/wp-json\/wp\/v2\/product"}],"about":[{"href":"https:\/\/agricultural-gear-boxes.com\/pt\/wp-json\/wp\/v2\/types\/product"}],"wp:featuredmedia":[{"embeddable":true,"href":"https:\/\/agricultural-gear-boxes.com\/pt\/wp-json\/wp\/v2\/media\/4414"}],"wp:attachment":[{"href":"https:\/\/agricultural-gear-boxes.com\/pt\/wp-json\/wp\/v2\/media?parent=4415"}],"wp:term":[{"taxonomy":"product_brand","embeddable":true,"href":"https:\/\/agricultural-gear-boxes.com\/pt\/wp-json\/wp\/v2\/product_brand?post=4415"},{"taxonomy":"product_cat","embeddable":true,"href":"https:\/\/agricultural-gear-boxes.com\/pt\/wp-json\/wp\/v2\/product_cat?post=4415"},{"taxonomy":"product_tag","embeddable":true,"href":"https:\/\/agricultural-gear-boxes.com\/pt\/wp-json\/wp\/v2\/product_tag?post=4415"}],"curies":[{"name":"wp","href":"https:\/\/api.w.org\/{rel}","templated":true}]}}